{"id":587,"date":"2020-03-11T19:18:23","date_gmt":"2020-03-11T23:18:23","guid":{"rendered":"https:\/\/conceptasr.com\/?post_type=product&#038;p=587"},"modified":"2025-03-21T08:58:17","modified_gmt":"2025-03-21T12:58:17","slug":"fusee-routiere-duree-20-min","status":"publish","type":"product","link":"https:\/\/signalisationsaphir.com\/?product=fusee-routiere-duree-20-min","title":{"rendered":"Fus\u00e9e routi\u00e8re (dur\u00e9e 20 min.)"},"content":{"rendered":"<p>Fus\u00e9e routi\u00e8re (dur\u00e9e de 20 min.) Vendu en bo\u00eete de 36 seulement.<\/p>\n<h4>Visitez les autres <a href=\"https:\/\/signalisationsaphir.com\/boutique-de-produits-de-securite-et-signalisation\/\" target=\"_blank\" rel=\"noopener\">cat\u00e9gories de produits disponible en boutique<\/a>.<\/h4>\n<h4>Produits de s\u00e9curit\u00e9 :<\/h4>\n<p>L\u2019am\u00e9nagement d\u2019un environnement s\u00e9curitaire est important pour tous. Signalisation Saphir offre toute une panoplie de produits de s\u00e9curit\u00e9 professionnels. Nos articles et accessoires de s\u00e9curit\u00e9 r\u00e9pondent aux normes en vigueur de la s\u00e9curit\u00e9. Gamme de produits pour voirie offerts: Bollard TRV-10 de 48&#8243; avec goupille flexible. C\u00f4ne orange 28&#8243;. Des v\u00eatements pour travailleurs: chapeau de s\u00e9curit\u00e9. Parka. Habit de pluie. Bottes. Souliers. Avec en plus des vestes avec bandes r\u00e9fl\u00e9chissantes. Chandails d&#8217;\u00e9t\u00e9 et bien plus. Accessoires:\u00a0 fus\u00e9e routi\u00e8re (dur\u00e9e de 20 min.) , pes\u00e9e et dos d&#8217;\u00e2ne et cl\u00f4ture de balisage.<\/p>\n<p>Produits offerts pour: minist\u00e8re du transport. Municipalit\u00e9s. Entrepreneurs g\u00e9n\u00e9raux. Chantiers de construction etc.<\/p>\n","protected":false},"excerpt":{"rendered":"<p>Fus\u00e9e routi\u00e8re (dur\u00e9e de 20 min.) Vendu en bo\u00eete de 36 seulement. Veuillez noter que les taxes ne sont pas incluses dans le prix.<\/p>\n","protected":false},"featured_media":582,"template":"","meta":{"_acf_changed":false},"pwb-brand":[],"product_brand":[],"product_cat":[215,216],"product_tag":[315,296,258,297,299],"class_list":{"0":"post-587","1":"product","2":"type-product","3":"status-publish","4":"has-post-thumbnail","6":"product_cat-produits-de-securite","7":"product_cat-produits-signalisation","8":"product_tag-fusee-routiere","9":"product_tag-pratique","10":"product_tag-signalisation","11":"product_tag-simple","12":"product_tag-zone-de-securite","13":"product_shipping_class-standard","15":"first","16":"instock","17":"taxable","18":"shipping-taxable","19":"purchasable","20":"product-type-simple"},"exclude_global_add_ons":[],"addons":[],"acf":[],"yoast_head":"<!-- This site is optimized with the Yoast SEO Premium plugin v24.4 (Yoast SEO v24.4) - https:\/\/yoast.com\/wordpress\/plugins\/seo\/ -->\n<title>Fus\u00e9e routi\u00e8re (dur\u00e9e 20 min.) - Signalisation Saphir - S\u00e9curit\u00e9<\/title>\n<meta name=\"description\" content=\"Signalisation Saphir - Fus\u00e9e routi\u00e8re (dur\u00e9e 20 min.) Produits de s\u00e9curit\u00e9. Produits de signalisation. Produits sp\u00e9cialis\u00e9s. Et plus.\" \/>\n<meta name=\"robots\" content=\"index, follow, max-snippet:-1, max-image-preview:large, max-video-preview:-1\" \/>\n<link rel=\"canonical\" href=\"https:\/\/signalisationsaphir.com\/?product=fusee-routiere-duree-20-min\" \/>\n<meta property=\"og:locale\" content=\"fr_FR\" \/>\n<meta property=\"og:type\" content=\"article\" \/>\n<meta property=\"og:title\" content=\"Fus\u00e9e routi\u00e8re (dur\u00e9e 20 min.)\" \/>\n<meta property=\"og:description\" content=\"Signalisation Saphir - Fus\u00e9e routi\u00e8re (dur\u00e9e 20 min.) Produits de s\u00e9curit\u00e9. Produits de signalisation. Produits sp\u00e9cialis\u00e9s. Et plus. Vendu en bo\u00eete de 36 seulement. Autres produits disponibles - consultez notre boutique en ligne.\" \/>\n<meta property=\"og:url\" content=\"https:\/\/signalisationsaphir.com\/?product=fusee-routiere-duree-20-min\" \/>\n<meta property=\"og:site_name\" content=\"Signalisation Saphir\" \/>\n<meta property=\"article:publisher\" content=\"https:\/\/www.facebook.com\/SignalisationSaphir\" \/>\n<meta property=\"article:modified_time\" content=\"2025-03-21T12:58:17+00:00\" \/>\n<meta property=\"og:image\" content=\"https:\/\/signalisationsaphir.com\/wp-content\/uploads\/2020\/03\/fuseeroutiere.png\" \/>\n\t<meta property=\"og:image:width\" content=\"527\" \/>\n\t<meta property=\"og:image:height\" content=\"420\" \/>\n\t<meta property=\"og:image:type\" content=\"image\/png\" \/>\n<meta name=\"twitter:card\" content=\"summary_large_image\" \/>\n<meta name=\"twitter:label1\" content=\"Dur\u00e9e de lecture estim\u00e9e\" \/>\n\t<meta name=\"twitter:data1\" content=\"1 minute\" \/>\n<script type=\"application\/ld+json\" class=\"yoast-schema-graph\">{\"@context\":\"https:\/\/schema.org\",\"@graph\":[{\"@type\":\"WebPage\",\"@id\":\"https:\/\/signalisationsaphir.com\/?product=fusee-routiere-duree-20-min\",\"url\":\"https:\/\/signalisationsaphir.com\/?product=fusee-routiere-duree-20-min\",\"name\":\"Fus\u00e9e routi\u00e8re (dur\u00e9e 20 min.) - Signalisation Saphir - S\u00e9curit\u00e9\",\"isPartOf\":{\"@id\":\"https:\/\/signalisationsaphir.com\/#website\"},\"primaryImageOfPage\":{\"@id\":\"https:\/\/signalisationsaphir.com\/?product=fusee-routiere-duree-20-min#primaryimage\"},\"image\":{\"@id\":\"https:\/\/signalisationsaphir.com\/?product=fusee-routiere-duree-20-min#primaryimage\"},\"thumbnailUrl\":\"https:\/\/signalisationsaphir.com\/wp-content\/uploads\/2020\/03\/fuseeroutiere.png\",\"datePublished\":\"2020-03-11T23:18:23+00:00\",\"dateModified\":\"2025-03-21T12:58:17+00:00\",\"description\":\"Signalisation Saphir - Fus\u00e9e routi\u00e8re (dur\u00e9e 20 min.) Produits de s\u00e9curit\u00e9. Produits de signalisation. Produits sp\u00e9cialis\u00e9s. Et plus.\",\"breadcrumb\":{\"@id\":\"https:\/\/signalisationsaphir.com\/?product=fusee-routiere-duree-20-min#breadcrumb\"},\"inLanguage\":\"fr-FR\",\"potentialAction\":[{\"@type\":\"ReadAction\",\"target\":[\"https:\/\/signalisationsaphir.com\/?product=fusee-routiere-duree-20-min\"]}]},{\"@type\":\"ImageObject\",\"inLanguage\":\"fr-FR\",\"@id\":\"https:\/\/signalisationsaphir.com\/?product=fusee-routiere-duree-20-min#primaryimage\",\"url\":\"https:\/\/signalisationsaphir.com\/wp-content\/uploads\/2020\/03\/fuseeroutiere.png\",\"contentUrl\":\"https:\/\/signalisationsaphir.com\/wp-content\/uploads\/2020\/03\/fuseeroutiere.png\",\"width\":527,\"height\":420,\"caption\":\"Signalisation Balisage\"},{\"@type\":\"BreadcrumbList\",\"@id\":\"https:\/\/signalisationsaphir.com\/?product=fusee-routiere-duree-20-min#breadcrumb\",\"itemListElement\":[{\"@type\":\"ListItem\",\"position\":1,\"name\":\"Accueil\",\"item\":\"https:\/\/signalisationsaphir.com\/?page_id=9\"},{\"@type\":\"ListItem\",\"position\":2,\"name\":\"Boutique\",\"item\":\"https:\/\/signalisationsaphir.com\/?page_id=9\"},{\"@type\":\"ListItem\",\"position\":3,\"name\":\"Fus\u00e9e routi\u00e8re (dur\u00e9e 20 min.)\"}]},{\"@type\":\"WebSite\",\"@id\":\"https:\/\/signalisationsaphir.com\/#website\",\"url\":\"https:\/\/signalisationsaphir.com\/\",\"name\":\"Signalisation Saphir\",\"description\":\"Boutique en ligne\",\"publisher\":{\"@id\":\"https:\/\/signalisationsaphir.com\/#organization\"},\"potentialAction\":[{\"@type\":\"SearchAction\",\"target\":{\"@type\":\"EntryPoint\",\"urlTemplate\":\"https:\/\/signalisationsaphir.com\/?s={search_term_string}\"},\"query-input\":{\"@type\":\"PropertyValueSpecification\",\"valueRequired\":true,\"valueName\":\"search_term_string\"}}],\"inLanguage\":\"fr-FR\"},{\"@type\":\"Organization\",\"@id\":\"https:\/\/signalisationsaphir.com\/#organization\",\"name\":\"Signalisation Saphir\",\"url\":\"https:\/\/signalisationsaphir.com\/\",\"logo\":{\"@type\":\"ImageObject\",\"inLanguage\":\"fr-FR\",\"@id\":\"https:\/\/signalisationsaphir.com\/#\/schema\/logo\/image\/\",\"url\":\"https:\/\/signalisationsaphir.com\/wp-content\/uploads\/2017\/01\/cropped-logo-web-plus-large-bleu-blanc.jpg\",\"contentUrl\":\"https:\/\/signalisationsaphir.com\/wp-content\/uploads\/2017\/01\/cropped-logo-web-plus-large-bleu-blanc.jpg\",\"width\":215,\"height\":95,\"caption\":\"Signalisation Saphir\"},\"image\":{\"@id\":\"https:\/\/signalisationsaphir.com\/#\/schema\/logo\/image\/\"},\"sameAs\":[\"https:\/\/www.facebook.com\/SignalisationSaphir\"]}]}<\/script>\n<!-- \/ Yoast SEO Premium plugin. -->","yoast_head_json":{"title":"Fus\u00e9e routi\u00e8re (dur\u00e9e 20 min.) - Signalisation Saphir - S\u00e9curit\u00e9","description":"Signalisation Saphir - Fus\u00e9e routi\u00e8re (dur\u00e9e 20 min.) Produits de s\u00e9curit\u00e9. Produits de signalisation. Produits sp\u00e9cialis\u00e9s. Et plus.","robots":{"index":"index","follow":"follow","max-snippet":"max-snippet:-1","max-image-preview":"max-image-preview:large","max-video-preview":"max-video-preview:-1"},"canonical":"https:\/\/signalisationsaphir.com\/?product=fusee-routiere-duree-20-min","og_locale":"fr_FR","og_type":"article","og_title":"Fus\u00e9e routi\u00e8re (dur\u00e9e 20 min.)","og_description":"Signalisation Saphir - Fus\u00e9e routi\u00e8re (dur\u00e9e 20 min.) Produits de s\u00e9curit\u00e9. Produits de signalisation. Produits sp\u00e9cialis\u00e9s. Et plus. Vendu en bo\u00eete de 36 seulement. Autres produits disponibles - consultez notre boutique en ligne.","og_url":"https:\/\/signalisationsaphir.com\/?product=fusee-routiere-duree-20-min","og_site_name":"Signalisation Saphir","article_publisher":"https:\/\/www.facebook.com\/SignalisationSaphir","article_modified_time":"2025-03-21T12:58:17+00:00","og_image":[{"width":527,"height":420,"url":"https:\/\/signalisationsaphir.com\/wp-content\/uploads\/2020\/03\/fuseeroutiere.png","type":"image\/png"}],"twitter_card":"summary_large_image","twitter_misc":{"Dur\u00e9e de lecture estim\u00e9e":"1 minute"},"schema":{"@context":"https:\/\/schema.org","@graph":[{"@type":"WebPage","@id":"https:\/\/signalisationsaphir.com\/?product=fusee-routiere-duree-20-min","url":"https:\/\/signalisationsaphir.com\/?product=fusee-routiere-duree-20-min","name":"Fus\u00e9e routi\u00e8re (dur\u00e9e 20 min.) - Signalisation Saphir - S\u00e9curit\u00e9","isPartOf":{"@id":"https:\/\/signalisationsaphir.com\/#website"},"primaryImageOfPage":{"@id":"https:\/\/signalisationsaphir.com\/?product=fusee-routiere-duree-20-min#primaryimage"},"image":{"@id":"https:\/\/signalisationsaphir.com\/?product=fusee-routiere-duree-20-min#primaryimage"},"thumbnailUrl":"https:\/\/signalisationsaphir.com\/wp-content\/uploads\/2020\/03\/fuseeroutiere.png","datePublished":"2020-03-11T23:18:23+00:00","dateModified":"2025-03-21T12:58:17+00:00","description":"Signalisation Saphir - Fus\u00e9e routi\u00e8re (dur\u00e9e 20 min.) Produits de s\u00e9curit\u00e9. Produits de signalisation. Produits sp\u00e9cialis\u00e9s. Et plus.","breadcrumb":{"@id":"https:\/\/signalisationsaphir.com\/?product=fusee-routiere-duree-20-min#breadcrumb"},"inLanguage":"fr-FR","potentialAction":[{"@type":"ReadAction","target":["https:\/\/signalisationsaphir.com\/?product=fusee-routiere-duree-20-min"]}]},{"@type":"ImageObject","inLanguage":"fr-FR","@id":"https:\/\/signalisationsaphir.com\/?product=fusee-routiere-duree-20-min#primaryimage","url":"https:\/\/signalisationsaphir.com\/wp-content\/uploads\/2020\/03\/fuseeroutiere.png","contentUrl":"https:\/\/signalisationsaphir.com\/wp-content\/uploads\/2020\/03\/fuseeroutiere.png","width":527,"height":420,"caption":"Signalisation Balisage"},{"@type":"BreadcrumbList","@id":"https:\/\/signalisationsaphir.com\/?product=fusee-routiere-duree-20-min#breadcrumb","itemListElement":[{"@type":"ListItem","position":1,"name":"Accueil","item":"https:\/\/signalisationsaphir.com\/?page_id=9"},{"@type":"ListItem","position":2,"name":"Boutique","item":"https:\/\/signalisationsaphir.com\/?page_id=9"},{"@type":"ListItem","position":3,"name":"Fus\u00e9e routi\u00e8re (dur\u00e9e 20 min.)"}]},{"@type":"WebSite","@id":"https:\/\/signalisationsaphir.com\/#website","url":"https:\/\/signalisationsaphir.com\/","name":"Signalisation Saphir","description":"Boutique en ligne","publisher":{"@id":"https:\/\/signalisationsaphir.com\/#organization"},"potentialAction":[{"@type":"SearchAction","target":{"@type":"EntryPoint","urlTemplate":"https:\/\/signalisationsaphir.com\/?s={search_term_string}"},"query-input":{"@type":"PropertyValueSpecification","valueRequired":true,"valueName":"search_term_string"}}],"inLanguage":"fr-FR"},{"@type":"Organization","@id":"https:\/\/signalisationsaphir.com\/#organization","name":"Signalisation Saphir","url":"https:\/\/signalisationsaphir.com\/","logo":{"@type":"ImageObject","inLanguage":"fr-FR","@id":"https:\/\/signalisationsaphir.com\/#\/schema\/logo\/image\/","url":"https:\/\/signalisationsaphir.com\/wp-content\/uploads\/2017\/01\/cropped-logo-web-plus-large-bleu-blanc.jpg","contentUrl":"https:\/\/signalisationsaphir.com\/wp-content\/uploads\/2017\/01\/cropped-logo-web-plus-large-bleu-blanc.jpg","width":215,"height":95,"caption":"Signalisation Saphir"},"image":{"@id":"https:\/\/signalisationsaphir.com\/#\/schema\/logo\/image\/"},"sameAs":["https:\/\/www.facebook.com\/SignalisationSaphir"]}]}},"brands":[],"_links":{"self":[{"href":"https:\/\/signalisationsaphir.com\/index.php?rest_route=\/wp\/v2\/product\/587","targetHints":{"allow":["GET"]}}],"collection":[{"href":"https:\/\/signalisationsaphir.com\/index.php?rest_route=\/wp\/v2\/product"}],"about":[{"href":"https:\/\/signalisationsaphir.com\/index.php?rest_route=\/wp\/v2\/types\/product"}],"version-history":[{"count":0,"href":"https:\/\/signalisationsaphir.com\/index.php?rest_route=\/wp\/v2\/product\/587\/revisions"}],"wp:featuredmedia":[{"embeddable":true,"href":"https:\/\/signalisationsaphir.com\/index.php?rest_route=\/wp\/v2\/media\/582"}],"wp:attachment":[{"href":"https:\/\/signalisationsaphir.com\/index.php?rest_route=%2Fwp%2Fv2%2Fmedia&parent=587"}],"wp:term":[{"taxonomy":"pwb-brand","embeddable":true,"href":"https:\/\/signalisationsaphir.com\/index.php?rest_route=%2Fwp%2Fv2%2Fpwb-brand&post=587"},{"taxonomy":"product_brand","embeddable":true,"href":"https:\/\/signalisationsaphir.com\/index.php?rest_route=%2Fwp%2Fv2%2Fproduct_brand&post=587"},{"taxonomy":"product_cat","embeddable":true,"href":"https:\/\/signalisationsaphir.com\/index.php?rest_route=%2Fwp%2Fv2%2Fproduct_cat&post=587"},{"taxonomy":"product_tag","embeddable":true,"href":"https:\/\/signalisationsaphir.com\/index.php?rest_route=%2Fwp%2Fv2%2Fproduct_tag&post=587"}],"curies":[{"name":"wp","href":"https:\/\/api.w.org\/{rel}","templated":true}]}}