{"id":575,"date":"2020-03-10T19:29:58","date_gmt":"2020-03-10T23:29:58","guid":{"rendered":"https:\/\/conceptasr.com\/?post_type=product&#038;p=575"},"modified":"2022-08-03T18:56:54","modified_gmt":"2022-08-03T22:56:54","slug":"bollard-trv-10-de-48-avec-goupille-flexible","status":"publish","type":"product","link":"https:\/\/signalisationsaphir.com\/?product=bollard-trv-10-de-48-avec-goupille-flexible","title":{"rendered":"Bollard TRV-10 de 48&#8221; avec goupille flexible"},"content":{"rendered":"<p><a href=\"https:\/\/conceptasr.com\/product-category\/produits-de-signalisation\/\" target=\"_blank\" rel=\"noopener noreferrer\">Bollard<\/a> TRV-10 de 48&#8221;. Aussit\u00f4t frapp\u00e9 revient \u00e0 sa position initiale. Plastique flexible. Vient \u00e9galement avec une base fixe. Plus tous nos articles et accessoires de s\u00e9curit\u00e9 r\u00e9pondent aux <a href=\"https:\/\/www.transports.gouv.qc.ca\/fr\/entreprises-partenaires\/entreprises-reseaux-routier\/normes\/Pages\/normes.aspx\" target=\"_blank\" rel=\"noopener noreferrer\">normes en vigueur de la s\u00e9curit\u00e9<\/a>.<\/p>\n<ul>\n<li>Ressort charg\u00e9 de fil d&#8217;avion<\/li>\n<li>Capable de r\u00e9sister aux chocs r\u00e9p\u00e9t\u00e9s des v\u00e9hicules<\/li>\n<li>Retourne en position verticale, construit en plastique flexible<\/li>\n<li>Construit de lumi\u00e8re ultraviolette, d&#8217;ozone et d&#8217;hydrocarbures<\/li>\n<li>Le bollard contient un ensemble de ressorts r\u00e9actifs anti-torsion qui rebondit en position verticale lorsqu&#8217;il est coinc\u00e9<\/li>\n<li>La pes\u00e9e peut aussi \u00eatre achet\u00e9e au prix de : $17.95\/chacune<\/li>\n<\/ul>\n<p>Produit Bollard TRV-10 de 48&#8221; avec goupille flexible est offert pour: minist\u00e8re du transport. Municipalit\u00e9s. Entrepreneurs g\u00e9n\u00e9raux. Chantiers de construction, etc.<\/p>\n<h4>Visitez les autres <a href=\"https:\/\/signalisationsaphir.com\/boutique-de-produits-de-securite-et-signalisation\/\" target=\"_blank\" rel=\"noopener\">cat\u00e9gories de produits disponible en boutique<\/a>.<\/h4>\n<p>Produits de s\u00e9curit\u00e9 : L\u2019am\u00e9nagement d\u2019un environnement s\u00e9curitaire est important pour tous. Signalisation Saphir offre toute une panoplie de produits de s\u00e9curit\u00e9 professionnels. Nos articles et accessoires de s\u00e9curit\u00e9 r\u00e9pondent aux normes en vigueur de la s\u00e9curit\u00e9. Gamme de produits pour voirie offerts: Bollard TRV-10 de 48&#8243; avec goupille flexible. C\u00f4ne orange 28&#8243;. Des v\u00eatements pour travailleurs: chapeau de s\u00e9curit\u00e9. Parka. Habit de pluie. Bottes. Souliers. Avec en plus des vestes avec bandes r\u00e9fl\u00e9chissantes. Chandails d&#8217;\u00e9t\u00e9 et bien plus. Accessoires:\u00a0 fus\u00e9e routi\u00e8re, pes\u00e9e et dos d&#8217;\u00e2ne et cl\u00f4ture de balisage.<\/p>\n<p>Produits offerts pour: minist\u00e8re du transport. Municipalit\u00e9s. Entrepreneurs g\u00e9n\u00e9raux. Chantiers de construction etc.<\/p>\n","protected":false},"excerpt":{"rendered":"<p>Bollard TRV-10 de 48&#8221;. Aussit\u00f4t frapp\u00e9 revient \u00e0 sa position initiale. Plastique flexible. Vient avec une base fixe. Nos articles et accessoires de s\u00e9curit\u00e9 r\u00e9pondent aux normes en vigueur de la s\u00e9curit\u00e9. Veuillez noter que les taxes ne sont pas incluses dans le prix.<\/p>\n","protected":false},"featured_media":576,"template":"","meta":{"_acf_changed":false},"pwb-brand":[],"product_brand":[],"product_cat":[215,216],"product_tag":[306,307,296,308,258,297,298,299],"class_list":{"0":"post-575","1":"product","2":"type-product","3":"status-publish","4":"has-post-thumbnail","6":"product_cat-produits-de-securite","7":"product_cat-produits-signalisation","8":"product_tag-bollard-trv-10","9":"product_tag-plastique-flexible","10":"product_tag-pratique","11":"product_tag-ressort","12":"product_tag-signalisation","13":"product_tag-simple","14":"product_tag-stationnement","15":"product_tag-zone-de-securite","16":"product_shipping_class-standard","18":"first","19":"instock","20":"taxable","21":"shipping-taxable","22":"purchasable","23":"product-type-simple"},"exclude_global_add_ons":false,"addons":[{"name":"La pes\u00e9e peut aussi \u00eatre achet\u00e9e. Quelle quantit\u00e9 d\u00e9sirez-vous? ($17.95 ch.) ? Veuillez nous laisser un message dans la bo\u00eete ci-bas. Nous communiquerons avec vous par la suite. Merci","type":"custom_text","position":0,"required":true,"title_format":"label","default":"","description_enable":false,"description":"","placeholder_enable":false,"placeholder":"","display":"select","restrictions_type":"any_text","adjust_price":false,"price":"","price_type":"flat_fee","restrictions":false,"min":"0","max":"0","options":[]}],"acf":[],"yoast_head":"<!-- This site is optimized with the Yoast SEO Premium plugin v24.4 (Yoast SEO v24.4) - https:\/\/yoast.com\/wordpress\/plugins\/seo\/ -->\n<title>Bollard TRV-10 de 48&#039;&#039; avec goupille flexible - Signalisation Saphir<\/title>\n<meta name=\"description\" content=\"Bollard TRV-10 de 48&#039;&#039;: Aussit\u00f4t frapp\u00e9 revient \u00e0 sa position initiale. R\u00e9sistant. Vient avec une base fixe. R\u00e9pond aux normes de s\u00e9curit\u00e9.\" \/>\n<meta name=\"robots\" content=\"index, follow, max-snippet:-1, max-image-preview:large, max-video-preview:-1\" \/>\n<link rel=\"canonical\" href=\"https:\/\/signalisationsaphir.com\/?product=bollard-trv-10-de-48-avec-goupille-flexible\" \/>\n<meta property=\"og:locale\" content=\"fr_FR\" \/>\n<meta property=\"og:type\" content=\"article\" \/>\n<meta property=\"og:title\" content=\"Bollard TRV-10 de 48&#039;&#039; avec goupille flexible\" \/>\n<meta property=\"og:description\" content=\"Bollard TRV-10 de 48&#039;&#039;. Aussit\u00f4t frapp\u00e9 revient \u00e0 sa position initiale. Plastique flexible. Vient avec une base fixe. Nos articles et accessoires de s\u00e9curit\u00e9 r\u00e9pondent aux normes en vigueur de la s\u00e9curit\u00e9. Ressort charg\u00e9 de fil d&#039;avion Capable de r\u00e9sister aux chocs r\u00e9p\u00e9t\u00e9s des v\u00e9hicules Retourne en position verticale, construit en plastique flexible Construit de lumi\u00e8re ultraviolette, d&#039;ozone et d&#039;hydrocarbures Ensemble de ressorts r\u00e9actifs anti-torsion qui rebondit en position verticale lorsqu&#039;il est coinc\u00e9 La pes\u00e9e peut aussi \u00eatre achet\u00e9e au prix de : $17.95\/chacune Le regroupement d\u2019achat ConceptASR est une entreprise voulant \u00eatre int\u00e8gre dans le march\u00e9 de la signalisation et s\u00e9curit\u00e9. Nous avons opt\u00e9 pour une meilleure qualit\u00e9 pour tous nos produits de signalisation.\" \/>\n<meta property=\"og:url\" content=\"https:\/\/signalisationsaphir.com\/?product=bollard-trv-10-de-48-avec-goupille-flexible\" \/>\n<meta property=\"og:site_name\" content=\"Signalisation Saphir\" \/>\n<meta property=\"article:publisher\" content=\"https:\/\/www.facebook.com\/SignalisationSaphir\" \/>\n<meta property=\"article:modified_time\" content=\"2022-08-03T22:56:54+00:00\" \/>\n<meta property=\"og:image\" content=\"https:\/\/signalisationsaphir.com\/wp-content\/uploads\/2020\/03\/Bollard-TRV-10-de-48-avec-goupille-flexible.png\" \/>\n\t<meta property=\"og:image:width\" content=\"660\" \/>\n\t<meta property=\"og:image:height\" content=\"1345\" \/>\n\t<meta property=\"og:image:type\" content=\"image\/png\" \/>\n<meta name=\"twitter:card\" content=\"summary_large_image\" \/>\n<meta name=\"twitter:title\" content=\"Bollard TRV-10 de 48&#039;&#039; avec goupille flexible\" \/>\n<meta name=\"twitter:label1\" content=\"Dur\u00e9e de lecture estim\u00e9e\" \/>\n\t<meta name=\"twitter:data1\" content=\"2 minutes\" \/>\n<script type=\"application\/ld+json\" class=\"yoast-schema-graph\">{\"@context\":\"https:\/\/schema.org\",\"@graph\":[{\"@type\":\"WebPage\",\"@id\":\"https:\/\/signalisationsaphir.com\/?product=bollard-trv-10-de-48-avec-goupille-flexible\",\"url\":\"https:\/\/signalisationsaphir.com\/?product=bollard-trv-10-de-48-avec-goupille-flexible\",\"name\":\"Bollard TRV-10 de 48'' avec goupille flexible - Signalisation Saphir\",\"isPartOf\":{\"@id\":\"https:\/\/signalisationsaphir.com\/#website\"},\"primaryImageOfPage\":{\"@id\":\"https:\/\/signalisationsaphir.com\/?product=bollard-trv-10-de-48-avec-goupille-flexible#primaryimage\"},\"image\":{\"@id\":\"https:\/\/signalisationsaphir.com\/?product=bollard-trv-10-de-48-avec-goupille-flexible#primaryimage\"},\"thumbnailUrl\":\"https:\/\/signalisationsaphir.com\/wp-content\/uploads\/2020\/03\/Bollard-TRV-10-de-48-avec-goupille-flexible.png\",\"datePublished\":\"2020-03-10T23:29:58+00:00\",\"dateModified\":\"2022-08-03T22:56:54+00:00\",\"description\":\"Bollard TRV-10 de 48'': Aussit\u00f4t frapp\u00e9 revient \u00e0 sa position initiale. R\u00e9sistant. Vient avec une base fixe. R\u00e9pond aux normes de s\u00e9curit\u00e9.\",\"breadcrumb\":{\"@id\":\"https:\/\/signalisationsaphir.com\/?product=bollard-trv-10-de-48-avec-goupille-flexible#breadcrumb\"},\"inLanguage\":\"fr-FR\",\"potentialAction\":[{\"@type\":\"ReadAction\",\"target\":[\"https:\/\/signalisationsaphir.com\/?product=bollard-trv-10-de-48-avec-goupille-flexible\"]}]},{\"@type\":\"ImageObject\",\"inLanguage\":\"fr-FR\",\"@id\":\"https:\/\/signalisationsaphir.com\/?product=bollard-trv-10-de-48-avec-goupille-flexible#primaryimage\",\"url\":\"https:\/\/signalisationsaphir.com\/wp-content\/uploads\/2020\/03\/Bollard-TRV-10-de-48-avec-goupille-flexible.png\",\"contentUrl\":\"https:\/\/signalisationsaphir.com\/wp-content\/uploads\/2020\/03\/Bollard-TRV-10-de-48-avec-goupille-flexible.png\",\"width\":660,\"height\":1345},{\"@type\":\"BreadcrumbList\",\"@id\":\"https:\/\/signalisationsaphir.com\/?product=bollard-trv-10-de-48-avec-goupille-flexible#breadcrumb\",\"itemListElement\":[{\"@type\":\"ListItem\",\"position\":1,\"name\":\"Accueil\",\"item\":\"https:\/\/signalisationsaphir.com\/?page_id=9\"},{\"@type\":\"ListItem\",\"position\":2,\"name\":\"Boutique\",\"item\":\"https:\/\/signalisationsaphir.com\/?page_id=9\"},{\"@type\":\"ListItem\",\"position\":3,\"name\":\"Bollard TRV-10 de 48&#8221; avec goupille flexible\"}]},{\"@type\":\"WebSite\",\"@id\":\"https:\/\/signalisationsaphir.com\/#website\",\"url\":\"https:\/\/signalisationsaphir.com\/\",\"name\":\"Signalisation Saphir\",\"description\":\"Boutique en ligne\",\"publisher\":{\"@id\":\"https:\/\/signalisationsaphir.com\/#organization\"},\"potentialAction\":[{\"@type\":\"SearchAction\",\"target\":{\"@type\":\"EntryPoint\",\"urlTemplate\":\"https:\/\/signalisationsaphir.com\/?s={search_term_string}\"},\"query-input\":{\"@type\":\"PropertyValueSpecification\",\"valueRequired\":true,\"valueName\":\"search_term_string\"}}],\"inLanguage\":\"fr-FR\"},{\"@type\":\"Organization\",\"@id\":\"https:\/\/signalisationsaphir.com\/#organization\",\"name\":\"Signalisation Saphir\",\"url\":\"https:\/\/signalisationsaphir.com\/\",\"logo\":{\"@type\":\"ImageObject\",\"inLanguage\":\"fr-FR\",\"@id\":\"https:\/\/signalisationsaphir.com\/#\/schema\/logo\/image\/\",\"url\":\"https:\/\/signalisationsaphir.com\/wp-content\/uploads\/2017\/01\/cropped-logo-web-plus-large-bleu-blanc.jpg\",\"contentUrl\":\"https:\/\/signalisationsaphir.com\/wp-content\/uploads\/2017\/01\/cropped-logo-web-plus-large-bleu-blanc.jpg\",\"width\":215,\"height\":95,\"caption\":\"Signalisation Saphir\"},\"image\":{\"@id\":\"https:\/\/signalisationsaphir.com\/#\/schema\/logo\/image\/\"},\"sameAs\":[\"https:\/\/www.facebook.com\/SignalisationSaphir\"]}]}<\/script>\n<!-- \/ Yoast SEO Premium plugin. -->","yoast_head_json":{"title":"Bollard TRV-10 de 48'' avec goupille flexible - Signalisation Saphir","description":"Bollard TRV-10 de 48'': Aussit\u00f4t frapp\u00e9 revient \u00e0 sa position initiale. R\u00e9sistant. Vient avec une base fixe. R\u00e9pond aux normes de s\u00e9curit\u00e9.","robots":{"index":"index","follow":"follow","max-snippet":"max-snippet:-1","max-image-preview":"max-image-preview:large","max-video-preview":"max-video-preview:-1"},"canonical":"https:\/\/signalisationsaphir.com\/?product=bollard-trv-10-de-48-avec-goupille-flexible","og_locale":"fr_FR","og_type":"article","og_title":"Bollard TRV-10 de 48'' avec goupille flexible","og_description":"Bollard TRV-10 de 48''. Aussit\u00f4t frapp\u00e9 revient \u00e0 sa position initiale. Plastique flexible. Vient avec une base fixe. Nos articles et accessoires de s\u00e9curit\u00e9 r\u00e9pondent aux normes en vigueur de la s\u00e9curit\u00e9. Ressort charg\u00e9 de fil d'avion Capable de r\u00e9sister aux chocs r\u00e9p\u00e9t\u00e9s des v\u00e9hicules Retourne en position verticale, construit en plastique flexible Construit de lumi\u00e8re ultraviolette, d'ozone et d'hydrocarbures Ensemble de ressorts r\u00e9actifs anti-torsion qui rebondit en position verticale lorsqu'il est coinc\u00e9 La pes\u00e9e peut aussi \u00eatre achet\u00e9e au prix de : $17.95\/chacune Le regroupement d\u2019achat ConceptASR est une entreprise voulant \u00eatre int\u00e8gre dans le march\u00e9 de la signalisation et s\u00e9curit\u00e9. Nous avons opt\u00e9 pour une meilleure qualit\u00e9 pour tous nos produits de signalisation.","og_url":"https:\/\/signalisationsaphir.com\/?product=bollard-trv-10-de-48-avec-goupille-flexible","og_site_name":"Signalisation Saphir","article_publisher":"https:\/\/www.facebook.com\/SignalisationSaphir","article_modified_time":"2022-08-03T22:56:54+00:00","og_image":[{"width":660,"height":1345,"url":"https:\/\/signalisationsaphir.com\/wp-content\/uploads\/2020\/03\/Bollard-TRV-10-de-48-avec-goupille-flexible.png","type":"image\/png"}],"twitter_card":"summary_large_image","twitter_title":"Bollard TRV-10 de 48'' avec goupille flexible","twitter_misc":{"Dur\u00e9e de lecture estim\u00e9e":"2 minutes"},"schema":{"@context":"https:\/\/schema.org","@graph":[{"@type":"WebPage","@id":"https:\/\/signalisationsaphir.com\/?product=bollard-trv-10-de-48-avec-goupille-flexible","url":"https:\/\/signalisationsaphir.com\/?product=bollard-trv-10-de-48-avec-goupille-flexible","name":"Bollard TRV-10 de 48'' avec goupille flexible - Signalisation Saphir","isPartOf":{"@id":"https:\/\/signalisationsaphir.com\/#website"},"primaryImageOfPage":{"@id":"https:\/\/signalisationsaphir.com\/?product=bollard-trv-10-de-48-avec-goupille-flexible#primaryimage"},"image":{"@id":"https:\/\/signalisationsaphir.com\/?product=bollard-trv-10-de-48-avec-goupille-flexible#primaryimage"},"thumbnailUrl":"https:\/\/signalisationsaphir.com\/wp-content\/uploads\/2020\/03\/Bollard-TRV-10-de-48-avec-goupille-flexible.png","datePublished":"2020-03-10T23:29:58+00:00","dateModified":"2022-08-03T22:56:54+00:00","description":"Bollard TRV-10 de 48'': Aussit\u00f4t frapp\u00e9 revient \u00e0 sa position initiale. R\u00e9sistant. Vient avec une base fixe. R\u00e9pond aux normes de s\u00e9curit\u00e9.","breadcrumb":{"@id":"https:\/\/signalisationsaphir.com\/?product=bollard-trv-10-de-48-avec-goupille-flexible#breadcrumb"},"inLanguage":"fr-FR","potentialAction":[{"@type":"ReadAction","target":["https:\/\/signalisationsaphir.com\/?product=bollard-trv-10-de-48-avec-goupille-flexible"]}]},{"@type":"ImageObject","inLanguage":"fr-FR","@id":"https:\/\/signalisationsaphir.com\/?product=bollard-trv-10-de-48-avec-goupille-flexible#primaryimage","url":"https:\/\/signalisationsaphir.com\/wp-content\/uploads\/2020\/03\/Bollard-TRV-10-de-48-avec-goupille-flexible.png","contentUrl":"https:\/\/signalisationsaphir.com\/wp-content\/uploads\/2020\/03\/Bollard-TRV-10-de-48-avec-goupille-flexible.png","width":660,"height":1345},{"@type":"BreadcrumbList","@id":"https:\/\/signalisationsaphir.com\/?product=bollard-trv-10-de-48-avec-goupille-flexible#breadcrumb","itemListElement":[{"@type":"ListItem","position":1,"name":"Accueil","item":"https:\/\/signalisationsaphir.com\/?page_id=9"},{"@type":"ListItem","position":2,"name":"Boutique","item":"https:\/\/signalisationsaphir.com\/?page_id=9"},{"@type":"ListItem","position":3,"name":"Bollard TRV-10 de 48&#8221; avec goupille flexible"}]},{"@type":"WebSite","@id":"https:\/\/signalisationsaphir.com\/#website","url":"https:\/\/signalisationsaphir.com\/","name":"Signalisation Saphir","description":"Boutique en ligne","publisher":{"@id":"https:\/\/signalisationsaphir.com\/#organization"},"potentialAction":[{"@type":"SearchAction","target":{"@type":"EntryPoint","urlTemplate":"https:\/\/signalisationsaphir.com\/?s={search_term_string}"},"query-input":{"@type":"PropertyValueSpecification","valueRequired":true,"valueName":"search_term_string"}}],"inLanguage":"fr-FR"},{"@type":"Organization","@id":"https:\/\/signalisationsaphir.com\/#organization","name":"Signalisation Saphir","url":"https:\/\/signalisationsaphir.com\/","logo":{"@type":"ImageObject","inLanguage":"fr-FR","@id":"https:\/\/signalisationsaphir.com\/#\/schema\/logo\/image\/","url":"https:\/\/signalisationsaphir.com\/wp-content\/uploads\/2017\/01\/cropped-logo-web-plus-large-bleu-blanc.jpg","contentUrl":"https:\/\/signalisationsaphir.com\/wp-content\/uploads\/2017\/01\/cropped-logo-web-plus-large-bleu-blanc.jpg","width":215,"height":95,"caption":"Signalisation Saphir"},"image":{"@id":"https:\/\/signalisationsaphir.com\/#\/schema\/logo\/image\/"},"sameAs":["https:\/\/www.facebook.com\/SignalisationSaphir"]}]}},"brands":[],"_links":{"self":[{"href":"https:\/\/signalisationsaphir.com\/index.php?rest_route=\/wp\/v2\/product\/575","targetHints":{"allow":["GET"]}}],"collection":[{"href":"https:\/\/signalisationsaphir.com\/index.php?rest_route=\/wp\/v2\/product"}],"about":[{"href":"https:\/\/signalisationsaphir.com\/index.php?rest_route=\/wp\/v2\/types\/product"}],"version-history":[{"count":0,"href":"https:\/\/signalisationsaphir.com\/index.php?rest_route=\/wp\/v2\/product\/575\/revisions"}],"wp:featuredmedia":[{"embeddable":true,"href":"https:\/\/signalisationsaphir.com\/index.php?rest_route=\/wp\/v2\/media\/576"}],"wp:attachment":[{"href":"https:\/\/signalisationsaphir.com\/index.php?rest_route=%2Fwp%2Fv2%2Fmedia&parent=575"}],"wp:term":[{"taxonomy":"pwb-brand","embeddable":true,"href":"https:\/\/signalisationsaphir.com\/index.php?rest_route=%2Fwp%2Fv2%2Fpwb-brand&post=575"},{"taxonomy":"product_brand","embeddable":true,"href":"https:\/\/signalisationsaphir.com\/index.php?rest_route=%2Fwp%2Fv2%2Fproduct_brand&post=575"},{"taxonomy":"product_cat","embeddable":true,"href":"https:\/\/signalisationsaphir.com\/index.php?rest_route=%2Fwp%2Fv2%2Fproduct_cat&post=575"},{"taxonomy":"product_tag","embeddable":true,"href":"https:\/\/signalisationsaphir.com\/index.php?rest_route=%2Fwp%2Fv2%2Fproduct_tag&post=575"}],"curies":[{"name":"wp","href":"https:\/\/api.w.org\/{rel}","templated":true}]}}