{"id":553,"date":"2020-03-09T17:49:55","date_gmt":"2020-03-09T21:49:55","guid":{"rendered":"https:\/\/conceptasr.com\/?post_type=product&#038;p=553"},"modified":"2022-08-03T18:57:52","modified_gmt":"2022-08-03T22:57:52","slug":"trv10-conforme-aux-normes","status":"publish","type":"product","link":"https:\/\/signalisationsaphir.com\/?product=trv10-conforme-aux-normes","title":{"rendered":"TRV10 conforme aux normes"},"content":{"rendered":"<p>TRV10 conforme aux normes du Minist\u00e8res des Transports du Qu\u00e9bec avec la pes\u00e9e.<\/p>\n<h4>Visitez les autres <a href=\"https:\/\/signalisationsaphir.com\/boutique-de-produits-de-securite-et-signalisation\/\" target=\"_blank\" rel=\"noopener\">cat\u00e9gories de produits disponible en boutique<\/a>.<\/h4>\n<p>Signalisation Saphir est une entreprise voulant \u00eatre int\u00e8gre dans le march\u00e9 de la signalisation et s\u00e9curit\u00e9. Nous avons opt\u00e9 pour une meilleure qualit\u00e9 pour tous nos produits de signalisation. Et ce, tant au niveau des articles sp\u00e9cialis\u00e9s en signalisation (bollard, TRV10 conforme aux normes, dos d&#8217;\u00e2ne) que de l&#8217;uniforme du signaleur. Notre gamme compl\u00e8te pour le signaleur est maintenant disponible; uniforme du signaleur, b\u00e2ton du signaleur rechargeable ou non, drapeau du signaleur, casque du signaleur ainsi bande aux DELS pour plus de visibilit\u00e9.<\/p>\n<p>Nous vous offrons \u00e9galement toute une diversit\u00e9 de produits de signalisation : C\u00f4nes orange de 28&#8243;, drapeaux, bollard TRV-10,\u00a0 piquets de signalisation, cl\u00f4ture orange de balisage, fus\u00e9e routi\u00e8re et plus.<\/p>\n<p>En grande nouveaut\u00e9&#8230; l&#8217;imperm\u00e9able du signaleur. Nous avons un lot de 1000 uniformes du signaleur conforme aux normes du MTQ. Profitez de nos aubaines.<\/p>\n","protected":false},"excerpt":{"rendered":"<p>TRV10 conforme aux normes du Minist\u00e8res des Transports du Qu\u00e9bec avec la pes\u00e9e. Veuillez noter que les taxes ne sont pas incluses dans le prix. Visitez les autres <a href=\"https:\/\/signalisationsaphir.com\/boutique-de-produits-de-securite-et-signalisation\/\" target=\"_blank\" rel=\"noopener\">cat\u00e9gories de produits disponible en boutique<\/a>.<\/p>\n","protected":false},"featured_media":554,"template":"","meta":{"_acf_changed":false},"pwb-brand":[],"product_brand":[],"product_cat":[215],"product_tag":[296,258,297,303,299],"class_list":{"0":"post-553","1":"product","2":"type-product","3":"status-publish","4":"has-post-thumbnail","6":"product_cat-produits-de-securite","7":"product_tag-pratique","8":"product_tag-signalisation","9":"product_tag-simple","10":"product_tag-tvr10","11":"product_tag-zone-de-securite","12":"product_shipping_class-livraison-soumission-hors-dimension-poids","14":"first","15":"instock","16":"taxable","17":"shipping-taxable","18":"purchasable","19":"product-type-simple"},"exclude_global_add_ons":[],"addons":[],"acf":[],"yoast_head":"<!-- This site is optimized with the Yoast SEO Premium plugin v24.4 (Yoast SEO v24.4) - https:\/\/yoast.com\/wordpress\/plugins\/seo\/ -->\n<title>TRV10 conforme aux normes - Signalisation Saphir - Signalisation<\/title>\n<meta name=\"description\" content=\"Signalisation Saphir - Produits de s\u00e9curit\u00e9. Produits de signalisation: TRV10 conforme aux normes. Produits sp\u00e9cialis\u00e9s. Et plus.\" \/>\n<meta name=\"robots\" content=\"index, follow, max-snippet:-1, max-image-preview:large, max-video-preview:-1\" \/>\n<link rel=\"canonical\" href=\"https:\/\/signalisationsaphir.com\/?product=trv10-conforme-aux-normes\" \/>\n<meta property=\"og:locale\" content=\"fr_FR\" \/>\n<meta property=\"og:type\" content=\"article\" \/>\n<meta property=\"og:title\" content=\"TRV10 conforme aux normes\" \/>\n<meta property=\"og:description\" content=\"Signalisation Saphir - Produits de s\u00e9curit\u00e9. Produits de signalisation: TRV10 conforme aux normes. Produits sp\u00e9cialis\u00e9s. Et plus.\" \/>\n<meta property=\"og:url\" content=\"https:\/\/signalisationsaphir.com\/?product=trv10-conforme-aux-normes\" \/>\n<meta property=\"og:site_name\" content=\"Signalisation Saphir\" \/>\n<meta property=\"article:publisher\" content=\"https:\/\/www.facebook.com\/SignalisationSaphir\" \/>\n<meta property=\"article:modified_time\" content=\"2022-08-03T22:57:52+00:00\" \/>\n<meta property=\"og:image\" content=\"https:\/\/signalisationsaphir.com\/wp-content\/uploads\/2020\/03\/TRV10.JPG.jpg\" \/>\n\t<meta property=\"og:image:width\" content=\"225\" \/>\n\t<meta property=\"og:image:height\" content=\"300\" \/>\n\t<meta property=\"og:image:type\" content=\"image\/jpeg\" \/>\n<meta name=\"twitter:card\" content=\"summary_large_image\" \/>\n<meta name=\"twitter:label1\" content=\"Dur\u00e9e de lecture estim\u00e9e\" \/>\n\t<meta name=\"twitter:data1\" content=\"1 minute\" \/>\n<script type=\"application\/ld+json\" class=\"yoast-schema-graph\">{\"@context\":\"https:\/\/schema.org\",\"@graph\":[{\"@type\":\"WebPage\",\"@id\":\"https:\/\/signalisationsaphir.com\/?product=trv10-conforme-aux-normes\",\"url\":\"https:\/\/signalisationsaphir.com\/?product=trv10-conforme-aux-normes\",\"name\":\"TRV10 conforme aux normes - Signalisation Saphir - Signalisation\",\"isPartOf\":{\"@id\":\"https:\/\/signalisationsaphir.com\/#website\"},\"primaryImageOfPage\":{\"@id\":\"https:\/\/signalisationsaphir.com\/?product=trv10-conforme-aux-normes#primaryimage\"},\"image\":{\"@id\":\"https:\/\/signalisationsaphir.com\/?product=trv10-conforme-aux-normes#primaryimage\"},\"thumbnailUrl\":\"https:\/\/signalisationsaphir.com\/wp-content\/uploads\/2020\/03\/TRV10.JPG.jpg\",\"datePublished\":\"2020-03-09T21:49:55+00:00\",\"dateModified\":\"2022-08-03T22:57:52+00:00\",\"description\":\"Signalisation Saphir - Produits de s\u00e9curit\u00e9. Produits de signalisation: TRV10 conforme aux normes. Produits sp\u00e9cialis\u00e9s. Et plus.\",\"breadcrumb\":{\"@id\":\"https:\/\/signalisationsaphir.com\/?product=trv10-conforme-aux-normes#breadcrumb\"},\"inLanguage\":\"fr-FR\",\"potentialAction\":[{\"@type\":\"ReadAction\",\"target\":[\"https:\/\/signalisationsaphir.com\/?product=trv10-conforme-aux-normes\"]}]},{\"@type\":\"ImageObject\",\"inLanguage\":\"fr-FR\",\"@id\":\"https:\/\/signalisationsaphir.com\/?product=trv10-conforme-aux-normes#primaryimage\",\"url\":\"https:\/\/signalisationsaphir.com\/wp-content\/uploads\/2020\/03\/TRV10.JPG.jpg\",\"contentUrl\":\"https:\/\/signalisationsaphir.com\/wp-content\/uploads\/2020\/03\/TRV10.JPG.jpg\",\"width\":225,\"height\":300,\"caption\":\"TRV10 conforme aux normes\"},{\"@type\":\"BreadcrumbList\",\"@id\":\"https:\/\/signalisationsaphir.com\/?product=trv10-conforme-aux-normes#breadcrumb\",\"itemListElement\":[{\"@type\":\"ListItem\",\"position\":1,\"name\":\"Accueil\",\"item\":\"https:\/\/signalisationsaphir.com\/?page_id=9\"},{\"@type\":\"ListItem\",\"position\":2,\"name\":\"Boutique\",\"item\":\"https:\/\/signalisationsaphir.com\/?page_id=9\"},{\"@type\":\"ListItem\",\"position\":3,\"name\":\"TRV10 conforme aux normes\"}]},{\"@type\":\"WebSite\",\"@id\":\"https:\/\/signalisationsaphir.com\/#website\",\"url\":\"https:\/\/signalisationsaphir.com\/\",\"name\":\"Signalisation Saphir\",\"description\":\"Boutique en ligne\",\"publisher\":{\"@id\":\"https:\/\/signalisationsaphir.com\/#organization\"},\"potentialAction\":[{\"@type\":\"SearchAction\",\"target\":{\"@type\":\"EntryPoint\",\"urlTemplate\":\"https:\/\/signalisationsaphir.com\/?s={search_term_string}\"},\"query-input\":{\"@type\":\"PropertyValueSpecification\",\"valueRequired\":true,\"valueName\":\"search_term_string\"}}],\"inLanguage\":\"fr-FR\"},{\"@type\":\"Organization\",\"@id\":\"https:\/\/signalisationsaphir.com\/#organization\",\"name\":\"Signalisation Saphir\",\"url\":\"https:\/\/signalisationsaphir.com\/\",\"logo\":{\"@type\":\"ImageObject\",\"inLanguage\":\"fr-FR\",\"@id\":\"https:\/\/signalisationsaphir.com\/#\/schema\/logo\/image\/\",\"url\":\"https:\/\/signalisationsaphir.com\/wp-content\/uploads\/2017\/01\/cropped-logo-web-plus-large-bleu-blanc.jpg\",\"contentUrl\":\"https:\/\/signalisationsaphir.com\/wp-content\/uploads\/2017\/01\/cropped-logo-web-plus-large-bleu-blanc.jpg\",\"width\":215,\"height\":95,\"caption\":\"Signalisation Saphir\"},\"image\":{\"@id\":\"https:\/\/signalisationsaphir.com\/#\/schema\/logo\/image\/\"},\"sameAs\":[\"https:\/\/www.facebook.com\/SignalisationSaphir\"]}]}<\/script>\n<!-- \/ Yoast SEO Premium plugin. -->","yoast_head_json":{"title":"TRV10 conforme aux normes - Signalisation Saphir - Signalisation","description":"Signalisation Saphir - Produits de s\u00e9curit\u00e9. Produits de signalisation: TRV10 conforme aux normes. Produits sp\u00e9cialis\u00e9s. Et plus.","robots":{"index":"index","follow":"follow","max-snippet":"max-snippet:-1","max-image-preview":"max-image-preview:large","max-video-preview":"max-video-preview:-1"},"canonical":"https:\/\/signalisationsaphir.com\/?product=trv10-conforme-aux-normes","og_locale":"fr_FR","og_type":"article","og_title":"TRV10 conforme aux normes","og_description":"Signalisation Saphir - Produits de s\u00e9curit\u00e9. Produits de signalisation: TRV10 conforme aux normes. Produits sp\u00e9cialis\u00e9s. Et plus.","og_url":"https:\/\/signalisationsaphir.com\/?product=trv10-conforme-aux-normes","og_site_name":"Signalisation Saphir","article_publisher":"https:\/\/www.facebook.com\/SignalisationSaphir","article_modified_time":"2022-08-03T22:57:52+00:00","og_image":[{"width":225,"height":300,"url":"https:\/\/signalisationsaphir.com\/wp-content\/uploads\/2020\/03\/TRV10.JPG.jpg","type":"image\/jpeg"}],"twitter_card":"summary_large_image","twitter_misc":{"Dur\u00e9e de lecture estim\u00e9e":"1 minute"},"schema":{"@context":"https:\/\/schema.org","@graph":[{"@type":"WebPage","@id":"https:\/\/signalisationsaphir.com\/?product=trv10-conforme-aux-normes","url":"https:\/\/signalisationsaphir.com\/?product=trv10-conforme-aux-normes","name":"TRV10 conforme aux normes - Signalisation Saphir - Signalisation","isPartOf":{"@id":"https:\/\/signalisationsaphir.com\/#website"},"primaryImageOfPage":{"@id":"https:\/\/signalisationsaphir.com\/?product=trv10-conforme-aux-normes#primaryimage"},"image":{"@id":"https:\/\/signalisationsaphir.com\/?product=trv10-conforme-aux-normes#primaryimage"},"thumbnailUrl":"https:\/\/signalisationsaphir.com\/wp-content\/uploads\/2020\/03\/TRV10.JPG.jpg","datePublished":"2020-03-09T21:49:55+00:00","dateModified":"2022-08-03T22:57:52+00:00","description":"Signalisation Saphir - Produits de s\u00e9curit\u00e9. Produits de signalisation: TRV10 conforme aux normes. Produits sp\u00e9cialis\u00e9s. Et plus.","breadcrumb":{"@id":"https:\/\/signalisationsaphir.com\/?product=trv10-conforme-aux-normes#breadcrumb"},"inLanguage":"fr-FR","potentialAction":[{"@type":"ReadAction","target":["https:\/\/signalisationsaphir.com\/?product=trv10-conforme-aux-normes"]}]},{"@type":"ImageObject","inLanguage":"fr-FR","@id":"https:\/\/signalisationsaphir.com\/?product=trv10-conforme-aux-normes#primaryimage","url":"https:\/\/signalisationsaphir.com\/wp-content\/uploads\/2020\/03\/TRV10.JPG.jpg","contentUrl":"https:\/\/signalisationsaphir.com\/wp-content\/uploads\/2020\/03\/TRV10.JPG.jpg","width":225,"height":300,"caption":"TRV10 conforme aux normes"},{"@type":"BreadcrumbList","@id":"https:\/\/signalisationsaphir.com\/?product=trv10-conforme-aux-normes#breadcrumb","itemListElement":[{"@type":"ListItem","position":1,"name":"Accueil","item":"https:\/\/signalisationsaphir.com\/?page_id=9"},{"@type":"ListItem","position":2,"name":"Boutique","item":"https:\/\/signalisationsaphir.com\/?page_id=9"},{"@type":"ListItem","position":3,"name":"TRV10 conforme aux normes"}]},{"@type":"WebSite","@id":"https:\/\/signalisationsaphir.com\/#website","url":"https:\/\/signalisationsaphir.com\/","name":"Signalisation Saphir","description":"Boutique en ligne","publisher":{"@id":"https:\/\/signalisationsaphir.com\/#organization"},"potentialAction":[{"@type":"SearchAction","target":{"@type":"EntryPoint","urlTemplate":"https:\/\/signalisationsaphir.com\/?s={search_term_string}"},"query-input":{"@type":"PropertyValueSpecification","valueRequired":true,"valueName":"search_term_string"}}],"inLanguage":"fr-FR"},{"@type":"Organization","@id":"https:\/\/signalisationsaphir.com\/#organization","name":"Signalisation Saphir","url":"https:\/\/signalisationsaphir.com\/","logo":{"@type":"ImageObject","inLanguage":"fr-FR","@id":"https:\/\/signalisationsaphir.com\/#\/schema\/logo\/image\/","url":"https:\/\/signalisationsaphir.com\/wp-content\/uploads\/2017\/01\/cropped-logo-web-plus-large-bleu-blanc.jpg","contentUrl":"https:\/\/signalisationsaphir.com\/wp-content\/uploads\/2017\/01\/cropped-logo-web-plus-large-bleu-blanc.jpg","width":215,"height":95,"caption":"Signalisation Saphir"},"image":{"@id":"https:\/\/signalisationsaphir.com\/#\/schema\/logo\/image\/"},"sameAs":["https:\/\/www.facebook.com\/SignalisationSaphir"]}]}},"brands":[],"_links":{"self":[{"href":"https:\/\/signalisationsaphir.com\/index.php?rest_route=\/wp\/v2\/product\/553","targetHints":{"allow":["GET"]}}],"collection":[{"href":"https:\/\/signalisationsaphir.com\/index.php?rest_route=\/wp\/v2\/product"}],"about":[{"href":"https:\/\/signalisationsaphir.com\/index.php?rest_route=\/wp\/v2\/types\/product"}],"version-history":[{"count":0,"href":"https:\/\/signalisationsaphir.com\/index.php?rest_route=\/wp\/v2\/product\/553\/revisions"}],"wp:featuredmedia":[{"embeddable":true,"href":"https:\/\/signalisationsaphir.com\/index.php?rest_route=\/wp\/v2\/media\/554"}],"wp:attachment":[{"href":"https:\/\/signalisationsaphir.com\/index.php?rest_route=%2Fwp%2Fv2%2Fmedia&parent=553"}],"wp:term":[{"taxonomy":"pwb-brand","embeddable":true,"href":"https:\/\/signalisationsaphir.com\/index.php?rest_route=%2Fwp%2Fv2%2Fpwb-brand&post=553"},{"taxonomy":"product_brand","embeddable":true,"href":"https:\/\/signalisationsaphir.com\/index.php?rest_route=%2Fwp%2Fv2%2Fproduct_brand&post=553"},{"taxonomy":"product_cat","embeddable":true,"href":"https:\/\/signalisationsaphir.com\/index.php?rest_route=%2Fwp%2Fv2%2Fproduct_cat&post=553"},{"taxonomy":"product_tag","embeddable":true,"href":"https:\/\/signalisationsaphir.com\/index.php?rest_route=%2Fwp%2Fv2%2Fproduct_tag&post=553"}],"curies":[{"name":"wp","href":"https:\/\/api.w.org\/{rel}","templated":true}]}}