{"id":551,"date":"2020-03-09T17:45:10","date_gmt":"2020-03-09T21:45:10","guid":{"rendered":"https:\/\/conceptasr.com\/?post_type=product&#038;p=551"},"modified":"2022-08-03T21:04:23","modified_gmt":"2022-08-04T01:04:23","slug":"cones-de-28","status":"publish","type":"product","link":"https:\/\/signalisationsaphir.com\/?product=cones-de-28","title":{"rendered":"C\u00f4nes de 28&#8243;"},"content":{"rendered":"<p><a href=\"https:\/\/conceptasr.com\/product-category\/produits-de-signalisation\/\" target=\"_blank\" rel=\"noopener noreferrer\">C\u00f4nes<\/a> de signalisation de 28&#8243; de 7 lbs avec les deux bandes r\u00e9glementaire. Plus tous nos articles et accessoires de s\u00e9curit\u00e9 r\u00e9pondent aux <a href=\"https:\/\/www.transports.gouv.qc.ca\/fr\/entreprises-partenaires\/entreprises-reseaux-routier\/normes\/Pages\/normes.aspx\" target=\"_blank\" rel=\"noopener noreferrer\">normes en vigueur de la s\u00e9curit\u00e9<\/a>.<\/p>\n<p>Les c\u00f4nes de 28&#8221; avec goupille flexible sont offert pour: le minist\u00e8re du transport. Municipalit\u00e9s. Entrepreneurs g\u00e9n\u00e9raux. Chantiers de construction, etc.<\/p>\n<p>Visitez les autres <a href=\"https:\/\/signalisationsaphir.com\/boutique-de-produits-de-securite-et-signalisation\/\" target=\"_blank\" rel=\"noopener\">cat\u00e9gories de produits disponible en boutique<\/a>.<\/p>\n<p>Produits de s\u00e9curit\u00e9 : L\u2019am\u00e9nagement d\u2019un environnement s\u00e9curitaire est important pour tous. Signalisation Saphir offre toute une panoplie de produits de s\u00e9curit\u00e9 professionnels. Nos articles et accessoires de s\u00e9curit\u00e9 r\u00e9pondent aux normes en vigueur de la s\u00e9curit\u00e9. Gamme de produits pour voirie offerts: Bollard TRV-10 de 48&#8243; avec goupille flexible. C\u00f4ne orange 28&#8243;. Des v\u00eatements pour travailleurs: chapeau de s\u00e9curit\u00e9. Parka. Habit de pluie. Bottes. Souliers. Avec en plus des vestes avec bandes r\u00e9fl\u00e9chissantes. Chandails d&#8217;\u00e9t\u00e9 et bien plus. Accessoires:\u00a0 fus\u00e9e routi\u00e8re, pes\u00e9e et dos d&#8217;\u00e2ne et cl\u00f4ture de balisage.<\/p>\n<p>Produits offerts pour: minist\u00e8re du transport. Municipalit\u00e9s. Entrepreneurs g\u00e9n\u00e9raux. Chantiers de construction etc.<\/p>\n","protected":false},"excerpt":{"rendered":"<p>C\u00f4nes de 28&#8243; de 7 lbs avec les deux bandes r\u00e9glementaire. Veuillez noter que les taxes ne sont pas incluses dans le prix.<\/p>\n","protected":false},"featured_media":306,"template":"","meta":{"_acf_changed":false},"pwb-brand":[],"product_brand":[],"product_cat":[216],"product_tag":[302,296,258,297,298,299],"class_list":{"0":"post-551","1":"product","2":"type-product","3":"status-publish","4":"has-post-thumbnail","6":"product_cat-produits-signalisation","7":"product_tag-cone","8":"product_tag-pratique","9":"product_tag-signalisation","10":"product_tag-simple","11":"product_tag-stationnement","12":"product_tag-zone-de-securite","13":"product_shipping_class-standard","15":"first","16":"instock","17":"taxable","18":"shipping-taxable","19":"purchasable","20":"product-type-simple"},"exclude_global_add_ons":[],"addons":[],"acf":[],"yoast_head":"<!-- This site is optimized with the Yoast SEO Premium plugin v24.4 (Yoast SEO v24.4) - https:\/\/yoast.com\/wordpress\/plugins\/seo\/ -->\n<title>C\u00f4nes de 28&quot; - Signalisation Saphir - S\u00e9curit\u00e9 &amp; Signalisation<\/title>\n<meta name=\"description\" content=\"Signalisation Saphir. Produits de s\u00e9curit\u00e9 &amp; Signalisation. C\u00f4nes de signalisation de 28&quot;. R\u00e9pond aux normes en vigueur de la s\u00e9curit\u00e9.\" \/>\n<meta name=\"robots\" content=\"index, follow, max-snippet:-1, max-image-preview:large, max-video-preview:-1\" \/>\n<link rel=\"canonical\" href=\"https:\/\/signalisationsaphir.com\/?product=cones-de-28\" \/>\n<meta property=\"og:locale\" content=\"fr_FR\" \/>\n<meta property=\"og:type\" content=\"article\" \/>\n<meta property=\"og:title\" content=\"C\u00f4nes orange 28&quot;\" \/>\n<meta property=\"og:description\" content=\"C\u00f4nes de 28&quot; de 7 lbs avec les deux bandes r\u00e9glementaire. Plus tous nos articles et accessoires de s\u00e9curit\u00e9 r\u00e9pondent aux normes en vigueur de la s\u00e9curit\u00e9. Le regroupement d\u2019achat ConceptASR est une entreprise voulant \u00eatre int\u00e8gre dans le march\u00e9 de la signalisation et s\u00e9curit\u00e9. Nous avons opt\u00e9 donc pour une meilleure qualit\u00e9 pour tous nos produits de signalisation. Les c\u00f4nes de 28&#039;&#039; avec goupille flexible sont offert pour: le minist\u00e8re du transport. Municipalit\u00e9s. Entrepreneurs g\u00e9n\u00e9raux. Chantiers de construction, etc.\" \/>\n<meta property=\"og:url\" content=\"https:\/\/signalisationsaphir.com\/?product=cones-de-28\" \/>\n<meta property=\"og:site_name\" content=\"Signalisation Saphir\" \/>\n<meta property=\"article:publisher\" content=\"https:\/\/www.facebook.com\/SignalisationSaphir\" \/>\n<meta property=\"article:modified_time\" content=\"2022-08-04T01:04:23+00:00\" \/>\n<meta property=\"og:image\" content=\"https:\/\/signalisationsaphir.com\/wp-content\/uploads\/2020\/02\/icone.png\" \/>\n\t<meta property=\"og:image:width\" content=\"512\" \/>\n\t<meta property=\"og:image:height\" content=\"512\" \/>\n\t<meta property=\"og:image:type\" content=\"image\/png\" \/>\n<meta name=\"twitter:card\" content=\"summary_large_image\" \/>\n<meta name=\"twitter:title\" content=\"C\u00f4nes de 28&quot;\" \/>\n<meta name=\"twitter:label1\" content=\"Dur\u00e9e de lecture estim\u00e9e\" \/>\n\t<meta name=\"twitter:data1\" content=\"1 minute\" \/>\n<script type=\"application\/ld+json\" class=\"yoast-schema-graph\">{\"@context\":\"https:\/\/schema.org\",\"@graph\":[{\"@type\":\"WebPage\",\"@id\":\"https:\/\/signalisationsaphir.com\/?product=cones-de-28\",\"url\":\"https:\/\/signalisationsaphir.com\/?product=cones-de-28\",\"name\":\"C\u00f4nes de 28\\\" - Signalisation Saphir - S\u00e9curit\u00e9 & Signalisation\",\"isPartOf\":{\"@id\":\"https:\/\/signalisationsaphir.com\/#website\"},\"primaryImageOfPage\":{\"@id\":\"https:\/\/signalisationsaphir.com\/?product=cones-de-28#primaryimage\"},\"image\":{\"@id\":\"https:\/\/signalisationsaphir.com\/?product=cones-de-28#primaryimage\"},\"thumbnailUrl\":\"https:\/\/signalisationsaphir.com\/wp-content\/uploads\/2020\/02\/cropped-icone.png\",\"datePublished\":\"2020-03-09T21:45:10+00:00\",\"dateModified\":\"2022-08-04T01:04:23+00:00\",\"description\":\"Signalisation Saphir. Produits de s\u00e9curit\u00e9 & Signalisation. C\u00f4nes de signalisation de 28\\\". R\u00e9pond aux normes en vigueur de la s\u00e9curit\u00e9.\",\"breadcrumb\":{\"@id\":\"https:\/\/signalisationsaphir.com\/?product=cones-de-28#breadcrumb\"},\"inLanguage\":\"fr-FR\",\"potentialAction\":[{\"@type\":\"ReadAction\",\"target\":[\"https:\/\/signalisationsaphir.com\/?product=cones-de-28\"]}]},{\"@type\":\"ImageObject\",\"inLanguage\":\"fr-FR\",\"@id\":\"https:\/\/signalisationsaphir.com\/?product=cones-de-28#primaryimage\",\"url\":\"https:\/\/signalisationsaphir.com\/wp-content\/uploads\/2020\/02\/cropped-icone.png\",\"contentUrl\":\"https:\/\/signalisationsaphir.com\/wp-content\/uploads\/2020\/02\/cropped-icone.png\",\"width\":512,\"height\":512},{\"@type\":\"BreadcrumbList\",\"@id\":\"https:\/\/signalisationsaphir.com\/?product=cones-de-28#breadcrumb\",\"itemListElement\":[{\"@type\":\"ListItem\",\"position\":1,\"name\":\"Accueil\",\"item\":\"https:\/\/signalisationsaphir.com\/?page_id=9\"},{\"@type\":\"ListItem\",\"position\":2,\"name\":\"Boutique\",\"item\":\"https:\/\/signalisationsaphir.com\/?page_id=9\"},{\"@type\":\"ListItem\",\"position\":3,\"name\":\"C\u00f4nes de 28&#8243;\"}]},{\"@type\":\"WebSite\",\"@id\":\"https:\/\/signalisationsaphir.com\/#website\",\"url\":\"https:\/\/signalisationsaphir.com\/\",\"name\":\"Signalisation Saphir\",\"description\":\"Boutique en ligne\",\"publisher\":{\"@id\":\"https:\/\/signalisationsaphir.com\/#organization\"},\"potentialAction\":[{\"@type\":\"SearchAction\",\"target\":{\"@type\":\"EntryPoint\",\"urlTemplate\":\"https:\/\/signalisationsaphir.com\/?s={search_term_string}\"},\"query-input\":{\"@type\":\"PropertyValueSpecification\",\"valueRequired\":true,\"valueName\":\"search_term_string\"}}],\"inLanguage\":\"fr-FR\"},{\"@type\":\"Organization\",\"@id\":\"https:\/\/signalisationsaphir.com\/#organization\",\"name\":\"Signalisation Saphir\",\"url\":\"https:\/\/signalisationsaphir.com\/\",\"logo\":{\"@type\":\"ImageObject\",\"inLanguage\":\"fr-FR\",\"@id\":\"https:\/\/signalisationsaphir.com\/#\/schema\/logo\/image\/\",\"url\":\"https:\/\/signalisationsaphir.com\/wp-content\/uploads\/2017\/01\/cropped-logo-web-plus-large-bleu-blanc.jpg\",\"contentUrl\":\"https:\/\/signalisationsaphir.com\/wp-content\/uploads\/2017\/01\/cropped-logo-web-plus-large-bleu-blanc.jpg\",\"width\":215,\"height\":95,\"caption\":\"Signalisation Saphir\"},\"image\":{\"@id\":\"https:\/\/signalisationsaphir.com\/#\/schema\/logo\/image\/\"},\"sameAs\":[\"https:\/\/www.facebook.com\/SignalisationSaphir\"]}]}<\/script>\n<!-- \/ Yoast SEO Premium plugin. -->","yoast_head_json":{"title":"C\u00f4nes de 28\" - Signalisation Saphir - S\u00e9curit\u00e9 & Signalisation","description":"Signalisation Saphir. Produits de s\u00e9curit\u00e9 & Signalisation. C\u00f4nes de signalisation de 28\". R\u00e9pond aux normes en vigueur de la s\u00e9curit\u00e9.","robots":{"index":"index","follow":"follow","max-snippet":"max-snippet:-1","max-image-preview":"max-image-preview:large","max-video-preview":"max-video-preview:-1"},"canonical":"https:\/\/signalisationsaphir.com\/?product=cones-de-28","og_locale":"fr_FR","og_type":"article","og_title":"C\u00f4nes orange 28\"","og_description":"C\u00f4nes de 28\" de 7 lbs avec les deux bandes r\u00e9glementaire. Plus tous nos articles et accessoires de s\u00e9curit\u00e9 r\u00e9pondent aux normes en vigueur de la s\u00e9curit\u00e9. Le regroupement d\u2019achat ConceptASR est une entreprise voulant \u00eatre int\u00e8gre dans le march\u00e9 de la signalisation et s\u00e9curit\u00e9. Nous avons opt\u00e9 donc pour une meilleure qualit\u00e9 pour tous nos produits de signalisation. Les c\u00f4nes de 28'' avec goupille flexible sont offert pour: le minist\u00e8re du transport. Municipalit\u00e9s. Entrepreneurs g\u00e9n\u00e9raux. Chantiers de construction, etc.","og_url":"https:\/\/signalisationsaphir.com\/?product=cones-de-28","og_site_name":"Signalisation Saphir","article_publisher":"https:\/\/www.facebook.com\/SignalisationSaphir","article_modified_time":"2022-08-04T01:04:23+00:00","og_image":[{"width":512,"height":512,"url":"https:\/\/signalisationsaphir.com\/wp-content\/uploads\/2020\/02\/icone.png","type":"image\/png"}],"twitter_card":"summary_large_image","twitter_title":"C\u00f4nes de 28\"","twitter_misc":{"Dur\u00e9e de lecture estim\u00e9e":"1 minute"},"schema":{"@context":"https:\/\/schema.org","@graph":[{"@type":"WebPage","@id":"https:\/\/signalisationsaphir.com\/?product=cones-de-28","url":"https:\/\/signalisationsaphir.com\/?product=cones-de-28","name":"C\u00f4nes de 28\" - Signalisation Saphir - S\u00e9curit\u00e9 & Signalisation","isPartOf":{"@id":"https:\/\/signalisationsaphir.com\/#website"},"primaryImageOfPage":{"@id":"https:\/\/signalisationsaphir.com\/?product=cones-de-28#primaryimage"},"image":{"@id":"https:\/\/signalisationsaphir.com\/?product=cones-de-28#primaryimage"},"thumbnailUrl":"https:\/\/signalisationsaphir.com\/wp-content\/uploads\/2020\/02\/cropped-icone.png","datePublished":"2020-03-09T21:45:10+00:00","dateModified":"2022-08-04T01:04:23+00:00","description":"Signalisation Saphir. Produits de s\u00e9curit\u00e9 & Signalisation. C\u00f4nes de signalisation de 28\". R\u00e9pond aux normes en vigueur de la s\u00e9curit\u00e9.","breadcrumb":{"@id":"https:\/\/signalisationsaphir.com\/?product=cones-de-28#breadcrumb"},"inLanguage":"fr-FR","potentialAction":[{"@type":"ReadAction","target":["https:\/\/signalisationsaphir.com\/?product=cones-de-28"]}]},{"@type":"ImageObject","inLanguage":"fr-FR","@id":"https:\/\/signalisationsaphir.com\/?product=cones-de-28#primaryimage","url":"https:\/\/signalisationsaphir.com\/wp-content\/uploads\/2020\/02\/cropped-icone.png","contentUrl":"https:\/\/signalisationsaphir.com\/wp-content\/uploads\/2020\/02\/cropped-icone.png","width":512,"height":512},{"@type":"BreadcrumbList","@id":"https:\/\/signalisationsaphir.com\/?product=cones-de-28#breadcrumb","itemListElement":[{"@type":"ListItem","position":1,"name":"Accueil","item":"https:\/\/signalisationsaphir.com\/?page_id=9"},{"@type":"ListItem","position":2,"name":"Boutique","item":"https:\/\/signalisationsaphir.com\/?page_id=9"},{"@type":"ListItem","position":3,"name":"C\u00f4nes de 28&#8243;"}]},{"@type":"WebSite","@id":"https:\/\/signalisationsaphir.com\/#website","url":"https:\/\/signalisationsaphir.com\/","name":"Signalisation Saphir","description":"Boutique en ligne","publisher":{"@id":"https:\/\/signalisationsaphir.com\/#organization"},"potentialAction":[{"@type":"SearchAction","target":{"@type":"EntryPoint","urlTemplate":"https:\/\/signalisationsaphir.com\/?s={search_term_string}"},"query-input":{"@type":"PropertyValueSpecification","valueRequired":true,"valueName":"search_term_string"}}],"inLanguage":"fr-FR"},{"@type":"Organization","@id":"https:\/\/signalisationsaphir.com\/#organization","name":"Signalisation Saphir","url":"https:\/\/signalisationsaphir.com\/","logo":{"@type":"ImageObject","inLanguage":"fr-FR","@id":"https:\/\/signalisationsaphir.com\/#\/schema\/logo\/image\/","url":"https:\/\/signalisationsaphir.com\/wp-content\/uploads\/2017\/01\/cropped-logo-web-plus-large-bleu-blanc.jpg","contentUrl":"https:\/\/signalisationsaphir.com\/wp-content\/uploads\/2017\/01\/cropped-logo-web-plus-large-bleu-blanc.jpg","width":215,"height":95,"caption":"Signalisation Saphir"},"image":{"@id":"https:\/\/signalisationsaphir.com\/#\/schema\/logo\/image\/"},"sameAs":["https:\/\/www.facebook.com\/SignalisationSaphir"]}]}},"brands":[],"_links":{"self":[{"href":"https:\/\/signalisationsaphir.com\/index.php?rest_route=\/wp\/v2\/product\/551","targetHints":{"allow":["GET"]}}],"collection":[{"href":"https:\/\/signalisationsaphir.com\/index.php?rest_route=\/wp\/v2\/product"}],"about":[{"href":"https:\/\/signalisationsaphir.com\/index.php?rest_route=\/wp\/v2\/types\/product"}],"version-history":[{"count":0,"href":"https:\/\/signalisationsaphir.com\/index.php?rest_route=\/wp\/v2\/product\/551\/revisions"}],"wp:featuredmedia":[{"embeddable":true,"href":"https:\/\/signalisationsaphir.com\/index.php?rest_route=\/wp\/v2\/media\/306"}],"wp:attachment":[{"href":"https:\/\/signalisationsaphir.com\/index.php?rest_route=%2Fwp%2Fv2%2Fmedia&parent=551"}],"wp:term":[{"taxonomy":"pwb-brand","embeddable":true,"href":"https:\/\/signalisationsaphir.com\/index.php?rest_route=%2Fwp%2Fv2%2Fpwb-brand&post=551"},{"taxonomy":"product_brand","embeddable":true,"href":"https:\/\/signalisationsaphir.com\/index.php?rest_route=%2Fwp%2Fv2%2Fproduct_brand&post=551"},{"taxonomy":"product_cat","embeddable":true,"href":"https:\/\/signalisationsaphir.com\/index.php?rest_route=%2Fwp%2Fv2%2Fproduct_cat&post=551"},{"taxonomy":"product_tag","embeddable":true,"href":"https:\/\/signalisationsaphir.com\/index.php?rest_route=%2Fwp%2Fv2%2Fproduct_tag&post=551"}],"curies":[{"name":"wp","href":"https:\/\/api.w.org\/{rel}","templated":true}]}}