{"id":544,"date":"2020-03-09T17:12:44","date_gmt":"2020-03-09T21:12:44","guid":{"rendered":"https:\/\/conceptasr.com\/?post_type=product&#038;p=544"},"modified":"2022-09-12T14:29:17","modified_gmt":"2022-09-12T18:29:17","slug":"pesee-et-dos-dane-portatif","status":"publish","type":"product","link":"https:\/\/signalisationsaphir.com\/?product=pesee-et-dos-dane-portatif","title":{"rendered":"Pes\u00e9e et dos d&#8217;\u00e2ne portatif"},"content":{"rendered":"\t\t<div data-elementor-type=\"wp-post\" data-elementor-id=\"544\" class=\"elementor elementor-544\">\n\t\t\t\t\t\t<section class=\"elementor-section elementor-top-section elementor-element elementor-element-5f3e1b7e elementor-section-boxed elementor-section-height-default elementor-section-height-default\" data-id=\"5f3e1b7e\" data-element_type=\"section\">\n\t\t\t\t\t\t<div class=\"elementor-container elementor-column-gap-default\">\n\t\t\t\t\t<div class=\"elementor-column elementor-col-100 elementor-top-column elementor-element elementor-element-56ebb309\" data-id=\"56ebb309\" data-element_type=\"column\">\n\t\t\t<div class=\"elementor-widget-wrap elementor-element-populated\">\n\t\t\t\t\t\t<div class=\"elementor-element elementor-element-2ddbec62 elementor-widget elementor-widget-text-editor\" data-id=\"2ddbec62\" data-element_type=\"widget\" data-widget_type=\"text-editor.default\">\n\t\t\t\t<div class=\"elementor-widget-container\">\n\t\t\t\t\t\t\t\t\tPes\u00e9e et dos d&#8217;\u00e2ne portatif. Nous avons cr\u00e9\u00e9 notre propre ligne de produits pour les pes\u00e9es et les dos d&#8217;\u00e2nes. Deux mod\u00e8les diff\u00e9rents d&#8217;excellentes qualit\u00e9s \u00e0 moindre co\u00fbt et seront produits que pour Signalisation Saphir. Tr\u00e8s pratique pour vos stationnements, zone de s\u00e9curit\u00e9, zone de danger, camping, etc\u2026\r\n\r\nMod\u00e8le : Dos d&#8217;\u00e2ne portatif de 6&#8242;. N\u00e9cessitant 5 clous d&#8217;ancrages. Poids : 28,7 lbs. Venant dans un sac de transport.\r\n<ul>\r\n \t<li>Clous d\u2019ancrage\u00a0: $2.85 ch.<\/li>\r\n<\/ul>\r\n<h4>Visitez les autres <a href=\"https:\/\/signalisationsaphir.com\/boutique-de-produits-de-securite-et-signalisation\/\" target=\"_blank\" rel=\"noopener\">cat\u00e9gories de produits disponible en boutique<\/a>.<\/h4>\r\nSignalisation Saphir est une entreprise voulant \u00eatre int\u00e8gre dans le march\u00e9 de la signalisation et s\u00e9curit\u00e9. Nous avons opt\u00e9 pour une meilleure qualit\u00e9 pour tous nos produits de signalisation. Et ce, tant au niveau des articles sp\u00e9cialis\u00e9s en signalisation (bollard TRV-10, dos d&#8217;\u00e2ne) que de l&#8217;uniforme du signaleur. Notre gamme compl\u00e8te pour le signaleur est maintenant disponible; uniforme du signaleur, b\u00e2ton du signaleur rechargeable ou non, drapeau du signaleur, casque du signaleur ainsi bande aux DELS pour plus de visibilit\u00e9.\r\n\r\nNous vous offrons \u00e9galement toute une diversit\u00e9 de produits de signalisation : C\u00f4nes orange de 28&#8243;, drapeaux, bollard TRV-10,\u00a0 piquets de signalisation, cl\u00f4ture orange de balisage, fus\u00e9e routi\u00e8re et plus.\t\t\t\t\t\t\t\t<\/div>\n\t\t\t\t<\/div>\n\t\t\t\t\t<\/div>\n\t\t<\/div>\n\t\t\t\t\t<\/div>\n\t\t<\/section>\n\t\t\t\t<\/div>\n\t\t","protected":false},"excerpt":{"rendered":"<p>Pes\u00e9e et dos d&#8217;\u00e2ne portatif. Nous avons cr\u00e9\u00e9 notre propre ligne de produits pour les pes\u00e9es et les dos d&#8217;\u00e2nes. Deux mod\u00e8les diff\u00e9rents d&#8217;excellentes qualit\u00e9s \u00e0 moindre co\u00fbt et seront produits que pour Signalisation Saphir. Tr\u00e8s pratique pour vos stationnements, zone de s\u00e9curit\u00e9, zone de danger, camping, etc\u2026 Veuillez noter que les taxes ne sont pas incluses dans le prix. Mod\u00e8le : Dos d&#8217;\u00e2ne portatif de 6&#8242;. N\u00e9cessitant 5 clous d&#8217;ancrages. Poids : 28,7 lbs. Venant dans un sac de transport. Clous d\u2019ancrage\u00a0: $2.85 ch.<\/p>\n","protected":false},"featured_media":541,"template":"","meta":{"_acf_changed":false},"pwb-brand":[],"product_brand":[],"product_cat":[215,216],"product_tag":[294,295,296,258,297,298,299],"class_list":{"0":"post-544","1":"product","2":"type-product","3":"status-publish","4":"has-post-thumbnail","6":"product_cat-produits-de-securite","7":"product_cat-produits-signalisation","8":"product_tag-dos-dane","9":"product_tag-pesee","10":"product_tag-pratique","11":"product_tag-signalisation","12":"product_tag-simple","13":"product_tag-stationnement","14":"product_tag-zone-de-securite","15":"product_shipping_class-livraison-soumission-hors-dimension-poids","17":"first","18":"instock","19":"taxable","20":"shipping-taxable","21":"purchasable","22":"product-type-simple"},"exclude_global_add_ons":false,"addons":[{"name":"Clous d'ancrage (2,85 ch)","type":"multiple_choice","position":0,"required":true,"title_format":"label","default":"","description_enable":true,"description":"Veuillez nous indiquer quelle quantit\u00e9 de clous d'ancrage vous avez besoin (2,85 ch) avec l'achat de dos d'\u00e2ne(s) portatif(s)","placeholder_enable":false,"placeholder":"","display":"select","restrictions_type":"any_text","adjust_price":true,"price":"2.85","price_type":"flat_fee","restrictions":false,"min":"0","max":"0","options":[{"label":"5 clous d'ancrages (5x2.85)","price":"14.25","price_type":"flat_fee","image":0},{"label":"10 clous d'ancrages (10x2.85)","price":"28.50","price_type":"flat_fee","image":0},{"label":"15 clous d'ancrages (15x2.85)","price":"42.75","price_type":"flat_fee","image":0},{"label":"20 clous d'ancrages (20x2.85)","price":"57.00","price_type":"flat_fee","image":0},{"label":"25 clous d'ancrages (25X2.85)","price":"71.25","price_type":"flat_fee","image":0},{"label":"50 clous d'ancrages (50X2.85)","price":"142.50","price_type":"flat_fee","image":0},{"label":"100 clous d'ancrages (50x2.85","price":"285.00","price_type":"flat_fee","image":0}]}],"acf":[],"yoast_head":"<!-- This site is optimized with the Yoast SEO Premium plugin v24.4 (Yoast SEO v24.4) - https:\/\/yoast.com\/wordpress\/plugins\/seo\/ -->\n<title>Pes\u00e9e et dos d&#039;\u00e2ne portatif - Signalisation Saphir - Signalisation<\/title>\n<meta name=\"description\" content=\"Signalisation Saphir - Produits de s\u00e9curit\u00e9. Produits de signalisation: Pes\u00e9e et dos d&#039;\u00e2ne portatif Produits sp\u00e9cialis\u00e9s.\" \/>\n<meta name=\"robots\" content=\"index, follow, max-snippet:-1, max-image-preview:large, max-video-preview:-1\" \/>\n<link rel=\"canonical\" href=\"https:\/\/signalisationsaphir.com\/?product=pesee-et-dos-dane-portatif\" \/>\n<meta property=\"og:locale\" content=\"fr_FR\" \/>\n<meta property=\"og:type\" content=\"article\" \/>\n<meta property=\"og:title\" content=\"Pes\u00e9e et dos d&#039;\u00e2ne portatif\" \/>\n<meta property=\"og:description\" content=\"Signalisation Saphir - Produits de s\u00e9curit\u00e9. Produits de signalisation: Pes\u00e9e et dos d&#039;\u00e2ne portatif Produits sp\u00e9cialis\u00e9s.\" \/>\n<meta property=\"og:url\" content=\"https:\/\/signalisationsaphir.com\/?product=pesee-et-dos-dane-portatif\" \/>\n<meta property=\"og:site_name\" content=\"Signalisation Saphir\" \/>\n<meta property=\"article:publisher\" content=\"https:\/\/www.facebook.com\/SignalisationSaphir\" \/>\n<meta property=\"article:modified_time\" content=\"2022-09-12T18:29:17+00:00\" \/>\n<meta property=\"og:image\" content=\"https:\/\/signalisationsaphir.com\/wp-content\/uploads\/2020\/03\/portable-speed-bump-3.jpg\" \/>\n\t<meta property=\"og:image:width\" content=\"784\" \/>\n\t<meta property=\"og:image:height\" content=\"298\" \/>\n\t<meta property=\"og:image:type\" content=\"image\/jpeg\" \/>\n<meta name=\"twitter:card\" content=\"summary_large_image\" \/>\n<meta name=\"twitter:label1\" content=\"Dur\u00e9e de lecture estim\u00e9e\" \/>\n\t<meta name=\"twitter:data1\" content=\"1 minute\" \/>\n<script type=\"application\/ld+json\" class=\"yoast-schema-graph\">{\"@context\":\"https:\/\/schema.org\",\"@graph\":[{\"@type\":\"WebPage\",\"@id\":\"https:\/\/signalisationsaphir.com\/?product=pesee-et-dos-dane-portatif\",\"url\":\"https:\/\/signalisationsaphir.com\/?product=pesee-et-dos-dane-portatif\",\"name\":\"Pes\u00e9e et dos d'\u00e2ne portatif - Signalisation Saphir - Signalisation\",\"isPartOf\":{\"@id\":\"https:\/\/signalisationsaphir.com\/#website\"},\"primaryImageOfPage\":{\"@id\":\"https:\/\/signalisationsaphir.com\/?product=pesee-et-dos-dane-portatif#primaryimage\"},\"image\":{\"@id\":\"https:\/\/signalisationsaphir.com\/?product=pesee-et-dos-dane-portatif#primaryimage\"},\"thumbnailUrl\":\"https:\/\/signalisationsaphir.com\/wp-content\/uploads\/2020\/03\/portable-speed-bump-3.jpg\",\"datePublished\":\"2020-03-09T21:12:44+00:00\",\"dateModified\":\"2022-09-12T18:29:17+00:00\",\"description\":\"Signalisation Saphir - Produits de s\u00e9curit\u00e9. Produits de signalisation: Pes\u00e9e et dos d'\u00e2ne portatif Produits sp\u00e9cialis\u00e9s.\",\"breadcrumb\":{\"@id\":\"https:\/\/signalisationsaphir.com\/?product=pesee-et-dos-dane-portatif#breadcrumb\"},\"inLanguage\":\"fr-FR\",\"potentialAction\":[{\"@type\":\"ReadAction\",\"target\":[\"https:\/\/signalisationsaphir.com\/?product=pesee-et-dos-dane-portatif\"]}]},{\"@type\":\"ImageObject\",\"inLanguage\":\"fr-FR\",\"@id\":\"https:\/\/signalisationsaphir.com\/?product=pesee-et-dos-dane-portatif#primaryimage\",\"url\":\"https:\/\/signalisationsaphir.com\/wp-content\/uploads\/2020\/03\/portable-speed-bump-3.jpg\",\"contentUrl\":\"https:\/\/signalisationsaphir.com\/wp-content\/uploads\/2020\/03\/portable-speed-bump-3.jpg\",\"width\":784,\"height\":298},{\"@type\":\"BreadcrumbList\",\"@id\":\"https:\/\/signalisationsaphir.com\/?product=pesee-et-dos-dane-portatif#breadcrumb\",\"itemListElement\":[{\"@type\":\"ListItem\",\"position\":1,\"name\":\"Accueil\",\"item\":\"https:\/\/signalisationsaphir.com\/?page_id=9\"},{\"@type\":\"ListItem\",\"position\":2,\"name\":\"Boutique\",\"item\":\"https:\/\/signalisationsaphir.com\/?page_id=9\"},{\"@type\":\"ListItem\",\"position\":3,\"name\":\"Pes\u00e9e et dos d&#8217;\u00e2ne portatif\"}]},{\"@type\":\"WebSite\",\"@id\":\"https:\/\/signalisationsaphir.com\/#website\",\"url\":\"https:\/\/signalisationsaphir.com\/\",\"name\":\"Signalisation Saphir\",\"description\":\"Boutique en ligne\",\"publisher\":{\"@id\":\"https:\/\/signalisationsaphir.com\/#organization\"},\"potentialAction\":[{\"@type\":\"SearchAction\",\"target\":{\"@type\":\"EntryPoint\",\"urlTemplate\":\"https:\/\/signalisationsaphir.com\/?s={search_term_string}\"},\"query-input\":{\"@type\":\"PropertyValueSpecification\",\"valueRequired\":true,\"valueName\":\"search_term_string\"}}],\"inLanguage\":\"fr-FR\"},{\"@type\":\"Organization\",\"@id\":\"https:\/\/signalisationsaphir.com\/#organization\",\"name\":\"Signalisation Saphir\",\"url\":\"https:\/\/signalisationsaphir.com\/\",\"logo\":{\"@type\":\"ImageObject\",\"inLanguage\":\"fr-FR\",\"@id\":\"https:\/\/signalisationsaphir.com\/#\/schema\/logo\/image\/\",\"url\":\"https:\/\/signalisationsaphir.com\/wp-content\/uploads\/2017\/01\/cropped-logo-web-plus-large-bleu-blanc.jpg\",\"contentUrl\":\"https:\/\/signalisationsaphir.com\/wp-content\/uploads\/2017\/01\/cropped-logo-web-plus-large-bleu-blanc.jpg\",\"width\":215,\"height\":95,\"caption\":\"Signalisation Saphir\"},\"image\":{\"@id\":\"https:\/\/signalisationsaphir.com\/#\/schema\/logo\/image\/\"},\"sameAs\":[\"https:\/\/www.facebook.com\/SignalisationSaphir\"]}]}<\/script>\n<!-- \/ Yoast SEO Premium plugin. -->","yoast_head_json":{"title":"Pes\u00e9e et dos d'\u00e2ne portatif - Signalisation Saphir - Signalisation","description":"Signalisation Saphir - Produits de s\u00e9curit\u00e9. Produits de signalisation: Pes\u00e9e et dos d'\u00e2ne portatif Produits sp\u00e9cialis\u00e9s.","robots":{"index":"index","follow":"follow","max-snippet":"max-snippet:-1","max-image-preview":"max-image-preview:large","max-video-preview":"max-video-preview:-1"},"canonical":"https:\/\/signalisationsaphir.com\/?product=pesee-et-dos-dane-portatif","og_locale":"fr_FR","og_type":"article","og_title":"Pes\u00e9e et dos d'\u00e2ne portatif","og_description":"Signalisation Saphir - Produits de s\u00e9curit\u00e9. Produits de signalisation: Pes\u00e9e et dos d'\u00e2ne portatif Produits sp\u00e9cialis\u00e9s.","og_url":"https:\/\/signalisationsaphir.com\/?product=pesee-et-dos-dane-portatif","og_site_name":"Signalisation Saphir","article_publisher":"https:\/\/www.facebook.com\/SignalisationSaphir","article_modified_time":"2022-09-12T18:29:17+00:00","og_image":[{"width":784,"height":298,"url":"https:\/\/signalisationsaphir.com\/wp-content\/uploads\/2020\/03\/portable-speed-bump-3.jpg","type":"image\/jpeg"}],"twitter_card":"summary_large_image","twitter_misc":{"Dur\u00e9e de lecture estim\u00e9e":"1 minute"},"schema":{"@context":"https:\/\/schema.org","@graph":[{"@type":"WebPage","@id":"https:\/\/signalisationsaphir.com\/?product=pesee-et-dos-dane-portatif","url":"https:\/\/signalisationsaphir.com\/?product=pesee-et-dos-dane-portatif","name":"Pes\u00e9e et dos d'\u00e2ne portatif - Signalisation Saphir - Signalisation","isPartOf":{"@id":"https:\/\/signalisationsaphir.com\/#website"},"primaryImageOfPage":{"@id":"https:\/\/signalisationsaphir.com\/?product=pesee-et-dos-dane-portatif#primaryimage"},"image":{"@id":"https:\/\/signalisationsaphir.com\/?product=pesee-et-dos-dane-portatif#primaryimage"},"thumbnailUrl":"https:\/\/signalisationsaphir.com\/wp-content\/uploads\/2020\/03\/portable-speed-bump-3.jpg","datePublished":"2020-03-09T21:12:44+00:00","dateModified":"2022-09-12T18:29:17+00:00","description":"Signalisation Saphir - Produits de s\u00e9curit\u00e9. Produits de signalisation: Pes\u00e9e et dos d'\u00e2ne portatif Produits sp\u00e9cialis\u00e9s.","breadcrumb":{"@id":"https:\/\/signalisationsaphir.com\/?product=pesee-et-dos-dane-portatif#breadcrumb"},"inLanguage":"fr-FR","potentialAction":[{"@type":"ReadAction","target":["https:\/\/signalisationsaphir.com\/?product=pesee-et-dos-dane-portatif"]}]},{"@type":"ImageObject","inLanguage":"fr-FR","@id":"https:\/\/signalisationsaphir.com\/?product=pesee-et-dos-dane-portatif#primaryimage","url":"https:\/\/signalisationsaphir.com\/wp-content\/uploads\/2020\/03\/portable-speed-bump-3.jpg","contentUrl":"https:\/\/signalisationsaphir.com\/wp-content\/uploads\/2020\/03\/portable-speed-bump-3.jpg","width":784,"height":298},{"@type":"BreadcrumbList","@id":"https:\/\/signalisationsaphir.com\/?product=pesee-et-dos-dane-portatif#breadcrumb","itemListElement":[{"@type":"ListItem","position":1,"name":"Accueil","item":"https:\/\/signalisationsaphir.com\/?page_id=9"},{"@type":"ListItem","position":2,"name":"Boutique","item":"https:\/\/signalisationsaphir.com\/?page_id=9"},{"@type":"ListItem","position":3,"name":"Pes\u00e9e et dos d&#8217;\u00e2ne portatif"}]},{"@type":"WebSite","@id":"https:\/\/signalisationsaphir.com\/#website","url":"https:\/\/signalisationsaphir.com\/","name":"Signalisation Saphir","description":"Boutique en ligne","publisher":{"@id":"https:\/\/signalisationsaphir.com\/#organization"},"potentialAction":[{"@type":"SearchAction","target":{"@type":"EntryPoint","urlTemplate":"https:\/\/signalisationsaphir.com\/?s={search_term_string}"},"query-input":{"@type":"PropertyValueSpecification","valueRequired":true,"valueName":"search_term_string"}}],"inLanguage":"fr-FR"},{"@type":"Organization","@id":"https:\/\/signalisationsaphir.com\/#organization","name":"Signalisation Saphir","url":"https:\/\/signalisationsaphir.com\/","logo":{"@type":"ImageObject","inLanguage":"fr-FR","@id":"https:\/\/signalisationsaphir.com\/#\/schema\/logo\/image\/","url":"https:\/\/signalisationsaphir.com\/wp-content\/uploads\/2017\/01\/cropped-logo-web-plus-large-bleu-blanc.jpg","contentUrl":"https:\/\/signalisationsaphir.com\/wp-content\/uploads\/2017\/01\/cropped-logo-web-plus-large-bleu-blanc.jpg","width":215,"height":95,"caption":"Signalisation Saphir"},"image":{"@id":"https:\/\/signalisationsaphir.com\/#\/schema\/logo\/image\/"},"sameAs":["https:\/\/www.facebook.com\/SignalisationSaphir"]}]}},"brands":[],"_links":{"self":[{"href":"https:\/\/signalisationsaphir.com\/index.php?rest_route=\/wp\/v2\/product\/544","targetHints":{"allow":["GET"]}}],"collection":[{"href":"https:\/\/signalisationsaphir.com\/index.php?rest_route=\/wp\/v2\/product"}],"about":[{"href":"https:\/\/signalisationsaphir.com\/index.php?rest_route=\/wp\/v2\/types\/product"}],"version-history":[{"count":0,"href":"https:\/\/signalisationsaphir.com\/index.php?rest_route=\/wp\/v2\/product\/544\/revisions"}],"wp:featuredmedia":[{"embeddable":true,"href":"https:\/\/signalisationsaphir.com\/index.php?rest_route=\/wp\/v2\/media\/541"}],"wp:attachment":[{"href":"https:\/\/signalisationsaphir.com\/index.php?rest_route=%2Fwp%2Fv2%2Fmedia&parent=544"}],"wp:term":[{"taxonomy":"pwb-brand","embeddable":true,"href":"https:\/\/signalisationsaphir.com\/index.php?rest_route=%2Fwp%2Fv2%2Fpwb-brand&post=544"},{"taxonomy":"product_brand","embeddable":true,"href":"https:\/\/signalisationsaphir.com\/index.php?rest_route=%2Fwp%2Fv2%2Fproduct_brand&post=544"},{"taxonomy":"product_cat","embeddable":true,"href":"https:\/\/signalisationsaphir.com\/index.php?rest_route=%2Fwp%2Fv2%2Fproduct_cat&post=544"},{"taxonomy":"product_tag","embeddable":true,"href":"https:\/\/signalisationsaphir.com\/index.php?rest_route=%2Fwp%2Fv2%2Fproduct_tag&post=544"}],"curies":[{"name":"wp","href":"https:\/\/api.w.org\/{rel}","templated":true}]}}