{"id":540,"date":"2020-03-09T16:56:43","date_gmt":"2020-03-09T20:56:43","guid":{"rendered":"https:\/\/conceptasr.com\/?post_type=product&#038;p=540"},"modified":"2022-09-12T14:34:00","modified_gmt":"2022-09-12T18:34:00","slug":"pesee-et-dos-dane-regulier","status":"publish","type":"product","link":"https:\/\/signalisationsaphir.com\/?product=pesee-et-dos-dane-regulier","title":{"rendered":"Pes\u00e9e et dos d&#8217;\u00e2ne r\u00e9gulier"},"content":{"rendered":"<p>Pes\u00e9e et dos d&#8217;\u00e2ne r\u00e9gulier. Nous avons cr\u00e9\u00e9 notre propre ligne de produits pour les pes\u00e9es et les dos d&#8217;\u00e2nes. Deux mod\u00e8les diff\u00e9rents d&#8217;excellentes qualit\u00e9s \u00e0 moindre co\u00fbt et seront produits que pour Signalisation Saphir. Tr\u00e8s pratique pour vos stationnements, zone de s\u00e9curit\u00e9, zone de danger, camping, etc\u2026<\/p>\n<p>Mod\u00e8le : Dos d&#8217;\u00e2nes r\u00e9guliers de 6&#8242; de long. Les embouts esth\u00e9tiques sont aussi disponibles.<\/p>\n<ul>\n<li>Les dos d&#8217;\u00e2nes n\u00e9cessitent 4 clous d&#8217;ancrages<\/li>\n<li>Les embouts esth\u00e9tiques chacun 1 clou d&#8217;ancrage.<\/li>\n<\/ul>\n<p>Clous d\u2019ancrage : $2.95 ch.<\/p>\n<h4>Visitez les autres <a href=\"https:\/\/signalisationsaphir.com\/boutique-de-produits-de-securite-et-signalisation\/\" target=\"_blank\" rel=\"noopener\">cat\u00e9gories de produits disponible en boutique<\/a>.<\/h4>\n<p>Signalisation Saphir est une entreprise voulant \u00eatre int\u00e8gre dans le march\u00e9 de la signalisation et s\u00e9curit\u00e9. Nous avons opt\u00e9 pour une meilleure qualit\u00e9 pour tous nos produits de signalisation. Et ce, tant au niveau des articles sp\u00e9cialis\u00e9s en signalisation (bollard TRV-10, dos d&#8217;\u00e2ne) que de l&#8217;uniforme du signaleur. Notre gamme compl\u00e8te pour le signaleur est maintenant disponible; uniforme du signaleur, b\u00e2ton du signaleur rechargeable ou non, drapeau du signaleur, casque du signaleur ainsi bande aux DELS pour plus de visibilit\u00e9.<\/p>\n<p>Nous vous offrons \u00e9galement toute une diversit\u00e9 de produits de signalisation : C\u00f4nes orange de 28&#8243;, drapeaux, bollard TRV-10,\u00a0 piquets de signalisation, cl\u00f4ture orange de balisage, fus\u00e9e routi\u00e8re et plus.<\/p>\n<p>En grande nouveaut\u00e9&#8230; l&#8217;imperm\u00e9able du signaleur. Nous avons un lot de 1000 uniformes du signaleur conforme aux normes du MTQ. Profitez de nos aubaines.<\/p>\n","protected":false},"excerpt":{"rendered":"<p>Pes\u00e9e et dos d&#8217;\u00e2ne r\u00e9gulier. Nous avons cr\u00e9\u00e9 notre propre ligne de produits pour les pes\u00e9es et les dos d&#8217;\u00e2nes. Deux mod\u00e8les diff\u00e9rents d&#8217;excellentes qualit\u00e9s \u00e0 moindre co\u00fbt et seront produits que pour Signalisation Saphir. Tr\u00e8s pratique pour vos stationnements, zone de s\u00e9curit\u00e9, zone de danger, camping, etc\u2026 Veuillez noter que les taxes ne sont pas incluses dans le prix.<\/p>\n<p>Mod\u00e8le : Dos d&#8217;\u00e2nes r\u00e9guliers de 6&#8242; de long. Les embouts esth\u00e9tiques sont aussi disponibles.<\/p>\n<ul>\n<li>Les dos d&#8217;\u00e2nes n\u00e9cessitent 4 clous d&#8217;ancrages<\/li>\n<li>Les embouts esth\u00e9tiques chacun 1 clou d&#8217;ancrage. Clous d\u2019ancrage : $2.95 ch.<\/li>\n<\/ul>\n","protected":false},"featured_media":545,"template":"","meta":{"_acf_changed":false},"pwb-brand":[],"product_brand":[],"product_cat":[215,216],"product_tag":[294,295,296,258,297,298,299],"class_list":{"0":"post-540","1":"product","2":"type-product","3":"status-publish","4":"has-post-thumbnail","6":"product_cat-produits-de-securite","7":"product_cat-produits-signalisation","8":"product_tag-dos-dane","9":"product_tag-pesee","10":"product_tag-pratique","11":"product_tag-signalisation","12":"product_tag-simple","13":"product_tag-stationnement","14":"product_tag-zone-de-securite","15":"product_shipping_class-livraison-soumission-hors-dimension-poids","17":"first","18":"instock","19":"taxable","20":"shipping-taxable","21":"purchasable","22":"product-type-simple"},"exclude_global_add_ons":false,"addons":[{"name":"Clous d'ancrage (2,85 ch)","type":"multiple_choice","position":0,"required":true,"title_format":"label","default":"","description_enable":true,"description":"Veuillez nous indiquer quelle quantit\u00e9 de clous d'ancrage vous avez besoin (2,85 ch) avec l'achat de dos d'\u00e2ne portatif","placeholder_enable":false,"placeholder":"","display":"select","restrictions_type":"any_text","adjust_price":true,"price":"2.85","price_type":"flat_fee","restrictions":false,"min":"0","max":"0","options":[{"label":"5 clous d'ancrages (5x2.85)","price":"14.25","price_type":"flat_fee","image":0},{"label":"10 clous d'ancrages (10x2.85)","price":"28.50","price_type":"flat_fee","image":0},{"label":"15 clous d'ancrages (15x2.85)","price":"42.75","price_type":"flat_fee","image":0},{"label":"20 clous d'ancrages (20x2.85)","price":"57.00","price_type":"flat_fee","image":0},{"label":"25 clous d'ancrages (25X2.85)","price":"71.25","price_type":"flat_fee","image":0},{"label":"50 clous d'ancrages (50X2.85)","price":"142.50","price_type":"flat_fee","image":0},{"label":"100 clous d'ancrages (100X2.85)","price":"285.00","price_type":"flat_fee","image":0}]}],"acf":[],"yoast_head":"<!-- This site is optimized with the Yoast SEO Premium plugin v24.4 (Yoast SEO v24.4) - https:\/\/yoast.com\/wordpress\/plugins\/seo\/ -->\n<title>Pes\u00e9e et dos d&#039;\u00e2ne r\u00e9gulier - Signalisation Saphir - Signalisation<\/title>\n<meta name=\"description\" content=\"Signalisation Saphir - Produits de s\u00e9curit\u00e9. Produits de signalisation: Pes\u00e9e et dos d&#039;\u00e2ne r\u00e9gulier. Produits sp\u00e9cialis\u00e9s. Et bien plus.\" \/>\n<meta name=\"robots\" content=\"index, follow, max-snippet:-1, max-image-preview:large, max-video-preview:-1\" \/>\n<link rel=\"canonical\" href=\"https:\/\/signalisationsaphir.com\/?product=pesee-et-dos-dane-regulier\" \/>\n<meta property=\"og:locale\" content=\"fr_FR\" \/>\n<meta property=\"og:type\" content=\"article\" \/>\n<meta property=\"og:title\" content=\"Pes\u00e9e et dos d&#039;\u00e2ne r\u00e9gulier\" \/>\n<meta property=\"og:description\" content=\"Signalisation Saphir - Produits de s\u00e9curit\u00e9. Produits de signalisation: Pes\u00e9e et dos d&#039;\u00e2ne r\u00e9gulier. Produits sp\u00e9cialis\u00e9s. Et bien plus.\" \/>\n<meta property=\"og:url\" content=\"https:\/\/signalisationsaphir.com\/?product=pesee-et-dos-dane-regulier\" \/>\n<meta property=\"og:site_name\" content=\"Signalisation Saphir\" \/>\n<meta property=\"article:publisher\" content=\"https:\/\/www.facebook.com\/SignalisationSaphir\" \/>\n<meta property=\"article:modified_time\" content=\"2022-09-12T18:34:00+00:00\" \/>\n<meta property=\"og:image\" content=\"https:\/\/signalisationsaphir.com\/wp-content\/uploads\/2020\/03\/IMG_2120-1.JPG.jpg\" \/>\n\t<meta property=\"og:image:width\" content=\"640\" \/>\n\t<meta property=\"og:image:height\" content=\"480\" \/>\n\t<meta property=\"og:image:type\" content=\"image\/jpeg\" \/>\n<meta name=\"twitter:card\" content=\"summary_large_image\" \/>\n<meta name=\"twitter:label1\" content=\"Dur\u00e9e de lecture estim\u00e9e\" \/>\n\t<meta name=\"twitter:data1\" content=\"1 minute\" \/>\n<script type=\"application\/ld+json\" class=\"yoast-schema-graph\">{\"@context\":\"https:\/\/schema.org\",\"@graph\":[{\"@type\":\"WebPage\",\"@id\":\"https:\/\/signalisationsaphir.com\/?product=pesee-et-dos-dane-regulier\",\"url\":\"https:\/\/signalisationsaphir.com\/?product=pesee-et-dos-dane-regulier\",\"name\":\"Pes\u00e9e et dos d'\u00e2ne r\u00e9gulier - Signalisation Saphir - Signalisation\",\"isPartOf\":{\"@id\":\"https:\/\/signalisationsaphir.com\/#website\"},\"primaryImageOfPage\":{\"@id\":\"https:\/\/signalisationsaphir.com\/?product=pesee-et-dos-dane-regulier#primaryimage\"},\"image\":{\"@id\":\"https:\/\/signalisationsaphir.com\/?product=pesee-et-dos-dane-regulier#primaryimage\"},\"thumbnailUrl\":\"https:\/\/signalisationsaphir.com\/wp-content\/uploads\/2020\/03\/IMG_2120-1.JPG.jpg\",\"datePublished\":\"2020-03-09T20:56:43+00:00\",\"dateModified\":\"2022-09-12T18:34:00+00:00\",\"description\":\"Signalisation Saphir - Produits de s\u00e9curit\u00e9. Produits de signalisation: Pes\u00e9e et dos d'\u00e2ne r\u00e9gulier. Produits sp\u00e9cialis\u00e9s. Et bien plus.\",\"breadcrumb\":{\"@id\":\"https:\/\/signalisationsaphir.com\/?product=pesee-et-dos-dane-regulier#breadcrumb\"},\"inLanguage\":\"fr-FR\",\"potentialAction\":[{\"@type\":\"ReadAction\",\"target\":[\"https:\/\/signalisationsaphir.com\/?product=pesee-et-dos-dane-regulier\"]}]},{\"@type\":\"ImageObject\",\"inLanguage\":\"fr-FR\",\"@id\":\"https:\/\/signalisationsaphir.com\/?product=pesee-et-dos-dane-regulier#primaryimage\",\"url\":\"https:\/\/signalisationsaphir.com\/wp-content\/uploads\/2020\/03\/IMG_2120-1.JPG.jpg\",\"contentUrl\":\"https:\/\/signalisationsaphir.com\/wp-content\/uploads\/2020\/03\/IMG_2120-1.JPG.jpg\",\"width\":640,\"height\":480},{\"@type\":\"BreadcrumbList\",\"@id\":\"https:\/\/signalisationsaphir.com\/?product=pesee-et-dos-dane-regulier#breadcrumb\",\"itemListElement\":[{\"@type\":\"ListItem\",\"position\":1,\"name\":\"Accueil\",\"item\":\"https:\/\/signalisationsaphir.com\/?page_id=9\"},{\"@type\":\"ListItem\",\"position\":2,\"name\":\"Boutique\",\"item\":\"https:\/\/signalisationsaphir.com\/?page_id=9\"},{\"@type\":\"ListItem\",\"position\":3,\"name\":\"Pes\u00e9e et dos d&#8217;\u00e2ne r\u00e9gulier\"}]},{\"@type\":\"WebSite\",\"@id\":\"https:\/\/signalisationsaphir.com\/#website\",\"url\":\"https:\/\/signalisationsaphir.com\/\",\"name\":\"Signalisation Saphir\",\"description\":\"Boutique en ligne\",\"publisher\":{\"@id\":\"https:\/\/signalisationsaphir.com\/#organization\"},\"potentialAction\":[{\"@type\":\"SearchAction\",\"target\":{\"@type\":\"EntryPoint\",\"urlTemplate\":\"https:\/\/signalisationsaphir.com\/?s={search_term_string}\"},\"query-input\":{\"@type\":\"PropertyValueSpecification\",\"valueRequired\":true,\"valueName\":\"search_term_string\"}}],\"inLanguage\":\"fr-FR\"},{\"@type\":\"Organization\",\"@id\":\"https:\/\/signalisationsaphir.com\/#organization\",\"name\":\"Signalisation Saphir\",\"url\":\"https:\/\/signalisationsaphir.com\/\",\"logo\":{\"@type\":\"ImageObject\",\"inLanguage\":\"fr-FR\",\"@id\":\"https:\/\/signalisationsaphir.com\/#\/schema\/logo\/image\/\",\"url\":\"https:\/\/signalisationsaphir.com\/wp-content\/uploads\/2017\/01\/cropped-logo-web-plus-large-bleu-blanc.jpg\",\"contentUrl\":\"https:\/\/signalisationsaphir.com\/wp-content\/uploads\/2017\/01\/cropped-logo-web-plus-large-bleu-blanc.jpg\",\"width\":215,\"height\":95,\"caption\":\"Signalisation Saphir\"},\"image\":{\"@id\":\"https:\/\/signalisationsaphir.com\/#\/schema\/logo\/image\/\"},\"sameAs\":[\"https:\/\/www.facebook.com\/SignalisationSaphir\"]}]}<\/script>\n<!-- \/ Yoast SEO Premium plugin. -->","yoast_head_json":{"title":"Pes\u00e9e et dos d'\u00e2ne r\u00e9gulier - Signalisation Saphir - Signalisation","description":"Signalisation Saphir - Produits de s\u00e9curit\u00e9. Produits de signalisation: Pes\u00e9e et dos d'\u00e2ne r\u00e9gulier. Produits sp\u00e9cialis\u00e9s. Et bien plus.","robots":{"index":"index","follow":"follow","max-snippet":"max-snippet:-1","max-image-preview":"max-image-preview:large","max-video-preview":"max-video-preview:-1"},"canonical":"https:\/\/signalisationsaphir.com\/?product=pesee-et-dos-dane-regulier","og_locale":"fr_FR","og_type":"article","og_title":"Pes\u00e9e et dos d'\u00e2ne r\u00e9gulier","og_description":"Signalisation Saphir - Produits de s\u00e9curit\u00e9. Produits de signalisation: Pes\u00e9e et dos d'\u00e2ne r\u00e9gulier. Produits sp\u00e9cialis\u00e9s. Et bien plus.","og_url":"https:\/\/signalisationsaphir.com\/?product=pesee-et-dos-dane-regulier","og_site_name":"Signalisation Saphir","article_publisher":"https:\/\/www.facebook.com\/SignalisationSaphir","article_modified_time":"2022-09-12T18:34:00+00:00","og_image":[{"width":640,"height":480,"url":"https:\/\/signalisationsaphir.com\/wp-content\/uploads\/2020\/03\/IMG_2120-1.JPG.jpg","type":"image\/jpeg"}],"twitter_card":"summary_large_image","twitter_misc":{"Dur\u00e9e de lecture estim\u00e9e":"1 minute"},"schema":{"@context":"https:\/\/schema.org","@graph":[{"@type":"WebPage","@id":"https:\/\/signalisationsaphir.com\/?product=pesee-et-dos-dane-regulier","url":"https:\/\/signalisationsaphir.com\/?product=pesee-et-dos-dane-regulier","name":"Pes\u00e9e et dos d'\u00e2ne r\u00e9gulier - Signalisation Saphir - Signalisation","isPartOf":{"@id":"https:\/\/signalisationsaphir.com\/#website"},"primaryImageOfPage":{"@id":"https:\/\/signalisationsaphir.com\/?product=pesee-et-dos-dane-regulier#primaryimage"},"image":{"@id":"https:\/\/signalisationsaphir.com\/?product=pesee-et-dos-dane-regulier#primaryimage"},"thumbnailUrl":"https:\/\/signalisationsaphir.com\/wp-content\/uploads\/2020\/03\/IMG_2120-1.JPG.jpg","datePublished":"2020-03-09T20:56:43+00:00","dateModified":"2022-09-12T18:34:00+00:00","description":"Signalisation Saphir - Produits de s\u00e9curit\u00e9. Produits de signalisation: Pes\u00e9e et dos d'\u00e2ne r\u00e9gulier. Produits sp\u00e9cialis\u00e9s. Et bien plus.","breadcrumb":{"@id":"https:\/\/signalisationsaphir.com\/?product=pesee-et-dos-dane-regulier#breadcrumb"},"inLanguage":"fr-FR","potentialAction":[{"@type":"ReadAction","target":["https:\/\/signalisationsaphir.com\/?product=pesee-et-dos-dane-regulier"]}]},{"@type":"ImageObject","inLanguage":"fr-FR","@id":"https:\/\/signalisationsaphir.com\/?product=pesee-et-dos-dane-regulier#primaryimage","url":"https:\/\/signalisationsaphir.com\/wp-content\/uploads\/2020\/03\/IMG_2120-1.JPG.jpg","contentUrl":"https:\/\/signalisationsaphir.com\/wp-content\/uploads\/2020\/03\/IMG_2120-1.JPG.jpg","width":640,"height":480},{"@type":"BreadcrumbList","@id":"https:\/\/signalisationsaphir.com\/?product=pesee-et-dos-dane-regulier#breadcrumb","itemListElement":[{"@type":"ListItem","position":1,"name":"Accueil","item":"https:\/\/signalisationsaphir.com\/?page_id=9"},{"@type":"ListItem","position":2,"name":"Boutique","item":"https:\/\/signalisationsaphir.com\/?page_id=9"},{"@type":"ListItem","position":3,"name":"Pes\u00e9e et dos d&#8217;\u00e2ne r\u00e9gulier"}]},{"@type":"WebSite","@id":"https:\/\/signalisationsaphir.com\/#website","url":"https:\/\/signalisationsaphir.com\/","name":"Signalisation Saphir","description":"Boutique en ligne","publisher":{"@id":"https:\/\/signalisationsaphir.com\/#organization"},"potentialAction":[{"@type":"SearchAction","target":{"@type":"EntryPoint","urlTemplate":"https:\/\/signalisationsaphir.com\/?s={search_term_string}"},"query-input":{"@type":"PropertyValueSpecification","valueRequired":true,"valueName":"search_term_string"}}],"inLanguage":"fr-FR"},{"@type":"Organization","@id":"https:\/\/signalisationsaphir.com\/#organization","name":"Signalisation Saphir","url":"https:\/\/signalisationsaphir.com\/","logo":{"@type":"ImageObject","inLanguage":"fr-FR","@id":"https:\/\/signalisationsaphir.com\/#\/schema\/logo\/image\/","url":"https:\/\/signalisationsaphir.com\/wp-content\/uploads\/2017\/01\/cropped-logo-web-plus-large-bleu-blanc.jpg","contentUrl":"https:\/\/signalisationsaphir.com\/wp-content\/uploads\/2017\/01\/cropped-logo-web-plus-large-bleu-blanc.jpg","width":215,"height":95,"caption":"Signalisation Saphir"},"image":{"@id":"https:\/\/signalisationsaphir.com\/#\/schema\/logo\/image\/"},"sameAs":["https:\/\/www.facebook.com\/SignalisationSaphir"]}]}},"brands":[],"_links":{"self":[{"href":"https:\/\/signalisationsaphir.com\/index.php?rest_route=\/wp\/v2\/product\/540","targetHints":{"allow":["GET"]}}],"collection":[{"href":"https:\/\/signalisationsaphir.com\/index.php?rest_route=\/wp\/v2\/product"}],"about":[{"href":"https:\/\/signalisationsaphir.com\/index.php?rest_route=\/wp\/v2\/types\/product"}],"version-history":[{"count":0,"href":"https:\/\/signalisationsaphir.com\/index.php?rest_route=\/wp\/v2\/product\/540\/revisions"}],"wp:featuredmedia":[{"embeddable":true,"href":"https:\/\/signalisationsaphir.com\/index.php?rest_route=\/wp\/v2\/media\/545"}],"wp:attachment":[{"href":"https:\/\/signalisationsaphir.com\/index.php?rest_route=%2Fwp%2Fv2%2Fmedia&parent=540"}],"wp:term":[{"taxonomy":"pwb-brand","embeddable":true,"href":"https:\/\/signalisationsaphir.com\/index.php?rest_route=%2Fwp%2Fv2%2Fpwb-brand&post=540"},{"taxonomy":"product_brand","embeddable":true,"href":"https:\/\/signalisationsaphir.com\/index.php?rest_route=%2Fwp%2Fv2%2Fproduct_brand&post=540"},{"taxonomy":"product_cat","embeddable":true,"href":"https:\/\/signalisationsaphir.com\/index.php?rest_route=%2Fwp%2Fv2%2Fproduct_cat&post=540"},{"taxonomy":"product_tag","embeddable":true,"href":"https:\/\/signalisationsaphir.com\/index.php?rest_route=%2Fwp%2Fv2%2Fproduct_tag&post=540"}],"curies":[{"name":"wp","href":"https:\/\/api.w.org\/{rel}","templated":true}]}}