{"id":521,"date":"2020-03-09T16:31:57","date_gmt":"2020-03-09T20:31:57","guid":{"rendered":"https:\/\/conceptasr.com\/?post_type=product&#038;p=521"},"modified":"2022-08-03T19:00:34","modified_gmt":"2022-08-03T23:00:34","slug":"piquets-de-signalisation","status":"publish","type":"product","link":"https:\/\/signalisationsaphir.com\/?product=piquets-de-signalisation","title":{"rendered":"Piquets de signalisation"},"content":{"rendered":"<p>Signalisation Saphir vous offre aussi des piquets de d\u00e9neigement en fibre de verre;<\/p>\n<ul>\n<li>48&#8221; orange avec capuchon et bout effil\u00e9,<\/li>\n<li>Une bande de pellicule blanche r\u00e9tro-r\u00e9fl\u00e9chissante blanche<\/li>\n<\/ul>\n<h4>Visitez les autres <a href=\"https:\/\/signalisationsaphir.com\/boutique-de-produits-de-securite-et-signalisation\/\" target=\"_blank\" rel=\"noopener\">cat\u00e9gories de produits disponible en boutique<\/a>.<\/h4>\n<p>Signalisation Saphir est une entreprise voulant \u00eatre int\u00e8gre dans le march\u00e9 de la signalisation et s\u00e9curit\u00e9. Nous avons opt\u00e9 pour une meilleure qualit\u00e9 pour tous nos produits de signalisation. Et ce, tant au niveau des articles sp\u00e9cialis\u00e9s en signalisation (bollard TRV-10, dos d&#8217;\u00e2ne) que de l&#8217;uniforme du signaleur. Notre gamme compl\u00e8te pour le signaleur est maintenant disponible; uniforme du signaleur, b\u00e2ton du signaleur rechargeable ou non, drapeau du signaleur, casque du signaleur ainsi bande aux DELS pour plus de visibilit\u00e9.<\/p>\n<p>Nous vous offrons \u00e9galement toute une diversit\u00e9 de produits de signalisation : C\u00f4nes orange de 28&#8243;, drapeaux, bollard TRV-10,\u00a0 piquets de signalisation, cl\u00f4ture orange de balisage, fus\u00e9e routi\u00e8re et plus.<\/p>\n","protected":false},"excerpt":{"rendered":"<p>Signalisation Saphir vous offre aussi des piquets de d\u00e9neigement en fibre de verre. 48&#8221; orange avec capuchon et bout effil\u00e9. Une bande de pellicule blanche r\u00e9tro-r\u00e9fl\u00e9chissante blanche. Veuillez noter que les taxes ne sont pas incluses dans le prix.<\/p>\n","protected":false},"featured_media":522,"template":"","meta":{"_acf_changed":false},"pwb-brand":[],"product_brand":[],"product_cat":[216],"product_tag":[290,291,292,293,258],"class_list":{"0":"post-521","1":"product","2":"type-product","3":"status-publish","4":"has-post-thumbnail","6":"product_cat-produits-signalisation","7":"product_tag-pellicule-blanche","8":"product_tag-piquet","9":"product_tag-piquet-de-deneigement","10":"product_tag-retro-reflechissante","11":"product_tag-signalisation","12":"product_shipping_class-standard","14":"first","15":"instock","16":"taxable","17":"shipping-taxable","18":"purchasable","19":"product-type-simple"},"exclude_global_add_ons":[],"addons":[],"acf":[],"yoast_head":"<!-- This site is optimized with the Yoast SEO Premium plugin v24.4 (Yoast SEO v24.4) - https:\/\/yoast.com\/wordpress\/plugins\/seo\/ -->\n<title>Piquets de signalisation - Signalisation Saphir - Signalisation<\/title>\n<meta name=\"description\" content=\"Signalisation Saphir - Produits de s\u00e9curit\u00e9. Produits de signalisation: Piquets de signalisation. Produits sp\u00e9cialis\u00e9s. Et bien plus.\" \/>\n<meta name=\"robots\" content=\"index, follow, max-snippet:-1, max-image-preview:large, max-video-preview:-1\" \/>\n<link rel=\"canonical\" href=\"https:\/\/signalisationsaphir.com\/?product=piquets-de-signalisation\" \/>\n<meta property=\"og:locale\" content=\"fr_FR\" \/>\n<meta property=\"og:type\" content=\"article\" \/>\n<meta property=\"og:title\" content=\"Piquets de signalisation\" \/>\n<meta property=\"og:description\" content=\"Signalisation Saphir - Produits de s\u00e9curit\u00e9. Produits de signalisation: Piquets de signalisation. Produits sp\u00e9cialis\u00e9s. Et bien plus.\" \/>\n<meta property=\"og:url\" content=\"https:\/\/signalisationsaphir.com\/?product=piquets-de-signalisation\" \/>\n<meta property=\"og:site_name\" content=\"Signalisation Saphir\" \/>\n<meta property=\"article:publisher\" content=\"https:\/\/www.facebook.com\/SignalisationSaphir\" \/>\n<meta property=\"article:modified_time\" content=\"2022-08-03T23:00:34+00:00\" \/>\n<meta property=\"og:image\" content=\"https:\/\/signalisationsaphir.com\/wp-content\/uploads\/2020\/03\/batons_de_de\u0301neigement.jpg\" \/>\n\t<meta property=\"og:image:width\" content=\"650\" \/>\n\t<meta property=\"og:image:height\" content=\"650\" \/>\n\t<meta property=\"og:image:type\" content=\"image\/jpeg\" \/>\n<meta name=\"twitter:card\" content=\"summary_large_image\" \/>\n<meta name=\"twitter:label1\" content=\"Dur\u00e9e de lecture estim\u00e9e\" \/>\n\t<meta name=\"twitter:data1\" content=\"1 minute\" \/>\n<script type=\"application\/ld+json\" class=\"yoast-schema-graph\">{\"@context\":\"https:\/\/schema.org\",\"@graph\":[{\"@type\":\"WebPage\",\"@id\":\"https:\/\/signalisationsaphir.com\/?product=piquets-de-signalisation\",\"url\":\"https:\/\/signalisationsaphir.com\/?product=piquets-de-signalisation\",\"name\":\"Piquets de signalisation - Signalisation Saphir - Signalisation\",\"isPartOf\":{\"@id\":\"https:\/\/signalisationsaphir.com\/#website\"},\"primaryImageOfPage\":{\"@id\":\"https:\/\/signalisationsaphir.com\/?product=piquets-de-signalisation#primaryimage\"},\"image\":{\"@id\":\"https:\/\/signalisationsaphir.com\/?product=piquets-de-signalisation#primaryimage\"},\"thumbnailUrl\":\"https:\/\/signalisationsaphir.com\/wp-content\/uploads\/2020\/03\/batons_de_de\u0301neigement.jpg\",\"datePublished\":\"2020-03-09T20:31:57+00:00\",\"dateModified\":\"2022-08-03T23:00:34+00:00\",\"description\":\"Signalisation Saphir - Produits de s\u00e9curit\u00e9. Produits de signalisation: Piquets de signalisation. Produits sp\u00e9cialis\u00e9s. Et bien plus.\",\"breadcrumb\":{\"@id\":\"https:\/\/signalisationsaphir.com\/?product=piquets-de-signalisation#breadcrumb\"},\"inLanguage\":\"fr-FR\",\"potentialAction\":[{\"@type\":\"ReadAction\",\"target\":[\"https:\/\/signalisationsaphir.com\/?product=piquets-de-signalisation\"]}]},{\"@type\":\"ImageObject\",\"inLanguage\":\"fr-FR\",\"@id\":\"https:\/\/signalisationsaphir.com\/?product=piquets-de-signalisation#primaryimage\",\"url\":\"https:\/\/signalisationsaphir.com\/wp-content\/uploads\/2020\/03\/batons_de_de\u0301neigement.jpg\",\"contentUrl\":\"https:\/\/signalisationsaphir.com\/wp-content\/uploads\/2020\/03\/batons_de_de\u0301neigement.jpg\",\"width\":650,\"height\":650},{\"@type\":\"BreadcrumbList\",\"@id\":\"https:\/\/signalisationsaphir.com\/?product=piquets-de-signalisation#breadcrumb\",\"itemListElement\":[{\"@type\":\"ListItem\",\"position\":1,\"name\":\"Accueil\",\"item\":\"https:\/\/signalisationsaphir.com\/?page_id=9\"},{\"@type\":\"ListItem\",\"position\":2,\"name\":\"Boutique\",\"item\":\"https:\/\/signalisationsaphir.com\/?page_id=9\"},{\"@type\":\"ListItem\",\"position\":3,\"name\":\"Piquets de signalisation\"}]},{\"@type\":\"WebSite\",\"@id\":\"https:\/\/signalisationsaphir.com\/#website\",\"url\":\"https:\/\/signalisationsaphir.com\/\",\"name\":\"Signalisation Saphir\",\"description\":\"Boutique en ligne\",\"publisher\":{\"@id\":\"https:\/\/signalisationsaphir.com\/#organization\"},\"potentialAction\":[{\"@type\":\"SearchAction\",\"target\":{\"@type\":\"EntryPoint\",\"urlTemplate\":\"https:\/\/signalisationsaphir.com\/?s={search_term_string}\"},\"query-input\":{\"@type\":\"PropertyValueSpecification\",\"valueRequired\":true,\"valueName\":\"search_term_string\"}}],\"inLanguage\":\"fr-FR\"},{\"@type\":\"Organization\",\"@id\":\"https:\/\/signalisationsaphir.com\/#organization\",\"name\":\"Signalisation Saphir\",\"url\":\"https:\/\/signalisationsaphir.com\/\",\"logo\":{\"@type\":\"ImageObject\",\"inLanguage\":\"fr-FR\",\"@id\":\"https:\/\/signalisationsaphir.com\/#\/schema\/logo\/image\/\",\"url\":\"https:\/\/signalisationsaphir.com\/wp-content\/uploads\/2017\/01\/cropped-logo-web-plus-large-bleu-blanc.jpg\",\"contentUrl\":\"https:\/\/signalisationsaphir.com\/wp-content\/uploads\/2017\/01\/cropped-logo-web-plus-large-bleu-blanc.jpg\",\"width\":215,\"height\":95,\"caption\":\"Signalisation Saphir\"},\"image\":{\"@id\":\"https:\/\/signalisationsaphir.com\/#\/schema\/logo\/image\/\"},\"sameAs\":[\"https:\/\/www.facebook.com\/SignalisationSaphir\"]}]}<\/script>\n<!-- \/ Yoast SEO Premium plugin. -->","yoast_head_json":{"title":"Piquets de signalisation - Signalisation Saphir - Signalisation","description":"Signalisation Saphir - Produits de s\u00e9curit\u00e9. Produits de signalisation: Piquets de signalisation. Produits sp\u00e9cialis\u00e9s. Et bien plus.","robots":{"index":"index","follow":"follow","max-snippet":"max-snippet:-1","max-image-preview":"max-image-preview:large","max-video-preview":"max-video-preview:-1"},"canonical":"https:\/\/signalisationsaphir.com\/?product=piquets-de-signalisation","og_locale":"fr_FR","og_type":"article","og_title":"Piquets de signalisation","og_description":"Signalisation Saphir - Produits de s\u00e9curit\u00e9. Produits de signalisation: Piquets de signalisation. Produits sp\u00e9cialis\u00e9s. Et bien plus.","og_url":"https:\/\/signalisationsaphir.com\/?product=piquets-de-signalisation","og_site_name":"Signalisation Saphir","article_publisher":"https:\/\/www.facebook.com\/SignalisationSaphir","article_modified_time":"2022-08-03T23:00:34+00:00","og_image":[{"width":650,"height":650,"url":"https:\/\/signalisationsaphir.com\/wp-content\/uploads\/2020\/03\/batons_de_de\u0301neigement.jpg","type":"image\/jpeg"}],"twitter_card":"summary_large_image","twitter_misc":{"Dur\u00e9e de lecture estim\u00e9e":"1 minute"},"schema":{"@context":"https:\/\/schema.org","@graph":[{"@type":"WebPage","@id":"https:\/\/signalisationsaphir.com\/?product=piquets-de-signalisation","url":"https:\/\/signalisationsaphir.com\/?product=piquets-de-signalisation","name":"Piquets de signalisation - Signalisation Saphir - Signalisation","isPartOf":{"@id":"https:\/\/signalisationsaphir.com\/#website"},"primaryImageOfPage":{"@id":"https:\/\/signalisationsaphir.com\/?product=piquets-de-signalisation#primaryimage"},"image":{"@id":"https:\/\/signalisationsaphir.com\/?product=piquets-de-signalisation#primaryimage"},"thumbnailUrl":"https:\/\/signalisationsaphir.com\/wp-content\/uploads\/2020\/03\/batons_de_de\u0301neigement.jpg","datePublished":"2020-03-09T20:31:57+00:00","dateModified":"2022-08-03T23:00:34+00:00","description":"Signalisation Saphir - Produits de s\u00e9curit\u00e9. Produits de signalisation: Piquets de signalisation. Produits sp\u00e9cialis\u00e9s. Et bien plus.","breadcrumb":{"@id":"https:\/\/signalisationsaphir.com\/?product=piquets-de-signalisation#breadcrumb"},"inLanguage":"fr-FR","potentialAction":[{"@type":"ReadAction","target":["https:\/\/signalisationsaphir.com\/?product=piquets-de-signalisation"]}]},{"@type":"ImageObject","inLanguage":"fr-FR","@id":"https:\/\/signalisationsaphir.com\/?product=piquets-de-signalisation#primaryimage","url":"https:\/\/signalisationsaphir.com\/wp-content\/uploads\/2020\/03\/batons_de_de\u0301neigement.jpg","contentUrl":"https:\/\/signalisationsaphir.com\/wp-content\/uploads\/2020\/03\/batons_de_de\u0301neigement.jpg","width":650,"height":650},{"@type":"BreadcrumbList","@id":"https:\/\/signalisationsaphir.com\/?product=piquets-de-signalisation#breadcrumb","itemListElement":[{"@type":"ListItem","position":1,"name":"Accueil","item":"https:\/\/signalisationsaphir.com\/?page_id=9"},{"@type":"ListItem","position":2,"name":"Boutique","item":"https:\/\/signalisationsaphir.com\/?page_id=9"},{"@type":"ListItem","position":3,"name":"Piquets de signalisation"}]},{"@type":"WebSite","@id":"https:\/\/signalisationsaphir.com\/#website","url":"https:\/\/signalisationsaphir.com\/","name":"Signalisation Saphir","description":"Boutique en ligne","publisher":{"@id":"https:\/\/signalisationsaphir.com\/#organization"},"potentialAction":[{"@type":"SearchAction","target":{"@type":"EntryPoint","urlTemplate":"https:\/\/signalisationsaphir.com\/?s={search_term_string}"},"query-input":{"@type":"PropertyValueSpecification","valueRequired":true,"valueName":"search_term_string"}}],"inLanguage":"fr-FR"},{"@type":"Organization","@id":"https:\/\/signalisationsaphir.com\/#organization","name":"Signalisation Saphir","url":"https:\/\/signalisationsaphir.com\/","logo":{"@type":"ImageObject","inLanguage":"fr-FR","@id":"https:\/\/signalisationsaphir.com\/#\/schema\/logo\/image\/","url":"https:\/\/signalisationsaphir.com\/wp-content\/uploads\/2017\/01\/cropped-logo-web-plus-large-bleu-blanc.jpg","contentUrl":"https:\/\/signalisationsaphir.com\/wp-content\/uploads\/2017\/01\/cropped-logo-web-plus-large-bleu-blanc.jpg","width":215,"height":95,"caption":"Signalisation Saphir"},"image":{"@id":"https:\/\/signalisationsaphir.com\/#\/schema\/logo\/image\/"},"sameAs":["https:\/\/www.facebook.com\/SignalisationSaphir"]}]}},"brands":[],"_links":{"self":[{"href":"https:\/\/signalisationsaphir.com\/index.php?rest_route=\/wp\/v2\/product\/521","targetHints":{"allow":["GET"]}}],"collection":[{"href":"https:\/\/signalisationsaphir.com\/index.php?rest_route=\/wp\/v2\/product"}],"about":[{"href":"https:\/\/signalisationsaphir.com\/index.php?rest_route=\/wp\/v2\/types\/product"}],"version-history":[{"count":0,"href":"https:\/\/signalisationsaphir.com\/index.php?rest_route=\/wp\/v2\/product\/521\/revisions"}],"wp:featuredmedia":[{"embeddable":true,"href":"https:\/\/signalisationsaphir.com\/index.php?rest_route=\/wp\/v2\/media\/522"}],"wp:attachment":[{"href":"https:\/\/signalisationsaphir.com\/index.php?rest_route=%2Fwp%2Fv2%2Fmedia&parent=521"}],"wp:term":[{"taxonomy":"pwb-brand","embeddable":true,"href":"https:\/\/signalisationsaphir.com\/index.php?rest_route=%2Fwp%2Fv2%2Fpwb-brand&post=521"},{"taxonomy":"product_brand","embeddable":true,"href":"https:\/\/signalisationsaphir.com\/index.php?rest_route=%2Fwp%2Fv2%2Fproduct_brand&post=521"},{"taxonomy":"product_cat","embeddable":true,"href":"https:\/\/signalisationsaphir.com\/index.php?rest_route=%2Fwp%2Fv2%2Fproduct_cat&post=521"},{"taxonomy":"product_tag","embeddable":true,"href":"https:\/\/signalisationsaphir.com\/index.php?rest_route=%2Fwp%2Fv2%2Fproduct_tag&post=521"}],"curies":[{"name":"wp","href":"https:\/\/api.w.org\/{rel}","templated":true}]}}