{"id":492,"date":"2020-03-09T15:07:38","date_gmt":"2020-03-09T19:07:38","guid":{"rendered":"https:\/\/conceptasr.com\/?post_type=product&#038;p=492"},"modified":"2022-08-03T19:02:57","modified_gmt":"2022-08-03T23:02:57","slug":"parka-trois-dans-un","status":"publish","type":"product","link":"https:\/\/signalisationsaphir.com\/?product=parka-trois-dans-un","title":{"rendered":"Parka trois dans un"},"content":{"rendered":"<p>Parka \/ manteau l\u00e9ger en &#8220;fleece&#8221; trois dans un qui est r\u00e9sistant \u00e0 l&#8217;eau avec capuchon d\u00e9tachable. Bandes r\u00e9fl\u00e9chissantes. CSA approuv\u00e9 classe 2.<\/p>\n<ul>\n<li>couleur : orange<\/li>\n<li>grandeur disponible : small \u00e0 3 x-large<\/li>\n<\/ul>\n<h4>Visitez les autres <a href=\"https:\/\/signalisationsaphir.com\/boutique-de-produits-de-securite-et-signalisation\/\" target=\"_blank\" rel=\"noopener\">cat\u00e9gories de produits disponible en boutique<\/a>.<\/h4>\n<p>V\u00eatements de s\u00e9curit\u00e9 : L\u2019am\u00e9nagement d\u2019un environnement s\u00e9curitaire est important pour tous. Signalisation Saphir offre toute une panoplie de v\u00eatements de s\u00e9curit\u00e9 professionnels. Nos articles et accessoires de s\u00e9curit\u00e9 r\u00e9pondent aux normes en vigueur de la s\u00e9curit\u00e9. D\u00e9couvrez nos v\u00eatements de s\u00e9curit\u00e9 pour travailleurs: casque de s\u00e9curit\u00e9. Parka trois dans un. Habit de pluie. Manteau long, couvre-tout. Veste et brassard incorporant des bandes r\u00e9fl\u00e9chissantes. Botte. Soulier. Chandail d\u2019\u00e9t\u00e9 et bien plus.<\/p>\n<p>Les produits en s\u00e9curit\u00e9 sont \u00e9galement offerts pour le minist\u00e8re du transport. Ainsi que les municipalit\u00e9s. Entrepreneurs g\u00e9n\u00e9raux. Chantiers de construction etc.<\/p>\n<p>Voir aussi tous nos produits pour voirie. Bollard TRV-10 de 48 avec goupille flexible. C\u00f4ne orange 28\u2033. Sans oublier nos accessoires en s\u00e9curit\u00e9. Fus\u00e9e routi\u00e8re. Pes\u00e9e et dos d\u2019\u00e2ne. Et notre cl\u00f4ture de balisage.<\/p>\n","protected":false},"excerpt":{"rendered":"<p>Parka \/ manteau l\u00e9ger en &#8220;fleece&#8221; trois dans un qui est r\u00e9sistant \u00e0 l&#8217;eau avec capuchon d\u00e9tachable. Bandes r\u00e9fl\u00e9chissantes. CSA approuv\u00e9 classe 2. Veuillez noter que les taxes ne sont pas incluses dans le prix.<\/p>\n<ul>\n<li>couleur : orange<\/li>\n<li>grandeur disponible : small \u00e0 3 x-large<\/li>\n<\/ul>\n","protected":false},"featured_media":495,"template":"","meta":{"_acf_changed":false},"pwb-brand":[],"product_brand":[],"product_cat":[215,220],"product_tag":[225,278,279,280,232,234],"class_list":{"0":"post-492","1":"product","2":"type-product","3":"status-publish","4":"has-post-thumbnail","6":"product_cat-produits-de-securite","7":"product_cat-vetements-de-securite","8":"product_tag-bandes-reflechissantes","9":"product_tag-csa-classe-2","10":"product_tag-manteau-leger-en-fleece","11":"product_tag-parka","12":"product_tag-securite","13":"product_tag-vetement","14":"product_shipping_class-standard","16":"first","17":"instock","18":"taxable","19":"shipping-taxable","20":"purchasable","21":"product-type-simple"},"exclude_global_add_ons":true,"addons":[{"name":"Choisissez votre grandeur","type":"multiple_choice","position":0,"required":true,"title_format":"label","default":"","description_enable":false,"description":"","placeholder_enable":false,"placeholder":"","display":"select","restrictions_type":"any_text","adjust_price":false,"price":"","price_type":"flat_fee","restrictions":false,"min":"0","max":"0","options":[{"label":"S - Small","price":"","price_type":"flat_fee","image":0},{"label":"M - Medium","price":"","price_type":"flat_fee","image":0},{"label":"L - Large","price":"","price_type":"flat_fee","image":0},{"label":"XL - Extra large","price":"","price_type":"flat_fee","image":0},{"label":"XXL - 2 X large","price":"","price_type":"flat_fee","image":0},{"label":"XXXL - 3 X large","price":"","price_type":"flat_fee","image":0}]}],"acf":[],"yoast_head":"<!-- This site is optimized with the Yoast SEO Premium plugin v24.4 (Yoast SEO v24.4) - https:\/\/yoast.com\/wordpress\/plugins\/seo\/ -->\n<title>Parka trois dans un - Signalisation Saphir - S\u00e9curit\u00e9 et signalisation<\/title>\n<meta name=\"description\" content=\"Signalisation Saphir - Distributeur international. Produits de s\u00e9curit\u00e9: Parka trois dans un. Produits de signalisation. Produits sp\u00e9cialis\u00e9s.\" \/>\n<meta name=\"robots\" content=\"index, follow, max-snippet:-1, max-image-preview:large, max-video-preview:-1\" \/>\n<link rel=\"canonical\" href=\"https:\/\/signalisationsaphir.com\/?product=parka-trois-dans-un\" \/>\n<meta property=\"og:locale\" content=\"fr_FR\" \/>\n<meta property=\"og:type\" content=\"article\" \/>\n<meta property=\"og:title\" content=\"Parka trois dans un\" \/>\n<meta property=\"og:description\" content=\"Signalisation Saphir - Distributeur international. Produits de s\u00e9curit\u00e9: Parka trois dans un. Produits de signalisation. Produits sp\u00e9cialis\u00e9s.\" \/>\n<meta property=\"og:url\" content=\"https:\/\/signalisationsaphir.com\/?product=parka-trois-dans-un\" \/>\n<meta property=\"og:site_name\" content=\"Signalisation Saphir\" \/>\n<meta property=\"article:publisher\" content=\"https:\/\/www.facebook.com\/SignalisationSaphir\" \/>\n<meta property=\"article:modified_time\" content=\"2022-08-03T23:02:57+00:00\" \/>\n<meta property=\"og:image\" content=\"https:\/\/signalisationsaphir.com\/wp-content\/uploads\/2020\/03\/parka-3-1-1.png\" \/>\n\t<meta property=\"og:image:width\" content=\"400\" \/>\n\t<meta property=\"og:image:height\" content=\"335\" \/>\n\t<meta property=\"og:image:type\" content=\"image\/png\" \/>\n<meta name=\"twitter:card\" content=\"summary_large_image\" \/>\n<meta name=\"twitter:label1\" content=\"Dur\u00e9e de lecture estim\u00e9e\" \/>\n\t<meta name=\"twitter:data1\" content=\"1 minute\" \/>\n<script type=\"application\/ld+json\" class=\"yoast-schema-graph\">{\"@context\":\"https:\/\/schema.org\",\"@graph\":[{\"@type\":\"WebPage\",\"@id\":\"https:\/\/signalisationsaphir.com\/?product=parka-trois-dans-un\",\"url\":\"https:\/\/signalisationsaphir.com\/?product=parka-trois-dans-un\",\"name\":\"Parka trois dans un - Signalisation Saphir - S\u00e9curit\u00e9 et signalisation\",\"isPartOf\":{\"@id\":\"https:\/\/signalisationsaphir.com\/#website\"},\"primaryImageOfPage\":{\"@id\":\"https:\/\/signalisationsaphir.com\/?product=parka-trois-dans-un#primaryimage\"},\"image\":{\"@id\":\"https:\/\/signalisationsaphir.com\/?product=parka-trois-dans-un#primaryimage\"},\"thumbnailUrl\":\"https:\/\/signalisationsaphir.com\/wp-content\/uploads\/2020\/03\/parka-3-1-1.png\",\"datePublished\":\"2020-03-09T19:07:38+00:00\",\"dateModified\":\"2022-08-03T23:02:57+00:00\",\"description\":\"Signalisation Saphir - Distributeur international. Produits de s\u00e9curit\u00e9: Parka trois dans un. Produits de signalisation. Produits sp\u00e9cialis\u00e9s.\",\"breadcrumb\":{\"@id\":\"https:\/\/signalisationsaphir.com\/?product=parka-trois-dans-un#breadcrumb\"},\"inLanguage\":\"fr-FR\",\"potentialAction\":[{\"@type\":\"ReadAction\",\"target\":[\"https:\/\/signalisationsaphir.com\/?product=parka-trois-dans-un\"]}]},{\"@type\":\"ImageObject\",\"inLanguage\":\"fr-FR\",\"@id\":\"https:\/\/signalisationsaphir.com\/?product=parka-trois-dans-un#primaryimage\",\"url\":\"https:\/\/signalisationsaphir.com\/wp-content\/uploads\/2020\/03\/parka-3-1-1.png\",\"contentUrl\":\"https:\/\/signalisationsaphir.com\/wp-content\/uploads\/2020\/03\/parka-3-1-1.png\",\"width\":400,\"height\":335,\"caption\":\"Parka trois dans un\"},{\"@type\":\"BreadcrumbList\",\"@id\":\"https:\/\/signalisationsaphir.com\/?product=parka-trois-dans-un#breadcrumb\",\"itemListElement\":[{\"@type\":\"ListItem\",\"position\":1,\"name\":\"Accueil\",\"item\":\"https:\/\/signalisationsaphir.com\/?page_id=9\"},{\"@type\":\"ListItem\",\"position\":2,\"name\":\"Boutique\",\"item\":\"https:\/\/signalisationsaphir.com\/?page_id=9\"},{\"@type\":\"ListItem\",\"position\":3,\"name\":\"Parka trois dans un\"}]},{\"@type\":\"WebSite\",\"@id\":\"https:\/\/signalisationsaphir.com\/#website\",\"url\":\"https:\/\/signalisationsaphir.com\/\",\"name\":\"Signalisation Saphir\",\"description\":\"Boutique en ligne\",\"publisher\":{\"@id\":\"https:\/\/signalisationsaphir.com\/#organization\"},\"potentialAction\":[{\"@type\":\"SearchAction\",\"target\":{\"@type\":\"EntryPoint\",\"urlTemplate\":\"https:\/\/signalisationsaphir.com\/?s={search_term_string}\"},\"query-input\":{\"@type\":\"PropertyValueSpecification\",\"valueRequired\":true,\"valueName\":\"search_term_string\"}}],\"inLanguage\":\"fr-FR\"},{\"@type\":\"Organization\",\"@id\":\"https:\/\/signalisationsaphir.com\/#organization\",\"name\":\"Signalisation Saphir\",\"url\":\"https:\/\/signalisationsaphir.com\/\",\"logo\":{\"@type\":\"ImageObject\",\"inLanguage\":\"fr-FR\",\"@id\":\"https:\/\/signalisationsaphir.com\/#\/schema\/logo\/image\/\",\"url\":\"https:\/\/signalisationsaphir.com\/wp-content\/uploads\/2017\/01\/cropped-logo-web-plus-large-bleu-blanc.jpg\",\"contentUrl\":\"https:\/\/signalisationsaphir.com\/wp-content\/uploads\/2017\/01\/cropped-logo-web-plus-large-bleu-blanc.jpg\",\"width\":215,\"height\":95,\"caption\":\"Signalisation Saphir\"},\"image\":{\"@id\":\"https:\/\/signalisationsaphir.com\/#\/schema\/logo\/image\/\"},\"sameAs\":[\"https:\/\/www.facebook.com\/SignalisationSaphir\"]}]}<\/script>\n<!-- \/ Yoast SEO Premium plugin. -->","yoast_head_json":{"title":"Parka trois dans un - Signalisation Saphir - S\u00e9curit\u00e9 et signalisation","description":"Signalisation Saphir - Distributeur international. Produits de s\u00e9curit\u00e9: Parka trois dans un. Produits de signalisation. Produits sp\u00e9cialis\u00e9s.","robots":{"index":"index","follow":"follow","max-snippet":"max-snippet:-1","max-image-preview":"max-image-preview:large","max-video-preview":"max-video-preview:-1"},"canonical":"https:\/\/signalisationsaphir.com\/?product=parka-trois-dans-un","og_locale":"fr_FR","og_type":"article","og_title":"Parka trois dans un","og_description":"Signalisation Saphir - Distributeur international. Produits de s\u00e9curit\u00e9: Parka trois dans un. Produits de signalisation. Produits sp\u00e9cialis\u00e9s.","og_url":"https:\/\/signalisationsaphir.com\/?product=parka-trois-dans-un","og_site_name":"Signalisation Saphir","article_publisher":"https:\/\/www.facebook.com\/SignalisationSaphir","article_modified_time":"2022-08-03T23:02:57+00:00","og_image":[{"width":400,"height":335,"url":"https:\/\/signalisationsaphir.com\/wp-content\/uploads\/2020\/03\/parka-3-1-1.png","type":"image\/png"}],"twitter_card":"summary_large_image","twitter_misc":{"Dur\u00e9e de lecture estim\u00e9e":"1 minute"},"schema":{"@context":"https:\/\/schema.org","@graph":[{"@type":"WebPage","@id":"https:\/\/signalisationsaphir.com\/?product=parka-trois-dans-un","url":"https:\/\/signalisationsaphir.com\/?product=parka-trois-dans-un","name":"Parka trois dans un - Signalisation Saphir - S\u00e9curit\u00e9 et signalisation","isPartOf":{"@id":"https:\/\/signalisationsaphir.com\/#website"},"primaryImageOfPage":{"@id":"https:\/\/signalisationsaphir.com\/?product=parka-trois-dans-un#primaryimage"},"image":{"@id":"https:\/\/signalisationsaphir.com\/?product=parka-trois-dans-un#primaryimage"},"thumbnailUrl":"https:\/\/signalisationsaphir.com\/wp-content\/uploads\/2020\/03\/parka-3-1-1.png","datePublished":"2020-03-09T19:07:38+00:00","dateModified":"2022-08-03T23:02:57+00:00","description":"Signalisation Saphir - Distributeur international. Produits de s\u00e9curit\u00e9: Parka trois dans un. Produits de signalisation. Produits sp\u00e9cialis\u00e9s.","breadcrumb":{"@id":"https:\/\/signalisationsaphir.com\/?product=parka-trois-dans-un#breadcrumb"},"inLanguage":"fr-FR","potentialAction":[{"@type":"ReadAction","target":["https:\/\/signalisationsaphir.com\/?product=parka-trois-dans-un"]}]},{"@type":"ImageObject","inLanguage":"fr-FR","@id":"https:\/\/signalisationsaphir.com\/?product=parka-trois-dans-un#primaryimage","url":"https:\/\/signalisationsaphir.com\/wp-content\/uploads\/2020\/03\/parka-3-1-1.png","contentUrl":"https:\/\/signalisationsaphir.com\/wp-content\/uploads\/2020\/03\/parka-3-1-1.png","width":400,"height":335,"caption":"Parka trois dans un"},{"@type":"BreadcrumbList","@id":"https:\/\/signalisationsaphir.com\/?product=parka-trois-dans-un#breadcrumb","itemListElement":[{"@type":"ListItem","position":1,"name":"Accueil","item":"https:\/\/signalisationsaphir.com\/?page_id=9"},{"@type":"ListItem","position":2,"name":"Boutique","item":"https:\/\/signalisationsaphir.com\/?page_id=9"},{"@type":"ListItem","position":3,"name":"Parka trois dans un"}]},{"@type":"WebSite","@id":"https:\/\/signalisationsaphir.com\/#website","url":"https:\/\/signalisationsaphir.com\/","name":"Signalisation Saphir","description":"Boutique en ligne","publisher":{"@id":"https:\/\/signalisationsaphir.com\/#organization"},"potentialAction":[{"@type":"SearchAction","target":{"@type":"EntryPoint","urlTemplate":"https:\/\/signalisationsaphir.com\/?s={search_term_string}"},"query-input":{"@type":"PropertyValueSpecification","valueRequired":true,"valueName":"search_term_string"}}],"inLanguage":"fr-FR"},{"@type":"Organization","@id":"https:\/\/signalisationsaphir.com\/#organization","name":"Signalisation Saphir","url":"https:\/\/signalisationsaphir.com\/","logo":{"@type":"ImageObject","inLanguage":"fr-FR","@id":"https:\/\/signalisationsaphir.com\/#\/schema\/logo\/image\/","url":"https:\/\/signalisationsaphir.com\/wp-content\/uploads\/2017\/01\/cropped-logo-web-plus-large-bleu-blanc.jpg","contentUrl":"https:\/\/signalisationsaphir.com\/wp-content\/uploads\/2017\/01\/cropped-logo-web-plus-large-bleu-blanc.jpg","width":215,"height":95,"caption":"Signalisation Saphir"},"image":{"@id":"https:\/\/signalisationsaphir.com\/#\/schema\/logo\/image\/"},"sameAs":["https:\/\/www.facebook.com\/SignalisationSaphir"]}]}},"brands":[],"_links":{"self":[{"href":"https:\/\/signalisationsaphir.com\/index.php?rest_route=\/wp\/v2\/product\/492","targetHints":{"allow":["GET"]}}],"collection":[{"href":"https:\/\/signalisationsaphir.com\/index.php?rest_route=\/wp\/v2\/product"}],"about":[{"href":"https:\/\/signalisationsaphir.com\/index.php?rest_route=\/wp\/v2\/types\/product"}],"version-history":[{"count":0,"href":"https:\/\/signalisationsaphir.com\/index.php?rest_route=\/wp\/v2\/product\/492\/revisions"}],"wp:featuredmedia":[{"embeddable":true,"href":"https:\/\/signalisationsaphir.com\/index.php?rest_route=\/wp\/v2\/media\/495"}],"wp:attachment":[{"href":"https:\/\/signalisationsaphir.com\/index.php?rest_route=%2Fwp%2Fv2%2Fmedia&parent=492"}],"wp:term":[{"taxonomy":"pwb-brand","embeddable":true,"href":"https:\/\/signalisationsaphir.com\/index.php?rest_route=%2Fwp%2Fv2%2Fpwb-brand&post=492"},{"taxonomy":"product_brand","embeddable":true,"href":"https:\/\/signalisationsaphir.com\/index.php?rest_route=%2Fwp%2Fv2%2Fproduct_brand&post=492"},{"taxonomy":"product_cat","embeddable":true,"href":"https:\/\/signalisationsaphir.com\/index.php?rest_route=%2Fwp%2Fv2%2Fproduct_cat&post=492"},{"taxonomy":"product_tag","embeddable":true,"href":"https:\/\/signalisationsaphir.com\/index.php?rest_route=%2Fwp%2Fv2%2Fproduct_tag&post=492"}],"curies":[{"name":"wp","href":"https:\/\/api.w.org\/{rel}","templated":true}]}}