{"id":486,"date":"2020-03-09T14:48:53","date_gmt":"2020-03-09T18:48:53","guid":{"rendered":"https:\/\/conceptasr.com\/?post_type=product&#038;p=486"},"modified":"2022-08-03T19:04:20","modified_gmt":"2022-08-03T23:04:20","slug":"ensemble-de-polyester-420-deniers-avec-bandes-reflechissantes-n855jp","status":"publish","type":"product","link":"https:\/\/signalisationsaphir.com\/?product=ensemble-de-polyester-420-deniers-avec-bandes-reflechissantes-n855jp","title":{"rendered":"Ensemble de polyester 420 deniers avec bandes r\u00e9fl\u00e9chissantes N855JP"},"content":{"rendered":"<p>Ensemble de polyester 420 deniers avec bandes r\u00e9fl\u00e9chissantes enduit de P.V.C. Capuchon d\u00e9tachable sert d&#8217;\u00e9tui pour l&#8217;ensemble. Manteau enti\u00e8rement doubl\u00e9 en filet. 2 poches \u00e0\u00a0 l&#8217;avant et ventilation avant et arri\u00e8re. Pantalon \u00e0\u00a0 bavette. Coutures scell\u00e9es.<\/p>\n<ul>\n<li>Couleur: Orange.<\/li>\n<li>Grandeurs: XS \u00e0 6XL<\/li>\n<\/ul>\n<h4>Visitez les autres <a href=\"https:\/\/signalisationsaphir.com\/boutique-de-produits-de-securite-et-signalisation\/\" target=\"_blank\" rel=\"noopener\">cat\u00e9gories de produits disponible en boutique<\/a>.<\/h4>\n<p>V\u00eatements de s\u00e9curit\u00e9 : L\u2019am\u00e9nagement d\u2019un environnement s\u00e9curitaire est important pour tous. Signalisation Saphir offre toute une panoplie de v\u00eatements de s\u00e9curit\u00e9 professionnels. Nos articles et accessoires de s\u00e9curit\u00e9 r\u00e9pondent aux normes en vigueur de la s\u00e9curit\u00e9. D\u00e9couvrez nos v\u00eatements de s\u00e9curit\u00e9 pour travailleurs: Ensemble de polyester 420 deniers avec bandes r\u00e9fl\u00e9chissantes. Casque de s\u00e9curit\u00e9. Parka. Habit de pluie. Manteau long, couvre-tout. Veste et brassard incorporant des bandes r\u00e9fl\u00e9chissantes. Botte. Soulier. Chandail d\u2019\u00e9t\u00e9 et bien plus.<\/p>\n<p>Les produits en s\u00e9curit\u00e9 sont \u00e9galement offerts pour le minist\u00e8re du transport. Ainsi que les municipalit\u00e9s. Entrepreneurs g\u00e9n\u00e9raux. Chantiers de construction etc.<\/p>\n<p>Voir aussi tous nos produits pour voirie. Bollard TRV-10 de 48 avec goupille flexible. C\u00f4ne orange 28\u2033. Sans oublier nos accessoires en s\u00e9curit\u00e9. Fus\u00e9e routi\u00e8re. Pes\u00e9e et dos d\u2019\u00e2ne. Et notre cl\u00f4ture de balisage.<\/p>\n","protected":false},"excerpt":{"rendered":"<p>Ensemble de polyester 420 deniers avec bandes r\u00e9fl\u00e9chissantes enduit de P.V.C. Capuchon d\u00e9tachable sert d&#8217;\u00e9tui pour l&#8217;ensemble. Manteau enti\u00e8rement doubl\u00e9 en filet. 2 poches \u00e0\u00a0 l&#8217;avant et ventilation avant et arri\u00e8re. Pantalon \u00e0\u00a0 bavette. Coutures scell\u00e9es. Veuillez noter que les taxes ne sont pas incluses dans le prix.<\/p>\n","protected":false},"featured_media":373,"template":"","meta":{"_acf_changed":false},"pwb-brand":[],"product_brand":[],"product_cat":[215,220],"product_tag":[225,226,266,268,272,232,234],"class_list":{"0":"post-486","1":"product","2":"type-product","3":"status-publish","4":"has-post-thumbnail","6":"product_cat-produits-de-securite","7":"product_cat-vetements-de-securite","8":"product_tag-bandes-reflechissantes","9":"product_tag-capuchon","10":"product_tag-couvre-tout","11":"product_tag-haute-visibilite","12":"product_tag-manteau-et-pantalon","13":"product_tag-securite","14":"product_tag-vetement","15":"product_shipping_class-standard","17":"first","18":"instock","19":"taxable","20":"shipping-taxable","21":"purchasable","22":"product-type-simple"},"exclude_global_add_ons":true,"addons":[{"name":"Choisissez votre grandeur","type":"multiple_choice","position":0,"required":true,"title_format":"label","default":"","description_enable":true,"description":"Veuillez choisir la grandeur de votre produit","placeholder_enable":false,"placeholder":"","display":"select","restrictions_type":"any_text","adjust_price":false,"price":"","price_type":"flat_fee","restrictions":false,"min":"0","max":"0","options":[{"label":"XS - Extra small","price":"","price_type":"flat_fee","image":0},{"label":"S - Small","price":"","price_type":"flat_fee","image":0},{"label":"M - Medium","price":"","price_type":"flat_fee","image":0},{"label":"L- Large","price":"","price_type":"flat_fee","image":0},{"label":"XL - Extra large","price":"","price_type":"flat_fee","image":0},{"label":"XXL - 2 X large","price":"","price_type":"flat_fee","image":0},{"label":"XXXL - 3 X large","price":"","price_type":"flat_fee","image":0},{"label":"XXXXL - 4 Large","price":"","price_type":"flat_fee","image":0},{"label":"XXXXXL - 5 X large","price":"","price_type":"flat_fee","image":0},{"label":"XXXXXXL - 6 X large","price":"","price_type":"flat_fee","image":0}]}],"acf":[],"yoast_head":"<!-- This site is optimized with the Yoast SEO Premium plugin v24.4 (Yoast SEO v24.4) - https:\/\/yoast.com\/wordpress\/plugins\/seo\/ -->\n<title>Ensemble de polyester 420 deniers avec bandes r\u00e9fl\u00e9chissantes N855JP<\/title>\n<meta name=\"description\" content=\"Signalisation Saphir - Produits de s\u00e9curit\u00e9: Ensemble de polyester bandes r\u00e9fl\u00e9chissantes. Produits de signalisation. Produits sp\u00e9cialis\u00e9s.\" \/>\n<meta name=\"robots\" content=\"index, follow, max-snippet:-1, max-image-preview:large, max-video-preview:-1\" \/>\n<link rel=\"canonical\" href=\"https:\/\/signalisationsaphir.com\/?product=ensemble-de-polyester-420-deniers-avec-bandes-reflechissantes-n855jp\" \/>\n<meta property=\"og:locale\" content=\"fr_FR\" \/>\n<meta property=\"og:type\" content=\"article\" \/>\n<meta property=\"og:title\" content=\"Ensemble de polyester 420 deniers avec bandes r\u00e9fl\u00e9chissantes N855JP\" \/>\n<meta property=\"og:description\" content=\"Signalisation Saphir - Produits de s\u00e9curit\u00e9: Ensemble de polyester bandes r\u00e9fl\u00e9chissantes. Produits de signalisation. Produits sp\u00e9cialis\u00e9s.\" \/>\n<meta property=\"og:url\" content=\"https:\/\/signalisationsaphir.com\/?product=ensemble-de-polyester-420-deniers-avec-bandes-reflechissantes-n855jp\" \/>\n<meta property=\"og:site_name\" content=\"Signalisation Saphir\" \/>\n<meta property=\"article:publisher\" content=\"https:\/\/www.facebook.com\/SignalisationSaphir\" \/>\n<meta property=\"article:modified_time\" content=\"2022-08-03T23:04:20+00:00\" \/>\n<meta property=\"og:image\" content=\"https:\/\/signalisationsaphir.com\/wp-content\/uploads\/2014\/07\/N855JP.jpg\" \/>\n\t<meta property=\"og:image:width\" content=\"300\" \/>\n\t<meta property=\"og:image:height\" content=\"525\" \/>\n\t<meta property=\"og:image:type\" content=\"image\/jpeg\" \/>\n<meta name=\"twitter:card\" content=\"summary_large_image\" \/>\n<meta name=\"twitter:label1\" content=\"Dur\u00e9e de lecture estim\u00e9e\" \/>\n\t<meta name=\"twitter:data1\" content=\"1 minute\" \/>\n<script type=\"application\/ld+json\" class=\"yoast-schema-graph\">{\"@context\":\"https:\/\/schema.org\",\"@graph\":[{\"@type\":\"WebPage\",\"@id\":\"https:\/\/signalisationsaphir.com\/?product=ensemble-de-polyester-420-deniers-avec-bandes-reflechissantes-n855jp\",\"url\":\"https:\/\/signalisationsaphir.com\/?product=ensemble-de-polyester-420-deniers-avec-bandes-reflechissantes-n855jp\",\"name\":\"Ensemble de polyester 420 deniers avec bandes r\u00e9fl\u00e9chissantes N855JP\",\"isPartOf\":{\"@id\":\"https:\/\/signalisationsaphir.com\/#website\"},\"primaryImageOfPage\":{\"@id\":\"https:\/\/signalisationsaphir.com\/?product=ensemble-de-polyester-420-deniers-avec-bandes-reflechissantes-n855jp#primaryimage\"},\"image\":{\"@id\":\"https:\/\/signalisationsaphir.com\/?product=ensemble-de-polyester-420-deniers-avec-bandes-reflechissantes-n855jp#primaryimage\"},\"thumbnailUrl\":\"https:\/\/signalisationsaphir.com\/wp-content\/uploads\/2014\/07\/N855JP.jpg\",\"datePublished\":\"2020-03-09T18:48:53+00:00\",\"dateModified\":\"2022-08-03T23:04:20+00:00\",\"description\":\"Signalisation Saphir - Produits de s\u00e9curit\u00e9: Ensemble de polyester bandes r\u00e9fl\u00e9chissantes. Produits de signalisation. Produits sp\u00e9cialis\u00e9s.\",\"breadcrumb\":{\"@id\":\"https:\/\/signalisationsaphir.com\/?product=ensemble-de-polyester-420-deniers-avec-bandes-reflechissantes-n855jp#breadcrumb\"},\"inLanguage\":\"fr-FR\",\"potentialAction\":[{\"@type\":\"ReadAction\",\"target\":[\"https:\/\/signalisationsaphir.com\/?product=ensemble-de-polyester-420-deniers-avec-bandes-reflechissantes-n855jp\"]}]},{\"@type\":\"ImageObject\",\"inLanguage\":\"fr-FR\",\"@id\":\"https:\/\/signalisationsaphir.com\/?product=ensemble-de-polyester-420-deniers-avec-bandes-reflechissantes-n855jp#primaryimage\",\"url\":\"https:\/\/signalisationsaphir.com\/wp-content\/uploads\/2014\/07\/N855JP.jpg\",\"contentUrl\":\"https:\/\/signalisationsaphir.com\/wp-content\/uploads\/2014\/07\/N855JP.jpg\",\"width\":300,\"height\":525},{\"@type\":\"BreadcrumbList\",\"@id\":\"https:\/\/signalisationsaphir.com\/?product=ensemble-de-polyester-420-deniers-avec-bandes-reflechissantes-n855jp#breadcrumb\",\"itemListElement\":[{\"@type\":\"ListItem\",\"position\":1,\"name\":\"Accueil\",\"item\":\"https:\/\/signalisationsaphir.com\/?page_id=9\"},{\"@type\":\"ListItem\",\"position\":2,\"name\":\"Boutique\",\"item\":\"https:\/\/signalisationsaphir.com\/?page_id=9\"},{\"@type\":\"ListItem\",\"position\":3,\"name\":\"Ensemble de polyester 420 deniers avec bandes r\u00e9fl\u00e9chissantes N855JP\"}]},{\"@type\":\"WebSite\",\"@id\":\"https:\/\/signalisationsaphir.com\/#website\",\"url\":\"https:\/\/signalisationsaphir.com\/\",\"name\":\"Signalisation Saphir\",\"description\":\"Boutique en ligne\",\"publisher\":{\"@id\":\"https:\/\/signalisationsaphir.com\/#organization\"},\"potentialAction\":[{\"@type\":\"SearchAction\",\"target\":{\"@type\":\"EntryPoint\",\"urlTemplate\":\"https:\/\/signalisationsaphir.com\/?s={search_term_string}\"},\"query-input\":{\"@type\":\"PropertyValueSpecification\",\"valueRequired\":true,\"valueName\":\"search_term_string\"}}],\"inLanguage\":\"fr-FR\"},{\"@type\":\"Organization\",\"@id\":\"https:\/\/signalisationsaphir.com\/#organization\",\"name\":\"Signalisation Saphir\",\"url\":\"https:\/\/signalisationsaphir.com\/\",\"logo\":{\"@type\":\"ImageObject\",\"inLanguage\":\"fr-FR\",\"@id\":\"https:\/\/signalisationsaphir.com\/#\/schema\/logo\/image\/\",\"url\":\"https:\/\/signalisationsaphir.com\/wp-content\/uploads\/2017\/01\/cropped-logo-web-plus-large-bleu-blanc.jpg\",\"contentUrl\":\"https:\/\/signalisationsaphir.com\/wp-content\/uploads\/2017\/01\/cropped-logo-web-plus-large-bleu-blanc.jpg\",\"width\":215,\"height\":95,\"caption\":\"Signalisation Saphir\"},\"image\":{\"@id\":\"https:\/\/signalisationsaphir.com\/#\/schema\/logo\/image\/\"},\"sameAs\":[\"https:\/\/www.facebook.com\/SignalisationSaphir\"]}]}<\/script>\n<!-- \/ Yoast SEO Premium plugin. -->","yoast_head_json":{"title":"Ensemble de polyester 420 deniers avec bandes r\u00e9fl\u00e9chissantes N855JP","description":"Signalisation Saphir - Produits de s\u00e9curit\u00e9: Ensemble de polyester bandes r\u00e9fl\u00e9chissantes. Produits de signalisation. Produits sp\u00e9cialis\u00e9s.","robots":{"index":"index","follow":"follow","max-snippet":"max-snippet:-1","max-image-preview":"max-image-preview:large","max-video-preview":"max-video-preview:-1"},"canonical":"https:\/\/signalisationsaphir.com\/?product=ensemble-de-polyester-420-deniers-avec-bandes-reflechissantes-n855jp","og_locale":"fr_FR","og_type":"article","og_title":"Ensemble de polyester 420 deniers avec bandes r\u00e9fl\u00e9chissantes N855JP","og_description":"Signalisation Saphir - Produits de s\u00e9curit\u00e9: Ensemble de polyester bandes r\u00e9fl\u00e9chissantes. Produits de signalisation. Produits sp\u00e9cialis\u00e9s.","og_url":"https:\/\/signalisationsaphir.com\/?product=ensemble-de-polyester-420-deniers-avec-bandes-reflechissantes-n855jp","og_site_name":"Signalisation Saphir","article_publisher":"https:\/\/www.facebook.com\/SignalisationSaphir","article_modified_time":"2022-08-03T23:04:20+00:00","og_image":[{"width":300,"height":525,"url":"https:\/\/signalisationsaphir.com\/wp-content\/uploads\/2014\/07\/N855JP.jpg","type":"image\/jpeg"}],"twitter_card":"summary_large_image","twitter_misc":{"Dur\u00e9e de lecture estim\u00e9e":"1 minute"},"schema":{"@context":"https:\/\/schema.org","@graph":[{"@type":"WebPage","@id":"https:\/\/signalisationsaphir.com\/?product=ensemble-de-polyester-420-deniers-avec-bandes-reflechissantes-n855jp","url":"https:\/\/signalisationsaphir.com\/?product=ensemble-de-polyester-420-deniers-avec-bandes-reflechissantes-n855jp","name":"Ensemble de polyester 420 deniers avec bandes r\u00e9fl\u00e9chissantes N855JP","isPartOf":{"@id":"https:\/\/signalisationsaphir.com\/#website"},"primaryImageOfPage":{"@id":"https:\/\/signalisationsaphir.com\/?product=ensemble-de-polyester-420-deniers-avec-bandes-reflechissantes-n855jp#primaryimage"},"image":{"@id":"https:\/\/signalisationsaphir.com\/?product=ensemble-de-polyester-420-deniers-avec-bandes-reflechissantes-n855jp#primaryimage"},"thumbnailUrl":"https:\/\/signalisationsaphir.com\/wp-content\/uploads\/2014\/07\/N855JP.jpg","datePublished":"2020-03-09T18:48:53+00:00","dateModified":"2022-08-03T23:04:20+00:00","description":"Signalisation Saphir - Produits de s\u00e9curit\u00e9: Ensemble de polyester bandes r\u00e9fl\u00e9chissantes. Produits de signalisation. Produits sp\u00e9cialis\u00e9s.","breadcrumb":{"@id":"https:\/\/signalisationsaphir.com\/?product=ensemble-de-polyester-420-deniers-avec-bandes-reflechissantes-n855jp#breadcrumb"},"inLanguage":"fr-FR","potentialAction":[{"@type":"ReadAction","target":["https:\/\/signalisationsaphir.com\/?product=ensemble-de-polyester-420-deniers-avec-bandes-reflechissantes-n855jp"]}]},{"@type":"ImageObject","inLanguage":"fr-FR","@id":"https:\/\/signalisationsaphir.com\/?product=ensemble-de-polyester-420-deniers-avec-bandes-reflechissantes-n855jp#primaryimage","url":"https:\/\/signalisationsaphir.com\/wp-content\/uploads\/2014\/07\/N855JP.jpg","contentUrl":"https:\/\/signalisationsaphir.com\/wp-content\/uploads\/2014\/07\/N855JP.jpg","width":300,"height":525},{"@type":"BreadcrumbList","@id":"https:\/\/signalisationsaphir.com\/?product=ensemble-de-polyester-420-deniers-avec-bandes-reflechissantes-n855jp#breadcrumb","itemListElement":[{"@type":"ListItem","position":1,"name":"Accueil","item":"https:\/\/signalisationsaphir.com\/?page_id=9"},{"@type":"ListItem","position":2,"name":"Boutique","item":"https:\/\/signalisationsaphir.com\/?page_id=9"},{"@type":"ListItem","position":3,"name":"Ensemble de polyester 420 deniers avec bandes r\u00e9fl\u00e9chissantes N855JP"}]},{"@type":"WebSite","@id":"https:\/\/signalisationsaphir.com\/#website","url":"https:\/\/signalisationsaphir.com\/","name":"Signalisation Saphir","description":"Boutique en ligne","publisher":{"@id":"https:\/\/signalisationsaphir.com\/#organization"},"potentialAction":[{"@type":"SearchAction","target":{"@type":"EntryPoint","urlTemplate":"https:\/\/signalisationsaphir.com\/?s={search_term_string}"},"query-input":{"@type":"PropertyValueSpecification","valueRequired":true,"valueName":"search_term_string"}}],"inLanguage":"fr-FR"},{"@type":"Organization","@id":"https:\/\/signalisationsaphir.com\/#organization","name":"Signalisation Saphir","url":"https:\/\/signalisationsaphir.com\/","logo":{"@type":"ImageObject","inLanguage":"fr-FR","@id":"https:\/\/signalisationsaphir.com\/#\/schema\/logo\/image\/","url":"https:\/\/signalisationsaphir.com\/wp-content\/uploads\/2017\/01\/cropped-logo-web-plus-large-bleu-blanc.jpg","contentUrl":"https:\/\/signalisationsaphir.com\/wp-content\/uploads\/2017\/01\/cropped-logo-web-plus-large-bleu-blanc.jpg","width":215,"height":95,"caption":"Signalisation Saphir"},"image":{"@id":"https:\/\/signalisationsaphir.com\/#\/schema\/logo\/image\/"},"sameAs":["https:\/\/www.facebook.com\/SignalisationSaphir"]}]}},"brands":[],"_links":{"self":[{"href":"https:\/\/signalisationsaphir.com\/index.php?rest_route=\/wp\/v2\/product\/486","targetHints":{"allow":["GET"]}}],"collection":[{"href":"https:\/\/signalisationsaphir.com\/index.php?rest_route=\/wp\/v2\/product"}],"about":[{"href":"https:\/\/signalisationsaphir.com\/index.php?rest_route=\/wp\/v2\/types\/product"}],"version-history":[{"count":0,"href":"https:\/\/signalisationsaphir.com\/index.php?rest_route=\/wp\/v2\/product\/486\/revisions"}],"wp:featuredmedia":[{"embeddable":true,"href":"https:\/\/signalisationsaphir.com\/index.php?rest_route=\/wp\/v2\/media\/373"}],"wp:attachment":[{"href":"https:\/\/signalisationsaphir.com\/index.php?rest_route=%2Fwp%2Fv2%2Fmedia&parent=486"}],"wp:term":[{"taxonomy":"pwb-brand","embeddable":true,"href":"https:\/\/signalisationsaphir.com\/index.php?rest_route=%2Fwp%2Fv2%2Fpwb-brand&post=486"},{"taxonomy":"product_brand","embeddable":true,"href":"https:\/\/signalisationsaphir.com\/index.php?rest_route=%2Fwp%2Fv2%2Fproduct_brand&post=486"},{"taxonomy":"product_cat","embeddable":true,"href":"https:\/\/signalisationsaphir.com\/index.php?rest_route=%2Fwp%2Fv2%2Fproduct_cat&post=486"},{"taxonomy":"product_tag","embeddable":true,"href":"https:\/\/signalisationsaphir.com\/index.php?rest_route=%2Fwp%2Fv2%2Fproduct_tag&post=486"}],"curies":[{"name":"wp","href":"https:\/\/api.w.org\/{rel}","templated":true}]}}