{"id":222,"date":"2013-06-07T11:07:19","date_gmt":"2013-06-07T15:07:19","guid":{"rendered":"http:\/\/demo2.woothemes.com\/woocommerce\/?post_type=product&#038;p=56"},"modified":"2022-08-04T00:07:28","modified_gmt":"2022-08-04T04:07:28","slug":"produits-de-beton-prefabrique-glissiere-urbania","status":"publish","type":"product","link":"https:\/\/signalisationsaphir.com\/?product=produits-de-beton-prefabrique-glissiere-urbania","title":{"rendered":"Produits de b\u00e9ton pr\u00e9fabriqu\u00e9s &#8211; Glissi\u00e8re Urbania"},"content":{"rendered":"<p>Produits de b\u00e9ton pr\u00e9fabriqu\u00e9s &#8211; Glissi\u00e8re Urbania<\/p>\n<ul>\n<li>Glissi\u00e8res de b\u00e9ton &#8221;URBANIA&#8221; : 4000 mm L x 500 mm L x 760 mm H<\/li>\n<li>Bases pyramidales de 115 lbs ($129.95) et de 200 lbs avec manchon en U<\/li>\n<li>Prix sur demande.<\/li>\n<\/ul>\n<p>Visitez notre <a href=\"https:\/\/signalisationsaphir.com\/boutique-de-produits-de-securite-et-signalisation\/\" target=\"_blank\" rel=\"noopener\">boutique en ligne<\/a> pour explorer d&#8217;autres cat\u00e9gories de produits.<\/p>\n<p><a href=\"https:\/\/www.transports.gouv.qc.ca\/fr\/securite-signalisation\/securite\/Pages\/zones-chantiers.aspx\" target=\"_blank\" rel=\"noopener\">S\u00e9curit\u00e9 sur les chantiers.<\/a><\/p>\n","protected":false},"excerpt":{"rendered":"<p>Produits de b\u00e9ton pr\u00e9fabriqu\u00e9s. Prix sur demande. Glissi\u00e8res de b\u00e9ton &#8221;URBANIA&#8221; : 4000 mm L x 500 mm L x 760 mm H. Veuillez noter que les taxes ne sont pas incluses dans le prix.<\/p>\n<p>Bases pyramidales de 115 lbs ($129.95) et de 200 lbs avec manchon en U.<\/p>\n","protected":false},"featured_media":394,"template":"","meta":{"_acf_changed":false},"pwb-brand":[],"product_brand":[],"product_cat":[217],"product_tag":[261,262,263,264,265],"class_list":{"0":"post-222","1":"product","2":"type-product","3":"status-publish","4":"has-post-thumbnail","6":"product_cat-produits-specialises","7":"product_tag-bases-pyramidales","8":"product_tag-bloc-de-beton","9":"product_tag-glissiere-de-beton-urbania","10":"product_tag-produits-de-beton","11":"product_tag-produits-specialises","12":"product_shipping_class-livraison-soumission-hors-dimension-poids","14":"first","15":"instock","16":"taxable","17":"shipping-taxable","18":"purchasable","19":"product-type-simple"},"exclude_global_add_ons":false,"addons":[{"name":"Veuillez indiquer les d\u00e9tails (options) de votre commande. Nous communiquerons rapidement avec vous pour confirmer.","type":"custom_textarea","position":0,"required":true,"title_format":"label","default":"","description_enable":false,"description":"","placeholder_enable":false,"placeholder":"","display":"select","restrictions_type":"any_text","adjust_price":false,"price":"","price_type":"flat_fee","restrictions":false,"min":"0","max":"0","options":[]}],"acf":[],"yoast_head":"<!-- This site is optimized with the Yoast SEO Premium plugin v24.4 (Yoast SEO v24.4) - https:\/\/yoast.com\/wordpress\/plugins\/seo\/ -->\n<title>Produits de b\u00e9ton pr\u00e9fabriqu\u00e9s - Glissi\u00e8re Urbania - Signalisation Saphir<\/title>\n<meta name=\"description\" content=\"Signalisation Saphir. Produits de s\u00e9curit\u00e9 et de signalisation. Produits sp\u00e9cialis\u00e9s: Produits de b\u00e9ton pr\u00e9fabriqu\u00e9s - Glissi\u00e8re Urbania\" \/>\n<meta name=\"robots\" content=\"index, follow, max-snippet:-1, max-image-preview:large, max-video-preview:-1\" \/>\n<link rel=\"canonical\" href=\"https:\/\/signalisationsaphir.com\/?product=produits-de-beton-prefabrique-glissiere-urbania\" \/>\n<meta property=\"og:locale\" content=\"fr_FR\" \/>\n<meta property=\"og:type\" content=\"article\" \/>\n<meta property=\"og:title\" content=\"Produits de b\u00e9ton pr\u00e9fabriqu\u00e9s - Glissi\u00e8re Urbania\" \/>\n<meta property=\"og:description\" content=\"Signalisation Saphir. Produits de s\u00e9curit\u00e9 et de signalisation. Produits sp\u00e9cialis\u00e9s: Produits de b\u00e9ton pr\u00e9fabriqu\u00e9s - Glissi\u00e8re Urbania\" \/>\n<meta property=\"og:url\" content=\"https:\/\/signalisationsaphir.com\/?product=produits-de-beton-prefabrique-glissiere-urbania\" \/>\n<meta property=\"og:site_name\" content=\"Signalisation Saphir\" \/>\n<meta property=\"article:publisher\" content=\"https:\/\/www.facebook.com\/SignalisationSaphir\" \/>\n<meta property=\"article:modified_time\" content=\"2022-08-04T04:07:28+00:00\" \/>\n<meta property=\"og:image\" content=\"https:\/\/signalisationsaphir.com\/wp-content\/uploads\/2013\/06\/new-jersey.png\" \/>\n\t<meta property=\"og:image:width\" content=\"750\" \/>\n\t<meta property=\"og:image:height\" content=\"1334\" \/>\n\t<meta property=\"og:image:type\" content=\"image\/png\" \/>\n<meta name=\"twitter:card\" content=\"summary_large_image\" \/>\n<meta name=\"twitter:label1\" content=\"Dur\u00e9e de lecture estim\u00e9e\" \/>\n\t<meta name=\"twitter:data1\" content=\"1 minute\" \/>\n<script type=\"application\/ld+json\" class=\"yoast-schema-graph\">{\"@context\":\"https:\/\/schema.org\",\"@graph\":[{\"@type\":\"WebPage\",\"@id\":\"https:\/\/signalisationsaphir.com\/?product=produits-de-beton-prefabrique-glissiere-urbania\",\"url\":\"https:\/\/signalisationsaphir.com\/?product=produits-de-beton-prefabrique-glissiere-urbania\",\"name\":\"Produits de b\u00e9ton pr\u00e9fabriqu\u00e9s - Glissi\u00e8re Urbania - Signalisation Saphir\",\"isPartOf\":{\"@id\":\"https:\/\/signalisationsaphir.com\/#website\"},\"primaryImageOfPage\":{\"@id\":\"https:\/\/signalisationsaphir.com\/?product=produits-de-beton-prefabrique-glissiere-urbania#primaryimage\"},\"image\":{\"@id\":\"https:\/\/signalisationsaphir.com\/?product=produits-de-beton-prefabrique-glissiere-urbania#primaryimage\"},\"thumbnailUrl\":\"https:\/\/signalisationsaphir.com\/wp-content\/uploads\/2013\/06\/new-jersey.png\",\"datePublished\":\"2013-06-07T15:07:19+00:00\",\"dateModified\":\"2022-08-04T04:07:28+00:00\",\"description\":\"Signalisation Saphir. Produits de s\u00e9curit\u00e9 et de signalisation. Produits sp\u00e9cialis\u00e9s: Produits de b\u00e9ton pr\u00e9fabriqu\u00e9s - Glissi\u00e8re Urbania\",\"breadcrumb\":{\"@id\":\"https:\/\/signalisationsaphir.com\/?product=produits-de-beton-prefabrique-glissiere-urbania#breadcrumb\"},\"inLanguage\":\"fr-FR\",\"potentialAction\":[{\"@type\":\"ReadAction\",\"target\":[\"https:\/\/signalisationsaphir.com\/?product=produits-de-beton-prefabrique-glissiere-urbania\"]}]},{\"@type\":\"ImageObject\",\"inLanguage\":\"fr-FR\",\"@id\":\"https:\/\/signalisationsaphir.com\/?product=produits-de-beton-prefabrique-glissiere-urbania#primaryimage\",\"url\":\"https:\/\/signalisationsaphir.com\/wp-content\/uploads\/2013\/06\/new-jersey.png\",\"contentUrl\":\"https:\/\/signalisationsaphir.com\/wp-content\/uploads\/2013\/06\/new-jersey.png\",\"width\":750,\"height\":1334,\"caption\":\"Produits de b\u00e9ton pr\u00e9fabriqu\u00e9s - Glissi\u00e8re Urbania\"},{\"@type\":\"BreadcrumbList\",\"@id\":\"https:\/\/signalisationsaphir.com\/?product=produits-de-beton-prefabrique-glissiere-urbania#breadcrumb\",\"itemListElement\":[{\"@type\":\"ListItem\",\"position\":1,\"name\":\"Accueil\",\"item\":\"https:\/\/signalisationsaphir.com\/?page_id=9\"},{\"@type\":\"ListItem\",\"position\":2,\"name\":\"Boutique\",\"item\":\"https:\/\/signalisationsaphir.com\/?page_id=9\"},{\"@type\":\"ListItem\",\"position\":3,\"name\":\"Produits de b\u00e9ton pr\u00e9fabriqu\u00e9s &#8211; Glissi\u00e8re Urbania\"}]},{\"@type\":\"WebSite\",\"@id\":\"https:\/\/signalisationsaphir.com\/#website\",\"url\":\"https:\/\/signalisationsaphir.com\/\",\"name\":\"Signalisation Saphir\",\"description\":\"Boutique en ligne\",\"publisher\":{\"@id\":\"https:\/\/signalisationsaphir.com\/#organization\"},\"potentialAction\":[{\"@type\":\"SearchAction\",\"target\":{\"@type\":\"EntryPoint\",\"urlTemplate\":\"https:\/\/signalisationsaphir.com\/?s={search_term_string}\"},\"query-input\":{\"@type\":\"PropertyValueSpecification\",\"valueRequired\":true,\"valueName\":\"search_term_string\"}}],\"inLanguage\":\"fr-FR\"},{\"@type\":\"Organization\",\"@id\":\"https:\/\/signalisationsaphir.com\/#organization\",\"name\":\"Signalisation Saphir\",\"url\":\"https:\/\/signalisationsaphir.com\/\",\"logo\":{\"@type\":\"ImageObject\",\"inLanguage\":\"fr-FR\",\"@id\":\"https:\/\/signalisationsaphir.com\/#\/schema\/logo\/image\/\",\"url\":\"https:\/\/signalisationsaphir.com\/wp-content\/uploads\/2017\/01\/cropped-logo-web-plus-large-bleu-blanc.jpg\",\"contentUrl\":\"https:\/\/signalisationsaphir.com\/wp-content\/uploads\/2017\/01\/cropped-logo-web-plus-large-bleu-blanc.jpg\",\"width\":215,\"height\":95,\"caption\":\"Signalisation Saphir\"},\"image\":{\"@id\":\"https:\/\/signalisationsaphir.com\/#\/schema\/logo\/image\/\"},\"sameAs\":[\"https:\/\/www.facebook.com\/SignalisationSaphir\"]}]}<\/script>\n<!-- \/ Yoast SEO Premium plugin. -->","yoast_head_json":{"title":"Produits de b\u00e9ton pr\u00e9fabriqu\u00e9s - Glissi\u00e8re Urbania - Signalisation Saphir","description":"Signalisation Saphir. Produits de s\u00e9curit\u00e9 et de signalisation. Produits sp\u00e9cialis\u00e9s: Produits de b\u00e9ton pr\u00e9fabriqu\u00e9s - Glissi\u00e8re Urbania","robots":{"index":"index","follow":"follow","max-snippet":"max-snippet:-1","max-image-preview":"max-image-preview:large","max-video-preview":"max-video-preview:-1"},"canonical":"https:\/\/signalisationsaphir.com\/?product=produits-de-beton-prefabrique-glissiere-urbania","og_locale":"fr_FR","og_type":"article","og_title":"Produits de b\u00e9ton pr\u00e9fabriqu\u00e9s - Glissi\u00e8re Urbania","og_description":"Signalisation Saphir. Produits de s\u00e9curit\u00e9 et de signalisation. Produits sp\u00e9cialis\u00e9s: Produits de b\u00e9ton pr\u00e9fabriqu\u00e9s - Glissi\u00e8re Urbania","og_url":"https:\/\/signalisationsaphir.com\/?product=produits-de-beton-prefabrique-glissiere-urbania","og_site_name":"Signalisation Saphir","article_publisher":"https:\/\/www.facebook.com\/SignalisationSaphir","article_modified_time":"2022-08-04T04:07:28+00:00","og_image":[{"width":750,"height":1334,"url":"https:\/\/signalisationsaphir.com\/wp-content\/uploads\/2013\/06\/new-jersey.png","type":"image\/png"}],"twitter_card":"summary_large_image","twitter_misc":{"Dur\u00e9e de lecture estim\u00e9e":"1 minute"},"schema":{"@context":"https:\/\/schema.org","@graph":[{"@type":"WebPage","@id":"https:\/\/signalisationsaphir.com\/?product=produits-de-beton-prefabrique-glissiere-urbania","url":"https:\/\/signalisationsaphir.com\/?product=produits-de-beton-prefabrique-glissiere-urbania","name":"Produits de b\u00e9ton pr\u00e9fabriqu\u00e9s - Glissi\u00e8re Urbania - Signalisation Saphir","isPartOf":{"@id":"https:\/\/signalisationsaphir.com\/#website"},"primaryImageOfPage":{"@id":"https:\/\/signalisationsaphir.com\/?product=produits-de-beton-prefabrique-glissiere-urbania#primaryimage"},"image":{"@id":"https:\/\/signalisationsaphir.com\/?product=produits-de-beton-prefabrique-glissiere-urbania#primaryimage"},"thumbnailUrl":"https:\/\/signalisationsaphir.com\/wp-content\/uploads\/2013\/06\/new-jersey.png","datePublished":"2013-06-07T15:07:19+00:00","dateModified":"2022-08-04T04:07:28+00:00","description":"Signalisation Saphir. Produits de s\u00e9curit\u00e9 et de signalisation. Produits sp\u00e9cialis\u00e9s: Produits de b\u00e9ton pr\u00e9fabriqu\u00e9s - Glissi\u00e8re Urbania","breadcrumb":{"@id":"https:\/\/signalisationsaphir.com\/?product=produits-de-beton-prefabrique-glissiere-urbania#breadcrumb"},"inLanguage":"fr-FR","potentialAction":[{"@type":"ReadAction","target":["https:\/\/signalisationsaphir.com\/?product=produits-de-beton-prefabrique-glissiere-urbania"]}]},{"@type":"ImageObject","inLanguage":"fr-FR","@id":"https:\/\/signalisationsaphir.com\/?product=produits-de-beton-prefabrique-glissiere-urbania#primaryimage","url":"https:\/\/signalisationsaphir.com\/wp-content\/uploads\/2013\/06\/new-jersey.png","contentUrl":"https:\/\/signalisationsaphir.com\/wp-content\/uploads\/2013\/06\/new-jersey.png","width":750,"height":1334,"caption":"Produits de b\u00e9ton pr\u00e9fabriqu\u00e9s - Glissi\u00e8re Urbania"},{"@type":"BreadcrumbList","@id":"https:\/\/signalisationsaphir.com\/?product=produits-de-beton-prefabrique-glissiere-urbania#breadcrumb","itemListElement":[{"@type":"ListItem","position":1,"name":"Accueil","item":"https:\/\/signalisationsaphir.com\/?page_id=9"},{"@type":"ListItem","position":2,"name":"Boutique","item":"https:\/\/signalisationsaphir.com\/?page_id=9"},{"@type":"ListItem","position":3,"name":"Produits de b\u00e9ton pr\u00e9fabriqu\u00e9s &#8211; Glissi\u00e8re Urbania"}]},{"@type":"WebSite","@id":"https:\/\/signalisationsaphir.com\/#website","url":"https:\/\/signalisationsaphir.com\/","name":"Signalisation Saphir","description":"Boutique en ligne","publisher":{"@id":"https:\/\/signalisationsaphir.com\/#organization"},"potentialAction":[{"@type":"SearchAction","target":{"@type":"EntryPoint","urlTemplate":"https:\/\/signalisationsaphir.com\/?s={search_term_string}"},"query-input":{"@type":"PropertyValueSpecification","valueRequired":true,"valueName":"search_term_string"}}],"inLanguage":"fr-FR"},{"@type":"Organization","@id":"https:\/\/signalisationsaphir.com\/#organization","name":"Signalisation Saphir","url":"https:\/\/signalisationsaphir.com\/","logo":{"@type":"ImageObject","inLanguage":"fr-FR","@id":"https:\/\/signalisationsaphir.com\/#\/schema\/logo\/image\/","url":"https:\/\/signalisationsaphir.com\/wp-content\/uploads\/2017\/01\/cropped-logo-web-plus-large-bleu-blanc.jpg","contentUrl":"https:\/\/signalisationsaphir.com\/wp-content\/uploads\/2017\/01\/cropped-logo-web-plus-large-bleu-blanc.jpg","width":215,"height":95,"caption":"Signalisation Saphir"},"image":{"@id":"https:\/\/signalisationsaphir.com\/#\/schema\/logo\/image\/"},"sameAs":["https:\/\/www.facebook.com\/SignalisationSaphir"]}]}},"brands":[],"_links":{"self":[{"href":"https:\/\/signalisationsaphir.com\/index.php?rest_route=\/wp\/v2\/product\/222","targetHints":{"allow":["GET"]}}],"collection":[{"href":"https:\/\/signalisationsaphir.com\/index.php?rest_route=\/wp\/v2\/product"}],"about":[{"href":"https:\/\/signalisationsaphir.com\/index.php?rest_route=\/wp\/v2\/types\/product"}],"version-history":[{"count":0,"href":"https:\/\/signalisationsaphir.com\/index.php?rest_route=\/wp\/v2\/product\/222\/revisions"}],"wp:featuredmedia":[{"embeddable":true,"href":"https:\/\/signalisationsaphir.com\/index.php?rest_route=\/wp\/v2\/media\/394"}],"wp:attachment":[{"href":"https:\/\/signalisationsaphir.com\/index.php?rest_route=%2Fwp%2Fv2%2Fmedia&parent=222"}],"wp:term":[{"taxonomy":"pwb-brand","embeddable":true,"href":"https:\/\/signalisationsaphir.com\/index.php?rest_route=%2Fwp%2Fv2%2Fpwb-brand&post=222"},{"taxonomy":"product_brand","embeddable":true,"href":"https:\/\/signalisationsaphir.com\/index.php?rest_route=%2Fwp%2Fv2%2Fproduct_brand&post=222"},{"taxonomy":"product_cat","embeddable":true,"href":"https:\/\/signalisationsaphir.com\/index.php?rest_route=%2Fwp%2Fv2%2Fproduct_cat&post=222"},{"taxonomy":"product_tag","embeddable":true,"href":"https:\/\/signalisationsaphir.com\/index.php?rest_route=%2Fwp%2Fv2%2Fproduct_tag&post=222"}],"curies":[{"name":"wp","href":"https:\/\/api.w.org\/{rel}","templated":true}]}}