{"id":21471,"date":"2022-09-09T15:33:07","date_gmt":"2022-09-09T19:33:07","guid":{"rendered":"https:\/\/signalisationsaphir.com\/?post_type=product&#038;p=21471"},"modified":"2022-09-09T15:46:38","modified_gmt":"2022-09-09T19:46:38","slug":"t-d-100-11-g","status":"publish","type":"product","link":"https:\/\/signalisationsaphir.com\/?product=t-d-100-11-g","title":{"rendered":"T-D-100-11-G Signal avanc\u00e9 de direction des voies"},"content":{"rendered":"<p>Signal avanc\u00e9 de direction des voies<br \/>\n &#8211; Les panneaux de signalisation sont disponibles en commandes sp\u00e9ciales seulement.\u00a0<\/p>\n<p>Remplir les champs pour une demande de soumission.<br \/>\nIndiquez vos choix pour le grade, les dimensions, et la quantit\u00e9 de panneaux.\u00a0<\/p>\n<p>Grades disponibles:\u00a0<br \/>\nDiamant<br \/>\nDiamant Oranage<br \/>\n\u00c0 d\u00e9finir<br \/>\nN\/A<\/p>\n<p>Dimensions disponibles:<br \/>\n600 x 600<br \/>\n750 x 750<br \/>\n900 x 600<br \/>\n1200 x 1200<\/p>\n","protected":false},"excerpt":{"rendered":"<p>Signal avanc\u00e9 de direction des voies<br \/>\n &#8211; Les panneaux de signalisation sont disponibles en commandes sp\u00e9ciales seulement.\u00a0<\/p>\n<p>Remplir les champs pour une demande de soumission.<br \/>\nIndiquez vos choix pour le grade, les dimensions, et la quantit\u00e9 de panneaux.\u00a0<\/p>\n<p>Grades disponibles:\u00a0<br \/>\nDiamant<br \/>\nDiamant Oranage<br \/>\n\u00c0 d\u00e9finir<br \/>\nN\/A<\/p>\n<p>Dimensions disponibles:<br \/>\n600 x 600<br \/>\n750 x 750<br \/>\n900 x 600<br \/>\n1200 x 1200<\/p>\n","protected":false},"featured_media":21472,"template":"","meta":{"_acf_changed":false},"pwb-brand":[],"product_brand":[],"product_cat":[586,597],"product_tag":[],"class_list":{"0":"post-21471","1":"product","2":"type-product","3":"status-publish","4":"has-post-thumbnail","6":"product_cat-panneaux-de-signalisation","7":"product_cat-panneaux-routiers","8":"product_shipping_class-livraison-soumission-hors-dimension-poids","10":"first","11":"instock","12":"taxable","13":"shipping-taxable","14":"purchasable","15":"product-type-simple"},"exclude_global_add_ons":false,"addons":[{"name":"Choix de grade","type":"multiple_choice","position":0,"required":true,"title_format":"label","default":"","description_enable":false,"description":"","placeholder_enable":false,"placeholder":"","display":"select","restrictions_type":"any_text","adjust_price":false,"price":"","price_type":"flat_fee","restrictions":false,"min":"0","max":"0","options":[{"label":"Haute intensit\u00e9","price":"","price_type":"flat_fee","image":0},{"label":"Diamant","price":"","price_type":"flat_fee","image":0},{"label":"Ing\u00e9nieur","price":"","price_type":"flat_fee","image":0},{"label":"Diamant orange","price":"","price_type":"flat_fee","image":0},{"label":"\u00c0 d\u00e9terminer","price":"","price_type":"flat_fee","image":0},{"label":"N\/A","price":"","price_type":"flat_fee","image":0}]},{"name":"Choix dimension","type":"multiple_choice","position":0,"required":true,"title_format":"label","default":"","description_enable":false,"description":"","placeholder_enable":false,"placeholder":"","display":"select","restrictions_type":"any_text","adjust_price":false,"price":"","price_type":"flat_fee","restrictions":false,"min":"0","max":"0","options":[{"label":"50 x 100","price":"","price_type":"flat_fee","image":0},{"label":"100 x 200","price":"","price_type":"flat_fee","image":0},{"label":"160 x 200","price":"","price_type":"flat_fee","image":0},{"label":"300 x 150","price":"","price_type":"flat_fee","image":0},{"label":"300 x 300","price":"","price_type":"flat_fee","image":0},{"label":"300 x 450","price":"","price_type":"flat_fee","image":0},{"label":"300 x 500","price":"","price_type":"flat_fee","image":0},{"label":"300 x 600","price":"","price_type":"flat_fee","image":0},{"label":"300 x 750","price":"","price_type":"flat_fee","image":0},{"label":"300 x 900","price":"","price_type":"flat_fee","image":0},{"label":"300 x 1000","price":"","price_type":"flat_fee","image":0},{"label":"300 x 1200","price":"","price_type":"flat_fee","image":0},{"label":"350 x 450","price":"","price_type":"flat_fee","image":0},{"label":"450 x 300","price":"","price_type":"flat_fee","image":0},{"label":"450 x 450","price":"","price_type":"flat_fee","image":0},{"label":"450 x 600","price":"","price_type":"flat_fee","image":0},{"label":"450 x 680","price":"","price_type":"flat_fee","image":0},{"label":"450 x 1200","price":"","price_type":"flat_fee","image":0},{"label":"600 x 600","price":"","price_type":"flat_fee","image":0},{"label":"600 x 150","price":"","price_type":"flat_fee","image":0},{"label":"600 x 300","price":"","price_type":"flat_fee","image":0},{"label":"600 x 315","price":"","price_type":"flat_fee","image":0},{"label":"600 x 450","price":"","price_type":"flat_fee","image":0},{"label":"600 x 750","price":"","price_type":"flat_fee","image":0},{"label":"600 x 900","price":"","price_type":"flat_fee","image":0},{"label":"600 x 1200","price":"","price_type":"flat_fee","image":0},{"label":"600 x 1800","price":"","price_type":"flat_fee","image":0},{"label":"680 x 450","price":"","price_type":"flat_fee","image":0},{"label":"680 x 900","price":"","price_type":"flat_fee","image":0},{"label":"750 x 250","price":"","price_type":"flat_fee","image":0},{"label":"750 x 375","price":"","price_type":"flat_fee","image":0},{"label":"750 x 380","price":"","price_type":"flat_fee","image":0},{"label":"750 x 750","price":"","price_type":"flat_fee","image":0},{"label":"750 x 900","price":"","price_type":"flat_fee","image":0},{"label":"900 x 300","price":"","price_type":"flat_fee","image":0},{"label":"900 x 375","price":"","price_type":"flat_fee","image":0},{"label":"900 xx 450","price":"","price_type":"flat_fee","image":0},{"label":"900 x 600","price":"","price_type":"flat_fee","image":0},{"label":"900 x 900","price":"","price_type":"flat_fee","image":0},{"label":"900 x 1200","price":"","price_type":"flat_fee","image":0},{"label":"900 x 1350","price":"","price_type":"flat_fee","image":0},{"label":"900 x 1500","price":"","price_type":"flat_fee","image":0},{"label":"1200 x 240","price":"","price_type":"flat_fee","image":0},{"label":"1200 x 300","price":"","price_type":"flat_fee","image":0},{"label":"1200 x 450","price":"","price_type":"flat_fee","image":0},{"label":"1200 x 600","price":"","price_type":"flat_fee","image":0},{"label":"1200 x 380","price":"","price_type":"flat_fee","image":0},{"label":"1200 x 625","price":"","price_type":"flat_fee","image":0},{"label":"1200 x 750","price":"","price_type":"flat_fee","image":0},{"label":"1200 x 900","price":"","price_type":"flat_fee","image":0},{"label":"1200 x 1200","price":"","price_type":"flat_fee","image":0},{"label":"1200 x 1500","price":"","price_type":"flat_fee","image":0},{"label":"1200 x 1800","price":"","price_type":"flat_fee","image":0},{"label":"1500 x 300","price":"","price_type":"flat_fee","image":0},{"label":"1500 x 380","price":"","price_type":"flat_fee","image":0},{"label":"1500 x 450","price":"","price_type":"flat_fee","image":0},{"label":"1500 x 600","price":"","price_type":"flat_fee","image":0},{"label":"1500 x 750","price":"","price_type":"flat_fee","image":0},{"label":"1500 x 900","price":"","price_type":"flat_fee","image":0},{"label":"1500 x 1200","price":"","price_type":"flat_fee","image":0},{"label":"1500 x 1500","price":"","price_type":"flat_fee","image":0},{"label":"1800 x 300","price":"","price_type":"flat_fee","image":0},{"label":"1800 x 450","price":"","price_type":"flat_fee","image":0},{"label":"1800 x 600","price":"","price_type":"flat_fee","image":0},{"label":"1800 x 750","price":"","price_type":"flat_fee","image":0},{"label":"1800 x 900","price":"","price_type":"flat_fee","image":0},{"label":"1800 x 1200","price":"","price_type":"flat_fee","image":0},{"label":"1800 x 1500","price":"","price_type":"flat_fee","image":0},{"label":"1800 x 1800","price":"","price_type":"flat_fee","image":0},{"label":"2400 x 300","price":"","price_type":"flat_fee","image":0},{"label":"2400 x 450","price":"","price_type":"flat_fee","image":0},{"label":"2400 x 600","price":"","price_type":"flat_fee","image":0},{"label":"2400 x 900","price":"","price_type":"flat_fee","image":0},{"label":"2400 x 1200","price":"","price_type":"flat_fee","image":0},{"label":"2400 x 1500","price":"","price_type":"flat_fee","image":0},{"label":"2400 x 1800","price":"","price_type":"flat_fee","image":0},{"label":"2400 x 2100","price":"","price_type":"flat_fee","image":0},{"label":"2400 x 2400","price":"","price_type":"flat_fee","image":0},{"label":"\u00c0 d\u00e9finir","price":"","price_type":"flat_fee","image":0},{"label":"N\/A","price":"","price_type":"flat_fee","image":0}]},{"name":"Demande de soumission - votre nom","type":"custom_text","position":0,"required":true,"title_format":"label","default":"","description_enable":false,"description":"","placeholder_enable":false,"placeholder":"","display":"select","restrictions_type":"any_text","adjust_price":false,"price":"","price_type":"flat_fee","restrictions":false,"min":"0","max":"0","options":[]},{"name":"Demande de soumission - votre courriel","type":"custom_text","position":1,"required":true,"title_format":"label","default":"","description_enable":true,"description":"Veuillez nous indiquer votre courriel pour faire une demande de soumission","placeholder_enable":false,"placeholder":"","display":"select","restrictions_type":"email","adjust_price":false,"price":"","price_type":"flat_fee","restrictions":false,"min":"0","max":"0","options":[]},{"name":"Demande de soumission - votre t\u00e9l\/cel.","type":"custom_text","position":2,"required":true,"title_format":"label","default":"","description_enable":false,"description":"","placeholder_enable":false,"placeholder":"","display":"select","restrictions_type":"only_numbers","adjust_price":false,"price":"","price_type":"flat_fee","restrictions":false,"min":"0","max":"0","options":[]},{"name":"Information pour demande de soumission","type":"custom_textarea","position":3,"required":true,"title_format":"label","default":"","description_enable":true,"description":"Veuillez nous indiquer les d\u00e9tails de votre demande de soumission","placeholder_enable":false,"placeholder":"","display":"select","restrictions_type":"any_text","adjust_price":false,"price":"","price_type":"flat_fee","restrictions":false,"min":"0","max":"0","options":[]}],"acf":[],"yoast_head":"<!-- This site is optimized with the Yoast SEO Premium plugin v24.4 (Yoast SEO v24.4) - https:\/\/yoast.com\/wordpress\/plugins\/seo\/ -->\n<title>T-D-100-11-G Signal avanc\u00e9 de direction des voies<\/title>\n<meta name=\"description\" content=\"Signalisation Saphir - Distributeur international. Boutique en ligne offrant produits de s\u00e9curit\u00e9, signalisation et sp\u00e9cialis\u00e9s. Panneaux de signalisation.\" \/>\n<meta name=\"robots\" content=\"index, follow, max-snippet:-1, max-image-preview:large, max-video-preview:-1\" \/>\n<link rel=\"canonical\" href=\"https:\/\/signalisationsaphir.com\/?product=t-d-100-11-g\" \/>\n<meta property=\"og:locale\" content=\"fr_FR\" \/>\n<meta property=\"og:type\" content=\"article\" \/>\n<meta property=\"og:title\" content=\"T-D-100-11-G Signal avanc\u00e9 de direction des voies\" \/>\n<meta property=\"og:description\" content=\"Signalisation Saphir - Distributeur international. Boutique en ligne offrant produits de s\u00e9curit\u00e9, signalisation et sp\u00e9cialis\u00e9s. Panneaux de signalisation.\" \/>\n<meta property=\"og:url\" content=\"https:\/\/signalisationsaphir.com\/?product=t-d-100-11-g\" \/>\n<meta property=\"og:site_name\" content=\"Signalisation Saphir\" \/>\n<meta property=\"article:publisher\" content=\"https:\/\/www.facebook.com\/SignalisationSaphir\" \/>\n<meta property=\"article:modified_time\" content=\"2022-09-09T19:46:38+00:00\" \/>\n<meta property=\"og:image\" content=\"https:\/\/signalisationsaphir.com\/wp-content\/uploads\/2022\/09\/T-D-100-11-G.gif\" \/>\n\t<meta property=\"og:image:width\" content=\"220\" \/>\n\t<meta property=\"og:image:height\" content=\"220\" \/>\n\t<meta property=\"og:image:type\" content=\"image\/gif\" \/>\n<meta name=\"twitter:card\" content=\"summary_large_image\" \/>\n<script type=\"application\/ld+json\" class=\"yoast-schema-graph\">{\"@context\":\"https:\/\/schema.org\",\"@graph\":[{\"@type\":\"WebPage\",\"@id\":\"https:\/\/signalisationsaphir.com\/?product=t-d-100-11-g\",\"url\":\"https:\/\/signalisationsaphir.com\/?product=t-d-100-11-g\",\"name\":\"T-D-100-11-G Signal avanc\u00e9 de direction des voies\",\"isPartOf\":{\"@id\":\"https:\/\/signalisationsaphir.com\/#website\"},\"primaryImageOfPage\":{\"@id\":\"https:\/\/signalisationsaphir.com\/?product=t-d-100-11-g#primaryimage\"},\"image\":{\"@id\":\"https:\/\/signalisationsaphir.com\/?product=t-d-100-11-g#primaryimage\"},\"thumbnailUrl\":\"https:\/\/signalisationsaphir.com\/wp-content\/uploads\/2022\/09\/T-D-100-11-G.gif\",\"datePublished\":\"2022-09-09T19:33:07+00:00\",\"dateModified\":\"2022-09-09T19:46:38+00:00\",\"description\":\"Signalisation Saphir - Distributeur international. Boutique en ligne offrant produits de s\u00e9curit\u00e9, signalisation et sp\u00e9cialis\u00e9s. Panneaux de signalisation.\",\"breadcrumb\":{\"@id\":\"https:\/\/signalisationsaphir.com\/?product=t-d-100-11-g#breadcrumb\"},\"inLanguage\":\"fr-FR\",\"potentialAction\":[{\"@type\":\"ReadAction\",\"target\":[\"https:\/\/signalisationsaphir.com\/?product=t-d-100-11-g\"]}]},{\"@type\":\"ImageObject\",\"inLanguage\":\"fr-FR\",\"@id\":\"https:\/\/signalisationsaphir.com\/?product=t-d-100-11-g#primaryimage\",\"url\":\"https:\/\/signalisationsaphir.com\/wp-content\/uploads\/2022\/09\/T-D-100-11-G.gif\",\"contentUrl\":\"https:\/\/signalisationsaphir.com\/wp-content\/uploads\/2022\/09\/T-D-100-11-G.gif\",\"width\":220,\"height\":220},{\"@type\":\"BreadcrumbList\",\"@id\":\"https:\/\/signalisationsaphir.com\/?product=t-d-100-11-g#breadcrumb\",\"itemListElement\":[{\"@type\":\"ListItem\",\"position\":1,\"name\":\"Accueil\",\"item\":\"https:\/\/signalisationsaphir.com\/?page_id=9\"},{\"@type\":\"ListItem\",\"position\":2,\"name\":\"Boutique\",\"item\":\"https:\/\/signalisationsaphir.com\/?page_id=9\"},{\"@type\":\"ListItem\",\"position\":3,\"name\":\"T-D-100-11-G Signal avanc\u00e9 de direction des voies\"}]},{\"@type\":\"WebSite\",\"@id\":\"https:\/\/signalisationsaphir.com\/#website\",\"url\":\"https:\/\/signalisationsaphir.com\/\",\"name\":\"Signalisation Saphir\",\"description\":\"Boutique en ligne\",\"publisher\":{\"@id\":\"https:\/\/signalisationsaphir.com\/#organization\"},\"potentialAction\":[{\"@type\":\"SearchAction\",\"target\":{\"@type\":\"EntryPoint\",\"urlTemplate\":\"https:\/\/signalisationsaphir.com\/?s={search_term_string}\"},\"query-input\":{\"@type\":\"PropertyValueSpecification\",\"valueRequired\":true,\"valueName\":\"search_term_string\"}}],\"inLanguage\":\"fr-FR\"},{\"@type\":\"Organization\",\"@id\":\"https:\/\/signalisationsaphir.com\/#organization\",\"name\":\"Signalisation Saphir\",\"url\":\"https:\/\/signalisationsaphir.com\/\",\"logo\":{\"@type\":\"ImageObject\",\"inLanguage\":\"fr-FR\",\"@id\":\"https:\/\/signalisationsaphir.com\/#\/schema\/logo\/image\/\",\"url\":\"https:\/\/signalisationsaphir.com\/wp-content\/uploads\/2017\/01\/cropped-logo-web-plus-large-bleu-blanc.jpg\",\"contentUrl\":\"https:\/\/signalisationsaphir.com\/wp-content\/uploads\/2017\/01\/cropped-logo-web-plus-large-bleu-blanc.jpg\",\"width\":215,\"height\":95,\"caption\":\"Signalisation Saphir\"},\"image\":{\"@id\":\"https:\/\/signalisationsaphir.com\/#\/schema\/logo\/image\/\"},\"sameAs\":[\"https:\/\/www.facebook.com\/SignalisationSaphir\"]}]}<\/script>\n<!-- \/ Yoast SEO Premium plugin. -->","yoast_head_json":{"title":"T-D-100-11-G Signal avanc\u00e9 de direction des voies","description":"Signalisation Saphir - Distributeur international. Boutique en ligne offrant produits de s\u00e9curit\u00e9, signalisation et sp\u00e9cialis\u00e9s. Panneaux de signalisation.","robots":{"index":"index","follow":"follow","max-snippet":"max-snippet:-1","max-image-preview":"max-image-preview:large","max-video-preview":"max-video-preview:-1"},"canonical":"https:\/\/signalisationsaphir.com\/?product=t-d-100-11-g","og_locale":"fr_FR","og_type":"article","og_title":"T-D-100-11-G Signal avanc\u00e9 de direction des voies","og_description":"Signalisation Saphir - Distributeur international. Boutique en ligne offrant produits de s\u00e9curit\u00e9, signalisation et sp\u00e9cialis\u00e9s. Panneaux de signalisation.","og_url":"https:\/\/signalisationsaphir.com\/?product=t-d-100-11-g","og_site_name":"Signalisation Saphir","article_publisher":"https:\/\/www.facebook.com\/SignalisationSaphir","article_modified_time":"2022-09-09T19:46:38+00:00","og_image":[{"width":220,"height":220,"url":"https:\/\/signalisationsaphir.com\/wp-content\/uploads\/2022\/09\/T-D-100-11-G.gif","type":"image\/gif"}],"twitter_card":"summary_large_image","schema":{"@context":"https:\/\/schema.org","@graph":[{"@type":"WebPage","@id":"https:\/\/signalisationsaphir.com\/?product=t-d-100-11-g","url":"https:\/\/signalisationsaphir.com\/?product=t-d-100-11-g","name":"T-D-100-11-G Signal avanc\u00e9 de direction des voies","isPartOf":{"@id":"https:\/\/signalisationsaphir.com\/#website"},"primaryImageOfPage":{"@id":"https:\/\/signalisationsaphir.com\/?product=t-d-100-11-g#primaryimage"},"image":{"@id":"https:\/\/signalisationsaphir.com\/?product=t-d-100-11-g#primaryimage"},"thumbnailUrl":"https:\/\/signalisationsaphir.com\/wp-content\/uploads\/2022\/09\/T-D-100-11-G.gif","datePublished":"2022-09-09T19:33:07+00:00","dateModified":"2022-09-09T19:46:38+00:00","description":"Signalisation Saphir - Distributeur international. Boutique en ligne offrant produits de s\u00e9curit\u00e9, signalisation et sp\u00e9cialis\u00e9s. Panneaux de signalisation.","breadcrumb":{"@id":"https:\/\/signalisationsaphir.com\/?product=t-d-100-11-g#breadcrumb"},"inLanguage":"fr-FR","potentialAction":[{"@type":"ReadAction","target":["https:\/\/signalisationsaphir.com\/?product=t-d-100-11-g"]}]},{"@type":"ImageObject","inLanguage":"fr-FR","@id":"https:\/\/signalisationsaphir.com\/?product=t-d-100-11-g#primaryimage","url":"https:\/\/signalisationsaphir.com\/wp-content\/uploads\/2022\/09\/T-D-100-11-G.gif","contentUrl":"https:\/\/signalisationsaphir.com\/wp-content\/uploads\/2022\/09\/T-D-100-11-G.gif","width":220,"height":220},{"@type":"BreadcrumbList","@id":"https:\/\/signalisationsaphir.com\/?product=t-d-100-11-g#breadcrumb","itemListElement":[{"@type":"ListItem","position":1,"name":"Accueil","item":"https:\/\/signalisationsaphir.com\/?page_id=9"},{"@type":"ListItem","position":2,"name":"Boutique","item":"https:\/\/signalisationsaphir.com\/?page_id=9"},{"@type":"ListItem","position":3,"name":"T-D-100-11-G Signal avanc\u00e9 de direction des voies"}]},{"@type":"WebSite","@id":"https:\/\/signalisationsaphir.com\/#website","url":"https:\/\/signalisationsaphir.com\/","name":"Signalisation Saphir","description":"Boutique en ligne","publisher":{"@id":"https:\/\/signalisationsaphir.com\/#organization"},"potentialAction":[{"@type":"SearchAction","target":{"@type":"EntryPoint","urlTemplate":"https:\/\/signalisationsaphir.com\/?s={search_term_string}"},"query-input":{"@type":"PropertyValueSpecification","valueRequired":true,"valueName":"search_term_string"}}],"inLanguage":"fr-FR"},{"@type":"Organization","@id":"https:\/\/signalisationsaphir.com\/#organization","name":"Signalisation Saphir","url":"https:\/\/signalisationsaphir.com\/","logo":{"@type":"ImageObject","inLanguage":"fr-FR","@id":"https:\/\/signalisationsaphir.com\/#\/schema\/logo\/image\/","url":"https:\/\/signalisationsaphir.com\/wp-content\/uploads\/2017\/01\/cropped-logo-web-plus-large-bleu-blanc.jpg","contentUrl":"https:\/\/signalisationsaphir.com\/wp-content\/uploads\/2017\/01\/cropped-logo-web-plus-large-bleu-blanc.jpg","width":215,"height":95,"caption":"Signalisation Saphir"},"image":{"@id":"https:\/\/signalisationsaphir.com\/#\/schema\/logo\/image\/"},"sameAs":["https:\/\/www.facebook.com\/SignalisationSaphir"]}]}},"brands":[],"_links":{"self":[{"href":"https:\/\/signalisationsaphir.com\/index.php?rest_route=\/wp\/v2\/product\/21471","targetHints":{"allow":["GET"]}}],"collection":[{"href":"https:\/\/signalisationsaphir.com\/index.php?rest_route=\/wp\/v2\/product"}],"about":[{"href":"https:\/\/signalisationsaphir.com\/index.php?rest_route=\/wp\/v2\/types\/product"}],"version-history":[{"count":0,"href":"https:\/\/signalisationsaphir.com\/index.php?rest_route=\/wp\/v2\/product\/21471\/revisions"}],"wp:featuredmedia":[{"embeddable":true,"href":"https:\/\/signalisationsaphir.com\/index.php?rest_route=\/wp\/v2\/media\/21472"}],"wp:attachment":[{"href":"https:\/\/signalisationsaphir.com\/index.php?rest_route=%2Fwp%2Fv2%2Fmedia&parent=21471"}],"wp:term":[{"taxonomy":"pwb-brand","embeddable":true,"href":"https:\/\/signalisationsaphir.com\/index.php?rest_route=%2Fwp%2Fv2%2Fpwb-brand&post=21471"},{"taxonomy":"product_brand","embeddable":true,"href":"https:\/\/signalisationsaphir.com\/index.php?rest_route=%2Fwp%2Fv2%2Fproduct_brand&post=21471"},{"taxonomy":"product_cat","embeddable":true,"href":"https:\/\/signalisationsaphir.com\/index.php?rest_route=%2Fwp%2Fv2%2Fproduct_cat&post=21471"},{"taxonomy":"product_tag","embeddable":true,"href":"https:\/\/signalisationsaphir.com\/index.php?rest_route=%2Fwp%2Fv2%2Fproduct_tag&post=21471"}],"curies":[{"name":"wp","href":"https:\/\/api.w.org\/{rel}","templated":true}]}}