{"id":173,"date":"2014-07-06T10:43:57","date_gmt":"2014-07-06T14:43:57","guid":{"rendered":"http:\/\/flatsome.dev\/?post_type=product&#038;p=8263"},"modified":"2022-08-03T19:05:42","modified_gmt":"2022-08-03T23:05:42","slug":"manteau-long-48-reversible-n859c","status":"publish","type":"product","link":"https:\/\/signalisationsaphir.com\/?product=manteau-long-48-reversible-n859c","title":{"rendered":"Manteau long 48&#8243; r\u00e9versible N859C"},"content":{"rendered":"<p>Manteau long 48&#8243; r\u00e9versible orange-noir N859C. 190T polyester\/PVC. Bandes r\u00e9fl\u00e9chissantes. Capuchon d\u00e9tachable. Poche de chaque c\u00f4t\u00e9. Fermeture avant \u00e0 boutons pression.<\/p>\n<ul>\n<li>Couleur: orange\/noir.<\/li>\n<li>Grandeurs: XS \u00e0 5XL.<\/li>\n<\/ul>\n<p>V\u00eatements de s\u00e9curit\u00e9 : L\u2019am\u00e9nagement d\u2019un environnement s\u00e9curitaire est important pour tous. Signalisation Saphir offre toute une panoplie de v\u00eatements de s\u00e9curit\u00e9 professionnels. Nos articles et accessoires de s\u00e9curit\u00e9 r\u00e9pondent aux normes en vigueur de la s\u00e9curit\u00e9. D\u00e9couvrez nos v\u00eatements de s\u00e9curit\u00e9 pour travailleurs: casque de s\u00e9curit\u00e9. Parka. Manteau long 48&#8243; r\u00e9versible. Habit de pluie. Manteau long, couvre-tout. Veste et brassard incorporant des bandes r\u00e9fl\u00e9chissantes. Botte. Soulier. Chandail d\u2019\u00e9t\u00e9 et bien plus. Visitez les autres <a href=\"https:\/\/signalisationsaphir.com\/boutique-de-produits-de-securite-et-signalisation\/\" target=\"_blank\" rel=\"noopener\">cat\u00e9gories de produits disponible en boutique<\/a>.<\/p>\n","protected":false},"excerpt":{"rendered":"<p>Manteau long 48&#8243; r\u00e9versible orange-noir N859C. 190T polyester\/PVC. Bandes r\u00e9fl\u00e9chissantes. Capuchon d\u00e9tachable. Poche de chaque c\u00f4t\u00e9. Fermeture avant \u00e0 boutons pression. Veuillez noter que les taxes ne sont pas incluses dans le prix.<\/p>\n","protected":false},"featured_media":374,"template":"","meta":{"_acf_changed":false},"pwb-brand":[],"product_brand":[],"product_cat":[215],"product_tag":[225,226,228,230,232,234],"class_list":{"0":"post-173","1":"product","2":"type-product","3":"status-publish","4":"has-post-thumbnail","6":"product_cat-produits-de-securite","7":"product_tag-bandes-reflechissantes","8":"product_tag-capuchon","9":"product_tag-manteau","10":"product_tag-reversible","11":"product_tag-securite","12":"product_tag-vetement","13":"product_shipping_class-standard","15":"first","16":"instock","17":"taxable","18":"shipping-taxable","19":"purchasable","20":"product-type-simple"},"exclude_global_add_ons":false,"addons":[{"name":"Grandeur","type":"multiple_choice","position":0,"required":false,"title_format":"label","default":"","description_enable":false,"description":"","placeholder_enable":false,"placeholder":"","display":"select","restrictions_type":"any_text","adjust_price":false,"price":"","price_type":"flat_fee","restrictions":false,"min":"0","max":"0","options":[{"label":"XS - extra small","price":"","price_type":"flat_fee","image":0},{"label":"S - small","price":"","price_type":"flat_fee","image":0},{"label":"M - m\u00e9dium","price":"","price_type":"flat_fee","image":0},{"label":"L - large","price":"","price_type":"flat_fee","image":0},{"label":"XL - extra large","price":"","price_type":"flat_fee","image":0},{"label":"XXL - 2 x extra large","price":"","price_type":"flat_fee","image":0},{"label":"XXXL - 3 x extra large","price":"","price_type":"flat_fee","image":0},{"label":"XXXXL - 4 x extra large","price":"","price_type":"flat_fee","image":0},{"label":"XXXXXL - 5 x extra large","price":"","price_type":"flat_fee","image":0}]}],"acf":[],"yoast_head":"<!-- This site is optimized with the Yoast SEO Premium plugin v24.4 (Yoast SEO v24.4) - https:\/\/yoast.com\/wordpress\/plugins\/seo\/ -->\n<title>Manteau long 48&quot; r\u00e9versible N859C - Signalisation Saphir - S\u00e9curit\u00e9<\/title>\n<meta name=\"description\" content=\"Signalisation Saphir - Manteau long 48&quot; r\u00e9versible. Produits de s\u00e9curit\u00e9. Produits de signalisation. Produits sp\u00e9cialis\u00e9s. Et plus.\" \/>\n<meta name=\"robots\" content=\"index, follow, max-snippet:-1, max-image-preview:large, max-video-preview:-1\" \/>\n<link rel=\"canonical\" href=\"https:\/\/signalisationsaphir.com\/?product=manteau-long-48-reversible-n859c\" \/>\n<meta property=\"og:locale\" content=\"fr_FR\" \/>\n<meta property=\"og:type\" content=\"article\" \/>\n<meta property=\"og:title\" content=\"Manteau long 48&quot; r\u00e9versible N859C\" \/>\n<meta property=\"og:description\" content=\"Signalisation Saphir - Manteau long 48&quot; r\u00e9versible. Produits de s\u00e9curit\u00e9. Produits de signalisation. Produits sp\u00e9cialis\u00e9s. Et plus.\" \/>\n<meta property=\"og:url\" content=\"https:\/\/signalisationsaphir.com\/?product=manteau-long-48-reversible-n859c\" \/>\n<meta property=\"og:site_name\" content=\"Signalisation Saphir\" \/>\n<meta property=\"article:publisher\" content=\"https:\/\/www.facebook.com\/SignalisationSaphir\" \/>\n<meta property=\"article:modified_time\" content=\"2022-08-03T23:05:42+00:00\" \/>\n<meta property=\"og:image\" content=\"https:\/\/signalisationsaphir.com\/wp-content\/uploads\/2014\/07\/N859C.jpg\" \/>\n\t<meta property=\"og:image:width\" content=\"300\" \/>\n\t<meta property=\"og:image:height\" content=\"545\" \/>\n\t<meta property=\"og:image:type\" content=\"image\/jpeg\" \/>\n<meta name=\"twitter:card\" content=\"summary_large_image\" \/>\n<meta name=\"twitter:label1\" content=\"Dur\u00e9e de lecture estim\u00e9e\" \/>\n\t<meta name=\"twitter:data1\" content=\"1 minute\" \/>\n<script type=\"application\/ld+json\" class=\"yoast-schema-graph\">{\"@context\":\"https:\/\/schema.org\",\"@graph\":[{\"@type\":\"WebPage\",\"@id\":\"https:\/\/signalisationsaphir.com\/?product=manteau-long-48-reversible-n859c\",\"url\":\"https:\/\/signalisationsaphir.com\/?product=manteau-long-48-reversible-n859c\",\"name\":\"Manteau long 48\\\" r\u00e9versible N859C - Signalisation Saphir - S\u00e9curit\u00e9\",\"isPartOf\":{\"@id\":\"https:\/\/signalisationsaphir.com\/#website\"},\"primaryImageOfPage\":{\"@id\":\"https:\/\/signalisationsaphir.com\/?product=manteau-long-48-reversible-n859c#primaryimage\"},\"image\":{\"@id\":\"https:\/\/signalisationsaphir.com\/?product=manteau-long-48-reversible-n859c#primaryimage\"},\"thumbnailUrl\":\"https:\/\/signalisationsaphir.com\/wp-content\/uploads\/2014\/07\/N859C.jpg\",\"datePublished\":\"2014-07-06T14:43:57+00:00\",\"dateModified\":\"2022-08-03T23:05:42+00:00\",\"description\":\"Signalisation Saphir - Manteau long 48\\\" r\u00e9versible. Produits de s\u00e9curit\u00e9. Produits de signalisation. Produits sp\u00e9cialis\u00e9s. Et plus.\",\"breadcrumb\":{\"@id\":\"https:\/\/signalisationsaphir.com\/?product=manteau-long-48-reversible-n859c#breadcrumb\"},\"inLanguage\":\"fr-FR\",\"potentialAction\":[{\"@type\":\"ReadAction\",\"target\":[\"https:\/\/signalisationsaphir.com\/?product=manteau-long-48-reversible-n859c\"]}]},{\"@type\":\"ImageObject\",\"inLanguage\":\"fr-FR\",\"@id\":\"https:\/\/signalisationsaphir.com\/?product=manteau-long-48-reversible-n859c#primaryimage\",\"url\":\"https:\/\/signalisationsaphir.com\/wp-content\/uploads\/2014\/07\/N859C.jpg\",\"contentUrl\":\"https:\/\/signalisationsaphir.com\/wp-content\/uploads\/2014\/07\/N859C.jpg\",\"width\":300,\"height\":545},{\"@type\":\"BreadcrumbList\",\"@id\":\"https:\/\/signalisationsaphir.com\/?product=manteau-long-48-reversible-n859c#breadcrumb\",\"itemListElement\":[{\"@type\":\"ListItem\",\"position\":1,\"name\":\"Accueil\",\"item\":\"https:\/\/signalisationsaphir.com\/?page_id=9\"},{\"@type\":\"ListItem\",\"position\":2,\"name\":\"Boutique\",\"item\":\"https:\/\/signalisationsaphir.com\/?page_id=9\"},{\"@type\":\"ListItem\",\"position\":3,\"name\":\"Manteau long 48&#8243; r\u00e9versible N859C\"}]},{\"@type\":\"WebSite\",\"@id\":\"https:\/\/signalisationsaphir.com\/#website\",\"url\":\"https:\/\/signalisationsaphir.com\/\",\"name\":\"Signalisation Saphir\",\"description\":\"Boutique en ligne\",\"publisher\":{\"@id\":\"https:\/\/signalisationsaphir.com\/#organization\"},\"potentialAction\":[{\"@type\":\"SearchAction\",\"target\":{\"@type\":\"EntryPoint\",\"urlTemplate\":\"https:\/\/signalisationsaphir.com\/?s={search_term_string}\"},\"query-input\":{\"@type\":\"PropertyValueSpecification\",\"valueRequired\":true,\"valueName\":\"search_term_string\"}}],\"inLanguage\":\"fr-FR\"},{\"@type\":\"Organization\",\"@id\":\"https:\/\/signalisationsaphir.com\/#organization\",\"name\":\"Signalisation Saphir\",\"url\":\"https:\/\/signalisationsaphir.com\/\",\"logo\":{\"@type\":\"ImageObject\",\"inLanguage\":\"fr-FR\",\"@id\":\"https:\/\/signalisationsaphir.com\/#\/schema\/logo\/image\/\",\"url\":\"https:\/\/signalisationsaphir.com\/wp-content\/uploads\/2017\/01\/cropped-logo-web-plus-large-bleu-blanc.jpg\",\"contentUrl\":\"https:\/\/signalisationsaphir.com\/wp-content\/uploads\/2017\/01\/cropped-logo-web-plus-large-bleu-blanc.jpg\",\"width\":215,\"height\":95,\"caption\":\"Signalisation Saphir\"},\"image\":{\"@id\":\"https:\/\/signalisationsaphir.com\/#\/schema\/logo\/image\/\"},\"sameAs\":[\"https:\/\/www.facebook.com\/SignalisationSaphir\"]}]}<\/script>\n<!-- \/ Yoast SEO Premium plugin. -->","yoast_head_json":{"title":"Manteau long 48\" r\u00e9versible N859C - Signalisation Saphir - S\u00e9curit\u00e9","description":"Signalisation Saphir - Manteau long 48\" r\u00e9versible. Produits de s\u00e9curit\u00e9. Produits de signalisation. Produits sp\u00e9cialis\u00e9s. Et plus.","robots":{"index":"index","follow":"follow","max-snippet":"max-snippet:-1","max-image-preview":"max-image-preview:large","max-video-preview":"max-video-preview:-1"},"canonical":"https:\/\/signalisationsaphir.com\/?product=manteau-long-48-reversible-n859c","og_locale":"fr_FR","og_type":"article","og_title":"Manteau long 48\" r\u00e9versible N859C","og_description":"Signalisation Saphir - Manteau long 48\" r\u00e9versible. Produits de s\u00e9curit\u00e9. Produits de signalisation. Produits sp\u00e9cialis\u00e9s. Et plus.","og_url":"https:\/\/signalisationsaphir.com\/?product=manteau-long-48-reversible-n859c","og_site_name":"Signalisation Saphir","article_publisher":"https:\/\/www.facebook.com\/SignalisationSaphir","article_modified_time":"2022-08-03T23:05:42+00:00","og_image":[{"width":300,"height":545,"url":"https:\/\/signalisationsaphir.com\/wp-content\/uploads\/2014\/07\/N859C.jpg","type":"image\/jpeg"}],"twitter_card":"summary_large_image","twitter_misc":{"Dur\u00e9e de lecture estim\u00e9e":"1 minute"},"schema":{"@context":"https:\/\/schema.org","@graph":[{"@type":"WebPage","@id":"https:\/\/signalisationsaphir.com\/?product=manteau-long-48-reversible-n859c","url":"https:\/\/signalisationsaphir.com\/?product=manteau-long-48-reversible-n859c","name":"Manteau long 48\" r\u00e9versible N859C - Signalisation Saphir - S\u00e9curit\u00e9","isPartOf":{"@id":"https:\/\/signalisationsaphir.com\/#website"},"primaryImageOfPage":{"@id":"https:\/\/signalisationsaphir.com\/?product=manteau-long-48-reversible-n859c#primaryimage"},"image":{"@id":"https:\/\/signalisationsaphir.com\/?product=manteau-long-48-reversible-n859c#primaryimage"},"thumbnailUrl":"https:\/\/signalisationsaphir.com\/wp-content\/uploads\/2014\/07\/N859C.jpg","datePublished":"2014-07-06T14:43:57+00:00","dateModified":"2022-08-03T23:05:42+00:00","description":"Signalisation Saphir - Manteau long 48\" r\u00e9versible. Produits de s\u00e9curit\u00e9. Produits de signalisation. Produits sp\u00e9cialis\u00e9s. Et plus.","breadcrumb":{"@id":"https:\/\/signalisationsaphir.com\/?product=manteau-long-48-reversible-n859c#breadcrumb"},"inLanguage":"fr-FR","potentialAction":[{"@type":"ReadAction","target":["https:\/\/signalisationsaphir.com\/?product=manteau-long-48-reversible-n859c"]}]},{"@type":"ImageObject","inLanguage":"fr-FR","@id":"https:\/\/signalisationsaphir.com\/?product=manteau-long-48-reversible-n859c#primaryimage","url":"https:\/\/signalisationsaphir.com\/wp-content\/uploads\/2014\/07\/N859C.jpg","contentUrl":"https:\/\/signalisationsaphir.com\/wp-content\/uploads\/2014\/07\/N859C.jpg","width":300,"height":545},{"@type":"BreadcrumbList","@id":"https:\/\/signalisationsaphir.com\/?product=manteau-long-48-reversible-n859c#breadcrumb","itemListElement":[{"@type":"ListItem","position":1,"name":"Accueil","item":"https:\/\/signalisationsaphir.com\/?page_id=9"},{"@type":"ListItem","position":2,"name":"Boutique","item":"https:\/\/signalisationsaphir.com\/?page_id=9"},{"@type":"ListItem","position":3,"name":"Manteau long 48&#8243; r\u00e9versible N859C"}]},{"@type":"WebSite","@id":"https:\/\/signalisationsaphir.com\/#website","url":"https:\/\/signalisationsaphir.com\/","name":"Signalisation Saphir","description":"Boutique en ligne","publisher":{"@id":"https:\/\/signalisationsaphir.com\/#organization"},"potentialAction":[{"@type":"SearchAction","target":{"@type":"EntryPoint","urlTemplate":"https:\/\/signalisationsaphir.com\/?s={search_term_string}"},"query-input":{"@type":"PropertyValueSpecification","valueRequired":true,"valueName":"search_term_string"}}],"inLanguage":"fr-FR"},{"@type":"Organization","@id":"https:\/\/signalisationsaphir.com\/#organization","name":"Signalisation Saphir","url":"https:\/\/signalisationsaphir.com\/","logo":{"@type":"ImageObject","inLanguage":"fr-FR","@id":"https:\/\/signalisationsaphir.com\/#\/schema\/logo\/image\/","url":"https:\/\/signalisationsaphir.com\/wp-content\/uploads\/2017\/01\/cropped-logo-web-plus-large-bleu-blanc.jpg","contentUrl":"https:\/\/signalisationsaphir.com\/wp-content\/uploads\/2017\/01\/cropped-logo-web-plus-large-bleu-blanc.jpg","width":215,"height":95,"caption":"Signalisation Saphir"},"image":{"@id":"https:\/\/signalisationsaphir.com\/#\/schema\/logo\/image\/"},"sameAs":["https:\/\/www.facebook.com\/SignalisationSaphir"]}]}},"brands":[],"_links":{"self":[{"href":"https:\/\/signalisationsaphir.com\/index.php?rest_route=\/wp\/v2\/product\/173","targetHints":{"allow":["GET"]}}],"collection":[{"href":"https:\/\/signalisationsaphir.com\/index.php?rest_route=\/wp\/v2\/product"}],"about":[{"href":"https:\/\/signalisationsaphir.com\/index.php?rest_route=\/wp\/v2\/types\/product"}],"version-history":[{"count":0,"href":"https:\/\/signalisationsaphir.com\/index.php?rest_route=\/wp\/v2\/product\/173\/revisions"}],"wp:featuredmedia":[{"embeddable":true,"href":"https:\/\/signalisationsaphir.com\/index.php?rest_route=\/wp\/v2\/media\/374"}],"wp:attachment":[{"href":"https:\/\/signalisationsaphir.com\/index.php?rest_route=%2Fwp%2Fv2%2Fmedia&parent=173"}],"wp:term":[{"taxonomy":"pwb-brand","embeddable":true,"href":"https:\/\/signalisationsaphir.com\/index.php?rest_route=%2Fwp%2Fv2%2Fpwb-brand&post=173"},{"taxonomy":"product_brand","embeddable":true,"href":"https:\/\/signalisationsaphir.com\/index.php?rest_route=%2Fwp%2Fv2%2Fproduct_brand&post=173"},{"taxonomy":"product_cat","embeddable":true,"href":"https:\/\/signalisationsaphir.com\/index.php?rest_route=%2Fwp%2Fv2%2Fproduct_cat&post=173"},{"taxonomy":"product_tag","embeddable":true,"href":"https:\/\/signalisationsaphir.com\/index.php?rest_route=%2Fwp%2Fv2%2Fproduct_tag&post=173"}],"curies":[{"name":"wp","href":"https:\/\/api.w.org\/{rel}","templated":true}]}}