{"id":14055,"date":"2021-03-25T18:39:51","date_gmt":"2021-03-25T22:39:51","guid":{"rendered":"https:\/\/signalisationsaphir.com\/?post_type=product&#038;p=14055"},"modified":"2022-09-12T14:18:38","modified_gmt":"2022-09-12T18:18:38","slug":"delineateur-pour-voie-cyclable","status":"publish","type":"product","link":"https:\/\/signalisationsaphir.com\/?product=delineateur-pour-voie-cyclable","title":{"rendered":"D\u00e9lin\u00e9ateur pour voie cyclable"},"content":{"rendered":"<p>D\u00e9lin\u00e9ateur pour voie cyclable. Prix sur demande. Avec l&#8217;int\u00e9r\u00eat croissant pour un mode de vie plus sain, il n&#8217;est pas \u00e9tonnant que le nombre de cyclistes sur les routes publiques continue d&#8217;augmenter. Malheureusement, de nombreux itin\u00e9raires disponibles pour les cyclistes aujourd&#8217;hui ne disposent pas de mesures de protection appropri\u00e9es, ce qui expose les cyclistes \u00e0 des risques de blessures graves, voire mortelles. Cela est particuli\u00e8rement vrai dans les rues urbaines et urbaines.<\/p>\n<p>La conception innovante de notre syst\u00e8me de pistes cyclables permet une installation rapide et facile et une int\u00e9gration transparente dans n&#8217;importe quelle conception de rue, y compris les applications \u00e0 grande vitesse, les ponts et les routes courbes. Il fournit une barri\u00e8re tr\u00e8s visible dans les zones tampons entre les conducteurs et les cyclistes, am\u00e9liorant \u00e0 terme la s\u00e9curit\u00e9 de nos rues et de nos pistes cyclables.<\/p>\n<p>Avec le syst\u00e8me de base \u00e0 montage en surface standard ou le syst\u00e8me de bordure de canalisation Tuff Curb XLP\u00ae, Signalisation saphir offre des syst\u00e8mes id\u00e9aux de d\u00e9limitation du trafic sur les voies cyclables. Utilisez des bordures vertes pour marquer et d\u00e9limiter de mani\u00e8re permanente les voies cyclables, ainsi que notre blanc ou jaune pour la s\u00e9paration des lignes de carre. Les d\u00e9lin\u00e9ateurs sont r\u00e9sistants aux chocs et c\u00e8dent la place gr\u00e2ce \u00e0 notre syst\u00e8me de ressort brevet\u00e9 pour augmenter la s\u00e9curit\u00e9 des cyclistes.<\/p>\n<h4><strong>Caract\u00e9ristiques;<\/strong><\/h4>\n<p>Options de couleur du message: Vert, blanc ou jaune<\/p>\n<p>Options de couleur du r\u00e9flecteur: Blanc, jaune, vert<\/p>\n<p>Bases: Compatible avec toutes les bases<\/p>\n<p>Finition sup\u00e9rieure du poteau: Pression courte, pression longue, capuchon noir, dessus ouvert<\/p>\n<p>Les montants de chandelier offrent une visibilit\u00e9 et une r\u00e9flectivit\u00e9 \u00e0 360 degr\u00e9s, tandis que le syst\u00e8me de bordure utilise la technologie des billes de verre pour des r\u00e9flecteurs au sol durables et tr\u00e8s visibles. La base est \u00e9l\u00e9gante et discr\u00e8te pour offrir une s\u00e9curit\u00e9 maximale tout en fournissant les barri\u00e8res psychologiques n\u00e9cessaires pour assurer la s\u00e9curit\u00e9 des pistes cyclables.<\/p>\n<h4>Installation;<\/h4>\n<p>Toutes les bases peuvent \u00eatre install\u00e9es avec des adh\u00e9sifs routiers ou des ancrages m\u00e9caniques.<\/p>\n<ul>\n<li>Signalisation Saphir recommande fortement l&#8217;installation d&#8217;un poteau ou d&#8217;un panneau sur chaque section de bordure.<\/li>\n<\/ul>\n<h4><strong>Maintenance;<\/strong><\/h4>\n<p>Le syst\u00e8me \u00e0 ressort r\u00e9actif d&#8217;un produit Impact Recovery Systems n\u00e9cessite aucun entretien.<\/p>\n<p>Bases \u00e0 d\u00e9gagement rapide (BS-SMxQ) et versions \u00e0 d\u00e9gagement rapide de la bordure IRS les produits peuvent n\u00e9cessiter un nettoyage p\u00e9riodique des d\u00e9bris, ce qui peut nuire au<\/p>\n<p>m\u00e9canisme de d\u00e9verrouillage.<\/p>\n<p>Nettoyage: souffler le r\u00e9ceptacle \u00e0 d\u00e9gagement rapide avec un air comprim\u00e9 buse (sugg\u00e9r\u00e9e 50-100 psi).<\/p>\n<p>P\u00e9riode: avant la r\u00e9installation du printemps si le5 d\u00e9sinstall\u00e9 pendant 30 jours ou plus.<\/p>\n<h4>Visitez notre <a href=\"https:\/\/signalisationsaphir.com\/boutique-de-produits-de-securite-et-signalisation\/\" target=\"_blank\" rel=\"noopener\">boutique en ligne<\/a> pour explorer d&#8217;autres cat\u00e9gories de produits.<\/h4>\n<p><a href=\"https:\/\/www.transports.gouv.qc.ca\/fr\/securite-signalisation\/signalisation\/signalisation-voies-cyclables\/Pages\/signalisation-voies-cyclables.aspx\" target=\"_blank\" rel=\"noopener\">Normes<\/a> de signalisation qui concernent particuli\u00e8rement les voies cyclables.<\/p>\n","protected":false},"excerpt":{"rendered":"<p>D\u00e9lin\u00e9ateur pour voie cyclable. Prix sur demande. La conception innovante de notre syst\u00e8me de pistes cyclables permet une installation rapide et facile et une int\u00e9gration transparente dans n&#8217;importe quelle conception de rue, y compris les applications \u00e0 grande vitesse, les ponts et les routes courbes. Il fournit une barri\u00e8re tr\u00e8s visible dans les zones tampons entre les conducteurs et les cyclistes, am\u00e9liorant \u00e0 terme la s\u00e9curit\u00e9 de nos rues et de nos pistes cyclables.<\/p>\n<p>Options de couleur du message.\u00a0Options de couleur du r\u00e9flecteur. Bases: Compatible avec toutes les bases.<\/p>\n","protected":false},"featured_media":14056,"template":"","meta":{"_acf_changed":false},"pwb-brand":[],"product_brand":[],"product_cat":[221,216,217],"product_tag":[523,525,528,526,524,527,529,258],"class_list":{"0":"post-14055","1":"product","2":"type-product","3":"status-publish","4":"has-post-thumbnail","6":"product_cat-nouveautes","7":"product_cat-produits-signalisation","8":"product_cat-produits-specialises","9":"product_tag-delineateur-pour-voie-cyclable","10":"product_tag-installation-facile-et-simple","11":"product_tag-integration-transparente","12":"product_tag-peu-de-maintenance","13":"product_tag-protection-cyclistes","14":"product_tag-reflectivite-360-degres","15":"product_tag-resistants-aux-chocs","16":"product_tag-signalisation","17":"product_shipping_class-livraison-soumission-hors-dimension-poids","19":"first","20":"instock","21":"taxable","22":"shipping-taxable","23":"purchasable","24":"product-type-simple"},"exclude_global_add_ons":false,"addons":[{"name":"Options de couleur du message","type":"multiple_choice","position":0,"required":true,"title_format":"label","default":"","description_enable":false,"description":"","placeholder_enable":false,"placeholder":"","display":"select","restrictions_type":"any_text","adjust_price":false,"price":"","price_type":"flat_fee","restrictions":false,"min":"0","max":"0","options":[{"label":"Vert","price":"","price_type":"flat_fee","image":0},{"label":"Blanc","price":"","price_type":"flat_fee","image":0},{"label":"Jaune","price":"","price_type":"flat_fee","image":0}]},{"name":"Options de couleur du r\u00e9flecteur","type":"multiple_choice","position":1,"required":true,"title_format":"label","default":"","description_enable":false,"description":"","placeholder_enable":false,"placeholder":"","display":"select","restrictions_type":"any_text","adjust_price":false,"price":"","price_type":"flat_fee","restrictions":false,"min":"0","max":"0","options":[{"label":"Vert","price":"","price_type":"flat_fee","image":0},{"label":"Blanc","price":"","price_type":"flat_fee","image":0},{"label":"Jaune","price":"","price_type":"flat_fee","image":0},{"label":"","price":"","price_type":"flat_fee","image":0}]}],"acf":[],"yoast_head":"<!-- This site is optimized with the Yoast SEO Premium plugin v24.4 (Yoast SEO v24.4) - https:\/\/yoast.com\/wordpress\/plugins\/seo\/ -->\n<title>D\u00e9lin\u00e9ateur pour voie cyclable - Signalisation Saphir - Protection cyclistes<\/title>\n<meta name=\"description\" content=\"Signalisation Saphir - Distributeur international. Produits de s\u00e9curit\u00e9 &amp; signalisation. Produits sp\u00e9cialis\u00e9s: D\u00e9lin\u00e9ateur pour voie cyclable\" \/>\n<meta name=\"robots\" content=\"index, follow, max-snippet:-1, max-image-preview:large, max-video-preview:-1\" \/>\n<link rel=\"canonical\" href=\"https:\/\/signalisationsaphir.com\/?product=delineateur-pour-voie-cyclable\" \/>\n<meta property=\"og:locale\" content=\"fr_FR\" \/>\n<meta property=\"og:type\" content=\"article\" \/>\n<meta property=\"og:title\" content=\"D\u00e9lin\u00e9ateur pour voie cyclable\" \/>\n<meta property=\"og:description\" content=\"D\u00e9lin\u00e9ateur pour voie cyclable. Prix sur demande. La conception innovante de notre syst\u00e8me de pistes cyclables permet une installation rapide et facile et une int\u00e9gration transparente dans n&#039;importe quelle conception de rue, y compris les applications \u00e0 grande vitesse, les ponts et les routes courbes. Il fournit une barri\u00e8re tr\u00e8s visible dans les zones tampons entre les conducteurs et les cyclistes, am\u00e9liorant \u00e0 terme la s\u00e9curit\u00e9 de nos rues et de nos pistes cyclables.Options de couleur du message.\u00a0Options de couleur du r\u00e9flecteur. Bases: Compatible avec toutes les bases.\" \/>\n<meta property=\"og:url\" content=\"https:\/\/signalisationsaphir.com\/?product=delineateur-pour-voie-cyclable\" \/>\n<meta property=\"og:site_name\" content=\"Signalisation Saphir\" \/>\n<meta property=\"article:publisher\" content=\"https:\/\/www.facebook.com\/SignalisationSaphir\" \/>\n<meta property=\"article:modified_time\" content=\"2022-09-12T18:18:38+00:00\" \/>\n<meta property=\"og:image\" content=\"https:\/\/signalisationsaphir.com\/wp-content\/uploads\/2021\/03\/delineateur-.png\" \/>\n\t<meta property=\"og:image:width\" content=\"410\" \/>\n\t<meta property=\"og:image:height\" content=\"634\" \/>\n\t<meta property=\"og:image:type\" content=\"image\/png\" \/>\n<meta name=\"twitter:card\" content=\"summary_large_image\" \/>\n<meta name=\"twitter:label1\" content=\"Dur\u00e9e de lecture estim\u00e9e\" \/>\n\t<meta name=\"twitter:data1\" content=\"2 minutes\" \/>\n<script type=\"application\/ld+json\" class=\"yoast-schema-graph\">{\"@context\":\"https:\/\/schema.org\",\"@graph\":[{\"@type\":\"WebPage\",\"@id\":\"https:\/\/signalisationsaphir.com\/?product=delineateur-pour-voie-cyclable\",\"url\":\"https:\/\/signalisationsaphir.com\/?product=delineateur-pour-voie-cyclable\",\"name\":\"D\u00e9lin\u00e9ateur pour voie cyclable - Signalisation Saphir - Protection cyclistes\",\"isPartOf\":{\"@id\":\"https:\/\/signalisationsaphir.com\/#website\"},\"primaryImageOfPage\":{\"@id\":\"https:\/\/signalisationsaphir.com\/?product=delineateur-pour-voie-cyclable#primaryimage\"},\"image\":{\"@id\":\"https:\/\/signalisationsaphir.com\/?product=delineateur-pour-voie-cyclable#primaryimage\"},\"thumbnailUrl\":\"https:\/\/signalisationsaphir.com\/wp-content\/uploads\/2021\/03\/delineateur-.png\",\"datePublished\":\"2021-03-25T22:39:51+00:00\",\"dateModified\":\"2022-09-12T18:18:38+00:00\",\"description\":\"Signalisation Saphir - Distributeur international. Produits de s\u00e9curit\u00e9 & signalisation. Produits sp\u00e9cialis\u00e9s: D\u00e9lin\u00e9ateur pour voie cyclable\",\"breadcrumb\":{\"@id\":\"https:\/\/signalisationsaphir.com\/?product=delineateur-pour-voie-cyclable#breadcrumb\"},\"inLanguage\":\"fr-FR\",\"potentialAction\":[{\"@type\":\"ReadAction\",\"target\":[\"https:\/\/signalisationsaphir.com\/?product=delineateur-pour-voie-cyclable\"]}]},{\"@type\":\"ImageObject\",\"inLanguage\":\"fr-FR\",\"@id\":\"https:\/\/signalisationsaphir.com\/?product=delineateur-pour-voie-cyclable#primaryimage\",\"url\":\"https:\/\/signalisationsaphir.com\/wp-content\/uploads\/2021\/03\/delineateur-.png\",\"contentUrl\":\"https:\/\/signalisationsaphir.com\/wp-content\/uploads\/2021\/03\/delineateur-.png\",\"width\":410,\"height\":634,\"caption\":\"d\u00e9lin\u00e9ateur voie cyclable\"},{\"@type\":\"BreadcrumbList\",\"@id\":\"https:\/\/signalisationsaphir.com\/?product=delineateur-pour-voie-cyclable#breadcrumb\",\"itemListElement\":[{\"@type\":\"ListItem\",\"position\":1,\"name\":\"Accueil\",\"item\":\"https:\/\/signalisationsaphir.com\/?page_id=9\"},{\"@type\":\"ListItem\",\"position\":2,\"name\":\"Boutique\",\"item\":\"https:\/\/signalisationsaphir.com\/?page_id=9\"},{\"@type\":\"ListItem\",\"position\":3,\"name\":\"D\u00e9lin\u00e9ateur pour voie cyclable\"}]},{\"@type\":\"WebSite\",\"@id\":\"https:\/\/signalisationsaphir.com\/#website\",\"url\":\"https:\/\/signalisationsaphir.com\/\",\"name\":\"Signalisation Saphir\",\"description\":\"Boutique en ligne\",\"publisher\":{\"@id\":\"https:\/\/signalisationsaphir.com\/#organization\"},\"potentialAction\":[{\"@type\":\"SearchAction\",\"target\":{\"@type\":\"EntryPoint\",\"urlTemplate\":\"https:\/\/signalisationsaphir.com\/?s={search_term_string}\"},\"query-input\":{\"@type\":\"PropertyValueSpecification\",\"valueRequired\":true,\"valueName\":\"search_term_string\"}}],\"inLanguage\":\"fr-FR\"},{\"@type\":\"Organization\",\"@id\":\"https:\/\/signalisationsaphir.com\/#organization\",\"name\":\"Signalisation Saphir\",\"url\":\"https:\/\/signalisationsaphir.com\/\",\"logo\":{\"@type\":\"ImageObject\",\"inLanguage\":\"fr-FR\",\"@id\":\"https:\/\/signalisationsaphir.com\/#\/schema\/logo\/image\/\",\"url\":\"https:\/\/signalisationsaphir.com\/wp-content\/uploads\/2017\/01\/cropped-logo-web-plus-large-bleu-blanc.jpg\",\"contentUrl\":\"https:\/\/signalisationsaphir.com\/wp-content\/uploads\/2017\/01\/cropped-logo-web-plus-large-bleu-blanc.jpg\",\"width\":215,\"height\":95,\"caption\":\"Signalisation Saphir\"},\"image\":{\"@id\":\"https:\/\/signalisationsaphir.com\/#\/schema\/logo\/image\/\"},\"sameAs\":[\"https:\/\/www.facebook.com\/SignalisationSaphir\"]}]}<\/script>\n<!-- \/ Yoast SEO Premium plugin. -->","yoast_head_json":{"title":"D\u00e9lin\u00e9ateur pour voie cyclable - Signalisation Saphir - Protection cyclistes","description":"Signalisation Saphir - Distributeur international. Produits de s\u00e9curit\u00e9 & signalisation. Produits sp\u00e9cialis\u00e9s: D\u00e9lin\u00e9ateur pour voie cyclable","robots":{"index":"index","follow":"follow","max-snippet":"max-snippet:-1","max-image-preview":"max-image-preview:large","max-video-preview":"max-video-preview:-1"},"canonical":"https:\/\/signalisationsaphir.com\/?product=delineateur-pour-voie-cyclable","og_locale":"fr_FR","og_type":"article","og_title":"D\u00e9lin\u00e9ateur pour voie cyclable","og_description":"D\u00e9lin\u00e9ateur pour voie cyclable. Prix sur demande. La conception innovante de notre syst\u00e8me de pistes cyclables permet une installation rapide et facile et une int\u00e9gration transparente dans n'importe quelle conception de rue, y compris les applications \u00e0 grande vitesse, les ponts et les routes courbes. Il fournit une barri\u00e8re tr\u00e8s visible dans les zones tampons entre les conducteurs et les cyclistes, am\u00e9liorant \u00e0 terme la s\u00e9curit\u00e9 de nos rues et de nos pistes cyclables.Options de couleur du message.\u00a0Options de couleur du r\u00e9flecteur. Bases: Compatible avec toutes les bases.","og_url":"https:\/\/signalisationsaphir.com\/?product=delineateur-pour-voie-cyclable","og_site_name":"Signalisation Saphir","article_publisher":"https:\/\/www.facebook.com\/SignalisationSaphir","article_modified_time":"2022-09-12T18:18:38+00:00","og_image":[{"width":410,"height":634,"url":"https:\/\/signalisationsaphir.com\/wp-content\/uploads\/2021\/03\/delineateur-.png","type":"image\/png"}],"twitter_card":"summary_large_image","twitter_misc":{"Dur\u00e9e de lecture estim\u00e9e":"2 minutes"},"schema":{"@context":"https:\/\/schema.org","@graph":[{"@type":"WebPage","@id":"https:\/\/signalisationsaphir.com\/?product=delineateur-pour-voie-cyclable","url":"https:\/\/signalisationsaphir.com\/?product=delineateur-pour-voie-cyclable","name":"D\u00e9lin\u00e9ateur pour voie cyclable - Signalisation Saphir - Protection cyclistes","isPartOf":{"@id":"https:\/\/signalisationsaphir.com\/#website"},"primaryImageOfPage":{"@id":"https:\/\/signalisationsaphir.com\/?product=delineateur-pour-voie-cyclable#primaryimage"},"image":{"@id":"https:\/\/signalisationsaphir.com\/?product=delineateur-pour-voie-cyclable#primaryimage"},"thumbnailUrl":"https:\/\/signalisationsaphir.com\/wp-content\/uploads\/2021\/03\/delineateur-.png","datePublished":"2021-03-25T22:39:51+00:00","dateModified":"2022-09-12T18:18:38+00:00","description":"Signalisation Saphir - Distributeur international. Produits de s\u00e9curit\u00e9 & signalisation. Produits sp\u00e9cialis\u00e9s: D\u00e9lin\u00e9ateur pour voie cyclable","breadcrumb":{"@id":"https:\/\/signalisationsaphir.com\/?product=delineateur-pour-voie-cyclable#breadcrumb"},"inLanguage":"fr-FR","potentialAction":[{"@type":"ReadAction","target":["https:\/\/signalisationsaphir.com\/?product=delineateur-pour-voie-cyclable"]}]},{"@type":"ImageObject","inLanguage":"fr-FR","@id":"https:\/\/signalisationsaphir.com\/?product=delineateur-pour-voie-cyclable#primaryimage","url":"https:\/\/signalisationsaphir.com\/wp-content\/uploads\/2021\/03\/delineateur-.png","contentUrl":"https:\/\/signalisationsaphir.com\/wp-content\/uploads\/2021\/03\/delineateur-.png","width":410,"height":634,"caption":"d\u00e9lin\u00e9ateur voie cyclable"},{"@type":"BreadcrumbList","@id":"https:\/\/signalisationsaphir.com\/?product=delineateur-pour-voie-cyclable#breadcrumb","itemListElement":[{"@type":"ListItem","position":1,"name":"Accueil","item":"https:\/\/signalisationsaphir.com\/?page_id=9"},{"@type":"ListItem","position":2,"name":"Boutique","item":"https:\/\/signalisationsaphir.com\/?page_id=9"},{"@type":"ListItem","position":3,"name":"D\u00e9lin\u00e9ateur pour voie cyclable"}]},{"@type":"WebSite","@id":"https:\/\/signalisationsaphir.com\/#website","url":"https:\/\/signalisationsaphir.com\/","name":"Signalisation Saphir","description":"Boutique en ligne","publisher":{"@id":"https:\/\/signalisationsaphir.com\/#organization"},"potentialAction":[{"@type":"SearchAction","target":{"@type":"EntryPoint","urlTemplate":"https:\/\/signalisationsaphir.com\/?s={search_term_string}"},"query-input":{"@type":"PropertyValueSpecification","valueRequired":true,"valueName":"search_term_string"}}],"inLanguage":"fr-FR"},{"@type":"Organization","@id":"https:\/\/signalisationsaphir.com\/#organization","name":"Signalisation Saphir","url":"https:\/\/signalisationsaphir.com\/","logo":{"@type":"ImageObject","inLanguage":"fr-FR","@id":"https:\/\/signalisationsaphir.com\/#\/schema\/logo\/image\/","url":"https:\/\/signalisationsaphir.com\/wp-content\/uploads\/2017\/01\/cropped-logo-web-plus-large-bleu-blanc.jpg","contentUrl":"https:\/\/signalisationsaphir.com\/wp-content\/uploads\/2017\/01\/cropped-logo-web-plus-large-bleu-blanc.jpg","width":215,"height":95,"caption":"Signalisation Saphir"},"image":{"@id":"https:\/\/signalisationsaphir.com\/#\/schema\/logo\/image\/"},"sameAs":["https:\/\/www.facebook.com\/SignalisationSaphir"]}]}},"brands":[],"_links":{"self":[{"href":"https:\/\/signalisationsaphir.com\/index.php?rest_route=\/wp\/v2\/product\/14055","targetHints":{"allow":["GET"]}}],"collection":[{"href":"https:\/\/signalisationsaphir.com\/index.php?rest_route=\/wp\/v2\/product"}],"about":[{"href":"https:\/\/signalisationsaphir.com\/index.php?rest_route=\/wp\/v2\/types\/product"}],"version-history":[{"count":0,"href":"https:\/\/signalisationsaphir.com\/index.php?rest_route=\/wp\/v2\/product\/14055\/revisions"}],"wp:featuredmedia":[{"embeddable":true,"href":"https:\/\/signalisationsaphir.com\/index.php?rest_route=\/wp\/v2\/media\/14056"}],"wp:attachment":[{"href":"https:\/\/signalisationsaphir.com\/index.php?rest_route=%2Fwp%2Fv2%2Fmedia&parent=14055"}],"wp:term":[{"taxonomy":"pwb-brand","embeddable":true,"href":"https:\/\/signalisationsaphir.com\/index.php?rest_route=%2Fwp%2Fv2%2Fpwb-brand&post=14055"},{"taxonomy":"product_brand","embeddable":true,"href":"https:\/\/signalisationsaphir.com\/index.php?rest_route=%2Fwp%2Fv2%2Fproduct_brand&post=14055"},{"taxonomy":"product_cat","embeddable":true,"href":"https:\/\/signalisationsaphir.com\/index.php?rest_route=%2Fwp%2Fv2%2Fproduct_cat&post=14055"},{"taxonomy":"product_tag","embeddable":true,"href":"https:\/\/signalisationsaphir.com\/index.php?rest_route=%2Fwp%2Fv2%2Fproduct_tag&post=14055"}],"curies":[{"name":"wp","href":"https:\/\/api.w.org\/{rel}","templated":true}]}}