{"id":14027,"date":"2021-03-22T17:11:14","date_gmt":"2021-03-22T21:11:14","guid":{"rendered":"https:\/\/signalisationsaphir.com\/?post_type=product&#038;p=14027"},"modified":"2022-08-03T18:00:32","modified_gmt":"2022-08-03T22:00:32","slug":"grande-chaise-de-camping","status":"publish","type":"product","link":"https:\/\/signalisationsaphir.com\/?product=grande-chaise-de-camping","title":{"rendered":"Grande chaise de camping\u00a0"},"content":{"rendered":"<div>Grande chaise de camping. <span style=\"font-family: -apple-system, BlinkMacSystemFont, 'Segoe UI', Roboto, Oxygen-Sans, Ubuntu, Cantarell, 'Helvetica Neue', sans-serif;\">M\u00e9ga chaise 150KG, glaci\u00e8re int\u00e9gr\u00e9e, porte-revues, porte-gobelet, sac de rangement.<\/span><\/div>\n<div>\n<div class=\"gmail-product-properties\">\n<dl>\n<dt>Tissus :\u00a0 Polyester 600D Enduit de PVC, double \u00e9paisseur et bourrure<\/dt>\n<dt>Accessoire :\u00a0 Pliable<\/dt>\n<dt>Grandeurs :\u00a0 Unique<\/dt>\n<\/dl>\n<\/div>\n<\/div>\n<div>Prix : $49.95<\/div>\n<div><\/div>\n<div>Visitez notre <a href=\"https:\/\/signalisationsaphir.com\/boutique-de-produits-de-securite-et-signalisation\/\" target=\"_blank\" rel=\"noopener\">boutique en ligne<\/a> Saphir pour d\u00e9couvrir d&#8217;autres cat\u00e9gories de produits.<\/div>\n<div>Et pour des produits de l&#8217;avenir, explorez notre site <a href=\"https:\/\/led-the-way.com\/\" target=\"_blank\" rel=\"noopener\">Led the way<\/a> !<\/div>\n<div><\/div>\n","protected":false},"excerpt":{"rendered":"<div>Grande chaise de camping. <span style=\"font-family: -apple-system, BlinkMacSystemFont, 'Segoe UI', Roboto, Oxygen-Sans, Ubuntu, Cantarell, 'Helvetica Neue', sans-serif;\">M\u00e9ga chaise 150KG, glaci\u00e8re int\u00e9gr\u00e9e, porte-revues, porte-gobelet, sac de rangement. <\/span><span style=\"font-family: -apple-system, BlinkMacSystemFont, 'Segoe UI', Roboto, Oxygen-Sans, Ubuntu, Cantarell, 'Helvetica Neue', sans-serif;\">Tissus :\u00a0 Polyester 600D Enduit de PVC, double \u00e9paisseur et bourrure. <\/span><span style=\"font-family: -apple-system, BlinkMacSystemFont, 'Segoe UI', Roboto, Oxygen-Sans, Ubuntu, Cantarell, 'Helvetica Neue', sans-serif;\">Accessoire :\u00a0 Pliable. <\/span><span style=\"font-family: -apple-system, BlinkMacSystemFont, 'Segoe UI', Roboto, Oxygen-Sans, Ubuntu, Cantarell, 'Helvetica Neue', sans-serif;\">Grandeurs :\u00a0 Unique<\/span><\/div>\n","protected":false},"featured_media":14029,"template":"","meta":{"_acf_changed":false},"pwb-brand":[],"product_brand":[],"product_cat":[509],"product_tag":[513,452,515,514],"class_list":{"0":"post-14027","1":"product","2":"type-product","3":"status-publish","4":"has-post-thumbnail","6":"product_cat-accessoires-equipements-loisirs","7":"product_tag-grande-chaise-de-camping","8":"product_tag-grandeur-unique","9":"product_tag-pliable","10":"product_tag-polyester-600d-enduit-de-pvc","11":"product_shipping_class-standard","13":"first","14":"instock","15":"taxable","16":"shipping-taxable","17":"purchasable","18":"product-type-simple"},"exclude_global_add_ons":[],"addons":[],"acf":[],"yoast_head":"<!-- This site is optimized with the Yoast SEO Premium plugin v24.4 (Yoast SEO v24.4) - https:\/\/yoast.com\/wordpress\/plugins\/seo\/ -->\n<title>Grande chaise de camping\u00a0 - Signalisation Saphir - Acessoires loisirs<\/title>\n<meta name=\"description\" content=\"Signalisation Saphir - Distributeur international. Produits de s\u00e9curit\u00e9 &amp; signalisation. \u00c9quipements loisir: Grande chaise de camping.\" \/>\n<meta name=\"robots\" content=\"index, follow, max-snippet:-1, max-image-preview:large, max-video-preview:-1\" \/>\n<link rel=\"canonical\" href=\"https:\/\/signalisationsaphir.com\/?product=grande-chaise-de-camping\" \/>\n<meta property=\"og:locale\" content=\"fr_FR\" \/>\n<meta property=\"og:type\" content=\"article\" \/>\n<meta property=\"og:title\" content=\"Grande chaise de camping\u00a0\" \/>\n<meta property=\"og:description\" content=\"Signalisation Saphir - Distributeur international. Produits de s\u00e9curit\u00e9 &amp; signalisation. \u00c9quipements loisir: Grande chaise de camping.\" \/>\n<meta property=\"og:url\" content=\"https:\/\/signalisationsaphir.com\/?product=grande-chaise-de-camping\" \/>\n<meta property=\"og:site_name\" content=\"Signalisation Saphir\" \/>\n<meta property=\"article:publisher\" content=\"https:\/\/www.facebook.com\/SignalisationSaphir\" \/>\n<meta property=\"article:modified_time\" content=\"2022-08-03T22:00:32+00:00\" \/>\n<meta property=\"og:image\" content=\"https:\/\/signalisationsaphir.com\/wp-content\/uploads\/2021\/03\/grande-chaise-de-camping.jpg\" \/>\n\t<meta property=\"og:image:width\" content=\"550\" \/>\n\t<meta property=\"og:image:height\" content=\"550\" \/>\n\t<meta property=\"og:image:type\" content=\"image\/jpeg\" \/>\n<meta name=\"twitter:card\" content=\"summary_large_image\" \/>\n<meta name=\"twitter:label1\" content=\"Dur\u00e9e de lecture estim\u00e9e\" \/>\n\t<meta name=\"twitter:data1\" content=\"1 minute\" \/>\n<script type=\"application\/ld+json\" class=\"yoast-schema-graph\">{\"@context\":\"https:\/\/schema.org\",\"@graph\":[{\"@type\":\"WebPage\",\"@id\":\"https:\/\/signalisationsaphir.com\/?product=grande-chaise-de-camping\",\"url\":\"https:\/\/signalisationsaphir.com\/?product=grande-chaise-de-camping\",\"name\":\"Grande chaise de camping\u00a0 - Signalisation Saphir - Acessoires loisirs\",\"isPartOf\":{\"@id\":\"https:\/\/signalisationsaphir.com\/#website\"},\"primaryImageOfPage\":{\"@id\":\"https:\/\/signalisationsaphir.com\/?product=grande-chaise-de-camping#primaryimage\"},\"image\":{\"@id\":\"https:\/\/signalisationsaphir.com\/?product=grande-chaise-de-camping#primaryimage\"},\"thumbnailUrl\":\"https:\/\/signalisationsaphir.com\/wp-content\/uploads\/2021\/03\/grande-chaise-de-camping.jpg\",\"datePublished\":\"2021-03-22T21:11:14+00:00\",\"dateModified\":\"2022-08-03T22:00:32+00:00\",\"description\":\"Signalisation Saphir - Distributeur international. Produits de s\u00e9curit\u00e9 & signalisation. \u00c9quipements loisir: Grande chaise de camping.\",\"breadcrumb\":{\"@id\":\"https:\/\/signalisationsaphir.com\/?product=grande-chaise-de-camping#breadcrumb\"},\"inLanguage\":\"fr-FR\",\"potentialAction\":[{\"@type\":\"ReadAction\",\"target\":[\"https:\/\/signalisationsaphir.com\/?product=grande-chaise-de-camping\"]}]},{\"@type\":\"ImageObject\",\"inLanguage\":\"fr-FR\",\"@id\":\"https:\/\/signalisationsaphir.com\/?product=grande-chaise-de-camping#primaryimage\",\"url\":\"https:\/\/signalisationsaphir.com\/wp-content\/uploads\/2021\/03\/grande-chaise-de-camping.jpg\",\"contentUrl\":\"https:\/\/signalisationsaphir.com\/wp-content\/uploads\/2021\/03\/grande-chaise-de-camping.jpg\",\"width\":550,\"height\":550,\"caption\":\"grande chaise de camping\"},{\"@type\":\"BreadcrumbList\",\"@id\":\"https:\/\/signalisationsaphir.com\/?product=grande-chaise-de-camping#breadcrumb\",\"itemListElement\":[{\"@type\":\"ListItem\",\"position\":1,\"name\":\"Accueil\",\"item\":\"https:\/\/signalisationsaphir.com\/?page_id=9\"},{\"@type\":\"ListItem\",\"position\":2,\"name\":\"Boutique\",\"item\":\"https:\/\/signalisationsaphir.com\/?page_id=9\"},{\"@type\":\"ListItem\",\"position\":3,\"name\":\"Grande chaise de camping\u00a0\"}]},{\"@type\":\"WebSite\",\"@id\":\"https:\/\/signalisationsaphir.com\/#website\",\"url\":\"https:\/\/signalisationsaphir.com\/\",\"name\":\"Signalisation Saphir\",\"description\":\"Boutique en ligne\",\"publisher\":{\"@id\":\"https:\/\/signalisationsaphir.com\/#organization\"},\"potentialAction\":[{\"@type\":\"SearchAction\",\"target\":{\"@type\":\"EntryPoint\",\"urlTemplate\":\"https:\/\/signalisationsaphir.com\/?s={search_term_string}\"},\"query-input\":{\"@type\":\"PropertyValueSpecification\",\"valueRequired\":true,\"valueName\":\"search_term_string\"}}],\"inLanguage\":\"fr-FR\"},{\"@type\":\"Organization\",\"@id\":\"https:\/\/signalisationsaphir.com\/#organization\",\"name\":\"Signalisation Saphir\",\"url\":\"https:\/\/signalisationsaphir.com\/\",\"logo\":{\"@type\":\"ImageObject\",\"inLanguage\":\"fr-FR\",\"@id\":\"https:\/\/signalisationsaphir.com\/#\/schema\/logo\/image\/\",\"url\":\"https:\/\/signalisationsaphir.com\/wp-content\/uploads\/2017\/01\/cropped-logo-web-plus-large-bleu-blanc.jpg\",\"contentUrl\":\"https:\/\/signalisationsaphir.com\/wp-content\/uploads\/2017\/01\/cropped-logo-web-plus-large-bleu-blanc.jpg\",\"width\":215,\"height\":95,\"caption\":\"Signalisation Saphir\"},\"image\":{\"@id\":\"https:\/\/signalisationsaphir.com\/#\/schema\/logo\/image\/\"},\"sameAs\":[\"https:\/\/www.facebook.com\/SignalisationSaphir\"]}]}<\/script>\n<!-- \/ Yoast SEO Premium plugin. -->","yoast_head_json":{"title":"Grande chaise de camping\u00a0 - Signalisation Saphir - Acessoires loisirs","description":"Signalisation Saphir - Distributeur international. Produits de s\u00e9curit\u00e9 & signalisation. \u00c9quipements loisir: Grande chaise de camping.","robots":{"index":"index","follow":"follow","max-snippet":"max-snippet:-1","max-image-preview":"max-image-preview:large","max-video-preview":"max-video-preview:-1"},"canonical":"https:\/\/signalisationsaphir.com\/?product=grande-chaise-de-camping","og_locale":"fr_FR","og_type":"article","og_title":"Grande chaise de camping\u00a0","og_description":"Signalisation Saphir - Distributeur international. Produits de s\u00e9curit\u00e9 & signalisation. \u00c9quipements loisir: Grande chaise de camping.","og_url":"https:\/\/signalisationsaphir.com\/?product=grande-chaise-de-camping","og_site_name":"Signalisation Saphir","article_publisher":"https:\/\/www.facebook.com\/SignalisationSaphir","article_modified_time":"2022-08-03T22:00:32+00:00","og_image":[{"width":550,"height":550,"url":"https:\/\/signalisationsaphir.com\/wp-content\/uploads\/2021\/03\/grande-chaise-de-camping.jpg","type":"image\/jpeg"}],"twitter_card":"summary_large_image","twitter_misc":{"Dur\u00e9e de lecture estim\u00e9e":"1 minute"},"schema":{"@context":"https:\/\/schema.org","@graph":[{"@type":"WebPage","@id":"https:\/\/signalisationsaphir.com\/?product=grande-chaise-de-camping","url":"https:\/\/signalisationsaphir.com\/?product=grande-chaise-de-camping","name":"Grande chaise de camping\u00a0 - Signalisation Saphir - Acessoires loisirs","isPartOf":{"@id":"https:\/\/signalisationsaphir.com\/#website"},"primaryImageOfPage":{"@id":"https:\/\/signalisationsaphir.com\/?product=grande-chaise-de-camping#primaryimage"},"image":{"@id":"https:\/\/signalisationsaphir.com\/?product=grande-chaise-de-camping#primaryimage"},"thumbnailUrl":"https:\/\/signalisationsaphir.com\/wp-content\/uploads\/2021\/03\/grande-chaise-de-camping.jpg","datePublished":"2021-03-22T21:11:14+00:00","dateModified":"2022-08-03T22:00:32+00:00","description":"Signalisation Saphir - Distributeur international. Produits de s\u00e9curit\u00e9 & signalisation. \u00c9quipements loisir: Grande chaise de camping.","breadcrumb":{"@id":"https:\/\/signalisationsaphir.com\/?product=grande-chaise-de-camping#breadcrumb"},"inLanguage":"fr-FR","potentialAction":[{"@type":"ReadAction","target":["https:\/\/signalisationsaphir.com\/?product=grande-chaise-de-camping"]}]},{"@type":"ImageObject","inLanguage":"fr-FR","@id":"https:\/\/signalisationsaphir.com\/?product=grande-chaise-de-camping#primaryimage","url":"https:\/\/signalisationsaphir.com\/wp-content\/uploads\/2021\/03\/grande-chaise-de-camping.jpg","contentUrl":"https:\/\/signalisationsaphir.com\/wp-content\/uploads\/2021\/03\/grande-chaise-de-camping.jpg","width":550,"height":550,"caption":"grande chaise de camping"},{"@type":"BreadcrumbList","@id":"https:\/\/signalisationsaphir.com\/?product=grande-chaise-de-camping#breadcrumb","itemListElement":[{"@type":"ListItem","position":1,"name":"Accueil","item":"https:\/\/signalisationsaphir.com\/?page_id=9"},{"@type":"ListItem","position":2,"name":"Boutique","item":"https:\/\/signalisationsaphir.com\/?page_id=9"},{"@type":"ListItem","position":3,"name":"Grande chaise de camping\u00a0"}]},{"@type":"WebSite","@id":"https:\/\/signalisationsaphir.com\/#website","url":"https:\/\/signalisationsaphir.com\/","name":"Signalisation Saphir","description":"Boutique en ligne","publisher":{"@id":"https:\/\/signalisationsaphir.com\/#organization"},"potentialAction":[{"@type":"SearchAction","target":{"@type":"EntryPoint","urlTemplate":"https:\/\/signalisationsaphir.com\/?s={search_term_string}"},"query-input":{"@type":"PropertyValueSpecification","valueRequired":true,"valueName":"search_term_string"}}],"inLanguage":"fr-FR"},{"@type":"Organization","@id":"https:\/\/signalisationsaphir.com\/#organization","name":"Signalisation Saphir","url":"https:\/\/signalisationsaphir.com\/","logo":{"@type":"ImageObject","inLanguage":"fr-FR","@id":"https:\/\/signalisationsaphir.com\/#\/schema\/logo\/image\/","url":"https:\/\/signalisationsaphir.com\/wp-content\/uploads\/2017\/01\/cropped-logo-web-plus-large-bleu-blanc.jpg","contentUrl":"https:\/\/signalisationsaphir.com\/wp-content\/uploads\/2017\/01\/cropped-logo-web-plus-large-bleu-blanc.jpg","width":215,"height":95,"caption":"Signalisation Saphir"},"image":{"@id":"https:\/\/signalisationsaphir.com\/#\/schema\/logo\/image\/"},"sameAs":["https:\/\/www.facebook.com\/SignalisationSaphir"]}]}},"brands":[],"_links":{"self":[{"href":"https:\/\/signalisationsaphir.com\/index.php?rest_route=\/wp\/v2\/product\/14027","targetHints":{"allow":["GET"]}}],"collection":[{"href":"https:\/\/signalisationsaphir.com\/index.php?rest_route=\/wp\/v2\/product"}],"about":[{"href":"https:\/\/signalisationsaphir.com\/index.php?rest_route=\/wp\/v2\/types\/product"}],"version-history":[{"count":0,"href":"https:\/\/signalisationsaphir.com\/index.php?rest_route=\/wp\/v2\/product\/14027\/revisions"}],"wp:featuredmedia":[{"embeddable":true,"href":"https:\/\/signalisationsaphir.com\/index.php?rest_route=\/wp\/v2\/media\/14029"}],"wp:attachment":[{"href":"https:\/\/signalisationsaphir.com\/index.php?rest_route=%2Fwp%2Fv2%2Fmedia&parent=14027"}],"wp:term":[{"taxonomy":"pwb-brand","embeddable":true,"href":"https:\/\/signalisationsaphir.com\/index.php?rest_route=%2Fwp%2Fv2%2Fpwb-brand&post=14027"},{"taxonomy":"product_brand","embeddable":true,"href":"https:\/\/signalisationsaphir.com\/index.php?rest_route=%2Fwp%2Fv2%2Fproduct_brand&post=14027"},{"taxonomy":"product_cat","embeddable":true,"href":"https:\/\/signalisationsaphir.com\/index.php?rest_route=%2Fwp%2Fv2%2Fproduct_cat&post=14027"},{"taxonomy":"product_tag","embeddable":true,"href":"https:\/\/signalisationsaphir.com\/index.php?rest_route=%2Fwp%2Fv2%2Fproduct_tag&post=14027"}],"curies":[{"name":"wp","href":"https:\/\/api.w.org\/{rel}","templated":true}]}}