{"id":14025,"date":"2021-03-22T17:09:24","date_gmt":"2021-03-22T21:09:24","guid":{"rendered":"https:\/\/signalisationsaphir.com\/?post_type=product&#038;p=14025"},"modified":"2022-08-03T18:00:34","modified_gmt":"2022-08-03T22:00:34","slug":"sac-de-couchage-norfin","status":"publish","type":"product","link":"https:\/\/signalisationsaphir.com\/?product=sac-de-couchage-norfin","title":{"rendered":"Sac de couchage Norfin"},"content":{"rendered":"<p>Sac de couchage Norfin.<\/p>\n<div>Tissus : Polyester 190T<\/div>\n<div>Dimensions : 36&#8221; X 74&#8221;<\/div>\n<div>Couleurs : Noir<\/div>\n<div>Grandeurs :Unique<\/div>\n<div><\/div>\n<div>Prix du Sac de couchage Norfin : $27.95<\/div>\n<div><\/div>\n<div>Visitez notre <a href=\"https:\/\/signalisationsaphir.com\/boutique-de-produits-de-securite-et-signalisation\/\" target=\"_blank\" rel=\"noopener\">boutique en ligne<\/a> Saphir pour d\u00e9couvrir d&#8217;autres cat\u00e9gories de produits.<\/div>\n<div>Et pour des produits de l&#8217;avenir, explorez notre site <a href=\"https:\/\/led-the-way.com\/\" target=\"_blank\" rel=\"noopener\">Led the way<\/a> !<\/div>\n<div><\/div>\n","protected":false},"excerpt":{"rendered":"<p>Sac de couchage Norfin. Tissus : Polyester 190T. Dimensions : 36&#8221; X 74&#8221;. Couleurs : Noir. Grandeurs :Unique. Prix du Sac de couchage Norfin : $27.95<\/p>\n","protected":false},"featured_media":14026,"template":"","meta":{"_acf_changed":false},"pwb-brand":[],"product_brand":[],"product_cat":[509],"product_tag":[452,472,511,510],"class_list":{"0":"post-14025","1":"product","2":"type-product","3":"status-publish","4":"has-post-thumbnail","6":"product_cat-accessoires-equipements-loisirs","7":"product_tag-grandeur-unique","8":"product_tag-noir","9":"product_tag-polyester-190t","10":"product_tag-sac-de-couchage-norfin","11":"product_shipping_class-standard","13":"first","14":"instock","15":"taxable","16":"shipping-taxable","17":"purchasable","18":"product-type-simple"},"exclude_global_add_ons":[],"addons":[],"acf":[],"yoast_head":"<!-- This site is optimized with the Yoast SEO Premium plugin v24.4 (Yoast SEO v24.4) - https:\/\/yoast.com\/wordpress\/plugins\/seo\/ -->\n<title>Sac de couchage Norfin - Signalisation Saphir - Acessoires loisirs<\/title>\n<meta name=\"description\" content=\"Signalisation Saphir - Distributeur international. Produits de s\u00e9curit\u00e9 &amp; signalisation. \u00c9quipements loisir: Sac de couchage Norfin.\" \/>\n<meta name=\"robots\" content=\"index, follow, max-snippet:-1, max-image-preview:large, max-video-preview:-1\" \/>\n<link rel=\"canonical\" href=\"https:\/\/signalisationsaphir.com\/?product=sac-de-couchage-norfin\" \/>\n<meta property=\"og:locale\" content=\"fr_FR\" \/>\n<meta property=\"og:type\" content=\"article\" \/>\n<meta property=\"og:title\" content=\"Sac de couchage Norfin\" \/>\n<meta property=\"og:description\" content=\"Signalisation Saphir - Distributeur international. Produits de s\u00e9curit\u00e9 &amp; signalisation. \u00c9quipements loisir: Sac de couchage Norfin.\" \/>\n<meta property=\"og:url\" content=\"https:\/\/signalisationsaphir.com\/?product=sac-de-couchage-norfin\" \/>\n<meta property=\"og:site_name\" content=\"Signalisation Saphir\" \/>\n<meta property=\"article:publisher\" content=\"https:\/\/www.facebook.com\/SignalisationSaphir\" \/>\n<meta property=\"article:modified_time\" content=\"2022-08-03T22:00:34+00:00\" \/>\n<meta property=\"og:image\" content=\"https:\/\/signalisationsaphir.com\/wp-content\/uploads\/2021\/03\/sac-de-couchage-Norfin.png\" \/>\n\t<meta property=\"og:image:width\" content=\"415\" \/>\n\t<meta property=\"og:image:height\" content=\"415\" \/>\n\t<meta property=\"og:image:type\" content=\"image\/png\" \/>\n<meta name=\"twitter:card\" content=\"summary_large_image\" \/>\n<meta name=\"twitter:label1\" content=\"Dur\u00e9e de lecture estim\u00e9e\" \/>\n\t<meta name=\"twitter:data1\" content=\"1 minute\" \/>\n<script type=\"application\/ld+json\" class=\"yoast-schema-graph\">{\"@context\":\"https:\/\/schema.org\",\"@graph\":[{\"@type\":\"WebPage\",\"@id\":\"https:\/\/signalisationsaphir.com\/?product=sac-de-couchage-norfin\",\"url\":\"https:\/\/signalisationsaphir.com\/?product=sac-de-couchage-norfin\",\"name\":\"Sac de couchage Norfin - Signalisation Saphir - Acessoires loisirs\",\"isPartOf\":{\"@id\":\"https:\/\/signalisationsaphir.com\/#website\"},\"primaryImageOfPage\":{\"@id\":\"https:\/\/signalisationsaphir.com\/?product=sac-de-couchage-norfin#primaryimage\"},\"image\":{\"@id\":\"https:\/\/signalisationsaphir.com\/?product=sac-de-couchage-norfin#primaryimage\"},\"thumbnailUrl\":\"https:\/\/signalisationsaphir.com\/wp-content\/uploads\/2021\/03\/sac-de-couchage-Norfin.png\",\"datePublished\":\"2021-03-22T21:09:24+00:00\",\"dateModified\":\"2022-08-03T22:00:34+00:00\",\"description\":\"Signalisation Saphir - Distributeur international. Produits de s\u00e9curit\u00e9 & signalisation. \u00c9quipements loisir: Sac de couchage Norfin.\",\"breadcrumb\":{\"@id\":\"https:\/\/signalisationsaphir.com\/?product=sac-de-couchage-norfin#breadcrumb\"},\"inLanguage\":\"fr-FR\",\"potentialAction\":[{\"@type\":\"ReadAction\",\"target\":[\"https:\/\/signalisationsaphir.com\/?product=sac-de-couchage-norfin\"]}]},{\"@type\":\"ImageObject\",\"inLanguage\":\"fr-FR\",\"@id\":\"https:\/\/signalisationsaphir.com\/?product=sac-de-couchage-norfin#primaryimage\",\"url\":\"https:\/\/signalisationsaphir.com\/wp-content\/uploads\/2021\/03\/sac-de-couchage-Norfin.png\",\"contentUrl\":\"https:\/\/signalisationsaphir.com\/wp-content\/uploads\/2021\/03\/sac-de-couchage-Norfin.png\",\"width\":415,\"height\":415,\"caption\":\"sac de couchage Norfin\"},{\"@type\":\"BreadcrumbList\",\"@id\":\"https:\/\/signalisationsaphir.com\/?product=sac-de-couchage-norfin#breadcrumb\",\"itemListElement\":[{\"@type\":\"ListItem\",\"position\":1,\"name\":\"Accueil\",\"item\":\"https:\/\/signalisationsaphir.com\/?page_id=9\"},{\"@type\":\"ListItem\",\"position\":2,\"name\":\"Boutique\",\"item\":\"https:\/\/signalisationsaphir.com\/?page_id=9\"},{\"@type\":\"ListItem\",\"position\":3,\"name\":\"Sac de couchage Norfin\"}]},{\"@type\":\"WebSite\",\"@id\":\"https:\/\/signalisationsaphir.com\/#website\",\"url\":\"https:\/\/signalisationsaphir.com\/\",\"name\":\"Signalisation Saphir\",\"description\":\"Boutique en ligne\",\"publisher\":{\"@id\":\"https:\/\/signalisationsaphir.com\/#organization\"},\"potentialAction\":[{\"@type\":\"SearchAction\",\"target\":{\"@type\":\"EntryPoint\",\"urlTemplate\":\"https:\/\/signalisationsaphir.com\/?s={search_term_string}\"},\"query-input\":{\"@type\":\"PropertyValueSpecification\",\"valueRequired\":true,\"valueName\":\"search_term_string\"}}],\"inLanguage\":\"fr-FR\"},{\"@type\":\"Organization\",\"@id\":\"https:\/\/signalisationsaphir.com\/#organization\",\"name\":\"Signalisation Saphir\",\"url\":\"https:\/\/signalisationsaphir.com\/\",\"logo\":{\"@type\":\"ImageObject\",\"inLanguage\":\"fr-FR\",\"@id\":\"https:\/\/signalisationsaphir.com\/#\/schema\/logo\/image\/\",\"url\":\"https:\/\/signalisationsaphir.com\/wp-content\/uploads\/2017\/01\/cropped-logo-web-plus-large-bleu-blanc.jpg\",\"contentUrl\":\"https:\/\/signalisationsaphir.com\/wp-content\/uploads\/2017\/01\/cropped-logo-web-plus-large-bleu-blanc.jpg\",\"width\":215,\"height\":95,\"caption\":\"Signalisation Saphir\"},\"image\":{\"@id\":\"https:\/\/signalisationsaphir.com\/#\/schema\/logo\/image\/\"},\"sameAs\":[\"https:\/\/www.facebook.com\/SignalisationSaphir\"]}]}<\/script>\n<!-- \/ Yoast SEO Premium plugin. -->","yoast_head_json":{"title":"Sac de couchage Norfin - Signalisation Saphir - Acessoires loisirs","description":"Signalisation Saphir - Distributeur international. Produits de s\u00e9curit\u00e9 & signalisation. \u00c9quipements loisir: Sac de couchage Norfin.","robots":{"index":"index","follow":"follow","max-snippet":"max-snippet:-1","max-image-preview":"max-image-preview:large","max-video-preview":"max-video-preview:-1"},"canonical":"https:\/\/signalisationsaphir.com\/?product=sac-de-couchage-norfin","og_locale":"fr_FR","og_type":"article","og_title":"Sac de couchage Norfin","og_description":"Signalisation Saphir - Distributeur international. Produits de s\u00e9curit\u00e9 & signalisation. \u00c9quipements loisir: Sac de couchage Norfin.","og_url":"https:\/\/signalisationsaphir.com\/?product=sac-de-couchage-norfin","og_site_name":"Signalisation Saphir","article_publisher":"https:\/\/www.facebook.com\/SignalisationSaphir","article_modified_time":"2022-08-03T22:00:34+00:00","og_image":[{"width":415,"height":415,"url":"https:\/\/signalisationsaphir.com\/wp-content\/uploads\/2021\/03\/sac-de-couchage-Norfin.png","type":"image\/png"}],"twitter_card":"summary_large_image","twitter_misc":{"Dur\u00e9e de lecture estim\u00e9e":"1 minute"},"schema":{"@context":"https:\/\/schema.org","@graph":[{"@type":"WebPage","@id":"https:\/\/signalisationsaphir.com\/?product=sac-de-couchage-norfin","url":"https:\/\/signalisationsaphir.com\/?product=sac-de-couchage-norfin","name":"Sac de couchage Norfin - Signalisation Saphir - Acessoires loisirs","isPartOf":{"@id":"https:\/\/signalisationsaphir.com\/#website"},"primaryImageOfPage":{"@id":"https:\/\/signalisationsaphir.com\/?product=sac-de-couchage-norfin#primaryimage"},"image":{"@id":"https:\/\/signalisationsaphir.com\/?product=sac-de-couchage-norfin#primaryimage"},"thumbnailUrl":"https:\/\/signalisationsaphir.com\/wp-content\/uploads\/2021\/03\/sac-de-couchage-Norfin.png","datePublished":"2021-03-22T21:09:24+00:00","dateModified":"2022-08-03T22:00:34+00:00","description":"Signalisation Saphir - Distributeur international. Produits de s\u00e9curit\u00e9 & signalisation. \u00c9quipements loisir: Sac de couchage Norfin.","breadcrumb":{"@id":"https:\/\/signalisationsaphir.com\/?product=sac-de-couchage-norfin#breadcrumb"},"inLanguage":"fr-FR","potentialAction":[{"@type":"ReadAction","target":["https:\/\/signalisationsaphir.com\/?product=sac-de-couchage-norfin"]}]},{"@type":"ImageObject","inLanguage":"fr-FR","@id":"https:\/\/signalisationsaphir.com\/?product=sac-de-couchage-norfin#primaryimage","url":"https:\/\/signalisationsaphir.com\/wp-content\/uploads\/2021\/03\/sac-de-couchage-Norfin.png","contentUrl":"https:\/\/signalisationsaphir.com\/wp-content\/uploads\/2021\/03\/sac-de-couchage-Norfin.png","width":415,"height":415,"caption":"sac de couchage Norfin"},{"@type":"BreadcrumbList","@id":"https:\/\/signalisationsaphir.com\/?product=sac-de-couchage-norfin#breadcrumb","itemListElement":[{"@type":"ListItem","position":1,"name":"Accueil","item":"https:\/\/signalisationsaphir.com\/?page_id=9"},{"@type":"ListItem","position":2,"name":"Boutique","item":"https:\/\/signalisationsaphir.com\/?page_id=9"},{"@type":"ListItem","position":3,"name":"Sac de couchage Norfin"}]},{"@type":"WebSite","@id":"https:\/\/signalisationsaphir.com\/#website","url":"https:\/\/signalisationsaphir.com\/","name":"Signalisation Saphir","description":"Boutique en ligne","publisher":{"@id":"https:\/\/signalisationsaphir.com\/#organization"},"potentialAction":[{"@type":"SearchAction","target":{"@type":"EntryPoint","urlTemplate":"https:\/\/signalisationsaphir.com\/?s={search_term_string}"},"query-input":{"@type":"PropertyValueSpecification","valueRequired":true,"valueName":"search_term_string"}}],"inLanguage":"fr-FR"},{"@type":"Organization","@id":"https:\/\/signalisationsaphir.com\/#organization","name":"Signalisation Saphir","url":"https:\/\/signalisationsaphir.com\/","logo":{"@type":"ImageObject","inLanguage":"fr-FR","@id":"https:\/\/signalisationsaphir.com\/#\/schema\/logo\/image\/","url":"https:\/\/signalisationsaphir.com\/wp-content\/uploads\/2017\/01\/cropped-logo-web-plus-large-bleu-blanc.jpg","contentUrl":"https:\/\/signalisationsaphir.com\/wp-content\/uploads\/2017\/01\/cropped-logo-web-plus-large-bleu-blanc.jpg","width":215,"height":95,"caption":"Signalisation Saphir"},"image":{"@id":"https:\/\/signalisationsaphir.com\/#\/schema\/logo\/image\/"},"sameAs":["https:\/\/www.facebook.com\/SignalisationSaphir"]}]}},"brands":[],"_links":{"self":[{"href":"https:\/\/signalisationsaphir.com\/index.php?rest_route=\/wp\/v2\/product\/14025","targetHints":{"allow":["GET"]}}],"collection":[{"href":"https:\/\/signalisationsaphir.com\/index.php?rest_route=\/wp\/v2\/product"}],"about":[{"href":"https:\/\/signalisationsaphir.com\/index.php?rest_route=\/wp\/v2\/types\/product"}],"version-history":[{"count":0,"href":"https:\/\/signalisationsaphir.com\/index.php?rest_route=\/wp\/v2\/product\/14025\/revisions"}],"wp:featuredmedia":[{"embeddable":true,"href":"https:\/\/signalisationsaphir.com\/index.php?rest_route=\/wp\/v2\/media\/14026"}],"wp:attachment":[{"href":"https:\/\/signalisationsaphir.com\/index.php?rest_route=%2Fwp%2Fv2%2Fmedia&parent=14025"}],"wp:term":[{"taxonomy":"pwb-brand","embeddable":true,"href":"https:\/\/signalisationsaphir.com\/index.php?rest_route=%2Fwp%2Fv2%2Fpwb-brand&post=14025"},{"taxonomy":"product_brand","embeddable":true,"href":"https:\/\/signalisationsaphir.com\/index.php?rest_route=%2Fwp%2Fv2%2Fproduct_brand&post=14025"},{"taxonomy":"product_cat","embeddable":true,"href":"https:\/\/signalisationsaphir.com\/index.php?rest_route=%2Fwp%2Fv2%2Fproduct_cat&post=14025"},{"taxonomy":"product_tag","embeddable":true,"href":"https:\/\/signalisationsaphir.com\/index.php?rest_route=%2Fwp%2Fv2%2Fproduct_tag&post=14025"}],"curies":[{"name":"wp","href":"https:\/\/api.w.org\/{rel}","templated":true}]}}