{"id":14016,"date":"2021-03-22T15:01:24","date_gmt":"2021-03-22T19:01:24","guid":{"rendered":"https:\/\/signalisationsaphir.com\/?post_type=product&#038;p=14016"},"modified":"2022-08-03T18:36:07","modified_gmt":"2022-08-03T22:36:07","slug":"chandail-a-capuchon-orange-ou-noir","status":"publish","type":"product","link":"https:\/\/signalisationsaphir.com\/?product=chandail-a-capuchon-orange-ou-noir","title":{"rendered":"Chandail \u00e0 capuchon\u00a0orange ou noir"},"content":{"rendered":"<div>\n<div>Chandail \u00e0 capuchon orange ou noir. Le gilet \u00e0 capuchon est pour homme. Il est fabriqu\u00e9 d&#8217;un tissu \u00e0 100% Polyester. Garniture : Bandes r\u00e9fl\u00e9chissantes. Accessoire : Support Radio. Couleurs : Noir &#8211; Orange<\/div>\n<div>Grandeurs :XS &#8211; S &#8211; M &#8211; L &#8211; XL &#8211; 2X &#8211; 3X &#8211; 4X &#8211; 5X<\/div>\n<div><\/div>\n<h2>Prix du chandail \u00e0 capuchon orange ou noir : $55.95<\/h2>\n<\/div>\n<p>Visitez les autres <a href=\"https:\/\/signalisationsaphir.com\/boutique-de-produits-de-securite-et-signalisation\/\" target=\"_blank\" rel=\"noopener\">cat\u00e9gories de produits disponible en boutique<\/a>.<\/p>\n<p><strong>Produits de s\u00e9curit\u00e9 :<\/strong><\/p>\n<p>L\u2019am\u00e9nagement d\u2019un environnement s\u00e9curitaire est important pour tous. Signalisation Saphir offre toute une panoplie de produits de s\u00e9curit\u00e9 professionnels. Nos articles et accessoires de s\u00e9curit\u00e9 r\u00e9pondent aux normes en vigueur de la s\u00e9curit\u00e9. Gamme de produits pour voirie offerts: Bollard TRV-10 de 48&#8243; avec goupille flexible. C\u00f4ne orange 28&#8243;. Des v\u00eatements pour travailleurs: chapeau de s\u00e9curit\u00e9. Parka. Habit de pluie. Bottes. Souliers. Avec en plus des vestes avec bandes r\u00e9fl\u00e9chissantes. Chandails d&#8217;\u00e9t\u00e9 et bien plus. Accessoires:\u00a0 fus\u00e9e routi\u00e8re, pes\u00e9e et dos d&#8217;\u00e2ne et cl\u00f4ture de balisage.<\/p>\n<p>Produits offerts pour: minist\u00e8re du transport. Municipalit\u00e9s. Entrepreneurs g\u00e9n\u00e9raux. Chantiers de construction etc.<\/p>\n","protected":false},"excerpt":{"rendered":"<div>Chandail \u00e0 capuchon orange ou noir. Le gilet \u00e0 capuchon est pour homme. Il est fabriqu\u00e9 d&#8217;un tissu \u00e0 100% Polyester. Garniture : Bandes r\u00e9fl\u00e9chissantes. Accessoire : Support Radio. Couleurs : Noir &#8211; Orange. Grandeurs :XS &#8211; S &#8211; M &#8211; L &#8211; XL &#8211; 2X &#8211; 3X &#8211; 4X &#8211; 5X. <span style=\"font-family: -apple-system, BlinkMacSystemFont, 'Segoe UI', Roboto, Oxygen-Sans, Ubuntu, Cantarell, 'Helvetica Neue', sans-serif;\">Veuillez noter que les taxes ne sont pas incluses dans le prix.\u00a0<\/span><\/div>\n","protected":false},"featured_media":14019,"template":"","meta":{"_acf_changed":false},"pwb-brand":[],"product_brand":[],"product_cat":[220],"product_tag":[225,504,503],"class_list":{"0":"post-14016","1":"product","2":"type-product","3":"status-publish","4":"has-post-thumbnail","6":"product_cat-vetements-de-securite","7":"product_tag-bandes-reflechissantes","8":"product_tag-chandail-a-capuchon-orange-ou-noir","9":"product_tag-support-radio","10":"product_shipping_class-standard","12":"first","13":"instock","14":"taxable","15":"shipping-taxable","16":"purchasable","17":"product-type-simple"},"exclude_global_add_ons":false,"addons":[{"name":"Choisissez votre couleur","type":"multiple_choice","position":0,"required":true,"title_format":"label","default":"","description_enable":false,"description":"","placeholder_enable":false,"placeholder":"","display":"select","restrictions_type":"any_text","adjust_price":false,"price":"","price_type":"flat_fee","restrictions":false,"min":"0","max":"0","options":[{"label":"Noir","price":"","price_type":"flat_fee","image":0},{"label":"Orange","price":"","price_type":"flat_fee","image":0}]},{"name":"Choisissez votre grandeur","type":"multiple_choice","position":1,"required":true,"title_format":"label","default":"","description_enable":false,"description":"","placeholder_enable":false,"placeholder":"","display":"select","restrictions_type":"any_text","adjust_price":false,"price":"","price_type":"flat_fee","restrictions":false,"min":"0","max":"0","options":[{"label":"XS - Extra Small","price":"","price_type":"flat_fee","image":0},{"label":"S - Small","price":"","price_type":"flat_fee","image":0},{"label":"M - M\u00e9dium","price":"","price_type":"flat_fee","image":0},{"label":"L - Large","price":"","price_type":"flat_fee","image":0},{"label":"XL - Extra large","price":"","price_type":"flat_fee","image":0},{"label":"XXXL - 3X Extra large","price":"","price_type":"flat_fee","image":0},{"label":"XXXXL - 4X Extra large","price":"","price_type":"flat_fee","image":0},{"label":"XXXXXL - 5X Large","price":"","price_type":"flat_fee","image":0}]}],"acf":[],"yoast_head":"<!-- This site is optimized with the Yoast SEO Premium plugin v24.4 (Yoast SEO v24.4) - https:\/\/yoast.com\/wordpress\/plugins\/seo\/ -->\n<title>Chandail \u00e0 capuchon\u00a0orange ou noir - Signalisation Saphir - S\u00e9curit\u00e9<\/title>\n<meta name=\"description\" content=\"Signalisation Saphir. Produits de s\u00e9curit\u00e9 &amp; signalisation. Chandail \u00e0 capuchon\u00a0orange ou noir. 100% Polyester. Bandes r\u00e9fl\u00e9chissantes.\" \/>\n<meta name=\"robots\" content=\"index, follow, max-snippet:-1, max-image-preview:large, max-video-preview:-1\" \/>\n<link rel=\"canonical\" href=\"https:\/\/signalisationsaphir.com\/?product=chandail-a-capuchon-orange-ou-noir\" \/>\n<meta property=\"og:locale\" content=\"fr_FR\" \/>\n<meta property=\"og:type\" content=\"article\" \/>\n<meta property=\"og:title\" content=\"Chandail \u00e0 capuchon\u00a0orange ou noir\" \/>\n<meta property=\"og:description\" content=\"Signalisation Saphir. Produits de s\u00e9curit\u00e9 &amp; signalisation. Chandail \u00e0 capuchon\u00a0orange ou noir. 100% Polyester. Bandes r\u00e9fl\u00e9chissantes.\" \/>\n<meta property=\"og:url\" content=\"https:\/\/signalisationsaphir.com\/?product=chandail-a-capuchon-orange-ou-noir\" \/>\n<meta property=\"og:site_name\" content=\"Signalisation Saphir\" \/>\n<meta property=\"article:publisher\" content=\"https:\/\/www.facebook.com\/SignalisationSaphir\" \/>\n<meta property=\"article:modified_time\" content=\"2022-08-03T22:36:07+00:00\" \/>\n<meta property=\"og:image\" content=\"https:\/\/signalisationsaphir.com\/wp-content\/uploads\/2021\/03\/chandail-a-capuchon-noir.jpg\" \/>\n\t<meta property=\"og:image:width\" content=\"1500\" \/>\n\t<meta property=\"og:image:height\" content=\"1500\" \/>\n\t<meta property=\"og:image:type\" content=\"image\/jpeg\" \/>\n<meta name=\"twitter:card\" content=\"summary_large_image\" \/>\n<meta name=\"twitter:label1\" content=\"Dur\u00e9e de lecture estim\u00e9e\" \/>\n\t<meta name=\"twitter:data1\" content=\"1 minute\" \/>\n<script type=\"application\/ld+json\" class=\"yoast-schema-graph\">{\"@context\":\"https:\/\/schema.org\",\"@graph\":[{\"@type\":\"WebPage\",\"@id\":\"https:\/\/signalisationsaphir.com\/?product=chandail-a-capuchon-orange-ou-noir\",\"url\":\"https:\/\/signalisationsaphir.com\/?product=chandail-a-capuchon-orange-ou-noir\",\"name\":\"Chandail \u00e0 capuchon\u00a0orange ou noir - Signalisation Saphir - S\u00e9curit\u00e9\",\"isPartOf\":{\"@id\":\"https:\/\/signalisationsaphir.com\/#website\"},\"primaryImageOfPage\":{\"@id\":\"https:\/\/signalisationsaphir.com\/?product=chandail-a-capuchon-orange-ou-noir#primaryimage\"},\"image\":{\"@id\":\"https:\/\/signalisationsaphir.com\/?product=chandail-a-capuchon-orange-ou-noir#primaryimage\"},\"thumbnailUrl\":\"https:\/\/signalisationsaphir.com\/wp-content\/uploads\/2021\/03\/chandail-a-capuchon-noir.jpg\",\"datePublished\":\"2021-03-22T19:01:24+00:00\",\"dateModified\":\"2022-08-03T22:36:07+00:00\",\"description\":\"Signalisation Saphir. Produits de s\u00e9curit\u00e9 & signalisation. Chandail \u00e0 capuchon\u00a0orange ou noir. 100% Polyester. Bandes r\u00e9fl\u00e9chissantes.\",\"breadcrumb\":{\"@id\":\"https:\/\/signalisationsaphir.com\/?product=chandail-a-capuchon-orange-ou-noir#breadcrumb\"},\"inLanguage\":\"fr-FR\",\"potentialAction\":[{\"@type\":\"ReadAction\",\"target\":[\"https:\/\/signalisationsaphir.com\/?product=chandail-a-capuchon-orange-ou-noir\"]}]},{\"@type\":\"ImageObject\",\"inLanguage\":\"fr-FR\",\"@id\":\"https:\/\/signalisationsaphir.com\/?product=chandail-a-capuchon-orange-ou-noir#primaryimage\",\"url\":\"https:\/\/signalisationsaphir.com\/wp-content\/uploads\/2021\/03\/chandail-a-capuchon-noir.jpg\",\"contentUrl\":\"https:\/\/signalisationsaphir.com\/wp-content\/uploads\/2021\/03\/chandail-a-capuchon-noir.jpg\",\"width\":1500,\"height\":1500,\"caption\":\"Chandail a capuchon\u00a0orange ou noir\"},{\"@type\":\"BreadcrumbList\",\"@id\":\"https:\/\/signalisationsaphir.com\/?product=chandail-a-capuchon-orange-ou-noir#breadcrumb\",\"itemListElement\":[{\"@type\":\"ListItem\",\"position\":1,\"name\":\"Accueil\",\"item\":\"https:\/\/signalisationsaphir.com\/?page_id=9\"},{\"@type\":\"ListItem\",\"position\":2,\"name\":\"Boutique\",\"item\":\"https:\/\/signalisationsaphir.com\/?page_id=9\"},{\"@type\":\"ListItem\",\"position\":3,\"name\":\"Chandail \u00e0 capuchon\u00a0orange ou noir\"}]},{\"@type\":\"WebSite\",\"@id\":\"https:\/\/signalisationsaphir.com\/#website\",\"url\":\"https:\/\/signalisationsaphir.com\/\",\"name\":\"Signalisation Saphir\",\"description\":\"Boutique en ligne\",\"publisher\":{\"@id\":\"https:\/\/signalisationsaphir.com\/#organization\"},\"potentialAction\":[{\"@type\":\"SearchAction\",\"target\":{\"@type\":\"EntryPoint\",\"urlTemplate\":\"https:\/\/signalisationsaphir.com\/?s={search_term_string}\"},\"query-input\":{\"@type\":\"PropertyValueSpecification\",\"valueRequired\":true,\"valueName\":\"search_term_string\"}}],\"inLanguage\":\"fr-FR\"},{\"@type\":\"Organization\",\"@id\":\"https:\/\/signalisationsaphir.com\/#organization\",\"name\":\"Signalisation Saphir\",\"url\":\"https:\/\/signalisationsaphir.com\/\",\"logo\":{\"@type\":\"ImageObject\",\"inLanguage\":\"fr-FR\",\"@id\":\"https:\/\/signalisationsaphir.com\/#\/schema\/logo\/image\/\",\"url\":\"https:\/\/signalisationsaphir.com\/wp-content\/uploads\/2017\/01\/cropped-logo-web-plus-large-bleu-blanc.jpg\",\"contentUrl\":\"https:\/\/signalisationsaphir.com\/wp-content\/uploads\/2017\/01\/cropped-logo-web-plus-large-bleu-blanc.jpg\",\"width\":215,\"height\":95,\"caption\":\"Signalisation Saphir\"},\"image\":{\"@id\":\"https:\/\/signalisationsaphir.com\/#\/schema\/logo\/image\/\"},\"sameAs\":[\"https:\/\/www.facebook.com\/SignalisationSaphir\"]}]}<\/script>\n<!-- \/ Yoast SEO Premium plugin. -->","yoast_head_json":{"title":"Chandail \u00e0 capuchon\u00a0orange ou noir - Signalisation Saphir - S\u00e9curit\u00e9","description":"Signalisation Saphir. Produits de s\u00e9curit\u00e9 & signalisation. Chandail \u00e0 capuchon\u00a0orange ou noir. 100% Polyester. Bandes r\u00e9fl\u00e9chissantes.","robots":{"index":"index","follow":"follow","max-snippet":"max-snippet:-1","max-image-preview":"max-image-preview:large","max-video-preview":"max-video-preview:-1"},"canonical":"https:\/\/signalisationsaphir.com\/?product=chandail-a-capuchon-orange-ou-noir","og_locale":"fr_FR","og_type":"article","og_title":"Chandail \u00e0 capuchon\u00a0orange ou noir","og_description":"Signalisation Saphir. Produits de s\u00e9curit\u00e9 & signalisation. Chandail \u00e0 capuchon\u00a0orange ou noir. 100% Polyester. Bandes r\u00e9fl\u00e9chissantes.","og_url":"https:\/\/signalisationsaphir.com\/?product=chandail-a-capuchon-orange-ou-noir","og_site_name":"Signalisation Saphir","article_publisher":"https:\/\/www.facebook.com\/SignalisationSaphir","article_modified_time":"2022-08-03T22:36:07+00:00","og_image":[{"width":1500,"height":1500,"url":"https:\/\/signalisationsaphir.com\/wp-content\/uploads\/2021\/03\/chandail-a-capuchon-noir.jpg","type":"image\/jpeg"}],"twitter_card":"summary_large_image","twitter_misc":{"Dur\u00e9e de lecture estim\u00e9e":"1 minute"},"schema":{"@context":"https:\/\/schema.org","@graph":[{"@type":"WebPage","@id":"https:\/\/signalisationsaphir.com\/?product=chandail-a-capuchon-orange-ou-noir","url":"https:\/\/signalisationsaphir.com\/?product=chandail-a-capuchon-orange-ou-noir","name":"Chandail \u00e0 capuchon\u00a0orange ou noir - Signalisation Saphir - S\u00e9curit\u00e9","isPartOf":{"@id":"https:\/\/signalisationsaphir.com\/#website"},"primaryImageOfPage":{"@id":"https:\/\/signalisationsaphir.com\/?product=chandail-a-capuchon-orange-ou-noir#primaryimage"},"image":{"@id":"https:\/\/signalisationsaphir.com\/?product=chandail-a-capuchon-orange-ou-noir#primaryimage"},"thumbnailUrl":"https:\/\/signalisationsaphir.com\/wp-content\/uploads\/2021\/03\/chandail-a-capuchon-noir.jpg","datePublished":"2021-03-22T19:01:24+00:00","dateModified":"2022-08-03T22:36:07+00:00","description":"Signalisation Saphir. Produits de s\u00e9curit\u00e9 & signalisation. Chandail \u00e0 capuchon\u00a0orange ou noir. 100% Polyester. Bandes r\u00e9fl\u00e9chissantes.","breadcrumb":{"@id":"https:\/\/signalisationsaphir.com\/?product=chandail-a-capuchon-orange-ou-noir#breadcrumb"},"inLanguage":"fr-FR","potentialAction":[{"@type":"ReadAction","target":["https:\/\/signalisationsaphir.com\/?product=chandail-a-capuchon-orange-ou-noir"]}]},{"@type":"ImageObject","inLanguage":"fr-FR","@id":"https:\/\/signalisationsaphir.com\/?product=chandail-a-capuchon-orange-ou-noir#primaryimage","url":"https:\/\/signalisationsaphir.com\/wp-content\/uploads\/2021\/03\/chandail-a-capuchon-noir.jpg","contentUrl":"https:\/\/signalisationsaphir.com\/wp-content\/uploads\/2021\/03\/chandail-a-capuchon-noir.jpg","width":1500,"height":1500,"caption":"Chandail a capuchon\u00a0orange ou noir"},{"@type":"BreadcrumbList","@id":"https:\/\/signalisationsaphir.com\/?product=chandail-a-capuchon-orange-ou-noir#breadcrumb","itemListElement":[{"@type":"ListItem","position":1,"name":"Accueil","item":"https:\/\/signalisationsaphir.com\/?page_id=9"},{"@type":"ListItem","position":2,"name":"Boutique","item":"https:\/\/signalisationsaphir.com\/?page_id=9"},{"@type":"ListItem","position":3,"name":"Chandail \u00e0 capuchon\u00a0orange ou noir"}]},{"@type":"WebSite","@id":"https:\/\/signalisationsaphir.com\/#website","url":"https:\/\/signalisationsaphir.com\/","name":"Signalisation Saphir","description":"Boutique en ligne","publisher":{"@id":"https:\/\/signalisationsaphir.com\/#organization"},"potentialAction":[{"@type":"SearchAction","target":{"@type":"EntryPoint","urlTemplate":"https:\/\/signalisationsaphir.com\/?s={search_term_string}"},"query-input":{"@type":"PropertyValueSpecification","valueRequired":true,"valueName":"search_term_string"}}],"inLanguage":"fr-FR"},{"@type":"Organization","@id":"https:\/\/signalisationsaphir.com\/#organization","name":"Signalisation Saphir","url":"https:\/\/signalisationsaphir.com\/","logo":{"@type":"ImageObject","inLanguage":"fr-FR","@id":"https:\/\/signalisationsaphir.com\/#\/schema\/logo\/image\/","url":"https:\/\/signalisationsaphir.com\/wp-content\/uploads\/2017\/01\/cropped-logo-web-plus-large-bleu-blanc.jpg","contentUrl":"https:\/\/signalisationsaphir.com\/wp-content\/uploads\/2017\/01\/cropped-logo-web-plus-large-bleu-blanc.jpg","width":215,"height":95,"caption":"Signalisation Saphir"},"image":{"@id":"https:\/\/signalisationsaphir.com\/#\/schema\/logo\/image\/"},"sameAs":["https:\/\/www.facebook.com\/SignalisationSaphir"]}]}},"brands":[],"_links":{"self":[{"href":"https:\/\/signalisationsaphir.com\/index.php?rest_route=\/wp\/v2\/product\/14016","targetHints":{"allow":["GET"]}}],"collection":[{"href":"https:\/\/signalisationsaphir.com\/index.php?rest_route=\/wp\/v2\/product"}],"about":[{"href":"https:\/\/signalisationsaphir.com\/index.php?rest_route=\/wp\/v2\/types\/product"}],"version-history":[{"count":0,"href":"https:\/\/signalisationsaphir.com\/index.php?rest_route=\/wp\/v2\/product\/14016\/revisions"}],"wp:featuredmedia":[{"embeddable":true,"href":"https:\/\/signalisationsaphir.com\/index.php?rest_route=\/wp\/v2\/media\/14019"}],"wp:attachment":[{"href":"https:\/\/signalisationsaphir.com\/index.php?rest_route=%2Fwp%2Fv2%2Fmedia&parent=14016"}],"wp:term":[{"taxonomy":"pwb-brand","embeddable":true,"href":"https:\/\/signalisationsaphir.com\/index.php?rest_route=%2Fwp%2Fv2%2Fpwb-brand&post=14016"},{"taxonomy":"product_brand","embeddable":true,"href":"https:\/\/signalisationsaphir.com\/index.php?rest_route=%2Fwp%2Fv2%2Fproduct_brand&post=14016"},{"taxonomy":"product_cat","embeddable":true,"href":"https:\/\/signalisationsaphir.com\/index.php?rest_route=%2Fwp%2Fv2%2Fproduct_cat&post=14016"},{"taxonomy":"product_tag","embeddable":true,"href":"https:\/\/signalisationsaphir.com\/index.php?rest_route=%2Fwp%2Fv2%2Fproduct_tag&post=14016"}],"curies":[{"name":"wp","href":"https:\/\/api.w.org\/{rel}","templated":true}]}}