{"id":14005,"date":"2021-03-22T13:36:40","date_gmt":"2021-03-22T17:36:40","guid":{"rendered":"https:\/\/signalisationsaphir.com\/?post_type=product&#038;p=14005"},"modified":"2022-08-03T18:37:41","modified_gmt":"2022-08-03T22:37:41","slug":"manteau-impermeable-du-signaleur","status":"publish","type":"product","link":"https:\/\/signalisationsaphir.com\/?product=manteau-impermeable-du-signaleur","title":{"rendered":"Manteau imperm\u00e9able du signaleur"},"content":{"rendered":"<div>Manteau imperm\u00e9able du signaleur. <span style=\"font-family: -apple-system, BlinkMacSystemFont, 'Segoe UI', Roboto, Oxygen-Sans, Ubuntu, Cantarell, 'Helvetica Neue', sans-serif;\">Manteau imperm\u00e9able en nylon haute visibilit\u00e9 220 Deniers et PVC, d&#8217;une imperm\u00e9abilit\u00e9 de 10000mm, avec bandes r\u00e9fl\u00e9chissantes, coutures scell\u00e9es, capuchon ajustable, Velcro d&#8217;ajustement aux poignets, poches de poitrine et \u00e0 rabat, rabat central \u00e0 Velcro et support radio.<\/span><\/div>\n<div>\n<div class=\"gmail-product-properties\">\n<dl>\n<dt>Genre : Homme<\/dt>\n<dt>Tissus : 220d Nylon\/PVC<\/dt>\n<dt>Doublure : Mesh\/Nylon<\/dt>\n<dt>Accessoire : Poche Multi-Fonction<\/dt>\n<dt>Couleurs : Jaune<\/dt>\n<dt>Grandeurs : XL &#8211; 2X &#8211; 3X<\/dt>\n<\/dl>\n<\/div>\n<\/div>\n<div>Prix : $ 121.75<\/div>\n<p>Visitez les autres <a href=\"https:\/\/signalisationsaphir.com\/boutique-de-produits-de-securite-et-signalisation\/\" target=\"_blank\" rel=\"noopener\">cat\u00e9gories de produits disponible en boutique<\/a>.<\/p>\n<div class=\"gmail-product-properties\">\n<h2>Section du signaleur:<\/h2>\n<p>Signalisation saphir est une entreprise voulant \u00eatre int\u00e8gre dans le march\u00e9 de la signalisation et s\u00e9curit\u00e9. Nous avons opt\u00e9 pour une meilleure qualit\u00e9 pour tous nos produits de v\u00eatements du signaleur. Notre gamme compl\u00e8te de v\u00eatements et accessoires pour le signaleur est maintenant disponible: Uniforme du signaleur. Manteau imperm\u00e9able du signaleur. Pantalon par-dessus du signaleur. Chandail du signaleur (manches longues). B\u00e2ton du signaleur rechargeable ou non. Drapeau du signaleur. Casque du signaleur ainsi que des bandes aux DELS pour plus de visibilit\u00e9.<\/p>\n<p>En grande nouveaut\u00e9\u2026 l\u2019imperm\u00e9able du signaleur. Nous avons un lot de 1000 uniformes du signaleur conforme aux normes du MTQ. Profitez de nos aubaines.<\/p>\n<p class=\"p1\"><b>Consultez notre entreprise\u00a0<\/b><a href=\"https:\/\/gestiontopaze.com\/\"><span class=\"s1\"><b>Gestion Topaze<\/b><\/span><\/a><b> si vous \u00eates \u00e0 la recherche de signaleurs routiers.<\/b><\/p>\n<\/div>\n","protected":false},"excerpt":{"rendered":"<p>Manteau imperm\u00e9able du signaleur. <span style=\"font-family: -apple-system, BlinkMacSystemFont, 'Segoe UI', Roboto, Oxygen-Sans, Ubuntu, Cantarell, 'Helvetica Neue', sans-serif;\">En nylon haute visibilit\u00e9 220 Deniers et PVC, d&#8217;une imperm\u00e9abilit\u00e9 de 10000mm, avec bandes r\u00e9fl\u00e9chissantes, coutures scell\u00e9es, capuchon ajustable, Velcro d&#8217;ajustement aux poignets, poches de poitrine et \u00e0 rabat, rabat central \u00e0 Velcro et support radio. Veuillez noter que les taxes ne sont pas incluses dans le prix.<\/span><\/p>\n","protected":false},"featured_media":14007,"template":"","meta":{"_acf_changed":false},"pwb-brand":[],"product_brand":[],"product_cat":[221,382],"product_tag":[225,495,268,493,458,492,496,488,494],"class_list":{"0":"post-14005","1":"product","2":"type-product","3":"status-publish","4":"has-post-thumbnail","6":"product_cat-nouveautes","7":"product_cat-section-du-signaleur","8":"product_tag-bandes-reflechissantes","9":"product_tag-doublure-mesh-nylon","10":"product_tag-haute-visibilite","11":"product_tag-homme","12":"product_tag-jaune","13":"product_tag-manteau-impermeable-du-signaleur","14":"product_tag-poche-multi-fonction","15":"product_tag-sechage-rapide","16":"product_tag-tissus-220d-nylon-pvc","17":"product_shipping_class-standard","19":"first","20":"instock","21":"taxable","22":"shipping-taxable","23":"purchasable","24":"product-type-simple"},"exclude_global_add_ons":false,"addons":[{"name":"Choisissez votre grandeur","type":"multiple_choice","position":0,"required":true,"title_format":"label","default":"","description_enable":false,"description":"","placeholder_enable":false,"placeholder":"","display":"select","restrictions_type":"any_text","adjust_price":false,"price":"","price_type":"flat_fee","restrictions":false,"min":"0","max":"0","options":[{"label":"XL - Extra large","price":"","price_type":"flat_fee","image":0},{"label":"XXL - 2X large","price":"","price_type":"flat_fee","image":0},{"label":"XXXL - 3X Extra large","price":"","price_type":"flat_fee","image":0}]}],"acf":[],"yoast_head":"<!-- This site is optimized with the Yoast SEO Premium plugin v24.4 (Yoast SEO v24.4) - https:\/\/yoast.com\/wordpress\/plugins\/seo\/ -->\n<title>Manteau imperm\u00e9able du signaleur - Signalisation Saphir-Signaleurs<\/title>\n<meta name=\"description\" content=\"Signalisation Saphir - Produits de s\u00e9curit\u00e9 &amp; signalisation: Manteau imperm\u00e9able du signaleur. Haute visibilit\u00e9. 220d Nylon\/PVC. Avec poches.\" \/>\n<meta name=\"robots\" content=\"index, follow, max-snippet:-1, max-image-preview:large, max-video-preview:-1\" \/>\n<link rel=\"canonical\" href=\"https:\/\/signalisationsaphir.com\/?product=manteau-impermeable-du-signaleur\" \/>\n<meta property=\"og:locale\" content=\"fr_FR\" \/>\n<meta property=\"og:type\" content=\"article\" \/>\n<meta property=\"og:title\" content=\"Manteau imperm\u00e9able du signaleur\" \/>\n<meta property=\"og:description\" content=\"Signalisation Saphir - Produits de s\u00e9curit\u00e9 &amp; signalisation: Manteau imperm\u00e9able du signaleur. En nylon haute visibilit\u00e9 220 Deniers et PVC, d&#039;une imperm\u00e9abilit\u00e9 de 10000mm, avec bandes r\u00e9fl\u00e9chissantes, coutures scell\u00e9es, capuchon ajustable, Velcro d&#039;ajustement aux poignets, poches de poitrine et \u00e0 rabat, rabat central \u00e0 Velcro et support radio.\" \/>\n<meta property=\"og:url\" content=\"https:\/\/signalisationsaphir.com\/?product=manteau-impermeable-du-signaleur\" \/>\n<meta property=\"og:site_name\" content=\"Signalisation Saphir\" \/>\n<meta property=\"article:publisher\" content=\"https:\/\/www.facebook.com\/SignalisationSaphir\" \/>\n<meta property=\"article:modified_time\" content=\"2022-08-03T22:37:41+00:00\" \/>\n<meta property=\"og:image\" content=\"https:\/\/signalisationsaphir.com\/wp-content\/uploads\/2021\/03\/manteau-imperme\u0301able-du-signaleur.jpg\" \/>\n\t<meta property=\"og:image:width\" content=\"1500\" \/>\n\t<meta property=\"og:image:height\" content=\"1500\" \/>\n\t<meta property=\"og:image:type\" content=\"image\/jpeg\" \/>\n<meta name=\"twitter:card\" content=\"summary_large_image\" \/>\n<meta name=\"twitter:label1\" content=\"Dur\u00e9e de lecture estim\u00e9e\" \/>\n\t<meta name=\"twitter:data1\" content=\"1 minute\" \/>\n<script type=\"application\/ld+json\" class=\"yoast-schema-graph\">{\"@context\":\"https:\/\/schema.org\",\"@graph\":[{\"@type\":\"WebPage\",\"@id\":\"https:\/\/signalisationsaphir.com\/?product=manteau-impermeable-du-signaleur\",\"url\":\"https:\/\/signalisationsaphir.com\/?product=manteau-impermeable-du-signaleur\",\"name\":\"Manteau imperm\u00e9able du signaleur - Signalisation Saphir-Signaleurs\",\"isPartOf\":{\"@id\":\"https:\/\/signalisationsaphir.com\/#website\"},\"primaryImageOfPage\":{\"@id\":\"https:\/\/signalisationsaphir.com\/?product=manteau-impermeable-du-signaleur#primaryimage\"},\"image\":{\"@id\":\"https:\/\/signalisationsaphir.com\/?product=manteau-impermeable-du-signaleur#primaryimage\"},\"thumbnailUrl\":\"https:\/\/signalisationsaphir.com\/wp-content\/uploads\/2021\/03\/manteau-imperme\u0301able-du-signaleur.jpg\",\"datePublished\":\"2021-03-22T17:36:40+00:00\",\"dateModified\":\"2022-08-03T22:37:41+00:00\",\"description\":\"Signalisation Saphir - Produits de s\u00e9curit\u00e9 & signalisation: Manteau imperm\u00e9able du signaleur. Haute visibilit\u00e9. 220d Nylon\/PVC. Avec poches.\",\"breadcrumb\":{\"@id\":\"https:\/\/signalisationsaphir.com\/?product=manteau-impermeable-du-signaleur#breadcrumb\"},\"inLanguage\":\"fr-FR\",\"potentialAction\":[{\"@type\":\"ReadAction\",\"target\":[\"https:\/\/signalisationsaphir.com\/?product=manteau-impermeable-du-signaleur\"]}]},{\"@type\":\"ImageObject\",\"inLanguage\":\"fr-FR\",\"@id\":\"https:\/\/signalisationsaphir.com\/?product=manteau-impermeable-du-signaleur#primaryimage\",\"url\":\"https:\/\/signalisationsaphir.com\/wp-content\/uploads\/2021\/03\/manteau-imperme\u0301able-du-signaleur.jpg\",\"contentUrl\":\"https:\/\/signalisationsaphir.com\/wp-content\/uploads\/2021\/03\/manteau-imperme\u0301able-du-signaleur.jpg\",\"width\":1500,\"height\":1500,\"caption\":\"Manteau imperm\u00e9able du signaleur\"},{\"@type\":\"BreadcrumbList\",\"@id\":\"https:\/\/signalisationsaphir.com\/?product=manteau-impermeable-du-signaleur#breadcrumb\",\"itemListElement\":[{\"@type\":\"ListItem\",\"position\":1,\"name\":\"Accueil\",\"item\":\"https:\/\/signalisationsaphir.com\/?page_id=9\"},{\"@type\":\"ListItem\",\"position\":2,\"name\":\"Boutique\",\"item\":\"https:\/\/signalisationsaphir.com\/?page_id=9\"},{\"@type\":\"ListItem\",\"position\":3,\"name\":\"Manteau imperm\u00e9able du signaleur\"}]},{\"@type\":\"WebSite\",\"@id\":\"https:\/\/signalisationsaphir.com\/#website\",\"url\":\"https:\/\/signalisationsaphir.com\/\",\"name\":\"Signalisation Saphir\",\"description\":\"Boutique en ligne\",\"publisher\":{\"@id\":\"https:\/\/signalisationsaphir.com\/#organization\"},\"potentialAction\":[{\"@type\":\"SearchAction\",\"target\":{\"@type\":\"EntryPoint\",\"urlTemplate\":\"https:\/\/signalisationsaphir.com\/?s={search_term_string}\"},\"query-input\":{\"@type\":\"PropertyValueSpecification\",\"valueRequired\":true,\"valueName\":\"search_term_string\"}}],\"inLanguage\":\"fr-FR\"},{\"@type\":\"Organization\",\"@id\":\"https:\/\/signalisationsaphir.com\/#organization\",\"name\":\"Signalisation Saphir\",\"url\":\"https:\/\/signalisationsaphir.com\/\",\"logo\":{\"@type\":\"ImageObject\",\"inLanguage\":\"fr-FR\",\"@id\":\"https:\/\/signalisationsaphir.com\/#\/schema\/logo\/image\/\",\"url\":\"https:\/\/signalisationsaphir.com\/wp-content\/uploads\/2017\/01\/cropped-logo-web-plus-large-bleu-blanc.jpg\",\"contentUrl\":\"https:\/\/signalisationsaphir.com\/wp-content\/uploads\/2017\/01\/cropped-logo-web-plus-large-bleu-blanc.jpg\",\"width\":215,\"height\":95,\"caption\":\"Signalisation Saphir\"},\"image\":{\"@id\":\"https:\/\/signalisationsaphir.com\/#\/schema\/logo\/image\/\"},\"sameAs\":[\"https:\/\/www.facebook.com\/SignalisationSaphir\"]}]}<\/script>\n<!-- \/ Yoast SEO Premium plugin. -->","yoast_head_json":{"title":"Manteau imperm\u00e9able du signaleur - Signalisation Saphir-Signaleurs","description":"Signalisation Saphir - Produits de s\u00e9curit\u00e9 & signalisation: Manteau imperm\u00e9able du signaleur. Haute visibilit\u00e9. 220d Nylon\/PVC. Avec poches.","robots":{"index":"index","follow":"follow","max-snippet":"max-snippet:-1","max-image-preview":"max-image-preview:large","max-video-preview":"max-video-preview:-1"},"canonical":"https:\/\/signalisationsaphir.com\/?product=manteau-impermeable-du-signaleur","og_locale":"fr_FR","og_type":"article","og_title":"Manteau imperm\u00e9able du signaleur","og_description":"Signalisation Saphir - Produits de s\u00e9curit\u00e9 & signalisation: Manteau imperm\u00e9able du signaleur. En nylon haute visibilit\u00e9 220 Deniers et PVC, d'une imperm\u00e9abilit\u00e9 de 10000mm, avec bandes r\u00e9fl\u00e9chissantes, coutures scell\u00e9es, capuchon ajustable, Velcro d'ajustement aux poignets, poches de poitrine et \u00e0 rabat, rabat central \u00e0 Velcro et support radio.","og_url":"https:\/\/signalisationsaphir.com\/?product=manteau-impermeable-du-signaleur","og_site_name":"Signalisation Saphir","article_publisher":"https:\/\/www.facebook.com\/SignalisationSaphir","article_modified_time":"2022-08-03T22:37:41+00:00","og_image":[{"width":1500,"height":1500,"url":"https:\/\/signalisationsaphir.com\/wp-content\/uploads\/2021\/03\/manteau-imperme\u0301able-du-signaleur.jpg","type":"image\/jpeg"}],"twitter_card":"summary_large_image","twitter_misc":{"Dur\u00e9e de lecture estim\u00e9e":"1 minute"},"schema":{"@context":"https:\/\/schema.org","@graph":[{"@type":"WebPage","@id":"https:\/\/signalisationsaphir.com\/?product=manteau-impermeable-du-signaleur","url":"https:\/\/signalisationsaphir.com\/?product=manteau-impermeable-du-signaleur","name":"Manteau imperm\u00e9able du signaleur - Signalisation Saphir-Signaleurs","isPartOf":{"@id":"https:\/\/signalisationsaphir.com\/#website"},"primaryImageOfPage":{"@id":"https:\/\/signalisationsaphir.com\/?product=manteau-impermeable-du-signaleur#primaryimage"},"image":{"@id":"https:\/\/signalisationsaphir.com\/?product=manteau-impermeable-du-signaleur#primaryimage"},"thumbnailUrl":"https:\/\/signalisationsaphir.com\/wp-content\/uploads\/2021\/03\/manteau-imperme\u0301able-du-signaleur.jpg","datePublished":"2021-03-22T17:36:40+00:00","dateModified":"2022-08-03T22:37:41+00:00","description":"Signalisation Saphir - Produits de s\u00e9curit\u00e9 & signalisation: Manteau imperm\u00e9able du signaleur. Haute visibilit\u00e9. 220d Nylon\/PVC. Avec poches.","breadcrumb":{"@id":"https:\/\/signalisationsaphir.com\/?product=manteau-impermeable-du-signaleur#breadcrumb"},"inLanguage":"fr-FR","potentialAction":[{"@type":"ReadAction","target":["https:\/\/signalisationsaphir.com\/?product=manteau-impermeable-du-signaleur"]}]},{"@type":"ImageObject","inLanguage":"fr-FR","@id":"https:\/\/signalisationsaphir.com\/?product=manteau-impermeable-du-signaleur#primaryimage","url":"https:\/\/signalisationsaphir.com\/wp-content\/uploads\/2021\/03\/manteau-imperme\u0301able-du-signaleur.jpg","contentUrl":"https:\/\/signalisationsaphir.com\/wp-content\/uploads\/2021\/03\/manteau-imperme\u0301able-du-signaleur.jpg","width":1500,"height":1500,"caption":"Manteau imperm\u00e9able du signaleur"},{"@type":"BreadcrumbList","@id":"https:\/\/signalisationsaphir.com\/?product=manteau-impermeable-du-signaleur#breadcrumb","itemListElement":[{"@type":"ListItem","position":1,"name":"Accueil","item":"https:\/\/signalisationsaphir.com\/?page_id=9"},{"@type":"ListItem","position":2,"name":"Boutique","item":"https:\/\/signalisationsaphir.com\/?page_id=9"},{"@type":"ListItem","position":3,"name":"Manteau imperm\u00e9able du signaleur"}]},{"@type":"WebSite","@id":"https:\/\/signalisationsaphir.com\/#website","url":"https:\/\/signalisationsaphir.com\/","name":"Signalisation Saphir","description":"Boutique en ligne","publisher":{"@id":"https:\/\/signalisationsaphir.com\/#organization"},"potentialAction":[{"@type":"SearchAction","target":{"@type":"EntryPoint","urlTemplate":"https:\/\/signalisationsaphir.com\/?s={search_term_string}"},"query-input":{"@type":"PropertyValueSpecification","valueRequired":true,"valueName":"search_term_string"}}],"inLanguage":"fr-FR"},{"@type":"Organization","@id":"https:\/\/signalisationsaphir.com\/#organization","name":"Signalisation Saphir","url":"https:\/\/signalisationsaphir.com\/","logo":{"@type":"ImageObject","inLanguage":"fr-FR","@id":"https:\/\/signalisationsaphir.com\/#\/schema\/logo\/image\/","url":"https:\/\/signalisationsaphir.com\/wp-content\/uploads\/2017\/01\/cropped-logo-web-plus-large-bleu-blanc.jpg","contentUrl":"https:\/\/signalisationsaphir.com\/wp-content\/uploads\/2017\/01\/cropped-logo-web-plus-large-bleu-blanc.jpg","width":215,"height":95,"caption":"Signalisation Saphir"},"image":{"@id":"https:\/\/signalisationsaphir.com\/#\/schema\/logo\/image\/"},"sameAs":["https:\/\/www.facebook.com\/SignalisationSaphir"]}]}},"brands":[],"_links":{"self":[{"href":"https:\/\/signalisationsaphir.com\/index.php?rest_route=\/wp\/v2\/product\/14005","targetHints":{"allow":["GET"]}}],"collection":[{"href":"https:\/\/signalisationsaphir.com\/index.php?rest_route=\/wp\/v2\/product"}],"about":[{"href":"https:\/\/signalisationsaphir.com\/index.php?rest_route=\/wp\/v2\/types\/product"}],"version-history":[{"count":0,"href":"https:\/\/signalisationsaphir.com\/index.php?rest_route=\/wp\/v2\/product\/14005\/revisions"}],"wp:featuredmedia":[{"embeddable":true,"href":"https:\/\/signalisationsaphir.com\/index.php?rest_route=\/wp\/v2\/media\/14007"}],"wp:attachment":[{"href":"https:\/\/signalisationsaphir.com\/index.php?rest_route=%2Fwp%2Fv2%2Fmedia&parent=14005"}],"wp:term":[{"taxonomy":"pwb-brand","embeddable":true,"href":"https:\/\/signalisationsaphir.com\/index.php?rest_route=%2Fwp%2Fv2%2Fpwb-brand&post=14005"},{"taxonomy":"product_brand","embeddable":true,"href":"https:\/\/signalisationsaphir.com\/index.php?rest_route=%2Fwp%2Fv2%2Fproduct_brand&post=14005"},{"taxonomy":"product_cat","embeddable":true,"href":"https:\/\/signalisationsaphir.com\/index.php?rest_route=%2Fwp%2Fv2%2Fproduct_cat&post=14005"},{"taxonomy":"product_tag","embeddable":true,"href":"https:\/\/signalisationsaphir.com\/index.php?rest_route=%2Fwp%2Fv2%2Fproduct_tag&post=14005"}],"curies":[{"name":"wp","href":"https:\/\/api.w.org\/{rel}","templated":true}]}}