{"id":13988,"date":"2021-03-18T15:15:21","date_gmt":"2021-03-18T19:15:21","guid":{"rendered":"https:\/\/signalisationsaphir.com\/?post_type=product&#038;p=13988"},"modified":"2022-08-03T18:40:11","modified_gmt":"2022-08-03T22:40:11","slug":"base-pyramidale-en-beton-115lbs","status":"publish","type":"product","link":"https:\/\/signalisationsaphir.com\/?product=base-pyramidale-en-beton-115lbs","title":{"rendered":"Base pyramidale en b\u00e9ton (115lbs)"},"content":{"rendered":"<div><\/div>\n<div>Base pyramidale en b\u00e9ton. Poids : 115 lbs (52Kg). Poteau en U de 7&#8221;<\/div>\n<div>Dimension: 15&#8221; L\u00a0 X\u00a0 15&#8221; L\u00a0 X\u00a0 14&#8221; H\u00a0 (380mm L X 380mm L X 355mm H)<\/div>\n<div><\/div>\n<div>Prix : $129.95<\/div>\n<div>\n<h4><a href=\"https:\/\/signalisationsaphir.com\/wp-content\/uploads\/2017\/01\/fiche-technique-base-pyramidale-be\u0301ton-115-lbs.pdf\" target=\"_blank\" rel=\"noopener\">Fiche technique &#8211; cliquez ici<\/a><\/h4>\n<h4>Visitez les autres <a href=\"https:\/\/signalisationsaphir.com\/boutique-de-produits-de-securite-et-signalisation\/\" target=\"_blank\" rel=\"noopener\">cat\u00e9gories de produits disponible en boutique<\/a>.<\/h4>\n<p>Produits sp\u00e9cialis\u00e9s pour l&#8217;industrie de la s\u00e9curit\u00e9 et signalisation. Vous avez besoin de produits personnalis\u00e9s pour un projet, contrat, produits sur mesure. Poteaux de signalisation, produits de b\u00e9ton pr\u00e9fabriqu\u00e9s (Base pyramidale en b\u00e9ton), aluminium et pellicule, et bien plus. Signalisation Saphir a la solution pour vous. Faites-nous part de vos d\u00e9fis.<\/p>\n<h4>Produits de s\u00e9curit\u00e9 :<\/h4>\n<p>L\u2019am\u00e9nagement d\u2019un environnement s\u00e9curitaire est important pour tous. Signalisation Saphir offre toute une panoplie de produits de s\u00e9curit\u00e9 professionnels. Nos articles et accessoires de s\u00e9curit\u00e9 r\u00e9pondent aux normes en vigueur de la s\u00e9curit\u00e9. Gamme de produits pour voirie offerts: Bollard TRV-10 de 48&#8243; avec goupille flexible. C\u00f4ne orange 28&#8243;. Des v\u00eatements pour travailleurs: chapeau de s\u00e9curit\u00e9. Parka. Habit de pluie. Bottes. Souliers. Avec en plus des vestes avec bandes r\u00e9fl\u00e9chissantes. Chandails d&#8217;\u00e9t\u00e9 et bien plus. Accessoires:\u00a0 fus\u00e9e routi\u00e8re, pes\u00e9e et dos d&#8217;\u00e2ne et cl\u00f4ture de balisage.<\/p>\n<\/div>\n","protected":false},"excerpt":{"rendered":"<div>Base pyramidale en b\u00e9ton. Poids : 115 lbs (52Kg). Poteau en U de 7&#8221;<\/div>\n<div>Dimension: 15&#8221; L\u00a0 X\u00a0 15&#8221; L\u00a0 X\u00a0 14&#8221; H\u00a0 (380mm L X 380mm L X 355mm H)<\/div>\n<p>Veuillez noter que les taxes ne sont pas incluses dans le prix.<\/p>\n","protected":false},"featured_media":13989,"template":"","meta":{"_acf_changed":false},"pwb-brand":[],"product_brand":[],"product_cat":[217],"product_tag":[482,484],"class_list":{"0":"post-13988","1":"product","2":"type-product","3":"status-publish","4":"has-post-thumbnail","6":"product_cat-produits-specialises","7":"product_tag-base-pyramidale-en-beton","8":"product_tag-poteau-en-u-7","9":"product_shipping_class-livraison-soumission-hors-dimension-poids","11":"first","12":"instock","13":"taxable","14":"shipping-taxable","15":"purchasable","16":"product-type-simple"},"exclude_global_add_ons":[],"addons":[],"acf":[],"yoast_head":"<!-- This site is optimized with the Yoast SEO Premium plugin v24.4 (Yoast SEO v24.4) - https:\/\/yoast.com\/wordpress\/plugins\/seo\/ -->\n<title>Base pyramidale en b\u00e9ton (115lbs) - Signalisation Saphir<\/title>\n<meta name=\"description\" content=\"Signalisation Saphir - Distributeur international. Produits de s\u00e9curit\u00e9 &amp; de signalisation. Produits sp\u00e9cialis\u00e9s: Base pyramidale en b\u00e9ton.\" \/>\n<meta name=\"robots\" content=\"index, follow, max-snippet:-1, max-image-preview:large, max-video-preview:-1\" \/>\n<link rel=\"canonical\" href=\"https:\/\/signalisationsaphir.com\/?product=base-pyramidale-en-beton-115lbs\" \/>\n<meta property=\"og:locale\" content=\"fr_FR\" \/>\n<meta property=\"og:type\" content=\"article\" \/>\n<meta property=\"og:title\" content=\"Base pyramidale en b\u00e9ton (115lbs)\" \/>\n<meta property=\"og:description\" content=\"Signalisation Saphir - Distributeur international. Produits de s\u00e9curit\u00e9 &amp; de signalisation. Produits sp\u00e9cialis\u00e9s: Base pyramidale en b\u00e9ton.\" \/>\n<meta property=\"og:url\" content=\"https:\/\/signalisationsaphir.com\/?product=base-pyramidale-en-beton-115lbs\" \/>\n<meta property=\"og:site_name\" content=\"Signalisation Saphir\" \/>\n<meta property=\"article:publisher\" content=\"https:\/\/www.facebook.com\/SignalisationSaphir\" \/>\n<meta property=\"article:modified_time\" content=\"2022-08-03T22:40:11+00:00\" \/>\n<meta property=\"og:image\" content=\"https:\/\/signalisationsaphir.com\/wp-content\/uploads\/2021\/03\/Base-pyramidale-115lbs-.png\" \/>\n\t<meta property=\"og:image:width\" content=\"670\" \/>\n\t<meta property=\"og:image:height\" content=\"578\" \/>\n\t<meta property=\"og:image:type\" content=\"image\/png\" \/>\n<meta name=\"twitter:card\" content=\"summary_large_image\" \/>\n<meta name=\"twitter:label1\" content=\"Dur\u00e9e de lecture estim\u00e9e\" \/>\n\t<meta name=\"twitter:data1\" content=\"1 minute\" \/>\n<script type=\"application\/ld+json\" class=\"yoast-schema-graph\">{\"@context\":\"https:\/\/schema.org\",\"@graph\":[{\"@type\":\"WebPage\",\"@id\":\"https:\/\/signalisationsaphir.com\/?product=base-pyramidale-en-beton-115lbs\",\"url\":\"https:\/\/signalisationsaphir.com\/?product=base-pyramidale-en-beton-115lbs\",\"name\":\"Base pyramidale en b\u00e9ton (115lbs) - Signalisation Saphir\",\"isPartOf\":{\"@id\":\"https:\/\/signalisationsaphir.com\/#website\"},\"primaryImageOfPage\":{\"@id\":\"https:\/\/signalisationsaphir.com\/?product=base-pyramidale-en-beton-115lbs#primaryimage\"},\"image\":{\"@id\":\"https:\/\/signalisationsaphir.com\/?product=base-pyramidale-en-beton-115lbs#primaryimage\"},\"thumbnailUrl\":\"https:\/\/signalisationsaphir.com\/wp-content\/uploads\/2021\/03\/Base-pyramidale-115lbs-.png\",\"datePublished\":\"2021-03-18T19:15:21+00:00\",\"dateModified\":\"2022-08-03T22:40:11+00:00\",\"description\":\"Signalisation Saphir - Distributeur international. Produits de s\u00e9curit\u00e9 & de signalisation. Produits sp\u00e9cialis\u00e9s: Base pyramidale en b\u00e9ton.\",\"breadcrumb\":{\"@id\":\"https:\/\/signalisationsaphir.com\/?product=base-pyramidale-en-beton-115lbs#breadcrumb\"},\"inLanguage\":\"fr-FR\",\"potentialAction\":[{\"@type\":\"ReadAction\",\"target\":[\"https:\/\/signalisationsaphir.com\/?product=base-pyramidale-en-beton-115lbs\"]}]},{\"@type\":\"ImageObject\",\"inLanguage\":\"fr-FR\",\"@id\":\"https:\/\/signalisationsaphir.com\/?product=base-pyramidale-en-beton-115lbs#primaryimage\",\"url\":\"https:\/\/signalisationsaphir.com\/wp-content\/uploads\/2021\/03\/Base-pyramidale-115lbs-.png\",\"contentUrl\":\"https:\/\/signalisationsaphir.com\/wp-content\/uploads\/2021\/03\/Base-pyramidale-115lbs-.png\",\"width\":670,\"height\":578,\"caption\":\"Base pyramidale en b\u00e9ton 115 lbs\"},{\"@type\":\"BreadcrumbList\",\"@id\":\"https:\/\/signalisationsaphir.com\/?product=base-pyramidale-en-beton-115lbs#breadcrumb\",\"itemListElement\":[{\"@type\":\"ListItem\",\"position\":1,\"name\":\"Accueil\",\"item\":\"https:\/\/signalisationsaphir.com\/?page_id=9\"},{\"@type\":\"ListItem\",\"position\":2,\"name\":\"Boutique\",\"item\":\"https:\/\/signalisationsaphir.com\/?page_id=9\"},{\"@type\":\"ListItem\",\"position\":3,\"name\":\"Base pyramidale en b\u00e9ton (115lbs)\"}]},{\"@type\":\"WebSite\",\"@id\":\"https:\/\/signalisationsaphir.com\/#website\",\"url\":\"https:\/\/signalisationsaphir.com\/\",\"name\":\"Signalisation Saphir\",\"description\":\"Boutique en ligne\",\"publisher\":{\"@id\":\"https:\/\/signalisationsaphir.com\/#organization\"},\"potentialAction\":[{\"@type\":\"SearchAction\",\"target\":{\"@type\":\"EntryPoint\",\"urlTemplate\":\"https:\/\/signalisationsaphir.com\/?s={search_term_string}\"},\"query-input\":{\"@type\":\"PropertyValueSpecification\",\"valueRequired\":true,\"valueName\":\"search_term_string\"}}],\"inLanguage\":\"fr-FR\"},{\"@type\":\"Organization\",\"@id\":\"https:\/\/signalisationsaphir.com\/#organization\",\"name\":\"Signalisation Saphir\",\"url\":\"https:\/\/signalisationsaphir.com\/\",\"logo\":{\"@type\":\"ImageObject\",\"inLanguage\":\"fr-FR\",\"@id\":\"https:\/\/signalisationsaphir.com\/#\/schema\/logo\/image\/\",\"url\":\"https:\/\/signalisationsaphir.com\/wp-content\/uploads\/2017\/01\/cropped-logo-web-plus-large-bleu-blanc.jpg\",\"contentUrl\":\"https:\/\/signalisationsaphir.com\/wp-content\/uploads\/2017\/01\/cropped-logo-web-plus-large-bleu-blanc.jpg\",\"width\":215,\"height\":95,\"caption\":\"Signalisation Saphir\"},\"image\":{\"@id\":\"https:\/\/signalisationsaphir.com\/#\/schema\/logo\/image\/\"},\"sameAs\":[\"https:\/\/www.facebook.com\/SignalisationSaphir\"]}]}<\/script>\n<!-- \/ Yoast SEO Premium plugin. -->","yoast_head_json":{"title":"Base pyramidale en b\u00e9ton (115lbs) - Signalisation Saphir","description":"Signalisation Saphir - Distributeur international. Produits de s\u00e9curit\u00e9 & de signalisation. Produits sp\u00e9cialis\u00e9s: Base pyramidale en b\u00e9ton.","robots":{"index":"index","follow":"follow","max-snippet":"max-snippet:-1","max-image-preview":"max-image-preview:large","max-video-preview":"max-video-preview:-1"},"canonical":"https:\/\/signalisationsaphir.com\/?product=base-pyramidale-en-beton-115lbs","og_locale":"fr_FR","og_type":"article","og_title":"Base pyramidale en b\u00e9ton (115lbs)","og_description":"Signalisation Saphir - Distributeur international. Produits de s\u00e9curit\u00e9 & de signalisation. Produits sp\u00e9cialis\u00e9s: Base pyramidale en b\u00e9ton.","og_url":"https:\/\/signalisationsaphir.com\/?product=base-pyramidale-en-beton-115lbs","og_site_name":"Signalisation Saphir","article_publisher":"https:\/\/www.facebook.com\/SignalisationSaphir","article_modified_time":"2022-08-03T22:40:11+00:00","og_image":[{"width":670,"height":578,"url":"https:\/\/signalisationsaphir.com\/wp-content\/uploads\/2021\/03\/Base-pyramidale-115lbs-.png","type":"image\/png"}],"twitter_card":"summary_large_image","twitter_misc":{"Dur\u00e9e de lecture estim\u00e9e":"1 minute"},"schema":{"@context":"https:\/\/schema.org","@graph":[{"@type":"WebPage","@id":"https:\/\/signalisationsaphir.com\/?product=base-pyramidale-en-beton-115lbs","url":"https:\/\/signalisationsaphir.com\/?product=base-pyramidale-en-beton-115lbs","name":"Base pyramidale en b\u00e9ton (115lbs) - Signalisation Saphir","isPartOf":{"@id":"https:\/\/signalisationsaphir.com\/#website"},"primaryImageOfPage":{"@id":"https:\/\/signalisationsaphir.com\/?product=base-pyramidale-en-beton-115lbs#primaryimage"},"image":{"@id":"https:\/\/signalisationsaphir.com\/?product=base-pyramidale-en-beton-115lbs#primaryimage"},"thumbnailUrl":"https:\/\/signalisationsaphir.com\/wp-content\/uploads\/2021\/03\/Base-pyramidale-115lbs-.png","datePublished":"2021-03-18T19:15:21+00:00","dateModified":"2022-08-03T22:40:11+00:00","description":"Signalisation Saphir - Distributeur international. Produits de s\u00e9curit\u00e9 & de signalisation. Produits sp\u00e9cialis\u00e9s: Base pyramidale en b\u00e9ton.","breadcrumb":{"@id":"https:\/\/signalisationsaphir.com\/?product=base-pyramidale-en-beton-115lbs#breadcrumb"},"inLanguage":"fr-FR","potentialAction":[{"@type":"ReadAction","target":["https:\/\/signalisationsaphir.com\/?product=base-pyramidale-en-beton-115lbs"]}]},{"@type":"ImageObject","inLanguage":"fr-FR","@id":"https:\/\/signalisationsaphir.com\/?product=base-pyramidale-en-beton-115lbs#primaryimage","url":"https:\/\/signalisationsaphir.com\/wp-content\/uploads\/2021\/03\/Base-pyramidale-115lbs-.png","contentUrl":"https:\/\/signalisationsaphir.com\/wp-content\/uploads\/2021\/03\/Base-pyramidale-115lbs-.png","width":670,"height":578,"caption":"Base pyramidale en b\u00e9ton 115 lbs"},{"@type":"BreadcrumbList","@id":"https:\/\/signalisationsaphir.com\/?product=base-pyramidale-en-beton-115lbs#breadcrumb","itemListElement":[{"@type":"ListItem","position":1,"name":"Accueil","item":"https:\/\/signalisationsaphir.com\/?page_id=9"},{"@type":"ListItem","position":2,"name":"Boutique","item":"https:\/\/signalisationsaphir.com\/?page_id=9"},{"@type":"ListItem","position":3,"name":"Base pyramidale en b\u00e9ton (115lbs)"}]},{"@type":"WebSite","@id":"https:\/\/signalisationsaphir.com\/#website","url":"https:\/\/signalisationsaphir.com\/","name":"Signalisation Saphir","description":"Boutique en ligne","publisher":{"@id":"https:\/\/signalisationsaphir.com\/#organization"},"potentialAction":[{"@type":"SearchAction","target":{"@type":"EntryPoint","urlTemplate":"https:\/\/signalisationsaphir.com\/?s={search_term_string}"},"query-input":{"@type":"PropertyValueSpecification","valueRequired":true,"valueName":"search_term_string"}}],"inLanguage":"fr-FR"},{"@type":"Organization","@id":"https:\/\/signalisationsaphir.com\/#organization","name":"Signalisation Saphir","url":"https:\/\/signalisationsaphir.com\/","logo":{"@type":"ImageObject","inLanguage":"fr-FR","@id":"https:\/\/signalisationsaphir.com\/#\/schema\/logo\/image\/","url":"https:\/\/signalisationsaphir.com\/wp-content\/uploads\/2017\/01\/cropped-logo-web-plus-large-bleu-blanc.jpg","contentUrl":"https:\/\/signalisationsaphir.com\/wp-content\/uploads\/2017\/01\/cropped-logo-web-plus-large-bleu-blanc.jpg","width":215,"height":95,"caption":"Signalisation Saphir"},"image":{"@id":"https:\/\/signalisationsaphir.com\/#\/schema\/logo\/image\/"},"sameAs":["https:\/\/www.facebook.com\/SignalisationSaphir"]}]}},"brands":[],"_links":{"self":[{"href":"https:\/\/signalisationsaphir.com\/index.php?rest_route=\/wp\/v2\/product\/13988","targetHints":{"allow":["GET"]}}],"collection":[{"href":"https:\/\/signalisationsaphir.com\/index.php?rest_route=\/wp\/v2\/product"}],"about":[{"href":"https:\/\/signalisationsaphir.com\/index.php?rest_route=\/wp\/v2\/types\/product"}],"version-history":[{"count":0,"href":"https:\/\/signalisationsaphir.com\/index.php?rest_route=\/wp\/v2\/product\/13988\/revisions"}],"wp:featuredmedia":[{"embeddable":true,"href":"https:\/\/signalisationsaphir.com\/index.php?rest_route=\/wp\/v2\/media\/13989"}],"wp:attachment":[{"href":"https:\/\/signalisationsaphir.com\/index.php?rest_route=%2Fwp%2Fv2%2Fmedia&parent=13988"}],"wp:term":[{"taxonomy":"pwb-brand","embeddable":true,"href":"https:\/\/signalisationsaphir.com\/index.php?rest_route=%2Fwp%2Fv2%2Fpwb-brand&post=13988"},{"taxonomy":"product_brand","embeddable":true,"href":"https:\/\/signalisationsaphir.com\/index.php?rest_route=%2Fwp%2Fv2%2Fproduct_brand&post=13988"},{"taxonomy":"product_cat","embeddable":true,"href":"https:\/\/signalisationsaphir.com\/index.php?rest_route=%2Fwp%2Fv2%2Fproduct_cat&post=13988"},{"taxonomy":"product_tag","embeddable":true,"href":"https:\/\/signalisationsaphir.com\/index.php?rest_route=%2Fwp%2Fv2%2Fproduct_tag&post=13988"}],"curies":[{"name":"wp","href":"https:\/\/api.w.org\/{rel}","templated":true}]}}