{"id":13870,"date":"2021-03-15T13:09:17","date_gmt":"2021-03-15T17:09:17","guid":{"rendered":"https:\/\/signalisationsaphir.com\/?post_type=product&#038;p=13870"},"modified":"2022-08-03T18:40:41","modified_gmt":"2022-08-03T22:40:41","slug":"chevron-flexible","status":"publish","type":"product","link":"https:\/\/signalisationsaphir.com\/?product=chevron-flexible","title":{"rendered":"Chevron flexible"},"content":{"rendered":"<p>Chevron flexible. Droite ou gauche. Mont\u00e9 sur un bollard flexible. Pellicule HP. Grandeur: 18&#8243; X 45&#8243;. Vendu avec la quincaillerie.<\/p>\n<p>Visitez les autres cat\u00e9gories de produits sur notre <a href=\"https:\/\/signalisationsaphir.com\/boutique\/\" target=\"_blank\" rel=\"noopener\">boutique en ligne<\/a>.<\/p>\n<p>Produits de s\u00e9curit\u00e9 &#8211; Chevron flexible : L\u2019am\u00e9nagement d\u2019un environnement s\u00e9curitaire est important pour tous. Signalisation Saphir offre toute une panoplie de produits de s\u00e9curit\u00e9 professionnels. Nos articles et accessoires de s\u00e9curit\u00e9 r\u00e9pondent aux normes en vigueur de la s\u00e9curit\u00e9. Gamme de produits pour voirie offerts: Bollard TRV-10 de 48&#8243; avec goupille flexible. C\u00f4ne orange 28&#8243;. Des v\u00eatements pour travailleurs: chapeau de s\u00e9curit\u00e9. Parka. Habit de pluie. Bottes. Souliers. Avec en plus des vestes avec bandes r\u00e9fl\u00e9chissantes. Chandails d&#8217;\u00e9t\u00e9 et bien plus. Accessoires:\u00a0 fus\u00e9e routi\u00e8re, pes\u00e9e et dos d&#8217;\u00e2ne et cl\u00f4ture de balisage.<\/p>\n<p>Produits offerts pour: minist\u00e8re du transport. Municipalit\u00e9s. Entrepreneurs g\u00e9n\u00e9raux. Chantiers de construction etc.<\/p>\n","protected":false},"excerpt":{"rendered":"<p>Chevron flexible. Droite ou gauche. Mont\u00e9 sur un bollard flexible. Pellicule HP. Grandeur: 18&#8243; X 45&#8243;. Vendu avec la quincaillerie. Veuillez noter que les taxes ne sont pas incluses dans le prix.<\/p>\n","protected":false},"featured_media":13871,"template":"","meta":{"_acf_changed":false},"pwb-brand":[],"product_brand":[],"product_cat":[215],"product_tag":[481,480],"class_list":{"0":"post-13870","1":"product","2":"type-product","3":"status-publish","4":"has-post-thumbnail","6":"product_cat-produits-de-securite","7":"product_tag-bollard-flexible","8":"product_tag-chevron-flexible","9":"product_shipping_class-livraison-soumission-hors-dimension-poids","11":"first","12":"instock","13":"taxable","14":"shipping-taxable","15":"purchasable","16":"product-type-simple"},"exclude_global_add_ons":[],"addons":[],"acf":[],"yoast_head":"<!-- This site is optimized with the Yoast SEO Premium plugin v24.4 (Yoast SEO v24.4) - https:\/\/yoast.com\/wordpress\/plugins\/seo\/ -->\n<title>Chevron flexible - Signalisation Saphir - S\u00e9curit\u00e9 routi\u00e8re<\/title>\n<meta name=\"description\" content=\"Signalisation Saphir - Distributeur international. Produits de s\u00e9curit\u00e9. Produits de signalisation. Chevron flexible. Produits sp\u00e9cialis\u00e9s.\" \/>\n<meta name=\"robots\" content=\"index, follow, max-snippet:-1, max-image-preview:large, max-video-preview:-1\" \/>\n<link rel=\"canonical\" href=\"https:\/\/signalisationsaphir.com\/?product=chevron-flexible\" \/>\n<meta property=\"og:locale\" content=\"fr_FR\" \/>\n<meta property=\"og:type\" content=\"article\" \/>\n<meta property=\"og:title\" content=\"Chevron flexible\" \/>\n<meta property=\"og:description\" content=\"Signalisation Saphir - Distributeur international. Produits de s\u00e9curit\u00e9. Produits de signalisation. Chevron flexible. Produits sp\u00e9cialis\u00e9s.\" \/>\n<meta property=\"og:url\" content=\"https:\/\/signalisationsaphir.com\/?product=chevron-flexible\" \/>\n<meta property=\"og:site_name\" content=\"Signalisation Saphir\" \/>\n<meta property=\"article:publisher\" content=\"https:\/\/www.facebook.com\/SignalisationSaphir\" \/>\n<meta property=\"article:modified_time\" content=\"2022-08-03T22:40:41+00:00\" \/>\n<meta property=\"og:image\" content=\"https:\/\/signalisationsaphir.com\/wp-content\/uploads\/2021\/03\/chevron-flexible-6.jpg\" \/>\n\t<meta property=\"og:image:width\" content=\"300\" \/>\n\t<meta property=\"og:image:height\" content=\"300\" \/>\n\t<meta property=\"og:image:type\" content=\"image\/jpeg\" \/>\n<meta name=\"twitter:card\" content=\"summary_large_image\" \/>\n<meta name=\"twitter:label1\" content=\"Dur\u00e9e de lecture estim\u00e9e\" \/>\n\t<meta name=\"twitter:data1\" content=\"1 minute\" \/>\n<script type=\"application\/ld+json\" class=\"yoast-schema-graph\">{\"@context\":\"https:\/\/schema.org\",\"@graph\":[{\"@type\":\"WebPage\",\"@id\":\"https:\/\/signalisationsaphir.com\/?product=chevron-flexible\",\"url\":\"https:\/\/signalisationsaphir.com\/?product=chevron-flexible\",\"name\":\"Chevron flexible - Signalisation Saphir - S\u00e9curit\u00e9 routi\u00e8re\",\"isPartOf\":{\"@id\":\"https:\/\/signalisationsaphir.com\/#website\"},\"primaryImageOfPage\":{\"@id\":\"https:\/\/signalisationsaphir.com\/?product=chevron-flexible#primaryimage\"},\"image\":{\"@id\":\"https:\/\/signalisationsaphir.com\/?product=chevron-flexible#primaryimage\"},\"thumbnailUrl\":\"https:\/\/signalisationsaphir.com\/wp-content\/uploads\/2021\/03\/chevron-flexible-6.jpg\",\"datePublished\":\"2021-03-15T17:09:17+00:00\",\"dateModified\":\"2022-08-03T22:40:41+00:00\",\"description\":\"Signalisation Saphir - Distributeur international. Produits de s\u00e9curit\u00e9. Produits de signalisation. Chevron flexible. Produits sp\u00e9cialis\u00e9s.\",\"breadcrumb\":{\"@id\":\"https:\/\/signalisationsaphir.com\/?product=chevron-flexible#breadcrumb\"},\"inLanguage\":\"fr-FR\",\"potentialAction\":[{\"@type\":\"ReadAction\",\"target\":[\"https:\/\/signalisationsaphir.com\/?product=chevron-flexible\"]}]},{\"@type\":\"ImageObject\",\"inLanguage\":\"fr-FR\",\"@id\":\"https:\/\/signalisationsaphir.com\/?product=chevron-flexible#primaryimage\",\"url\":\"https:\/\/signalisationsaphir.com\/wp-content\/uploads\/2021\/03\/chevron-flexible-6.jpg\",\"contentUrl\":\"https:\/\/signalisationsaphir.com\/wp-content\/uploads\/2021\/03\/chevron-flexible-6.jpg\",\"width\":300,\"height\":300},{\"@type\":\"BreadcrumbList\",\"@id\":\"https:\/\/signalisationsaphir.com\/?product=chevron-flexible#breadcrumb\",\"itemListElement\":[{\"@type\":\"ListItem\",\"position\":1,\"name\":\"Accueil\",\"item\":\"https:\/\/signalisationsaphir.com\/?page_id=9\"},{\"@type\":\"ListItem\",\"position\":2,\"name\":\"Boutique\",\"item\":\"https:\/\/signalisationsaphir.com\/?page_id=9\"},{\"@type\":\"ListItem\",\"position\":3,\"name\":\"Chevron flexible\"}]},{\"@type\":\"WebSite\",\"@id\":\"https:\/\/signalisationsaphir.com\/#website\",\"url\":\"https:\/\/signalisationsaphir.com\/\",\"name\":\"Signalisation Saphir\",\"description\":\"Boutique en ligne\",\"publisher\":{\"@id\":\"https:\/\/signalisationsaphir.com\/#organization\"},\"potentialAction\":[{\"@type\":\"SearchAction\",\"target\":{\"@type\":\"EntryPoint\",\"urlTemplate\":\"https:\/\/signalisationsaphir.com\/?s={search_term_string}\"},\"query-input\":{\"@type\":\"PropertyValueSpecification\",\"valueRequired\":true,\"valueName\":\"search_term_string\"}}],\"inLanguage\":\"fr-FR\"},{\"@type\":\"Organization\",\"@id\":\"https:\/\/signalisationsaphir.com\/#organization\",\"name\":\"Signalisation Saphir\",\"url\":\"https:\/\/signalisationsaphir.com\/\",\"logo\":{\"@type\":\"ImageObject\",\"inLanguage\":\"fr-FR\",\"@id\":\"https:\/\/signalisationsaphir.com\/#\/schema\/logo\/image\/\",\"url\":\"https:\/\/signalisationsaphir.com\/wp-content\/uploads\/2017\/01\/cropped-logo-web-plus-large-bleu-blanc.jpg\",\"contentUrl\":\"https:\/\/signalisationsaphir.com\/wp-content\/uploads\/2017\/01\/cropped-logo-web-plus-large-bleu-blanc.jpg\",\"width\":215,\"height\":95,\"caption\":\"Signalisation Saphir\"},\"image\":{\"@id\":\"https:\/\/signalisationsaphir.com\/#\/schema\/logo\/image\/\"},\"sameAs\":[\"https:\/\/www.facebook.com\/SignalisationSaphir\"]}]}<\/script>\n<!-- \/ Yoast SEO Premium plugin. -->","yoast_head_json":{"title":"Chevron flexible - Signalisation Saphir - S\u00e9curit\u00e9 routi\u00e8re","description":"Signalisation Saphir - Distributeur international. Produits de s\u00e9curit\u00e9. Produits de signalisation. Chevron flexible. Produits sp\u00e9cialis\u00e9s.","robots":{"index":"index","follow":"follow","max-snippet":"max-snippet:-1","max-image-preview":"max-image-preview:large","max-video-preview":"max-video-preview:-1"},"canonical":"https:\/\/signalisationsaphir.com\/?product=chevron-flexible","og_locale":"fr_FR","og_type":"article","og_title":"Chevron flexible","og_description":"Signalisation Saphir - Distributeur international. Produits de s\u00e9curit\u00e9. Produits de signalisation. Chevron flexible. Produits sp\u00e9cialis\u00e9s.","og_url":"https:\/\/signalisationsaphir.com\/?product=chevron-flexible","og_site_name":"Signalisation Saphir","article_publisher":"https:\/\/www.facebook.com\/SignalisationSaphir","article_modified_time":"2022-08-03T22:40:41+00:00","og_image":[{"width":300,"height":300,"url":"https:\/\/signalisationsaphir.com\/wp-content\/uploads\/2021\/03\/chevron-flexible-6.jpg","type":"image\/jpeg"}],"twitter_card":"summary_large_image","twitter_misc":{"Dur\u00e9e de lecture estim\u00e9e":"1 minute"},"schema":{"@context":"https:\/\/schema.org","@graph":[{"@type":"WebPage","@id":"https:\/\/signalisationsaphir.com\/?product=chevron-flexible","url":"https:\/\/signalisationsaphir.com\/?product=chevron-flexible","name":"Chevron flexible - Signalisation Saphir - S\u00e9curit\u00e9 routi\u00e8re","isPartOf":{"@id":"https:\/\/signalisationsaphir.com\/#website"},"primaryImageOfPage":{"@id":"https:\/\/signalisationsaphir.com\/?product=chevron-flexible#primaryimage"},"image":{"@id":"https:\/\/signalisationsaphir.com\/?product=chevron-flexible#primaryimage"},"thumbnailUrl":"https:\/\/signalisationsaphir.com\/wp-content\/uploads\/2021\/03\/chevron-flexible-6.jpg","datePublished":"2021-03-15T17:09:17+00:00","dateModified":"2022-08-03T22:40:41+00:00","description":"Signalisation Saphir - Distributeur international. Produits de s\u00e9curit\u00e9. Produits de signalisation. Chevron flexible. Produits sp\u00e9cialis\u00e9s.","breadcrumb":{"@id":"https:\/\/signalisationsaphir.com\/?product=chevron-flexible#breadcrumb"},"inLanguage":"fr-FR","potentialAction":[{"@type":"ReadAction","target":["https:\/\/signalisationsaphir.com\/?product=chevron-flexible"]}]},{"@type":"ImageObject","inLanguage":"fr-FR","@id":"https:\/\/signalisationsaphir.com\/?product=chevron-flexible#primaryimage","url":"https:\/\/signalisationsaphir.com\/wp-content\/uploads\/2021\/03\/chevron-flexible-6.jpg","contentUrl":"https:\/\/signalisationsaphir.com\/wp-content\/uploads\/2021\/03\/chevron-flexible-6.jpg","width":300,"height":300},{"@type":"BreadcrumbList","@id":"https:\/\/signalisationsaphir.com\/?product=chevron-flexible#breadcrumb","itemListElement":[{"@type":"ListItem","position":1,"name":"Accueil","item":"https:\/\/signalisationsaphir.com\/?page_id=9"},{"@type":"ListItem","position":2,"name":"Boutique","item":"https:\/\/signalisationsaphir.com\/?page_id=9"},{"@type":"ListItem","position":3,"name":"Chevron flexible"}]},{"@type":"WebSite","@id":"https:\/\/signalisationsaphir.com\/#website","url":"https:\/\/signalisationsaphir.com\/","name":"Signalisation Saphir","description":"Boutique en ligne","publisher":{"@id":"https:\/\/signalisationsaphir.com\/#organization"},"potentialAction":[{"@type":"SearchAction","target":{"@type":"EntryPoint","urlTemplate":"https:\/\/signalisationsaphir.com\/?s={search_term_string}"},"query-input":{"@type":"PropertyValueSpecification","valueRequired":true,"valueName":"search_term_string"}}],"inLanguage":"fr-FR"},{"@type":"Organization","@id":"https:\/\/signalisationsaphir.com\/#organization","name":"Signalisation Saphir","url":"https:\/\/signalisationsaphir.com\/","logo":{"@type":"ImageObject","inLanguage":"fr-FR","@id":"https:\/\/signalisationsaphir.com\/#\/schema\/logo\/image\/","url":"https:\/\/signalisationsaphir.com\/wp-content\/uploads\/2017\/01\/cropped-logo-web-plus-large-bleu-blanc.jpg","contentUrl":"https:\/\/signalisationsaphir.com\/wp-content\/uploads\/2017\/01\/cropped-logo-web-plus-large-bleu-blanc.jpg","width":215,"height":95,"caption":"Signalisation Saphir"},"image":{"@id":"https:\/\/signalisationsaphir.com\/#\/schema\/logo\/image\/"},"sameAs":["https:\/\/www.facebook.com\/SignalisationSaphir"]}]}},"brands":[],"_links":{"self":[{"href":"https:\/\/signalisationsaphir.com\/index.php?rest_route=\/wp\/v2\/product\/13870","targetHints":{"allow":["GET"]}}],"collection":[{"href":"https:\/\/signalisationsaphir.com\/index.php?rest_route=\/wp\/v2\/product"}],"about":[{"href":"https:\/\/signalisationsaphir.com\/index.php?rest_route=\/wp\/v2\/types\/product"}],"version-history":[{"count":0,"href":"https:\/\/signalisationsaphir.com\/index.php?rest_route=\/wp\/v2\/product\/13870\/revisions"}],"wp:featuredmedia":[{"embeddable":true,"href":"https:\/\/signalisationsaphir.com\/index.php?rest_route=\/wp\/v2\/media\/13871"}],"wp:attachment":[{"href":"https:\/\/signalisationsaphir.com\/index.php?rest_route=%2Fwp%2Fv2%2Fmedia&parent=13870"}],"wp:term":[{"taxonomy":"pwb-brand","embeddable":true,"href":"https:\/\/signalisationsaphir.com\/index.php?rest_route=%2Fwp%2Fv2%2Fpwb-brand&post=13870"},{"taxonomy":"product_brand","embeddable":true,"href":"https:\/\/signalisationsaphir.com\/index.php?rest_route=%2Fwp%2Fv2%2Fproduct_brand&post=13870"},{"taxonomy":"product_cat","embeddable":true,"href":"https:\/\/signalisationsaphir.com\/index.php?rest_route=%2Fwp%2Fv2%2Fproduct_cat&post=13870"},{"taxonomy":"product_tag","embeddable":true,"href":"https:\/\/signalisationsaphir.com\/index.php?rest_route=%2Fwp%2Fv2%2Fproduct_tag&post=13870"}],"curies":[{"name":"wp","href":"https:\/\/api.w.org\/{rel}","templated":true}]}}