{"id":13855,"date":"2021-02-24T11:52:06","date_gmt":"2021-02-24T16:52:06","guid":{"rendered":"https:\/\/signalisationsaphir.com\/?post_type=product&#038;p=13855"},"modified":"2022-08-03T18:41:16","modified_gmt":"2022-08-03T22:41:16","slug":"delineateur-solaire-aluminium-jaune","status":"publish","type":"product","link":"https:\/\/signalisationsaphir.com\/?product=delineateur-solaire-aluminium-jaune","title":{"rendered":"D\u00e9lin\u00e9ateur solaire (aluminium jaune)"},"content":{"rendered":"<h2>D\u00e9lin\u00e9ateur solaire (aluminium jaune).<\/h2>\n<p>D\u00e9lin\u00e9ateur solaire (aluminium jaune). R\u00e9flecteur de route offre une source lumineuse et autonome. Les d\u00e9lin\u00e9ateurs solaire peuvent \u00eatre install\u00e9s non seulement sur la route, mais dans n&#8217;importe quel situation pour attirer l&#8217;attention sur les dangers ou obstacles: escaliers, passages pi\u00e9tons, entr\u00e9es et sortie. D\u00e9lai de livraison : 10 jours ouvrables.<\/p>\n<div>\n<div>Dimension: 122*103*24mm<br \/>\nPoids: 0.34kg<br \/>\nPerles de lampe aux DEL&#8217;s: 3pcs<br \/>\nEffet \u00e9clair\u00e9: flashing<br \/>\nMateriel: Aluminium<br \/>\nGrade IP: IP\u226567<br \/>\nTemp\u00e9rature de travail: -25\u2103 \u2014 75\u2103<br \/>\nCouleur DEL&#8217;s: Jaune\/rouge\/blanc<br \/>\nPoids de r\u00e9sistance maximal: 26 tons<\/div>\n<div>Visibilit\u00e9: de plus que 500 m\u00e8tres.<\/div>\n<\/div>\n<div><\/div>\n<div>Visitez notre <a href=\"https:\/\/signalisationsaphir.com\/boutique\/\" target=\"_blank\" rel=\"noopener\">boutique en ligne<\/a> pour d\u00e9couvrir d&#8217;autres cat\u00e9gories de produits professionnels.<\/div>\n<div><strong><a href=\"https:\/\/signalisationsaphir.com\/wp-content\/uploads\/2021\/02\/Fiche-de\u0301line\u0301ateur.pdf\" target=\"_blank\" rel=\"noopener\">Cliquez ici pour consultez la fiche technique<\/a><\/strong><\/div>\n<div>\n<p>L\u2019am\u00e9nagement d\u2019un environnement s\u00e9curitaire est important pour tous. Signalisation Saphir offre toute une panoplie de produits de s\u00e9curit\u00e9 professionnels. Nos articles et accessoires de s\u00e9curit\u00e9 r\u00e9pondent aux normes en vigueur de la s\u00e9curit\u00e9. Gamme de produits pour voirie offerts: Bollard TRV-10 de 48&#8243; avec goupille flexible. C\u00f4ne orange 28&#8243;. Des v\u00eatements pour travailleurs: chapeau de s\u00e9curit\u00e9. Parka. Habit de pluie. Bottes. Souliers. Avec en plus des vestes avec bandes r\u00e9fl\u00e9chissantes. Chandails d&#8217;\u00e9t\u00e9 et bien plus. Accessoires:\u00a0 fus\u00e9e routi\u00e8re, pes\u00e9e et dos d&#8217;\u00e2ne et cl\u00f4ture de balisage.<\/p>\n<p>Produits offerts pour: minist\u00e8re du transport. Municipalit\u00e9s. Entrepreneurs g\u00e9n\u00e9raux. Chantiers de construction etc.<\/p>\n<\/div>\n","protected":false},"excerpt":{"rendered":"<p>D\u00e9lin\u00e9ateur solaire (aluminium jaune). R\u00e9flecteur de route offre une source lumineuse et autonome. Les d\u00e9lin\u00e9ateurs solaire peuvent \u00eatre install\u00e9s non seulement sur la route, mais dans n&#8217;importe quel situation pour attirer l&#8217;attention sur les dangers ou obstacles: escaliers, passages pi\u00e9tons, entr\u00e9es et sortie. D\u00e9lai de livraison : 10 jours ouvrables. Veuillez noter que les taxes ne sont pas incluses dans le prix.<\/p>\n<p><strong><a href=\"https:\/\/signalisationsaphir.com\/wp-content\/uploads\/2021\/02\/Fiche-de\u0301line\u0301ateur.pdf\" target=\"_blank\" rel=\"noopener\">Cliquez ici pour consultez la fiche technique<\/a>.<\/strong><\/p>\n<p>&nbsp;<\/p>\n","protected":false},"featured_media":13857,"template":"","meta":{"_acf_changed":false},"pwb-brand":[],"product_brand":[],"product_cat":[397],"product_tag":[478,476,232,258,479,477],"class_list":{"0":"post-13855","1":"product","2":"type-product","3":"status-publish","4":"has-post-thumbnail","6":"product_cat-produits-dels-securite-signalisation","7":"product_tag-dels","8":"product_tag-delineateur-solaire-aluminium-jaune","9":"product_tag-securite","10":"product_tag-signalisation","11":"product_tag-solaire","12":"product_tag-visibilite","13":"product_shipping_class-standard","15":"first","16":"instock","17":"taxable","18":"shipping-taxable","19":"purchasable","20":"product-type-simple"},"exclude_global_add_ons":[],"addons":[],"acf":[],"yoast_head":"<!-- This site is optimized with the Yoast SEO Premium plugin v24.4 (Yoast SEO v24.4) - https:\/\/yoast.com\/wordpress\/plugins\/seo\/ -->\n<title>D\u00e9lin\u00e9ateur solaire (aluminium jaune) - Signalisation Saphir,S\u00e9curit\u00e9 routi\u00e8re<\/title>\n<meta name=\"description\" content=\"Signalisation Saphir - Produits de s\u00e9curit\u00e9. Produits de signalisation. Produits sp\u00e9cialis\u00e9s. D\u00e9lin\u00e9ateur solaire (aluminium jaune) et plus.\" \/>\n<meta name=\"robots\" content=\"index, follow, max-snippet:-1, max-image-preview:large, max-video-preview:-1\" \/>\n<link rel=\"canonical\" href=\"https:\/\/signalisationsaphir.com\/?product=delineateur-solaire-aluminium-jaune\" \/>\n<meta property=\"og:locale\" content=\"fr_FR\" \/>\n<meta property=\"og:type\" content=\"article\" \/>\n<meta property=\"og:title\" content=\"D\u00e9lin\u00e9ateur solaire (aluminium jaune)\" \/>\n<meta property=\"og:description\" content=\"Signalisation Saphir - Produits de s\u00e9curit\u00e9. Produits de signalisation. Produits sp\u00e9cialis\u00e9s. D\u00e9lin\u00e9ateur solaire (aluminium jaune) et plus.\" \/>\n<meta property=\"og:url\" content=\"https:\/\/signalisationsaphir.com\/?product=delineateur-solaire-aluminium-jaune\" \/>\n<meta property=\"og:site_name\" content=\"Signalisation Saphir\" \/>\n<meta property=\"article:publisher\" content=\"https:\/\/www.facebook.com\/SignalisationSaphir\" \/>\n<meta property=\"article:modified_time\" content=\"2022-08-03T22:41:16+00:00\" \/>\n<meta property=\"og:image\" content=\"https:\/\/signalisationsaphir.com\/wp-content\/uploads\/2021\/02\/de\u0301line\u0301ateur-solaire-en-aluminium-jaune-2.jpg\" \/>\n\t<meta property=\"og:image:width\" content=\"600\" \/>\n\t<meta property=\"og:image:height\" content=\"600\" \/>\n\t<meta property=\"og:image:type\" content=\"image\/jpeg\" \/>\n<meta name=\"twitter:card\" content=\"summary_large_image\" \/>\n<meta name=\"twitter:label1\" content=\"Dur\u00e9e de lecture estim\u00e9e\" \/>\n\t<meta name=\"twitter:data1\" content=\"2 minutes\" \/>\n<script type=\"application\/ld+json\" class=\"yoast-schema-graph\">{\"@context\":\"https:\/\/schema.org\",\"@graph\":[{\"@type\":\"WebPage\",\"@id\":\"https:\/\/signalisationsaphir.com\/?product=delineateur-solaire-aluminium-jaune\",\"url\":\"https:\/\/signalisationsaphir.com\/?product=delineateur-solaire-aluminium-jaune\",\"name\":\"D\u00e9lin\u00e9ateur solaire (aluminium jaune) - Signalisation Saphir,S\u00e9curit\u00e9 routi\u00e8re\",\"isPartOf\":{\"@id\":\"https:\/\/signalisationsaphir.com\/#website\"},\"primaryImageOfPage\":{\"@id\":\"https:\/\/signalisationsaphir.com\/?product=delineateur-solaire-aluminium-jaune#primaryimage\"},\"image\":{\"@id\":\"https:\/\/signalisationsaphir.com\/?product=delineateur-solaire-aluminium-jaune#primaryimage\"},\"thumbnailUrl\":\"https:\/\/signalisationsaphir.com\/wp-content\/uploads\/2021\/02\/de\u0301line\u0301ateur-solaire-en-aluminium-jaune-2.jpg\",\"datePublished\":\"2021-02-24T16:52:06+00:00\",\"dateModified\":\"2022-08-03T22:41:16+00:00\",\"description\":\"Signalisation Saphir - Produits de s\u00e9curit\u00e9. Produits de signalisation. Produits sp\u00e9cialis\u00e9s. D\u00e9lin\u00e9ateur solaire (aluminium jaune) et plus.\",\"breadcrumb\":{\"@id\":\"https:\/\/signalisationsaphir.com\/?product=delineateur-solaire-aluminium-jaune#breadcrumb\"},\"inLanguage\":\"fr-FR\",\"potentialAction\":[{\"@type\":\"ReadAction\",\"target\":[\"https:\/\/signalisationsaphir.com\/?product=delineateur-solaire-aluminium-jaune\"]}]},{\"@type\":\"ImageObject\",\"inLanguage\":\"fr-FR\",\"@id\":\"https:\/\/signalisationsaphir.com\/?product=delineateur-solaire-aluminium-jaune#primaryimage\",\"url\":\"https:\/\/signalisationsaphir.com\/wp-content\/uploads\/2021\/02\/de\u0301line\u0301ateur-solaire-en-aluminium-jaune-2.jpg\",\"contentUrl\":\"https:\/\/signalisationsaphir.com\/wp-content\/uploads\/2021\/02\/de\u0301line\u0301ateur-solaire-en-aluminium-jaune-2.jpg\",\"width\":600,\"height\":600,\"caption\":\"d\u00e9lin\u00e9ateur solaire en aluminium jaune\"},{\"@type\":\"BreadcrumbList\",\"@id\":\"https:\/\/signalisationsaphir.com\/?product=delineateur-solaire-aluminium-jaune#breadcrumb\",\"itemListElement\":[{\"@type\":\"ListItem\",\"position\":1,\"name\":\"Accueil\",\"item\":\"https:\/\/signalisationsaphir.com\/?page_id=9\"},{\"@type\":\"ListItem\",\"position\":2,\"name\":\"Boutique\",\"item\":\"https:\/\/signalisationsaphir.com\/?page_id=9\"},{\"@type\":\"ListItem\",\"position\":3,\"name\":\"D\u00e9lin\u00e9ateur solaire (aluminium jaune)\"}]},{\"@type\":\"WebSite\",\"@id\":\"https:\/\/signalisationsaphir.com\/#website\",\"url\":\"https:\/\/signalisationsaphir.com\/\",\"name\":\"Signalisation Saphir\",\"description\":\"Boutique en ligne\",\"publisher\":{\"@id\":\"https:\/\/signalisationsaphir.com\/#organization\"},\"potentialAction\":[{\"@type\":\"SearchAction\",\"target\":{\"@type\":\"EntryPoint\",\"urlTemplate\":\"https:\/\/signalisationsaphir.com\/?s={search_term_string}\"},\"query-input\":{\"@type\":\"PropertyValueSpecification\",\"valueRequired\":true,\"valueName\":\"search_term_string\"}}],\"inLanguage\":\"fr-FR\"},{\"@type\":\"Organization\",\"@id\":\"https:\/\/signalisationsaphir.com\/#organization\",\"name\":\"Signalisation Saphir\",\"url\":\"https:\/\/signalisationsaphir.com\/\",\"logo\":{\"@type\":\"ImageObject\",\"inLanguage\":\"fr-FR\",\"@id\":\"https:\/\/signalisationsaphir.com\/#\/schema\/logo\/image\/\",\"url\":\"https:\/\/signalisationsaphir.com\/wp-content\/uploads\/2017\/01\/cropped-logo-web-plus-large-bleu-blanc.jpg\",\"contentUrl\":\"https:\/\/signalisationsaphir.com\/wp-content\/uploads\/2017\/01\/cropped-logo-web-plus-large-bleu-blanc.jpg\",\"width\":215,\"height\":95,\"caption\":\"Signalisation Saphir\"},\"image\":{\"@id\":\"https:\/\/signalisationsaphir.com\/#\/schema\/logo\/image\/\"},\"sameAs\":[\"https:\/\/www.facebook.com\/SignalisationSaphir\"]}]}<\/script>\n<!-- \/ Yoast SEO Premium plugin. -->","yoast_head_json":{"title":"D\u00e9lin\u00e9ateur solaire (aluminium jaune) - Signalisation Saphir,S\u00e9curit\u00e9 routi\u00e8re","description":"Signalisation Saphir - Produits de s\u00e9curit\u00e9. Produits de signalisation. Produits sp\u00e9cialis\u00e9s. D\u00e9lin\u00e9ateur solaire (aluminium jaune) et plus.","robots":{"index":"index","follow":"follow","max-snippet":"max-snippet:-1","max-image-preview":"max-image-preview:large","max-video-preview":"max-video-preview:-1"},"canonical":"https:\/\/signalisationsaphir.com\/?product=delineateur-solaire-aluminium-jaune","og_locale":"fr_FR","og_type":"article","og_title":"D\u00e9lin\u00e9ateur solaire (aluminium jaune)","og_description":"Signalisation Saphir - Produits de s\u00e9curit\u00e9. Produits de signalisation. Produits sp\u00e9cialis\u00e9s. D\u00e9lin\u00e9ateur solaire (aluminium jaune) et plus.","og_url":"https:\/\/signalisationsaphir.com\/?product=delineateur-solaire-aluminium-jaune","og_site_name":"Signalisation Saphir","article_publisher":"https:\/\/www.facebook.com\/SignalisationSaphir","article_modified_time":"2022-08-03T22:41:16+00:00","og_image":[{"width":600,"height":600,"url":"https:\/\/signalisationsaphir.com\/wp-content\/uploads\/2021\/02\/de\u0301line\u0301ateur-solaire-en-aluminium-jaune-2.jpg","type":"image\/jpeg"}],"twitter_card":"summary_large_image","twitter_misc":{"Dur\u00e9e de lecture estim\u00e9e":"2 minutes"},"schema":{"@context":"https:\/\/schema.org","@graph":[{"@type":"WebPage","@id":"https:\/\/signalisationsaphir.com\/?product=delineateur-solaire-aluminium-jaune","url":"https:\/\/signalisationsaphir.com\/?product=delineateur-solaire-aluminium-jaune","name":"D\u00e9lin\u00e9ateur solaire (aluminium jaune) - Signalisation Saphir,S\u00e9curit\u00e9 routi\u00e8re","isPartOf":{"@id":"https:\/\/signalisationsaphir.com\/#website"},"primaryImageOfPage":{"@id":"https:\/\/signalisationsaphir.com\/?product=delineateur-solaire-aluminium-jaune#primaryimage"},"image":{"@id":"https:\/\/signalisationsaphir.com\/?product=delineateur-solaire-aluminium-jaune#primaryimage"},"thumbnailUrl":"https:\/\/signalisationsaphir.com\/wp-content\/uploads\/2021\/02\/de\u0301line\u0301ateur-solaire-en-aluminium-jaune-2.jpg","datePublished":"2021-02-24T16:52:06+00:00","dateModified":"2022-08-03T22:41:16+00:00","description":"Signalisation Saphir - Produits de s\u00e9curit\u00e9. Produits de signalisation. Produits sp\u00e9cialis\u00e9s. D\u00e9lin\u00e9ateur solaire (aluminium jaune) et plus.","breadcrumb":{"@id":"https:\/\/signalisationsaphir.com\/?product=delineateur-solaire-aluminium-jaune#breadcrumb"},"inLanguage":"fr-FR","potentialAction":[{"@type":"ReadAction","target":["https:\/\/signalisationsaphir.com\/?product=delineateur-solaire-aluminium-jaune"]}]},{"@type":"ImageObject","inLanguage":"fr-FR","@id":"https:\/\/signalisationsaphir.com\/?product=delineateur-solaire-aluminium-jaune#primaryimage","url":"https:\/\/signalisationsaphir.com\/wp-content\/uploads\/2021\/02\/de\u0301line\u0301ateur-solaire-en-aluminium-jaune-2.jpg","contentUrl":"https:\/\/signalisationsaphir.com\/wp-content\/uploads\/2021\/02\/de\u0301line\u0301ateur-solaire-en-aluminium-jaune-2.jpg","width":600,"height":600,"caption":"d\u00e9lin\u00e9ateur solaire en aluminium jaune"},{"@type":"BreadcrumbList","@id":"https:\/\/signalisationsaphir.com\/?product=delineateur-solaire-aluminium-jaune#breadcrumb","itemListElement":[{"@type":"ListItem","position":1,"name":"Accueil","item":"https:\/\/signalisationsaphir.com\/?page_id=9"},{"@type":"ListItem","position":2,"name":"Boutique","item":"https:\/\/signalisationsaphir.com\/?page_id=9"},{"@type":"ListItem","position":3,"name":"D\u00e9lin\u00e9ateur solaire (aluminium jaune)"}]},{"@type":"WebSite","@id":"https:\/\/signalisationsaphir.com\/#website","url":"https:\/\/signalisationsaphir.com\/","name":"Signalisation Saphir","description":"Boutique en ligne","publisher":{"@id":"https:\/\/signalisationsaphir.com\/#organization"},"potentialAction":[{"@type":"SearchAction","target":{"@type":"EntryPoint","urlTemplate":"https:\/\/signalisationsaphir.com\/?s={search_term_string}"},"query-input":{"@type":"PropertyValueSpecification","valueRequired":true,"valueName":"search_term_string"}}],"inLanguage":"fr-FR"},{"@type":"Organization","@id":"https:\/\/signalisationsaphir.com\/#organization","name":"Signalisation Saphir","url":"https:\/\/signalisationsaphir.com\/","logo":{"@type":"ImageObject","inLanguage":"fr-FR","@id":"https:\/\/signalisationsaphir.com\/#\/schema\/logo\/image\/","url":"https:\/\/signalisationsaphir.com\/wp-content\/uploads\/2017\/01\/cropped-logo-web-plus-large-bleu-blanc.jpg","contentUrl":"https:\/\/signalisationsaphir.com\/wp-content\/uploads\/2017\/01\/cropped-logo-web-plus-large-bleu-blanc.jpg","width":215,"height":95,"caption":"Signalisation Saphir"},"image":{"@id":"https:\/\/signalisationsaphir.com\/#\/schema\/logo\/image\/"},"sameAs":["https:\/\/www.facebook.com\/SignalisationSaphir"]}]}},"brands":[],"_links":{"self":[{"href":"https:\/\/signalisationsaphir.com\/index.php?rest_route=\/wp\/v2\/product\/13855","targetHints":{"allow":["GET"]}}],"collection":[{"href":"https:\/\/signalisationsaphir.com\/index.php?rest_route=\/wp\/v2\/product"}],"about":[{"href":"https:\/\/signalisationsaphir.com\/index.php?rest_route=\/wp\/v2\/types\/product"}],"version-history":[{"count":0,"href":"https:\/\/signalisationsaphir.com\/index.php?rest_route=\/wp\/v2\/product\/13855\/revisions"}],"wp:featuredmedia":[{"embeddable":true,"href":"https:\/\/signalisationsaphir.com\/index.php?rest_route=\/wp\/v2\/media\/13857"}],"wp:attachment":[{"href":"https:\/\/signalisationsaphir.com\/index.php?rest_route=%2Fwp%2Fv2%2Fmedia&parent=13855"}],"wp:term":[{"taxonomy":"pwb-brand","embeddable":true,"href":"https:\/\/signalisationsaphir.com\/index.php?rest_route=%2Fwp%2Fv2%2Fpwb-brand&post=13855"},{"taxonomy":"product_brand","embeddable":true,"href":"https:\/\/signalisationsaphir.com\/index.php?rest_route=%2Fwp%2Fv2%2Fproduct_brand&post=13855"},{"taxonomy":"product_cat","embeddable":true,"href":"https:\/\/signalisationsaphir.com\/index.php?rest_route=%2Fwp%2Fv2%2Fproduct_cat&post=13855"},{"taxonomy":"product_tag","embeddable":true,"href":"https:\/\/signalisationsaphir.com\/index.php?rest_route=%2Fwp%2Fv2%2Fproduct_tag&post=13855"}],"curies":[{"name":"wp","href":"https:\/\/api.w.org\/{rel}","templated":true}]}}