{"id":13815,"date":"2020-11-23T12:05:27","date_gmt":"2020-11-23T17:05:27","guid":{"rendered":"https:\/\/signalisationsaphir.com\/?post_type=product&#038;p=13815"},"modified":"2022-08-03T18:45:14","modified_gmt":"2022-08-03T22:45:14","slug":"gant-cuir-synthetique-spandex-orange-saphir01","status":"publish","type":"product","link":"https:\/\/signalisationsaphir.com\/?product=gant-cuir-synthetique-spandex-orange-saphir01","title":{"rendered":"Gant cuir synth\u00e9tique spandex &#8211; orange SAPHIR01"},"content":{"rendered":"<p>Gant cuir synth\u00e9tique spandex &#8211; orange SAPHIR01. Gant de travail haute visibilit\u00e9 en cuir synth\u00e9tique, avec le dos de la main en Spandex orange, un poignet \u00e9lastique et des points de PVC \u00e0 l&#8217;int\u00e9rieur de la paume. Les renforts de caoutchouc aux doigts et au dos de la main offrent une protection suppl\u00e9mentaire, tout en augmentant la visibilit\u00e9.<\/p>\n<ul>\n<li>Genre :Homme<\/li>\n<li>Tissus :cuir synth\u00e9tique<\/li>\n<li>Dos main :Spandex<\/li>\n<li>Couleurs :Orange<\/li>\n<li>Grandeurs :S &#8211; M &#8211; L &#8211; XL &#8211; 2X<\/li>\n<\/ul>\n<p>Visitez les autres <a href=\"https:\/\/signalisationsaphir.com\/boutique-de-produits-de-securite-et-signalisation\/\" target=\"_blank\" rel=\"noopener\">cat\u00e9gories de produits disponible en boutique<\/a>.<\/p>\n<h3>Produits de s\u00e9curit\u00e9 :<\/h3>\n<p>L\u2019am\u00e9nagement d\u2019un environnement s\u00e9curitaire est important pour tous. Signalisation Saphir offre toute une panoplie de produits de s\u00e9curit\u00e9 professionnels. Nos articles et accessoires de s\u00e9curit\u00e9 r\u00e9pondent aux normes en vigueur de la s\u00e9curit\u00e9. Gamme de produits pour voirie offerts: Bollard TRV-10 de 48&#8243; avec goupille flexible. C\u00f4ne orange 28&#8243;. Des v\u00eatements pour travailleurs: chapeau de s\u00e9curit\u00e9. Parka. Habit de pluie. Gant cuir synth\u00e9tique spandex. Bottes. Souliers. Avec en plus des vestes avec bandes r\u00e9fl\u00e9chissantes. Chandails d&#8217;\u00e9t\u00e9 et bien plus. Accessoires:\u00a0 fus\u00e9e routi\u00e8re, pes\u00e9e et dos d&#8217;\u00e2ne et cl\u00f4ture de balisage.<\/p>\n<p>Produits offerts pour: minist\u00e8re du transport. Municipalit\u00e9s. Entrepreneurs g\u00e9n\u00e9raux. Chantiers de construction etc.<\/p>\n","protected":false},"excerpt":{"rendered":"<p>Gant cuir synth\u00e9tique spandex &#8211; orange SAPHIR01. Gant de travail haute visibilit\u00e9 en cuir synth\u00e9tique, avec le dos de la main en Spandex orange, un poignet \u00e9lastique et des points de PVC \u00e0 l&#8217;int\u00e9rieur de la paume. Les renforts de caoutchouc aux doigts et au dos de la main offrent une protection suppl\u00e9mentaire, tout en augmentant la visibilit\u00e9. Couleurs :Jaune. Grandeurs :S &#8211; M &#8211; L &#8211; XL &#8211; 2X. Veuillez noter que les taxes ne sont pas incluses dans le prix.<\/p>\n","protected":false},"featured_media":13814,"template":"","meta":{"_acf_changed":false},"pwb-brand":[],"product_brand":[],"product_cat":[215],"product_tag":[454,450,452,268,457,455,223,456,453],"class_list":{"0":"post-13815","1":"product","2":"type-product","3":"status-publish","4":"has-post-thumbnail","6":"product_cat-produits-de-securite","7":"product_tag-cuir-synthetique","8":"product_tag-gant","9":"product_tag-grandeur-unique","10":"product_tag-haute-visibilite","11":"product_tag-orange","12":"product_tag-poignet-elastique","13":"product_tag-protection","14":"product_tag-renfort-caoutchouc","15":"product_tag-spandex","16":"product_shipping_class-standard","18":"first","19":"instock","20":"taxable","21":"shipping-taxable","22":"purchasable","23":"product-type-simple"},"exclude_global_add_ons":false,"addons":[{"name":"Choisissez votre grandeur","type":"multiple_choice","position":0,"required":true,"title_format":"label","default":"","description_enable":false,"description":"","placeholder_enable":false,"placeholder":"","display":"select","restrictions_type":"any_text","adjust_price":false,"price":"","price_type":"flat_fee","restrictions":false,"min":"0","max":"0","options":[{"label":"S - Small","price":"","price_type":"flat_fee","image":0},{"label":"M - M\u00e9dium","price":"","price_type":"flat_fee","image":0},{"label":"L - Large","price":"","price_type":"flat_fee","image":0},{"label":"XL - Large","price":"","price_type":"flat_fee","image":0},{"label":"XXL - 2X Large","price":"","price_type":"flat_fee","image":0}]}],"acf":[],"yoast_head":"<!-- This site is optimized with the Yoast SEO Premium plugin v24.4 (Yoast SEO v24.4) - https:\/\/yoast.com\/wordpress\/plugins\/seo\/ -->\n<title>Gant cuir synth\u00e9tique spandex - orange SAPHIR01 - Signalisation Saphir<\/title>\n<meta name=\"description\" content=\"Signalisation Saphir. Produits de s\u00e9curit\u00e9. Produits de signalisation. Produits sp\u00e9cialis\u00e9s. Gant cuir synth\u00e9tique spandex et plus.\" \/>\n<meta name=\"robots\" content=\"index, follow, max-snippet:-1, max-image-preview:large, max-video-preview:-1\" \/>\n<link rel=\"canonical\" href=\"https:\/\/signalisationsaphir.com\/?product=gant-cuir-synthetique-spandex-orange-saphir01\" \/>\n<meta property=\"og:locale\" content=\"fr_FR\" \/>\n<meta property=\"og:type\" content=\"article\" \/>\n<meta property=\"og:title\" content=\"Gant cuir synth\u00e9tique spandex - orange SAPHIR01\" \/>\n<meta property=\"og:description\" content=\"Signalisation Saphir. Produits de s\u00e9curit\u00e9. Produits de signalisation. Produits sp\u00e9cialis\u00e9s. Gant cuir synth\u00e9tique spandex et plus.\" \/>\n<meta property=\"og:url\" content=\"https:\/\/signalisationsaphir.com\/?product=gant-cuir-synthetique-spandex-orange-saphir01\" \/>\n<meta property=\"og:site_name\" content=\"Signalisation Saphir\" \/>\n<meta property=\"article:publisher\" content=\"https:\/\/www.facebook.com\/SignalisationSaphir\" \/>\n<meta property=\"article:modified_time\" content=\"2022-08-03T22:45:14+00:00\" \/>\n<meta property=\"og:image\" content=\"https:\/\/signalisationsaphir.com\/wp-content\/uploads\/2020\/11\/gant-cuir-synthetique-orange-saphir01.jpg\" \/>\n\t<meta property=\"og:image:width\" content=\"1500\" \/>\n\t<meta property=\"og:image:height\" content=\"1500\" \/>\n\t<meta property=\"og:image:type\" content=\"image\/jpeg\" \/>\n<meta name=\"twitter:card\" content=\"summary_large_image\" \/>\n<meta name=\"twitter:label1\" content=\"Dur\u00e9e de lecture estim\u00e9e\" \/>\n\t<meta name=\"twitter:data1\" content=\"1 minute\" \/>\n<script type=\"application\/ld+json\" class=\"yoast-schema-graph\">{\"@context\":\"https:\/\/schema.org\",\"@graph\":[{\"@type\":\"WebPage\",\"@id\":\"https:\/\/signalisationsaphir.com\/?product=gant-cuir-synthetique-spandex-orange-saphir01\",\"url\":\"https:\/\/signalisationsaphir.com\/?product=gant-cuir-synthetique-spandex-orange-saphir01\",\"name\":\"Gant cuir synth\u00e9tique spandex - orange SAPHIR01 - Signalisation Saphir\",\"isPartOf\":{\"@id\":\"https:\/\/signalisationsaphir.com\/#website\"},\"primaryImageOfPage\":{\"@id\":\"https:\/\/signalisationsaphir.com\/?product=gant-cuir-synthetique-spandex-orange-saphir01#primaryimage\"},\"image\":{\"@id\":\"https:\/\/signalisationsaphir.com\/?product=gant-cuir-synthetique-spandex-orange-saphir01#primaryimage\"},\"thumbnailUrl\":\"https:\/\/signalisationsaphir.com\/wp-content\/uploads\/2020\/11\/gant-cuir-synthetique-orange-saphir01.jpg\",\"datePublished\":\"2020-11-23T17:05:27+00:00\",\"dateModified\":\"2022-08-03T22:45:14+00:00\",\"description\":\"Signalisation Saphir. Produits de s\u00e9curit\u00e9. Produits de signalisation. Produits sp\u00e9cialis\u00e9s. Gant cuir synth\u00e9tique spandex et plus.\",\"breadcrumb\":{\"@id\":\"https:\/\/signalisationsaphir.com\/?product=gant-cuir-synthetique-spandex-orange-saphir01#breadcrumb\"},\"inLanguage\":\"fr-FR\",\"potentialAction\":[{\"@type\":\"ReadAction\",\"target\":[\"https:\/\/signalisationsaphir.com\/?product=gant-cuir-synthetique-spandex-orange-saphir01\"]}]},{\"@type\":\"ImageObject\",\"inLanguage\":\"fr-FR\",\"@id\":\"https:\/\/signalisationsaphir.com\/?product=gant-cuir-synthetique-spandex-orange-saphir01#primaryimage\",\"url\":\"https:\/\/signalisationsaphir.com\/wp-content\/uploads\/2020\/11\/gant-cuir-synthetique-orange-saphir01.jpg\",\"contentUrl\":\"https:\/\/signalisationsaphir.com\/wp-content\/uploads\/2020\/11\/gant-cuir-synthetique-orange-saphir01.jpg\",\"width\":1500,\"height\":1500},{\"@type\":\"BreadcrumbList\",\"@id\":\"https:\/\/signalisationsaphir.com\/?product=gant-cuir-synthetique-spandex-orange-saphir01#breadcrumb\",\"itemListElement\":[{\"@type\":\"ListItem\",\"position\":1,\"name\":\"Accueil\",\"item\":\"https:\/\/signalisationsaphir.com\/?page_id=9\"},{\"@type\":\"ListItem\",\"position\":2,\"name\":\"Boutique\",\"item\":\"https:\/\/signalisationsaphir.com\/?page_id=9\"},{\"@type\":\"ListItem\",\"position\":3,\"name\":\"Gant cuir synth\u00e9tique spandex &#8211; orange SAPHIR01\"}]},{\"@type\":\"WebSite\",\"@id\":\"https:\/\/signalisationsaphir.com\/#website\",\"url\":\"https:\/\/signalisationsaphir.com\/\",\"name\":\"Signalisation Saphir\",\"description\":\"Boutique en ligne\",\"publisher\":{\"@id\":\"https:\/\/signalisationsaphir.com\/#organization\"},\"potentialAction\":[{\"@type\":\"SearchAction\",\"target\":{\"@type\":\"EntryPoint\",\"urlTemplate\":\"https:\/\/signalisationsaphir.com\/?s={search_term_string}\"},\"query-input\":{\"@type\":\"PropertyValueSpecification\",\"valueRequired\":true,\"valueName\":\"search_term_string\"}}],\"inLanguage\":\"fr-FR\"},{\"@type\":\"Organization\",\"@id\":\"https:\/\/signalisationsaphir.com\/#organization\",\"name\":\"Signalisation Saphir\",\"url\":\"https:\/\/signalisationsaphir.com\/\",\"logo\":{\"@type\":\"ImageObject\",\"inLanguage\":\"fr-FR\",\"@id\":\"https:\/\/signalisationsaphir.com\/#\/schema\/logo\/image\/\",\"url\":\"https:\/\/signalisationsaphir.com\/wp-content\/uploads\/2017\/01\/cropped-logo-web-plus-large-bleu-blanc.jpg\",\"contentUrl\":\"https:\/\/signalisationsaphir.com\/wp-content\/uploads\/2017\/01\/cropped-logo-web-plus-large-bleu-blanc.jpg\",\"width\":215,\"height\":95,\"caption\":\"Signalisation Saphir\"},\"image\":{\"@id\":\"https:\/\/signalisationsaphir.com\/#\/schema\/logo\/image\/\"},\"sameAs\":[\"https:\/\/www.facebook.com\/SignalisationSaphir\"]}]}<\/script>\n<!-- \/ Yoast SEO Premium plugin. -->","yoast_head_json":{"title":"Gant cuir synth\u00e9tique spandex - orange SAPHIR01 - Signalisation Saphir","description":"Signalisation Saphir. Produits de s\u00e9curit\u00e9. Produits de signalisation. Produits sp\u00e9cialis\u00e9s. Gant cuir synth\u00e9tique spandex et plus.","robots":{"index":"index","follow":"follow","max-snippet":"max-snippet:-1","max-image-preview":"max-image-preview:large","max-video-preview":"max-video-preview:-1"},"canonical":"https:\/\/signalisationsaphir.com\/?product=gant-cuir-synthetique-spandex-orange-saphir01","og_locale":"fr_FR","og_type":"article","og_title":"Gant cuir synth\u00e9tique spandex - orange SAPHIR01","og_description":"Signalisation Saphir. Produits de s\u00e9curit\u00e9. Produits de signalisation. Produits sp\u00e9cialis\u00e9s. Gant cuir synth\u00e9tique spandex et plus.","og_url":"https:\/\/signalisationsaphir.com\/?product=gant-cuir-synthetique-spandex-orange-saphir01","og_site_name":"Signalisation Saphir","article_publisher":"https:\/\/www.facebook.com\/SignalisationSaphir","article_modified_time":"2022-08-03T22:45:14+00:00","og_image":[{"width":1500,"height":1500,"url":"https:\/\/signalisationsaphir.com\/wp-content\/uploads\/2020\/11\/gant-cuir-synthetique-orange-saphir01.jpg","type":"image\/jpeg"}],"twitter_card":"summary_large_image","twitter_misc":{"Dur\u00e9e de lecture estim\u00e9e":"1 minute"},"schema":{"@context":"https:\/\/schema.org","@graph":[{"@type":"WebPage","@id":"https:\/\/signalisationsaphir.com\/?product=gant-cuir-synthetique-spandex-orange-saphir01","url":"https:\/\/signalisationsaphir.com\/?product=gant-cuir-synthetique-spandex-orange-saphir01","name":"Gant cuir synth\u00e9tique spandex - orange SAPHIR01 - Signalisation Saphir","isPartOf":{"@id":"https:\/\/signalisationsaphir.com\/#website"},"primaryImageOfPage":{"@id":"https:\/\/signalisationsaphir.com\/?product=gant-cuir-synthetique-spandex-orange-saphir01#primaryimage"},"image":{"@id":"https:\/\/signalisationsaphir.com\/?product=gant-cuir-synthetique-spandex-orange-saphir01#primaryimage"},"thumbnailUrl":"https:\/\/signalisationsaphir.com\/wp-content\/uploads\/2020\/11\/gant-cuir-synthetique-orange-saphir01.jpg","datePublished":"2020-11-23T17:05:27+00:00","dateModified":"2022-08-03T22:45:14+00:00","description":"Signalisation Saphir. Produits de s\u00e9curit\u00e9. Produits de signalisation. Produits sp\u00e9cialis\u00e9s. Gant cuir synth\u00e9tique spandex et plus.","breadcrumb":{"@id":"https:\/\/signalisationsaphir.com\/?product=gant-cuir-synthetique-spandex-orange-saphir01#breadcrumb"},"inLanguage":"fr-FR","potentialAction":[{"@type":"ReadAction","target":["https:\/\/signalisationsaphir.com\/?product=gant-cuir-synthetique-spandex-orange-saphir01"]}]},{"@type":"ImageObject","inLanguage":"fr-FR","@id":"https:\/\/signalisationsaphir.com\/?product=gant-cuir-synthetique-spandex-orange-saphir01#primaryimage","url":"https:\/\/signalisationsaphir.com\/wp-content\/uploads\/2020\/11\/gant-cuir-synthetique-orange-saphir01.jpg","contentUrl":"https:\/\/signalisationsaphir.com\/wp-content\/uploads\/2020\/11\/gant-cuir-synthetique-orange-saphir01.jpg","width":1500,"height":1500},{"@type":"BreadcrumbList","@id":"https:\/\/signalisationsaphir.com\/?product=gant-cuir-synthetique-spandex-orange-saphir01#breadcrumb","itemListElement":[{"@type":"ListItem","position":1,"name":"Accueil","item":"https:\/\/signalisationsaphir.com\/?page_id=9"},{"@type":"ListItem","position":2,"name":"Boutique","item":"https:\/\/signalisationsaphir.com\/?page_id=9"},{"@type":"ListItem","position":3,"name":"Gant cuir synth\u00e9tique spandex &#8211; orange SAPHIR01"}]},{"@type":"WebSite","@id":"https:\/\/signalisationsaphir.com\/#website","url":"https:\/\/signalisationsaphir.com\/","name":"Signalisation Saphir","description":"Boutique en ligne","publisher":{"@id":"https:\/\/signalisationsaphir.com\/#organization"},"potentialAction":[{"@type":"SearchAction","target":{"@type":"EntryPoint","urlTemplate":"https:\/\/signalisationsaphir.com\/?s={search_term_string}"},"query-input":{"@type":"PropertyValueSpecification","valueRequired":true,"valueName":"search_term_string"}}],"inLanguage":"fr-FR"},{"@type":"Organization","@id":"https:\/\/signalisationsaphir.com\/#organization","name":"Signalisation Saphir","url":"https:\/\/signalisationsaphir.com\/","logo":{"@type":"ImageObject","inLanguage":"fr-FR","@id":"https:\/\/signalisationsaphir.com\/#\/schema\/logo\/image\/","url":"https:\/\/signalisationsaphir.com\/wp-content\/uploads\/2017\/01\/cropped-logo-web-plus-large-bleu-blanc.jpg","contentUrl":"https:\/\/signalisationsaphir.com\/wp-content\/uploads\/2017\/01\/cropped-logo-web-plus-large-bleu-blanc.jpg","width":215,"height":95,"caption":"Signalisation Saphir"},"image":{"@id":"https:\/\/signalisationsaphir.com\/#\/schema\/logo\/image\/"},"sameAs":["https:\/\/www.facebook.com\/SignalisationSaphir"]}]}},"brands":[],"_links":{"self":[{"href":"https:\/\/signalisationsaphir.com\/index.php?rest_route=\/wp\/v2\/product\/13815","targetHints":{"allow":["GET"]}}],"collection":[{"href":"https:\/\/signalisationsaphir.com\/index.php?rest_route=\/wp\/v2\/product"}],"about":[{"href":"https:\/\/signalisationsaphir.com\/index.php?rest_route=\/wp\/v2\/types\/product"}],"version-history":[{"count":0,"href":"https:\/\/signalisationsaphir.com\/index.php?rest_route=\/wp\/v2\/product\/13815\/revisions"}],"wp:featuredmedia":[{"embeddable":true,"href":"https:\/\/signalisationsaphir.com\/index.php?rest_route=\/wp\/v2\/media\/13814"}],"wp:attachment":[{"href":"https:\/\/signalisationsaphir.com\/index.php?rest_route=%2Fwp%2Fv2%2Fmedia&parent=13815"}],"wp:term":[{"taxonomy":"pwb-brand","embeddable":true,"href":"https:\/\/signalisationsaphir.com\/index.php?rest_route=%2Fwp%2Fv2%2Fpwb-brand&post=13815"},{"taxonomy":"product_brand","embeddable":true,"href":"https:\/\/signalisationsaphir.com\/index.php?rest_route=%2Fwp%2Fv2%2Fproduct_brand&post=13815"},{"taxonomy":"product_cat","embeddable":true,"href":"https:\/\/signalisationsaphir.com\/index.php?rest_route=%2Fwp%2Fv2%2Fproduct_cat&post=13815"},{"taxonomy":"product_tag","embeddable":true,"href":"https:\/\/signalisationsaphir.com\/index.php?rest_route=%2Fwp%2Fv2%2Fproduct_tag&post=13815"}],"curies":[{"name":"wp","href":"https:\/\/api.w.org\/{rel}","templated":true}]}}