{"id":13810,"date":"2020-11-23T11:52:25","date_gmt":"2020-11-23T16:52:25","guid":{"rendered":"https:\/\/signalisationsaphir.com\/?post_type=product&#038;p=13810"},"modified":"2022-08-03T18:46:15","modified_gmt":"2022-08-03T22:46:15","slug":"gant-peau-vache-saphir01","status":"publish","type":"product","link":"https:\/\/signalisationsaphir.com\/?product=gant-peau-vache-saphir01","title":{"rendered":"Gant en peau de vache &#8211; saphir01"},"content":{"rendered":"<p>Gant en peau de vache &#8211; saphir01.<\/p>\n<ul>\n<li>Genre :Homme<\/li>\n<li>Cuir :Cuir de grain de vache<\/li>\n<li>Grandeurs :Unique<\/li>\n<\/ul>\n<p>Visitez les autres <a href=\"https:\/\/signalisationsaphir.com\/boutique-de-produits-de-securite-et-signalisation\/\" target=\"_blank\" rel=\"noopener\">cat\u00e9gories de produits disponible en boutique<\/a>.<\/p>\n<h3>Produits de s\u00e9curit\u00e9 :<\/h3>\n<p>L\u2019am\u00e9nagement d\u2019un environnement s\u00e9curitaire est important pour tous. Signalisation Saphir offre toute une panoplie de produits de s\u00e9curit\u00e9 professionnels. Nos articles et accessoires de s\u00e9curit\u00e9 r\u00e9pondent aux normes en vigueur de la s\u00e9curit\u00e9. Gamme de produits pour voirie offerts: Bollard TRV-10 de 48&#8243; avec goupille flexible. C\u00f4ne orange 28&#8243;. Des v\u00eatements pour travailleurs: chapeau de s\u00e9curit\u00e9. Parka. Habit de pluie. Gant en peau de vache &#8211; saphir01. Bottes. Souliers. Avec en plus des vestes avec bandes r\u00e9fl\u00e9chissantes. Chandails d&#8217;\u00e9t\u00e9 et bien plus. Accessoires:\u00a0 fus\u00e9e routi\u00e8re, pes\u00e9e et dos d&#8217;\u00e2ne et cl\u00f4ture de balisage.<\/p>\n<p>Produits offerts pour: minist\u00e8re du transport. Municipalit\u00e9s. Entrepreneurs g\u00e9n\u00e9raux. Chantiers de construction etc.<\/p>\n","protected":false},"excerpt":{"rendered":"<p>Gant en peau de vache &#8211; saphir01. Genre :Homme. Cuir de grain de vache. Grandeurs :Unique. Veuillez noter que les taxes ne sont pas incluses dans le prix.<\/p>\n","protected":false},"featured_media":13811,"template":"","meta":{"_acf_changed":false},"pwb-brand":[],"product_brand":[],"product_cat":[215],"product_tag":[451,450,452],"class_list":{"0":"post-13810","1":"product","2":"type-product","3":"status-publish","4":"has-post-thumbnail","6":"product_cat-produits-de-securite","7":"product_tag-cuir-de-vache","8":"product_tag-gant","9":"product_tag-grandeur-unique","10":"product_shipping_class-standard","12":"first","13":"instock","14":"taxable","15":"shipping-taxable","16":"purchasable","17":"product-type-simple"},"exclude_global_add_ons":[],"addons":[],"acf":[],"yoast_head":"<!-- This site is optimized with the Yoast SEO Premium plugin v24.4 (Yoast SEO v24.4) - https:\/\/yoast.com\/wordpress\/plugins\/seo\/ -->\n<title>Gant en peau de vache - saphir01 - Signalisation Saphir - S\u00e9curit\u00e9<\/title>\n<meta name=\"description\" content=\"Signalisation Saphir - Gant en peau de vache - saphir01. Produits de s\u00e9curit\u00e9. Produits de signalisation. Produits sp\u00e9cialis\u00e9s. Etc.\" \/>\n<meta name=\"robots\" content=\"index, follow, max-snippet:-1, max-image-preview:large, max-video-preview:-1\" \/>\n<link rel=\"canonical\" href=\"https:\/\/signalisationsaphir.com\/?product=gant-peau-vache-saphir01\" \/>\n<meta property=\"og:locale\" content=\"fr_FR\" \/>\n<meta property=\"og:type\" content=\"article\" \/>\n<meta property=\"og:title\" content=\"Gant en peau de vache - saphir01\" \/>\n<meta property=\"og:description\" content=\"Signalisation Saphir - Gant en peau de vache - saphir01. Produits de s\u00e9curit\u00e9. Produits de signalisation. Produits sp\u00e9cialis\u00e9s. Etc.\" \/>\n<meta property=\"og:url\" content=\"https:\/\/signalisationsaphir.com\/?product=gant-peau-vache-saphir01\" \/>\n<meta property=\"og:site_name\" content=\"Signalisation Saphir\" \/>\n<meta property=\"article:publisher\" content=\"https:\/\/www.facebook.com\/SignalisationSaphir\" \/>\n<meta property=\"article:modified_time\" content=\"2022-08-03T22:46:15+00:00\" \/>\n<meta property=\"og:image\" content=\"https:\/\/signalisationsaphir.com\/wp-content\/uploads\/2020\/11\/gant-vache-saphir01.jpg\" \/>\n\t<meta property=\"og:image:width\" content=\"1500\" \/>\n\t<meta property=\"og:image:height\" content=\"1500\" \/>\n\t<meta property=\"og:image:type\" content=\"image\/jpeg\" \/>\n<meta name=\"twitter:card\" content=\"summary_large_image\" \/>\n<meta name=\"twitter:label1\" content=\"Dur\u00e9e de lecture estim\u00e9e\" \/>\n\t<meta name=\"twitter:data1\" content=\"1 minute\" \/>\n<script type=\"application\/ld+json\" class=\"yoast-schema-graph\">{\"@context\":\"https:\/\/schema.org\",\"@graph\":[{\"@type\":\"WebPage\",\"@id\":\"https:\/\/signalisationsaphir.com\/?product=gant-peau-vache-saphir01\",\"url\":\"https:\/\/signalisationsaphir.com\/?product=gant-peau-vache-saphir01\",\"name\":\"Gant en peau de vache - saphir01 - Signalisation Saphir - S\u00e9curit\u00e9\",\"isPartOf\":{\"@id\":\"https:\/\/signalisationsaphir.com\/#website\"},\"primaryImageOfPage\":{\"@id\":\"https:\/\/signalisationsaphir.com\/?product=gant-peau-vache-saphir01#primaryimage\"},\"image\":{\"@id\":\"https:\/\/signalisationsaphir.com\/?product=gant-peau-vache-saphir01#primaryimage\"},\"thumbnailUrl\":\"https:\/\/signalisationsaphir.com\/wp-content\/uploads\/2020\/11\/gant-vache-saphir01.jpg\",\"datePublished\":\"2020-11-23T16:52:25+00:00\",\"dateModified\":\"2022-08-03T22:46:15+00:00\",\"description\":\"Signalisation Saphir - Gant en peau de vache - saphir01. Produits de s\u00e9curit\u00e9. Produits de signalisation. Produits sp\u00e9cialis\u00e9s. Etc.\",\"breadcrumb\":{\"@id\":\"https:\/\/signalisationsaphir.com\/?product=gant-peau-vache-saphir01#breadcrumb\"},\"inLanguage\":\"fr-FR\",\"potentialAction\":[{\"@type\":\"ReadAction\",\"target\":[\"https:\/\/signalisationsaphir.com\/?product=gant-peau-vache-saphir01\"]}]},{\"@type\":\"ImageObject\",\"inLanguage\":\"fr-FR\",\"@id\":\"https:\/\/signalisationsaphir.com\/?product=gant-peau-vache-saphir01#primaryimage\",\"url\":\"https:\/\/signalisationsaphir.com\/wp-content\/uploads\/2020\/11\/gant-vache-saphir01.jpg\",\"contentUrl\":\"https:\/\/signalisationsaphir.com\/wp-content\/uploads\/2020\/11\/gant-vache-saphir01.jpg\",\"width\":1500,\"height\":1500,\"caption\":\"Gant en peau de vache\"},{\"@type\":\"BreadcrumbList\",\"@id\":\"https:\/\/signalisationsaphir.com\/?product=gant-peau-vache-saphir01#breadcrumb\",\"itemListElement\":[{\"@type\":\"ListItem\",\"position\":1,\"name\":\"Accueil\",\"item\":\"https:\/\/signalisationsaphir.com\/?page_id=9\"},{\"@type\":\"ListItem\",\"position\":2,\"name\":\"Boutique\",\"item\":\"https:\/\/signalisationsaphir.com\/?page_id=9\"},{\"@type\":\"ListItem\",\"position\":3,\"name\":\"Gant en peau de vache &#8211; saphir01\"}]},{\"@type\":\"WebSite\",\"@id\":\"https:\/\/signalisationsaphir.com\/#website\",\"url\":\"https:\/\/signalisationsaphir.com\/\",\"name\":\"Signalisation Saphir\",\"description\":\"Boutique en ligne\",\"publisher\":{\"@id\":\"https:\/\/signalisationsaphir.com\/#organization\"},\"potentialAction\":[{\"@type\":\"SearchAction\",\"target\":{\"@type\":\"EntryPoint\",\"urlTemplate\":\"https:\/\/signalisationsaphir.com\/?s={search_term_string}\"},\"query-input\":{\"@type\":\"PropertyValueSpecification\",\"valueRequired\":true,\"valueName\":\"search_term_string\"}}],\"inLanguage\":\"fr-FR\"},{\"@type\":\"Organization\",\"@id\":\"https:\/\/signalisationsaphir.com\/#organization\",\"name\":\"Signalisation Saphir\",\"url\":\"https:\/\/signalisationsaphir.com\/\",\"logo\":{\"@type\":\"ImageObject\",\"inLanguage\":\"fr-FR\",\"@id\":\"https:\/\/signalisationsaphir.com\/#\/schema\/logo\/image\/\",\"url\":\"https:\/\/signalisationsaphir.com\/wp-content\/uploads\/2017\/01\/cropped-logo-web-plus-large-bleu-blanc.jpg\",\"contentUrl\":\"https:\/\/signalisationsaphir.com\/wp-content\/uploads\/2017\/01\/cropped-logo-web-plus-large-bleu-blanc.jpg\",\"width\":215,\"height\":95,\"caption\":\"Signalisation Saphir\"},\"image\":{\"@id\":\"https:\/\/signalisationsaphir.com\/#\/schema\/logo\/image\/\"},\"sameAs\":[\"https:\/\/www.facebook.com\/SignalisationSaphir\"]}]}<\/script>\n<!-- \/ Yoast SEO Premium plugin. -->","yoast_head_json":{"title":"Gant en peau de vache - saphir01 - Signalisation Saphir - S\u00e9curit\u00e9","description":"Signalisation Saphir - Gant en peau de vache - saphir01. Produits de s\u00e9curit\u00e9. Produits de signalisation. Produits sp\u00e9cialis\u00e9s. Etc.","robots":{"index":"index","follow":"follow","max-snippet":"max-snippet:-1","max-image-preview":"max-image-preview:large","max-video-preview":"max-video-preview:-1"},"canonical":"https:\/\/signalisationsaphir.com\/?product=gant-peau-vache-saphir01","og_locale":"fr_FR","og_type":"article","og_title":"Gant en peau de vache - saphir01","og_description":"Signalisation Saphir - Gant en peau de vache - saphir01. Produits de s\u00e9curit\u00e9. Produits de signalisation. Produits sp\u00e9cialis\u00e9s. Etc.","og_url":"https:\/\/signalisationsaphir.com\/?product=gant-peau-vache-saphir01","og_site_name":"Signalisation Saphir","article_publisher":"https:\/\/www.facebook.com\/SignalisationSaphir","article_modified_time":"2022-08-03T22:46:15+00:00","og_image":[{"width":1500,"height":1500,"url":"https:\/\/signalisationsaphir.com\/wp-content\/uploads\/2020\/11\/gant-vache-saphir01.jpg","type":"image\/jpeg"}],"twitter_card":"summary_large_image","twitter_misc":{"Dur\u00e9e de lecture estim\u00e9e":"1 minute"},"schema":{"@context":"https:\/\/schema.org","@graph":[{"@type":"WebPage","@id":"https:\/\/signalisationsaphir.com\/?product=gant-peau-vache-saphir01","url":"https:\/\/signalisationsaphir.com\/?product=gant-peau-vache-saphir01","name":"Gant en peau de vache - saphir01 - Signalisation Saphir - S\u00e9curit\u00e9","isPartOf":{"@id":"https:\/\/signalisationsaphir.com\/#website"},"primaryImageOfPage":{"@id":"https:\/\/signalisationsaphir.com\/?product=gant-peau-vache-saphir01#primaryimage"},"image":{"@id":"https:\/\/signalisationsaphir.com\/?product=gant-peau-vache-saphir01#primaryimage"},"thumbnailUrl":"https:\/\/signalisationsaphir.com\/wp-content\/uploads\/2020\/11\/gant-vache-saphir01.jpg","datePublished":"2020-11-23T16:52:25+00:00","dateModified":"2022-08-03T22:46:15+00:00","description":"Signalisation Saphir - Gant en peau de vache - saphir01. Produits de s\u00e9curit\u00e9. Produits de signalisation. Produits sp\u00e9cialis\u00e9s. Etc.","breadcrumb":{"@id":"https:\/\/signalisationsaphir.com\/?product=gant-peau-vache-saphir01#breadcrumb"},"inLanguage":"fr-FR","potentialAction":[{"@type":"ReadAction","target":["https:\/\/signalisationsaphir.com\/?product=gant-peau-vache-saphir01"]}]},{"@type":"ImageObject","inLanguage":"fr-FR","@id":"https:\/\/signalisationsaphir.com\/?product=gant-peau-vache-saphir01#primaryimage","url":"https:\/\/signalisationsaphir.com\/wp-content\/uploads\/2020\/11\/gant-vache-saphir01.jpg","contentUrl":"https:\/\/signalisationsaphir.com\/wp-content\/uploads\/2020\/11\/gant-vache-saphir01.jpg","width":1500,"height":1500,"caption":"Gant en peau de vache"},{"@type":"BreadcrumbList","@id":"https:\/\/signalisationsaphir.com\/?product=gant-peau-vache-saphir01#breadcrumb","itemListElement":[{"@type":"ListItem","position":1,"name":"Accueil","item":"https:\/\/signalisationsaphir.com\/?page_id=9"},{"@type":"ListItem","position":2,"name":"Boutique","item":"https:\/\/signalisationsaphir.com\/?page_id=9"},{"@type":"ListItem","position":3,"name":"Gant en peau de vache &#8211; saphir01"}]},{"@type":"WebSite","@id":"https:\/\/signalisationsaphir.com\/#website","url":"https:\/\/signalisationsaphir.com\/","name":"Signalisation Saphir","description":"Boutique en ligne","publisher":{"@id":"https:\/\/signalisationsaphir.com\/#organization"},"potentialAction":[{"@type":"SearchAction","target":{"@type":"EntryPoint","urlTemplate":"https:\/\/signalisationsaphir.com\/?s={search_term_string}"},"query-input":{"@type":"PropertyValueSpecification","valueRequired":true,"valueName":"search_term_string"}}],"inLanguage":"fr-FR"},{"@type":"Organization","@id":"https:\/\/signalisationsaphir.com\/#organization","name":"Signalisation Saphir","url":"https:\/\/signalisationsaphir.com\/","logo":{"@type":"ImageObject","inLanguage":"fr-FR","@id":"https:\/\/signalisationsaphir.com\/#\/schema\/logo\/image\/","url":"https:\/\/signalisationsaphir.com\/wp-content\/uploads\/2017\/01\/cropped-logo-web-plus-large-bleu-blanc.jpg","contentUrl":"https:\/\/signalisationsaphir.com\/wp-content\/uploads\/2017\/01\/cropped-logo-web-plus-large-bleu-blanc.jpg","width":215,"height":95,"caption":"Signalisation Saphir"},"image":{"@id":"https:\/\/signalisationsaphir.com\/#\/schema\/logo\/image\/"},"sameAs":["https:\/\/www.facebook.com\/SignalisationSaphir"]}]}},"brands":[],"_links":{"self":[{"href":"https:\/\/signalisationsaphir.com\/index.php?rest_route=\/wp\/v2\/product\/13810","targetHints":{"allow":["GET"]}}],"collection":[{"href":"https:\/\/signalisationsaphir.com\/index.php?rest_route=\/wp\/v2\/product"}],"about":[{"href":"https:\/\/signalisationsaphir.com\/index.php?rest_route=\/wp\/v2\/types\/product"}],"version-history":[{"count":0,"href":"https:\/\/signalisationsaphir.com\/index.php?rest_route=\/wp\/v2\/product\/13810\/revisions"}],"wp:featuredmedia":[{"embeddable":true,"href":"https:\/\/signalisationsaphir.com\/index.php?rest_route=\/wp\/v2\/media\/13811"}],"wp:attachment":[{"href":"https:\/\/signalisationsaphir.com\/index.php?rest_route=%2Fwp%2Fv2%2Fmedia&parent=13810"}],"wp:term":[{"taxonomy":"pwb-brand","embeddable":true,"href":"https:\/\/signalisationsaphir.com\/index.php?rest_route=%2Fwp%2Fv2%2Fpwb-brand&post=13810"},{"taxonomy":"product_brand","embeddable":true,"href":"https:\/\/signalisationsaphir.com\/index.php?rest_route=%2Fwp%2Fv2%2Fproduct_brand&post=13810"},{"taxonomy":"product_cat","embeddable":true,"href":"https:\/\/signalisationsaphir.com\/index.php?rest_route=%2Fwp%2Fv2%2Fproduct_cat&post=13810"},{"taxonomy":"product_tag","embeddable":true,"href":"https:\/\/signalisationsaphir.com\/index.php?rest_route=%2Fwp%2Fv2%2Fproduct_tag&post=13810"}],"curies":[{"name":"wp","href":"https:\/\/api.w.org\/{rel}","templated":true}]}}