{"id":13786,"date":"2020-11-23T11:00:03","date_gmt":"2020-11-23T16:00:03","guid":{"rendered":"https:\/\/signalisationsaphir.com\/?post_type=product&#038;p=13786"},"modified":"2022-08-03T18:48:07","modified_gmt":"2022-08-03T22:48:07","slug":"couvre-tout-saphir02","status":"publish","type":"product","link":"https:\/\/signalisationsaphir.com\/?product=couvre-tout-saphir02","title":{"rendered":"Couvre-tout SAPHIR02"},"content":{"rendered":"<p>Couvre-tout SAPHIR02 haute visibilit\u00e9 orange.\u00a0 Fait d&#8217;un m\u00e9lange de polyester et de nylon. Pourvu de bandes r\u00e9fl\u00e9chissantes au torse, bras et jambes, il est muni de fermetures \u00e9clair YKK au corps et aux jambes.<\/p>\n<ul>\n<li>Genre :Homme<\/li>\n<li>Tissus de notre couvre-tout SAPHIR02 :65%polyester 35%coton<\/li>\n<li>Garniture :Bandes r\u00e9fl\u00e9chissantes<\/li>\n<li>Couleurs :Orange ou noir<\/li>\n<li>Grandeurs :36 &#8211; 38 &#8211; 40 &#8211; 42 &#8211; 44 &#8211; 46 &#8211; 48 &#8211; 50 &#8211; 52 &#8211; 54 &#8211; 56 &#8211; 60<\/li>\n<\/ul>\n<p>Visitez les autres <a href=\"https:\/\/signalisationsaphir.com\/boutique-de-produits-de-securite-et-signalisation\/\" target=\"_blank\" rel=\"noopener\">cat\u00e9gories de produits disponible en boutique<\/a>.<\/p>\n<h3>Produits de s\u00e9curit\u00e9 :<\/h3>\n<p>L\u2019am\u00e9nagement d\u2019un environnement s\u00e9curitaire est important pour tous. Signalisation Saphir offre toute une panoplie de produits de s\u00e9curit\u00e9 professionnels. Nos articles et accessoires de s\u00e9curit\u00e9 r\u00e9pondent aux normes en vigueur de la s\u00e9curit\u00e9. Gamme de produits pour voirie offerts: Bollard TRV-10 de 48&#8243; avec goupille flexible. C\u00f4ne orange 28&#8243;. Des v\u00eatements pour travailleurs: chapeau de s\u00e9curit\u00e9. Parka. Habit de pluie. Couvre-tout SAPHIR02. Bottes. Souliers. Avec en plus des vestes avec bandes r\u00e9fl\u00e9chissantes. Chandails d&#8217;\u00e9t\u00e9 et bien plus. Accessoires:\u00a0 fus\u00e9e routi\u00e8re, pes\u00e9e et dos d&#8217;\u00e2ne et cl\u00f4ture de balisage.<\/p>\n<p>Produits offerts pour: minist\u00e8re du transport. Municipalit\u00e9s. Entrepreneurs g\u00e9n\u00e9raux. Chantiers de construction etc.<\/p>\n","protected":false},"excerpt":{"rendered":"<p>Couvre-tout SAPHIR02 haute visibilit\u00e9 orange.\u00a0 Fait d&#8217;un m\u00e9lange de polyester et de nylon. Pourvu de bandes r\u00e9fl\u00e9chissantes au torse, bras et jambes, il est muni de fermetures \u00e9clair YKK au corps et aux jambes. Couleurs: orange ou noir. Grandeurs :36 &#8211; 38 &#8211; 40 &#8211; 42 &#8211; 44 &#8211; 46 &#8211; 48 &#8211; 50 &#8211; 52 &#8211; 54 &#8211; 56 &#8211; 60. Veuillez noter que les taxes ne sont pas incluses dans le prix.<\/p>\n","protected":false},"featured_media":13787,"template":"","meta":{"_acf_changed":false},"pwb-brand":[],"product_brand":[],"product_cat":[215,220],"product_tag":[225,266,268,439,438,232,271,234],"class_list":{"0":"post-13786","1":"product","2":"type-product","3":"status-publish","4":"has-post-thumbnail","6":"product_cat-produits-de-securite","7":"product_cat-vetements-de-securite","8":"product_tag-bandes-reflechissantes","9":"product_tag-couvre-tout","10":"product_tag-haute-visibilite","11":"product_tag-nylon","12":"product_tag-polyester","13":"product_tag-securite","14":"product_tag-une-piece","15":"product_tag-vetement","16":"product_shipping_class-standard","18":"first","19":"instock","20":"taxable","21":"shipping-taxable","22":"purchasable","23":"product-type-simple"},"exclude_global_add_ons":true,"addons":[{"name":"Choisissez votre grandeur","type":"multiple_choice","position":0,"required":true,"title_format":"label","default":"","description_enable":false,"description":"","placeholder_enable":false,"placeholder":"","display":"select","restrictions_type":"any_text","adjust_price":false,"price":"","price_type":"flat_fee","restrictions":false,"min":"0","max":"0","options":[{"label":"36","price":"","price_type":"flat_fee","image":0},{"label":"38","price":"","price_type":"flat_fee","image":0},{"label":"40","price":"","price_type":"flat_fee","image":0},{"label":"42","price":"","price_type":"flat_fee","image":0},{"label":"44","price":"","price_type":"flat_fee","image":0},{"label":"46","price":"","price_type":"flat_fee","image":0},{"label":"48","price":"","price_type":"flat_fee","image":0},{"label":"50","price":"","price_type":"flat_fee","image":0},{"label":"52","price":"","price_type":"flat_fee","image":0},{"label":"54","price":"","price_type":"flat_fee","image":0},{"label":"56","price":"","price_type":"flat_fee","image":0},{"label":"58","price":"","price_type":"flat_fee","image":0},{"label":"60","price":"","price_type":"flat_fee","image":0}]},{"name":"Choisissez votre couleur","type":"multiple_choice","position":1,"required":true,"title_format":"label","default":"","description_enable":false,"description":"","placeholder_enable":false,"placeholder":"","display":"select","restrictions_type":"any_text","adjust_price":false,"price":"","price_type":"flat_fee","restrictions":false,"min":"0","max":"0","options":[{"label":"Orange","price":"","price_type":"flat_fee","image":0},{"label":"Noir","price":"","price_type":"flat_fee","image":0}]}],"acf":[],"yoast_head":"<!-- This site is optimized with the Yoast SEO Premium plugin v24.4 (Yoast SEO v24.4) - https:\/\/yoast.com\/wordpress\/plugins\/seo\/ -->\n<title>Couvre-tout SAPHIR02 - Signalisation Saphir - S\u00e9curit\u00e9<\/title>\n<meta name=\"description\" content=\"Signalisation Saphir - Couvre-tout SAPHIR02. Produits de s\u00e9curit\u00e9. Produits de signalisation. Produits sp\u00e9cialis\u00e9s. Et plus.\" \/>\n<meta name=\"robots\" content=\"index, follow, max-snippet:-1, max-image-preview:large, max-video-preview:-1\" \/>\n<link rel=\"canonical\" href=\"https:\/\/signalisationsaphir.com\/?product=couvre-tout-saphir02\" \/>\n<meta property=\"og:locale\" content=\"fr_FR\" \/>\n<meta property=\"og:type\" content=\"article\" \/>\n<meta property=\"og:title\" content=\"Couvre-tout SAPHIR02\" \/>\n<meta property=\"og:description\" content=\"Signalisation Saphir - Couvre-tout SAPHIR02. Produits de s\u00e9curit\u00e9. Produits de signalisation. Produits sp\u00e9cialis\u00e9s. Et plus.\" \/>\n<meta property=\"og:url\" content=\"https:\/\/signalisationsaphir.com\/?product=couvre-tout-saphir02\" \/>\n<meta property=\"og:site_name\" content=\"Signalisation Saphir\" \/>\n<meta property=\"article:publisher\" content=\"https:\/\/www.facebook.com\/SignalisationSaphir\" \/>\n<meta property=\"article:modified_time\" content=\"2022-08-03T22:48:07+00:00\" \/>\n<meta property=\"og:image\" content=\"https:\/\/signalisationsaphir.com\/wp-content\/uploads\/2020\/11\/couvre-tout-saphir01.jpg\" \/>\n\t<meta property=\"og:image:width\" content=\"1500\" \/>\n\t<meta property=\"og:image:height\" content=\"1500\" \/>\n\t<meta property=\"og:image:type\" content=\"image\/jpeg\" \/>\n<meta name=\"twitter:card\" content=\"summary_large_image\" \/>\n<meta name=\"twitter:label1\" content=\"Dur\u00e9e de lecture estim\u00e9e\" \/>\n\t<meta name=\"twitter:data1\" content=\"1 minute\" \/>\n<script type=\"application\/ld+json\" class=\"yoast-schema-graph\">{\"@context\":\"https:\/\/schema.org\",\"@graph\":[{\"@type\":\"WebPage\",\"@id\":\"https:\/\/signalisationsaphir.com\/?product=couvre-tout-saphir02\",\"url\":\"https:\/\/signalisationsaphir.com\/?product=couvre-tout-saphir02\",\"name\":\"Couvre-tout SAPHIR02 - Signalisation Saphir - S\u00e9curit\u00e9\",\"isPartOf\":{\"@id\":\"https:\/\/signalisationsaphir.com\/#website\"},\"primaryImageOfPage\":{\"@id\":\"https:\/\/signalisationsaphir.com\/?product=couvre-tout-saphir02#primaryimage\"},\"image\":{\"@id\":\"https:\/\/signalisationsaphir.com\/?product=couvre-tout-saphir02#primaryimage\"},\"thumbnailUrl\":\"https:\/\/signalisationsaphir.com\/wp-content\/uploads\/2020\/11\/couvre-tout-saphir01.jpg\",\"datePublished\":\"2020-11-23T16:00:03+00:00\",\"dateModified\":\"2022-08-03T22:48:07+00:00\",\"description\":\"Signalisation Saphir - Couvre-tout SAPHIR02. Produits de s\u00e9curit\u00e9. Produits de signalisation. Produits sp\u00e9cialis\u00e9s. Et plus.\",\"breadcrumb\":{\"@id\":\"https:\/\/signalisationsaphir.com\/?product=couvre-tout-saphir02#breadcrumb\"},\"inLanguage\":\"fr-FR\",\"potentialAction\":[{\"@type\":\"ReadAction\",\"target\":[\"https:\/\/signalisationsaphir.com\/?product=couvre-tout-saphir02\"]}]},{\"@type\":\"ImageObject\",\"inLanguage\":\"fr-FR\",\"@id\":\"https:\/\/signalisationsaphir.com\/?product=couvre-tout-saphir02#primaryimage\",\"url\":\"https:\/\/signalisationsaphir.com\/wp-content\/uploads\/2020\/11\/couvre-tout-saphir01.jpg\",\"contentUrl\":\"https:\/\/signalisationsaphir.com\/wp-content\/uploads\/2020\/11\/couvre-tout-saphir01.jpg\",\"width\":1500,\"height\":1500},{\"@type\":\"BreadcrumbList\",\"@id\":\"https:\/\/signalisationsaphir.com\/?product=couvre-tout-saphir02#breadcrumb\",\"itemListElement\":[{\"@type\":\"ListItem\",\"position\":1,\"name\":\"Accueil\",\"item\":\"https:\/\/signalisationsaphir.com\/?page_id=9\"},{\"@type\":\"ListItem\",\"position\":2,\"name\":\"Boutique\",\"item\":\"https:\/\/signalisationsaphir.com\/?page_id=9\"},{\"@type\":\"ListItem\",\"position\":3,\"name\":\"Couvre-tout SAPHIR02\"}]},{\"@type\":\"WebSite\",\"@id\":\"https:\/\/signalisationsaphir.com\/#website\",\"url\":\"https:\/\/signalisationsaphir.com\/\",\"name\":\"Signalisation Saphir\",\"description\":\"Boutique en ligne\",\"publisher\":{\"@id\":\"https:\/\/signalisationsaphir.com\/#organization\"},\"potentialAction\":[{\"@type\":\"SearchAction\",\"target\":{\"@type\":\"EntryPoint\",\"urlTemplate\":\"https:\/\/signalisationsaphir.com\/?s={search_term_string}\"},\"query-input\":{\"@type\":\"PropertyValueSpecification\",\"valueRequired\":true,\"valueName\":\"search_term_string\"}}],\"inLanguage\":\"fr-FR\"},{\"@type\":\"Organization\",\"@id\":\"https:\/\/signalisationsaphir.com\/#organization\",\"name\":\"Signalisation Saphir\",\"url\":\"https:\/\/signalisationsaphir.com\/\",\"logo\":{\"@type\":\"ImageObject\",\"inLanguage\":\"fr-FR\",\"@id\":\"https:\/\/signalisationsaphir.com\/#\/schema\/logo\/image\/\",\"url\":\"https:\/\/signalisationsaphir.com\/wp-content\/uploads\/2017\/01\/cropped-logo-web-plus-large-bleu-blanc.jpg\",\"contentUrl\":\"https:\/\/signalisationsaphir.com\/wp-content\/uploads\/2017\/01\/cropped-logo-web-plus-large-bleu-blanc.jpg\",\"width\":215,\"height\":95,\"caption\":\"Signalisation Saphir\"},\"image\":{\"@id\":\"https:\/\/signalisationsaphir.com\/#\/schema\/logo\/image\/\"},\"sameAs\":[\"https:\/\/www.facebook.com\/SignalisationSaphir\"]}]}<\/script>\n<!-- \/ Yoast SEO Premium plugin. -->","yoast_head_json":{"title":"Couvre-tout SAPHIR02 - Signalisation Saphir - S\u00e9curit\u00e9","description":"Signalisation Saphir - Couvre-tout SAPHIR02. Produits de s\u00e9curit\u00e9. Produits de signalisation. Produits sp\u00e9cialis\u00e9s. Et plus.","robots":{"index":"index","follow":"follow","max-snippet":"max-snippet:-1","max-image-preview":"max-image-preview:large","max-video-preview":"max-video-preview:-1"},"canonical":"https:\/\/signalisationsaphir.com\/?product=couvre-tout-saphir02","og_locale":"fr_FR","og_type":"article","og_title":"Couvre-tout SAPHIR02","og_description":"Signalisation Saphir - Couvre-tout SAPHIR02. Produits de s\u00e9curit\u00e9. Produits de signalisation. Produits sp\u00e9cialis\u00e9s. Et plus.","og_url":"https:\/\/signalisationsaphir.com\/?product=couvre-tout-saphir02","og_site_name":"Signalisation Saphir","article_publisher":"https:\/\/www.facebook.com\/SignalisationSaphir","article_modified_time":"2022-08-03T22:48:07+00:00","og_image":[{"width":1500,"height":1500,"url":"https:\/\/signalisationsaphir.com\/wp-content\/uploads\/2020\/11\/couvre-tout-saphir01.jpg","type":"image\/jpeg"}],"twitter_card":"summary_large_image","twitter_misc":{"Dur\u00e9e de lecture estim\u00e9e":"1 minute"},"schema":{"@context":"https:\/\/schema.org","@graph":[{"@type":"WebPage","@id":"https:\/\/signalisationsaphir.com\/?product=couvre-tout-saphir02","url":"https:\/\/signalisationsaphir.com\/?product=couvre-tout-saphir02","name":"Couvre-tout SAPHIR02 - Signalisation Saphir - S\u00e9curit\u00e9","isPartOf":{"@id":"https:\/\/signalisationsaphir.com\/#website"},"primaryImageOfPage":{"@id":"https:\/\/signalisationsaphir.com\/?product=couvre-tout-saphir02#primaryimage"},"image":{"@id":"https:\/\/signalisationsaphir.com\/?product=couvre-tout-saphir02#primaryimage"},"thumbnailUrl":"https:\/\/signalisationsaphir.com\/wp-content\/uploads\/2020\/11\/couvre-tout-saphir01.jpg","datePublished":"2020-11-23T16:00:03+00:00","dateModified":"2022-08-03T22:48:07+00:00","description":"Signalisation Saphir - Couvre-tout SAPHIR02. Produits de s\u00e9curit\u00e9. Produits de signalisation. Produits sp\u00e9cialis\u00e9s. Et plus.","breadcrumb":{"@id":"https:\/\/signalisationsaphir.com\/?product=couvre-tout-saphir02#breadcrumb"},"inLanguage":"fr-FR","potentialAction":[{"@type":"ReadAction","target":["https:\/\/signalisationsaphir.com\/?product=couvre-tout-saphir02"]}]},{"@type":"ImageObject","inLanguage":"fr-FR","@id":"https:\/\/signalisationsaphir.com\/?product=couvre-tout-saphir02#primaryimage","url":"https:\/\/signalisationsaphir.com\/wp-content\/uploads\/2020\/11\/couvre-tout-saphir01.jpg","contentUrl":"https:\/\/signalisationsaphir.com\/wp-content\/uploads\/2020\/11\/couvre-tout-saphir01.jpg","width":1500,"height":1500},{"@type":"BreadcrumbList","@id":"https:\/\/signalisationsaphir.com\/?product=couvre-tout-saphir02#breadcrumb","itemListElement":[{"@type":"ListItem","position":1,"name":"Accueil","item":"https:\/\/signalisationsaphir.com\/?page_id=9"},{"@type":"ListItem","position":2,"name":"Boutique","item":"https:\/\/signalisationsaphir.com\/?page_id=9"},{"@type":"ListItem","position":3,"name":"Couvre-tout SAPHIR02"}]},{"@type":"WebSite","@id":"https:\/\/signalisationsaphir.com\/#website","url":"https:\/\/signalisationsaphir.com\/","name":"Signalisation Saphir","description":"Boutique en ligne","publisher":{"@id":"https:\/\/signalisationsaphir.com\/#organization"},"potentialAction":[{"@type":"SearchAction","target":{"@type":"EntryPoint","urlTemplate":"https:\/\/signalisationsaphir.com\/?s={search_term_string}"},"query-input":{"@type":"PropertyValueSpecification","valueRequired":true,"valueName":"search_term_string"}}],"inLanguage":"fr-FR"},{"@type":"Organization","@id":"https:\/\/signalisationsaphir.com\/#organization","name":"Signalisation Saphir","url":"https:\/\/signalisationsaphir.com\/","logo":{"@type":"ImageObject","inLanguage":"fr-FR","@id":"https:\/\/signalisationsaphir.com\/#\/schema\/logo\/image\/","url":"https:\/\/signalisationsaphir.com\/wp-content\/uploads\/2017\/01\/cropped-logo-web-plus-large-bleu-blanc.jpg","contentUrl":"https:\/\/signalisationsaphir.com\/wp-content\/uploads\/2017\/01\/cropped-logo-web-plus-large-bleu-blanc.jpg","width":215,"height":95,"caption":"Signalisation Saphir"},"image":{"@id":"https:\/\/signalisationsaphir.com\/#\/schema\/logo\/image\/"},"sameAs":["https:\/\/www.facebook.com\/SignalisationSaphir"]}]}},"brands":[],"_links":{"self":[{"href":"https:\/\/signalisationsaphir.com\/index.php?rest_route=\/wp\/v2\/product\/13786","targetHints":{"allow":["GET"]}}],"collection":[{"href":"https:\/\/signalisationsaphir.com\/index.php?rest_route=\/wp\/v2\/product"}],"about":[{"href":"https:\/\/signalisationsaphir.com\/index.php?rest_route=\/wp\/v2\/types\/product"}],"version-history":[{"count":0,"href":"https:\/\/signalisationsaphir.com\/index.php?rest_route=\/wp\/v2\/product\/13786\/revisions"}],"wp:featuredmedia":[{"embeddable":true,"href":"https:\/\/signalisationsaphir.com\/index.php?rest_route=\/wp\/v2\/media\/13787"}],"wp:attachment":[{"href":"https:\/\/signalisationsaphir.com\/index.php?rest_route=%2Fwp%2Fv2%2Fmedia&parent=13786"}],"wp:term":[{"taxonomy":"pwb-brand","embeddable":true,"href":"https:\/\/signalisationsaphir.com\/index.php?rest_route=%2Fwp%2Fv2%2Fpwb-brand&post=13786"},{"taxonomy":"product_brand","embeddable":true,"href":"https:\/\/signalisationsaphir.com\/index.php?rest_route=%2Fwp%2Fv2%2Fproduct_brand&post=13786"},{"taxonomy":"product_cat","embeddable":true,"href":"https:\/\/signalisationsaphir.com\/index.php?rest_route=%2Fwp%2Fv2%2Fproduct_cat&post=13786"},{"taxonomy":"product_tag","embeddable":true,"href":"https:\/\/signalisationsaphir.com\/index.php?rest_route=%2Fwp%2Fv2%2Fproduct_tag&post=13786"}],"curies":[{"name":"wp","href":"https:\/\/api.w.org\/{rel}","templated":true}]}}