{"id":13711,"date":"2020-10-01T17:16:11","date_gmt":"2020-10-01T21:16:11","guid":{"rendered":"https:\/\/signalisationsaphir.com\/?post_type=product&#038;p=13711"},"modified":"2022-08-03T18:52:32","modified_gmt":"2022-08-03T22:52:32","slug":"visiere-de-protection-lavable","status":"publish","type":"product","link":"https:\/\/signalisationsaphir.com\/?product=visiere-de-protection-lavable","title":{"rendered":"Visi\u00e8re de protection lavable"},"content":{"rendered":"<p>Visi\u00e8re de protection lavable. Tr\u00e8s facile d&#8217;utilisation. <a href=\"https:\/\/www.who.int\/fr\/emergencies\/diseases\/novel-coronavirus-2019\/advice-for-public\" target=\"_blank\" rel=\"noopener noreferrer\">Protection ultime<\/a>. livraison : 1 \u00e0 2 jours ouvrables<\/p>\n<ul>\n<li>Prot\u00e8ge le visage du sang, des liquides organiques ou des \u00e9claboussures chimiques nocives<\/li>\n<li>La bande \u00e9lastique peut \u00eatre ajust\u00e9e selon vos besoins<\/li>\n<\/ul>\n<p>Autres <a href=\"https:\/\/signalisationsaphir.com\/product-category\/produits-de-protection-sanitaire\/\" target=\"_blank\" rel=\"noopener noreferrer\">produits disponibles<\/a> pour augmenter vos mesures d&#8217;hygi\u00e8ne<\/p>\n<p>Signalisation Saphir offre une gamme de produits de protection sanitaire professionnels. Des produits de qualit\u00e9 qui r\u00e9pondront \u00e0 vos besoins. Explorez la cat\u00e9gorie avec nos Masque KN95 certifi\u00e9 FDA. Masque hygi\u00e9nique chirurgical jetable. Lunette de protection et visi\u00e8re de protection lavable. Et notre thermom\u00e8tre infra-rouge sans contact. Visitez les autres <a href=\"https:\/\/signalisationsaphir.com\/boutique-de-produits-de-securite-et-signalisation\/\" target=\"_blank\" rel=\"noopener\">cat\u00e9gories de produits disponible en boutique<\/a>.<\/p>\n<p>Retour de marchandises cat\u00e9gorie hygi\u00e8ne: Retournez un produit, seulement s&#8217;il est dans son emballage original scell\u00e9 et transport \u00e0 vos frais. Aucun retour sur les masques hygi\u00e9niques jetables et les visi\u00e8res de protection.<\/p>\n","protected":false},"excerpt":{"rendered":"<p>Visi\u00e8re de protection lavable. Tr\u00e8s facile d&#8217;utilisation. <a href=\"https:\/\/www.who.int\/fr\/emergencies\/diseases\/novel-coronavirus-2019\/advice-for-public\" target=\"_blank\" rel=\"noopener noreferrer\">Protection ultime<\/a>. livraison : 1 \u00e0 2 jours ouvrables. Veuillez noter que les taxes ne sont pas incluses dans le prix.<\/p>\n","protected":false},"featured_media":13712,"template":"","meta":{"_acf_changed":false},"pwb-brand":[],"product_brand":[],"product_cat":[384],"product_tag":[311,320,322,232,392],"class_list":{"0":"post-13711","1":"product","2":"type-product","3":"status-publish","4":"has-post-thumbnail","6":"product_cat-produits-de-protection-sanitaire","7":"product_tag-confortable","8":"product_tag-hygiene","9":"product_tag-sante","10":"product_tag-securite","11":"product_tag-visiere-protection-lavable","12":"product_shipping_class-standard","14":"first","15":"instock","16":"taxable","17":"shipping-taxable","18":"purchasable","19":"product-type-simple"},"exclude_global_add_ons":[],"addons":[],"acf":[],"yoast_head":"<!-- This site is optimized with the Yoast SEO Premium plugin v24.4 (Yoast SEO v24.4) - https:\/\/yoast.com\/wordpress\/plugins\/seo\/ -->\n<title>Visi\u00e8re de protection lavable - Signalisation Saphir - Protection sanitaire<\/title>\n<meta name=\"description\" content=\"Signalisation Saphir - Protection sanitaire: Visi\u00e8re de protection lavable. Produits de s\u00e9curit\u00e9 &amp; de signalisation. Produits sp\u00e9cialis\u00e9s.\" \/>\n<meta name=\"robots\" content=\"index, follow, max-snippet:-1, max-image-preview:large, max-video-preview:-1\" \/>\n<link rel=\"canonical\" href=\"https:\/\/signalisationsaphir.com\/?product=visiere-de-protection-lavable\" \/>\n<meta property=\"og:locale\" content=\"fr_FR\" \/>\n<meta property=\"og:type\" content=\"article\" \/>\n<meta property=\"og:title\" content=\"Visi\u00e8re de protection lavable\" \/>\n<meta property=\"og:description\" content=\"Signalisation Saphir - Protection sanitaire: Visi\u00e8re de protection lavable. Produits de s\u00e9curit\u00e9 &amp; de signalisation. Produits sp\u00e9cialis\u00e9s.\" \/>\n<meta property=\"og:url\" content=\"https:\/\/signalisationsaphir.com\/?product=visiere-de-protection-lavable\" \/>\n<meta property=\"og:site_name\" content=\"Signalisation Saphir\" \/>\n<meta property=\"article:publisher\" content=\"https:\/\/www.facebook.com\/SignalisationSaphir\" \/>\n<meta property=\"article:modified_time\" content=\"2022-08-03T22:52:32+00:00\" \/>\n<meta property=\"og:image\" content=\"https:\/\/signalisationsaphir.com\/wp-content\/uploads\/2020\/10\/Visie\u0300re-protection-lavable.jpg\" \/>\n\t<meta property=\"og:image:width\" content=\"742\" \/>\n\t<meta property=\"og:image:height\" content=\"682\" \/>\n\t<meta property=\"og:image:type\" content=\"image\/jpeg\" \/>\n<meta name=\"twitter:card\" content=\"summary_large_image\" \/>\n<meta name=\"twitter:label1\" content=\"Dur\u00e9e de lecture estim\u00e9e\" \/>\n\t<meta name=\"twitter:data1\" content=\"1 minute\" \/>\n<script type=\"application\/ld+json\" class=\"yoast-schema-graph\">{\"@context\":\"https:\/\/schema.org\",\"@graph\":[{\"@type\":\"WebPage\",\"@id\":\"https:\/\/signalisationsaphir.com\/?product=visiere-de-protection-lavable\",\"url\":\"https:\/\/signalisationsaphir.com\/?product=visiere-de-protection-lavable\",\"name\":\"Visi\u00e8re de protection lavable - Signalisation Saphir - Protection sanitaire\",\"isPartOf\":{\"@id\":\"https:\/\/signalisationsaphir.com\/#website\"},\"primaryImageOfPage\":{\"@id\":\"https:\/\/signalisationsaphir.com\/?product=visiere-de-protection-lavable#primaryimage\"},\"image\":{\"@id\":\"https:\/\/signalisationsaphir.com\/?product=visiere-de-protection-lavable#primaryimage\"},\"thumbnailUrl\":\"https:\/\/signalisationsaphir.com\/wp-content\/uploads\/2020\/10\/Visie\u0300re-protection-lavable.jpg\",\"datePublished\":\"2020-10-01T21:16:11+00:00\",\"dateModified\":\"2022-08-03T22:52:32+00:00\",\"description\":\"Signalisation Saphir - Protection sanitaire: Visi\u00e8re de protection lavable. Produits de s\u00e9curit\u00e9 & de signalisation. Produits sp\u00e9cialis\u00e9s.\",\"breadcrumb\":{\"@id\":\"https:\/\/signalisationsaphir.com\/?product=visiere-de-protection-lavable#breadcrumb\"},\"inLanguage\":\"fr-FR\",\"potentialAction\":[{\"@type\":\"ReadAction\",\"target\":[\"https:\/\/signalisationsaphir.com\/?product=visiere-de-protection-lavable\"]}]},{\"@type\":\"ImageObject\",\"inLanguage\":\"fr-FR\",\"@id\":\"https:\/\/signalisationsaphir.com\/?product=visiere-de-protection-lavable#primaryimage\",\"url\":\"https:\/\/signalisationsaphir.com\/wp-content\/uploads\/2020\/10\/Visie\u0300re-protection-lavable.jpg\",\"contentUrl\":\"https:\/\/signalisationsaphir.com\/wp-content\/uploads\/2020\/10\/Visie\u0300re-protection-lavable.jpg\",\"width\":742,\"height\":682,\"caption\":\"Visi\u00e8re de protection lavable\"},{\"@type\":\"BreadcrumbList\",\"@id\":\"https:\/\/signalisationsaphir.com\/?product=visiere-de-protection-lavable#breadcrumb\",\"itemListElement\":[{\"@type\":\"ListItem\",\"position\":1,\"name\":\"Accueil\",\"item\":\"https:\/\/signalisationsaphir.com\/?page_id=9\"},{\"@type\":\"ListItem\",\"position\":2,\"name\":\"Boutique\",\"item\":\"https:\/\/signalisationsaphir.com\/?page_id=9\"},{\"@type\":\"ListItem\",\"position\":3,\"name\":\"Visi\u00e8re de protection lavable\"}]},{\"@type\":\"WebSite\",\"@id\":\"https:\/\/signalisationsaphir.com\/#website\",\"url\":\"https:\/\/signalisationsaphir.com\/\",\"name\":\"Signalisation Saphir\",\"description\":\"Boutique en ligne\",\"publisher\":{\"@id\":\"https:\/\/signalisationsaphir.com\/#organization\"},\"potentialAction\":[{\"@type\":\"SearchAction\",\"target\":{\"@type\":\"EntryPoint\",\"urlTemplate\":\"https:\/\/signalisationsaphir.com\/?s={search_term_string}\"},\"query-input\":{\"@type\":\"PropertyValueSpecification\",\"valueRequired\":true,\"valueName\":\"search_term_string\"}}],\"inLanguage\":\"fr-FR\"},{\"@type\":\"Organization\",\"@id\":\"https:\/\/signalisationsaphir.com\/#organization\",\"name\":\"Signalisation Saphir\",\"url\":\"https:\/\/signalisationsaphir.com\/\",\"logo\":{\"@type\":\"ImageObject\",\"inLanguage\":\"fr-FR\",\"@id\":\"https:\/\/signalisationsaphir.com\/#\/schema\/logo\/image\/\",\"url\":\"https:\/\/signalisationsaphir.com\/wp-content\/uploads\/2017\/01\/cropped-logo-web-plus-large-bleu-blanc.jpg\",\"contentUrl\":\"https:\/\/signalisationsaphir.com\/wp-content\/uploads\/2017\/01\/cropped-logo-web-plus-large-bleu-blanc.jpg\",\"width\":215,\"height\":95,\"caption\":\"Signalisation Saphir\"},\"image\":{\"@id\":\"https:\/\/signalisationsaphir.com\/#\/schema\/logo\/image\/\"},\"sameAs\":[\"https:\/\/www.facebook.com\/SignalisationSaphir\"]}]}<\/script>\n<!-- \/ Yoast SEO Premium plugin. -->","yoast_head_json":{"title":"Visi\u00e8re de protection lavable - Signalisation Saphir - Protection sanitaire","description":"Signalisation Saphir - Protection sanitaire: Visi\u00e8re de protection lavable. Produits de s\u00e9curit\u00e9 & de signalisation. Produits sp\u00e9cialis\u00e9s.","robots":{"index":"index","follow":"follow","max-snippet":"max-snippet:-1","max-image-preview":"max-image-preview:large","max-video-preview":"max-video-preview:-1"},"canonical":"https:\/\/signalisationsaphir.com\/?product=visiere-de-protection-lavable","og_locale":"fr_FR","og_type":"article","og_title":"Visi\u00e8re de protection lavable","og_description":"Signalisation Saphir - Protection sanitaire: Visi\u00e8re de protection lavable. Produits de s\u00e9curit\u00e9 & de signalisation. Produits sp\u00e9cialis\u00e9s.","og_url":"https:\/\/signalisationsaphir.com\/?product=visiere-de-protection-lavable","og_site_name":"Signalisation Saphir","article_publisher":"https:\/\/www.facebook.com\/SignalisationSaphir","article_modified_time":"2022-08-03T22:52:32+00:00","og_image":[{"width":742,"height":682,"url":"https:\/\/signalisationsaphir.com\/wp-content\/uploads\/2020\/10\/Visie\u0300re-protection-lavable.jpg","type":"image\/jpeg"}],"twitter_card":"summary_large_image","twitter_misc":{"Dur\u00e9e de lecture estim\u00e9e":"1 minute"},"schema":{"@context":"https:\/\/schema.org","@graph":[{"@type":"WebPage","@id":"https:\/\/signalisationsaphir.com\/?product=visiere-de-protection-lavable","url":"https:\/\/signalisationsaphir.com\/?product=visiere-de-protection-lavable","name":"Visi\u00e8re de protection lavable - Signalisation Saphir - Protection sanitaire","isPartOf":{"@id":"https:\/\/signalisationsaphir.com\/#website"},"primaryImageOfPage":{"@id":"https:\/\/signalisationsaphir.com\/?product=visiere-de-protection-lavable#primaryimage"},"image":{"@id":"https:\/\/signalisationsaphir.com\/?product=visiere-de-protection-lavable#primaryimage"},"thumbnailUrl":"https:\/\/signalisationsaphir.com\/wp-content\/uploads\/2020\/10\/Visie\u0300re-protection-lavable.jpg","datePublished":"2020-10-01T21:16:11+00:00","dateModified":"2022-08-03T22:52:32+00:00","description":"Signalisation Saphir - Protection sanitaire: Visi\u00e8re de protection lavable. Produits de s\u00e9curit\u00e9 & de signalisation. Produits sp\u00e9cialis\u00e9s.","breadcrumb":{"@id":"https:\/\/signalisationsaphir.com\/?product=visiere-de-protection-lavable#breadcrumb"},"inLanguage":"fr-FR","potentialAction":[{"@type":"ReadAction","target":["https:\/\/signalisationsaphir.com\/?product=visiere-de-protection-lavable"]}]},{"@type":"ImageObject","inLanguage":"fr-FR","@id":"https:\/\/signalisationsaphir.com\/?product=visiere-de-protection-lavable#primaryimage","url":"https:\/\/signalisationsaphir.com\/wp-content\/uploads\/2020\/10\/Visie\u0300re-protection-lavable.jpg","contentUrl":"https:\/\/signalisationsaphir.com\/wp-content\/uploads\/2020\/10\/Visie\u0300re-protection-lavable.jpg","width":742,"height":682,"caption":"Visi\u00e8re de protection lavable"},{"@type":"BreadcrumbList","@id":"https:\/\/signalisationsaphir.com\/?product=visiere-de-protection-lavable#breadcrumb","itemListElement":[{"@type":"ListItem","position":1,"name":"Accueil","item":"https:\/\/signalisationsaphir.com\/?page_id=9"},{"@type":"ListItem","position":2,"name":"Boutique","item":"https:\/\/signalisationsaphir.com\/?page_id=9"},{"@type":"ListItem","position":3,"name":"Visi\u00e8re de protection lavable"}]},{"@type":"WebSite","@id":"https:\/\/signalisationsaphir.com\/#website","url":"https:\/\/signalisationsaphir.com\/","name":"Signalisation Saphir","description":"Boutique en ligne","publisher":{"@id":"https:\/\/signalisationsaphir.com\/#organization"},"potentialAction":[{"@type":"SearchAction","target":{"@type":"EntryPoint","urlTemplate":"https:\/\/signalisationsaphir.com\/?s={search_term_string}"},"query-input":{"@type":"PropertyValueSpecification","valueRequired":true,"valueName":"search_term_string"}}],"inLanguage":"fr-FR"},{"@type":"Organization","@id":"https:\/\/signalisationsaphir.com\/#organization","name":"Signalisation Saphir","url":"https:\/\/signalisationsaphir.com\/","logo":{"@type":"ImageObject","inLanguage":"fr-FR","@id":"https:\/\/signalisationsaphir.com\/#\/schema\/logo\/image\/","url":"https:\/\/signalisationsaphir.com\/wp-content\/uploads\/2017\/01\/cropped-logo-web-plus-large-bleu-blanc.jpg","contentUrl":"https:\/\/signalisationsaphir.com\/wp-content\/uploads\/2017\/01\/cropped-logo-web-plus-large-bleu-blanc.jpg","width":215,"height":95,"caption":"Signalisation Saphir"},"image":{"@id":"https:\/\/signalisationsaphir.com\/#\/schema\/logo\/image\/"},"sameAs":["https:\/\/www.facebook.com\/SignalisationSaphir"]}]}},"brands":[],"_links":{"self":[{"href":"https:\/\/signalisationsaphir.com\/index.php?rest_route=\/wp\/v2\/product\/13711","targetHints":{"allow":["GET"]}}],"collection":[{"href":"https:\/\/signalisationsaphir.com\/index.php?rest_route=\/wp\/v2\/product"}],"about":[{"href":"https:\/\/signalisationsaphir.com\/index.php?rest_route=\/wp\/v2\/types\/product"}],"version-history":[{"count":0,"href":"https:\/\/signalisationsaphir.com\/index.php?rest_route=\/wp\/v2\/product\/13711\/revisions"}],"wp:featuredmedia":[{"embeddable":true,"href":"https:\/\/signalisationsaphir.com\/index.php?rest_route=\/wp\/v2\/media\/13712"}],"wp:attachment":[{"href":"https:\/\/signalisationsaphir.com\/index.php?rest_route=%2Fwp%2Fv2%2Fmedia&parent=13711"}],"wp:term":[{"taxonomy":"pwb-brand","embeddable":true,"href":"https:\/\/signalisationsaphir.com\/index.php?rest_route=%2Fwp%2Fv2%2Fpwb-brand&post=13711"},{"taxonomy":"product_brand","embeddable":true,"href":"https:\/\/signalisationsaphir.com\/index.php?rest_route=%2Fwp%2Fv2%2Fproduct_brand&post=13711"},{"taxonomy":"product_cat","embeddable":true,"href":"https:\/\/signalisationsaphir.com\/index.php?rest_route=%2Fwp%2Fv2%2Fproduct_cat&post=13711"},{"taxonomy":"product_tag","embeddable":true,"href":"https:\/\/signalisationsaphir.com\/index.php?rest_route=%2Fwp%2Fv2%2Fproduct_tag&post=13711"}],"curies":[{"name":"wp","href":"https:\/\/api.w.org\/{rel}","templated":true}]}}