{"id":13694,"date":"2020-10-01T13:16:17","date_gmt":"2020-10-01T17:16:17","guid":{"rendered":"https:\/\/signalisationsaphir.com\/?post_type=product&#038;p=13694"},"modified":"2022-08-03T18:54:50","modified_gmt":"2022-08-03T22:54:50","slug":"lunette-de-protection","status":"publish","type":"product","link":"https:\/\/signalisationsaphir.com\/?product=lunette-de-protection","title":{"rendered":"Lunette de protection"},"content":{"rendered":"<p>Lunette de protection.\u00a0Rehaussez vos <a href=\"https:\/\/www.who.int\/fr\/emergencies\/diseases\/novel-coronavirus-2019\/advice-for-public\" target=\"_blank\" rel=\"noopener noreferrer\">mesures d&#8217;hygi\u00e8ne<\/a>. Disponibilit\u00e9 : 5 &#8211; 7 jours ouvrables<\/p>\n<ul>\n<li>l\u00e9g\u00e8re et tr\u00e8s confortable<\/li>\n<li>M\u00e9dical<\/li>\n<\/ul>\n<p>Visitez les autres <a href=\"https:\/\/signalisationsaphir.com\/boutique-de-produits-de-securite-et-signalisation\/\" target=\"_blank\" rel=\"noopener\">cat\u00e9gories de produits disponible en boutique<\/a>.<\/p>\n<p>Signalisation Saphir offre une gamme de produits de protection sanitaire professionnels. Des produits de qualit\u00e9 qui r\u00e9pondront \u00e0 vos besoins. Explorez la cat\u00e9gorie avec nos Masque KN95 certifi\u00e9 FDA. Masque hygi\u00e9nique chirurgical jetable. Lunette de protection et visi\u00e8re de protection lavable. Et notre thermom\u00e8tre infra-rouge sans contact.<\/p>\n<p>Retour de marchandises cat\u00e9gorie hygi\u00e8ne: Retournez un produit, seulement s&#8217;il est dans son emballage original scell\u00e9 et transport \u00e0 vos frais. Aucun retour sur les masques hygi\u00e9niques jetables et les visi\u00e8res de protection.<\/p>\n","protected":false},"excerpt":{"rendered":"<p>Lunette de protection. M\u00e9dicale. L\u00e9g\u00e8re et tr\u00e8s confortable. Rehaussez vos <a href=\"https:\/\/www.who.int\/fr\/emergencies\/diseases\/novel-coronavirus-2019\/advice-for-public\" target=\"_blank\" rel=\"noopener noreferrer\">mesures d&#8217;hygi\u00e8ne<\/a>. Disponibilit\u00e9 : 5 &#8211; 7 jours ouvrables. Veuillez noter que les taxes ne sont pas incluses dans le prix.<\/p>\n","protected":false},"featured_media":13698,"template":"","meta":{"_acf_changed":false},"pwb-brand":[],"product_brand":[],"product_cat":[384],"product_tag":[311,377,378,386],"class_list":{"0":"post-13694","1":"product","2":"type-product","3":"status-publish","4":"has-post-thumbnail","6":"product_cat-produits-de-protection-sanitaire","7":"product_tag-confortable","8":"product_tag-legere","9":"product_tag-lunette-de-protection","10":"product_tag-medical","11":"product_shipping_class-standard","13":"first","14":"instock","15":"taxable","16":"shipping-taxable","17":"purchasable","18":"product-type-simple"},"exclude_global_add_ons":[],"addons":[],"acf":[],"yoast_head":"<!-- This site is optimized with the Yoast SEO Premium plugin v24.4 (Yoast SEO v24.4) - https:\/\/yoast.com\/wordpress\/plugins\/seo\/ -->\n<title>Lunette de protection - Signalisation Saphir - Protection sanitaires<\/title>\n<meta name=\"description\" content=\"Signalisation Saphir -Protection sanitaire: Lunette de protection. Produits de s\u00e9curit\u00e9. Produits de signalisation. Produits sp\u00e9cialis\u00e9s.\" \/>\n<meta name=\"robots\" content=\"index, follow, max-snippet:-1, max-image-preview:large, max-video-preview:-1\" \/>\n<link rel=\"canonical\" href=\"https:\/\/signalisationsaphir.com\/?product=lunette-de-protection\" \/>\n<meta property=\"og:locale\" content=\"fr_FR\" \/>\n<meta property=\"og:type\" content=\"article\" \/>\n<meta property=\"og:title\" content=\"Lunette de protection\" \/>\n<meta property=\"og:description\" content=\"Signalisation Saphir -Protection sanitaire: Lunette de protection. Produits de s\u00e9curit\u00e9. Produits de signalisation. Produits sp\u00e9cialis\u00e9s.\" \/>\n<meta property=\"og:url\" content=\"https:\/\/signalisationsaphir.com\/?product=lunette-de-protection\" \/>\n<meta property=\"og:site_name\" content=\"Signalisation Saphir\" \/>\n<meta property=\"article:publisher\" content=\"https:\/\/www.facebook.com\/SignalisationSaphir\" \/>\n<meta property=\"article:modified_time\" content=\"2022-08-03T22:54:50+00:00\" \/>\n<meta property=\"og:image\" content=\"https:\/\/signalisationsaphir.com\/wp-content\/uploads\/2020\/10\/lunette-de-protection.jpg\" \/>\n\t<meta property=\"og:image:width\" content=\"750\" \/>\n\t<meta property=\"og:image:height\" content=\"750\" \/>\n\t<meta property=\"og:image:type\" content=\"image\/jpeg\" \/>\n<meta name=\"twitter:card\" content=\"summary_large_image\" \/>\n<meta name=\"twitter:label1\" content=\"Dur\u00e9e de lecture estim\u00e9e\" \/>\n\t<meta name=\"twitter:data1\" content=\"1 minute\" \/>\n<script type=\"application\/ld+json\" class=\"yoast-schema-graph\">{\"@context\":\"https:\/\/schema.org\",\"@graph\":[{\"@type\":\"WebPage\",\"@id\":\"https:\/\/signalisationsaphir.com\/?product=lunette-de-protection\",\"url\":\"https:\/\/signalisationsaphir.com\/?product=lunette-de-protection\",\"name\":\"Lunette de protection - Signalisation Saphir - Protection sanitaires\",\"isPartOf\":{\"@id\":\"https:\/\/signalisationsaphir.com\/#website\"},\"primaryImageOfPage\":{\"@id\":\"https:\/\/signalisationsaphir.com\/?product=lunette-de-protection#primaryimage\"},\"image\":{\"@id\":\"https:\/\/signalisationsaphir.com\/?product=lunette-de-protection#primaryimage\"},\"thumbnailUrl\":\"https:\/\/signalisationsaphir.com\/wp-content\/uploads\/2020\/10\/lunette-de-protection.jpg\",\"datePublished\":\"2020-10-01T17:16:17+00:00\",\"dateModified\":\"2022-08-03T22:54:50+00:00\",\"description\":\"Signalisation Saphir -Protection sanitaire: Lunette de protection. Produits de s\u00e9curit\u00e9. Produits de signalisation. Produits sp\u00e9cialis\u00e9s.\",\"breadcrumb\":{\"@id\":\"https:\/\/signalisationsaphir.com\/?product=lunette-de-protection#breadcrumb\"},\"inLanguage\":\"fr-FR\",\"potentialAction\":[{\"@type\":\"ReadAction\",\"target\":[\"https:\/\/signalisationsaphir.com\/?product=lunette-de-protection\"]}]},{\"@type\":\"ImageObject\",\"inLanguage\":\"fr-FR\",\"@id\":\"https:\/\/signalisationsaphir.com\/?product=lunette-de-protection#primaryimage\",\"url\":\"https:\/\/signalisationsaphir.com\/wp-content\/uploads\/2020\/10\/lunette-de-protection.jpg\",\"contentUrl\":\"https:\/\/signalisationsaphir.com\/wp-content\/uploads\/2020\/10\/lunette-de-protection.jpg\",\"width\":750,\"height\":750,\"caption\":\"Lunette de protection\"},{\"@type\":\"BreadcrumbList\",\"@id\":\"https:\/\/signalisationsaphir.com\/?product=lunette-de-protection#breadcrumb\",\"itemListElement\":[{\"@type\":\"ListItem\",\"position\":1,\"name\":\"Accueil\",\"item\":\"https:\/\/signalisationsaphir.com\/?page_id=9\"},{\"@type\":\"ListItem\",\"position\":2,\"name\":\"Boutique\",\"item\":\"https:\/\/signalisationsaphir.com\/?page_id=9\"},{\"@type\":\"ListItem\",\"position\":3,\"name\":\"Lunette de protection\"}]},{\"@type\":\"WebSite\",\"@id\":\"https:\/\/signalisationsaphir.com\/#website\",\"url\":\"https:\/\/signalisationsaphir.com\/\",\"name\":\"Signalisation Saphir\",\"description\":\"Boutique en ligne\",\"publisher\":{\"@id\":\"https:\/\/signalisationsaphir.com\/#organization\"},\"potentialAction\":[{\"@type\":\"SearchAction\",\"target\":{\"@type\":\"EntryPoint\",\"urlTemplate\":\"https:\/\/signalisationsaphir.com\/?s={search_term_string}\"},\"query-input\":{\"@type\":\"PropertyValueSpecification\",\"valueRequired\":true,\"valueName\":\"search_term_string\"}}],\"inLanguage\":\"fr-FR\"},{\"@type\":\"Organization\",\"@id\":\"https:\/\/signalisationsaphir.com\/#organization\",\"name\":\"Signalisation Saphir\",\"url\":\"https:\/\/signalisationsaphir.com\/\",\"logo\":{\"@type\":\"ImageObject\",\"inLanguage\":\"fr-FR\",\"@id\":\"https:\/\/signalisationsaphir.com\/#\/schema\/logo\/image\/\",\"url\":\"https:\/\/signalisationsaphir.com\/wp-content\/uploads\/2017\/01\/cropped-logo-web-plus-large-bleu-blanc.jpg\",\"contentUrl\":\"https:\/\/signalisationsaphir.com\/wp-content\/uploads\/2017\/01\/cropped-logo-web-plus-large-bleu-blanc.jpg\",\"width\":215,\"height\":95,\"caption\":\"Signalisation Saphir\"},\"image\":{\"@id\":\"https:\/\/signalisationsaphir.com\/#\/schema\/logo\/image\/\"},\"sameAs\":[\"https:\/\/www.facebook.com\/SignalisationSaphir\"]}]}<\/script>\n<!-- \/ Yoast SEO Premium plugin. -->","yoast_head_json":{"title":"Lunette de protection - Signalisation Saphir - Protection sanitaires","description":"Signalisation Saphir -Protection sanitaire: Lunette de protection. Produits de s\u00e9curit\u00e9. Produits de signalisation. Produits sp\u00e9cialis\u00e9s.","robots":{"index":"index","follow":"follow","max-snippet":"max-snippet:-1","max-image-preview":"max-image-preview:large","max-video-preview":"max-video-preview:-1"},"canonical":"https:\/\/signalisationsaphir.com\/?product=lunette-de-protection","og_locale":"fr_FR","og_type":"article","og_title":"Lunette de protection","og_description":"Signalisation Saphir -Protection sanitaire: Lunette de protection. Produits de s\u00e9curit\u00e9. Produits de signalisation. Produits sp\u00e9cialis\u00e9s.","og_url":"https:\/\/signalisationsaphir.com\/?product=lunette-de-protection","og_site_name":"Signalisation Saphir","article_publisher":"https:\/\/www.facebook.com\/SignalisationSaphir","article_modified_time":"2022-08-03T22:54:50+00:00","og_image":[{"width":750,"height":750,"url":"https:\/\/signalisationsaphir.com\/wp-content\/uploads\/2020\/10\/lunette-de-protection.jpg","type":"image\/jpeg"}],"twitter_card":"summary_large_image","twitter_misc":{"Dur\u00e9e de lecture estim\u00e9e":"1 minute"},"schema":{"@context":"https:\/\/schema.org","@graph":[{"@type":"WebPage","@id":"https:\/\/signalisationsaphir.com\/?product=lunette-de-protection","url":"https:\/\/signalisationsaphir.com\/?product=lunette-de-protection","name":"Lunette de protection - Signalisation Saphir - Protection sanitaires","isPartOf":{"@id":"https:\/\/signalisationsaphir.com\/#website"},"primaryImageOfPage":{"@id":"https:\/\/signalisationsaphir.com\/?product=lunette-de-protection#primaryimage"},"image":{"@id":"https:\/\/signalisationsaphir.com\/?product=lunette-de-protection#primaryimage"},"thumbnailUrl":"https:\/\/signalisationsaphir.com\/wp-content\/uploads\/2020\/10\/lunette-de-protection.jpg","datePublished":"2020-10-01T17:16:17+00:00","dateModified":"2022-08-03T22:54:50+00:00","description":"Signalisation Saphir -Protection sanitaire: Lunette de protection. Produits de s\u00e9curit\u00e9. Produits de signalisation. Produits sp\u00e9cialis\u00e9s.","breadcrumb":{"@id":"https:\/\/signalisationsaphir.com\/?product=lunette-de-protection#breadcrumb"},"inLanguage":"fr-FR","potentialAction":[{"@type":"ReadAction","target":["https:\/\/signalisationsaphir.com\/?product=lunette-de-protection"]}]},{"@type":"ImageObject","inLanguage":"fr-FR","@id":"https:\/\/signalisationsaphir.com\/?product=lunette-de-protection#primaryimage","url":"https:\/\/signalisationsaphir.com\/wp-content\/uploads\/2020\/10\/lunette-de-protection.jpg","contentUrl":"https:\/\/signalisationsaphir.com\/wp-content\/uploads\/2020\/10\/lunette-de-protection.jpg","width":750,"height":750,"caption":"Lunette de protection"},{"@type":"BreadcrumbList","@id":"https:\/\/signalisationsaphir.com\/?product=lunette-de-protection#breadcrumb","itemListElement":[{"@type":"ListItem","position":1,"name":"Accueil","item":"https:\/\/signalisationsaphir.com\/?page_id=9"},{"@type":"ListItem","position":2,"name":"Boutique","item":"https:\/\/signalisationsaphir.com\/?page_id=9"},{"@type":"ListItem","position":3,"name":"Lunette de protection"}]},{"@type":"WebSite","@id":"https:\/\/signalisationsaphir.com\/#website","url":"https:\/\/signalisationsaphir.com\/","name":"Signalisation Saphir","description":"Boutique en ligne","publisher":{"@id":"https:\/\/signalisationsaphir.com\/#organization"},"potentialAction":[{"@type":"SearchAction","target":{"@type":"EntryPoint","urlTemplate":"https:\/\/signalisationsaphir.com\/?s={search_term_string}"},"query-input":{"@type":"PropertyValueSpecification","valueRequired":true,"valueName":"search_term_string"}}],"inLanguage":"fr-FR"},{"@type":"Organization","@id":"https:\/\/signalisationsaphir.com\/#organization","name":"Signalisation Saphir","url":"https:\/\/signalisationsaphir.com\/","logo":{"@type":"ImageObject","inLanguage":"fr-FR","@id":"https:\/\/signalisationsaphir.com\/#\/schema\/logo\/image\/","url":"https:\/\/signalisationsaphir.com\/wp-content\/uploads\/2017\/01\/cropped-logo-web-plus-large-bleu-blanc.jpg","contentUrl":"https:\/\/signalisationsaphir.com\/wp-content\/uploads\/2017\/01\/cropped-logo-web-plus-large-bleu-blanc.jpg","width":215,"height":95,"caption":"Signalisation Saphir"},"image":{"@id":"https:\/\/signalisationsaphir.com\/#\/schema\/logo\/image\/"},"sameAs":["https:\/\/www.facebook.com\/SignalisationSaphir"]}]}},"brands":[],"_links":{"self":[{"href":"https:\/\/signalisationsaphir.com\/index.php?rest_route=\/wp\/v2\/product\/13694","targetHints":{"allow":["GET"]}}],"collection":[{"href":"https:\/\/signalisationsaphir.com\/index.php?rest_route=\/wp\/v2\/product"}],"about":[{"href":"https:\/\/signalisationsaphir.com\/index.php?rest_route=\/wp\/v2\/types\/product"}],"version-history":[{"count":0,"href":"https:\/\/signalisationsaphir.com\/index.php?rest_route=\/wp\/v2\/product\/13694\/revisions"}],"wp:featuredmedia":[{"embeddable":true,"href":"https:\/\/signalisationsaphir.com\/index.php?rest_route=\/wp\/v2\/media\/13698"}],"wp:attachment":[{"href":"https:\/\/signalisationsaphir.com\/index.php?rest_route=%2Fwp%2Fv2%2Fmedia&parent=13694"}],"wp:term":[{"taxonomy":"pwb-brand","embeddable":true,"href":"https:\/\/signalisationsaphir.com\/index.php?rest_route=%2Fwp%2Fv2%2Fpwb-brand&post=13694"},{"taxonomy":"product_brand","embeddable":true,"href":"https:\/\/signalisationsaphir.com\/index.php?rest_route=%2Fwp%2Fv2%2Fproduct_brand&post=13694"},{"taxonomy":"product_cat","embeddable":true,"href":"https:\/\/signalisationsaphir.com\/index.php?rest_route=%2Fwp%2Fv2%2Fproduct_cat&post=13694"},{"taxonomy":"product_tag","embeddable":true,"href":"https:\/\/signalisationsaphir.com\/index.php?rest_route=%2Fwp%2Fv2%2Fproduct_tag&post=13694"}],"curies":[{"name":"wp","href":"https:\/\/api.w.org\/{rel}","templated":true}]}}