{"id":31539,"date":"2024-03-13T12:06:52","date_gmt":"2024-03-13T16:06:52","guid":{"rendered":"https:\/\/signalisationsaphir.com\/panier\/"},"modified":"2024-03-13T12:06:52","modified_gmt":"2024-03-13T16:06:52","slug":"panier","status":"publish","type":"page","link":"https:\/\/signalisationsaphir.com\/?page_id=31539","title":{"rendered":"Panier"},"content":{"rendered":"<div data-block-name=\"woocommerce\/cart\" class=\"wp-block-woocommerce-cart alignwide is-loading\"><div data-block-name=\"woocommerce\/filled-cart-block\" class=\"wp-block-woocommerce-filled-cart-block\"><div data-block-name=\"woocommerce\/cart-items-block\" class=\"wp-block-woocommerce-cart-items-block\"><div data-block-name=\"woocommerce\/cart-line-items-block\" class=\"wp-block-woocommerce-cart-line-items-block\"><\/div>\n\n<div data-block-name=\"woocommerce\/cart-cross-sells-block\" class=\"wp-block-woocommerce-cart-cross-sells-block\"><h2 class=\"wp-block-heading has-large-font-size\">\u00c7a peut vous int\u00e9resser&#8230;<\/h2>\n\n<div data-block-name=\"woocommerce\/cart-cross-sells-products-block\" class=\"wp-block-woocommerce-cart-cross-sells-products-block\"><\/div><\/div><\/div>\n\n<div data-block-name=\"woocommerce\/cart-totals-block\" class=\"wp-block-woocommerce-cart-totals-block\"><div data-block-name=\"woocommerce\/cart-order-summary-block\" class=\"wp-block-woocommerce-cart-order-summary-block\"><div data-block-name=\"woocommerce\/cart-order-summary-heading-block\" class=\"wp-block-woocommerce-cart-order-summary-heading-block\"><\/div><div data-block-name=\"woocommerce\/cart-order-summary-coupon-form-block\" class=\"wp-block-woocommerce-cart-order-summary-coupon-form-block\"><\/div><div data-block-name=\"woocommerce\/cart-order-summary-totals-block\" class=\"wp-block-woocommerce-cart-order-summary-totals-block\">\n<div data-block-name=\"woocommerce\/cart-order-summary-subtotal-block\" class=\"wp-block-woocommerce-cart-order-summary-subtotal-block\"><\/div>\n<div data-block-name=\"woocommerce\/cart-order-summary-discount-block\" class=\"wp-block-woocommerce-cart-order-summary-discount-block\"><\/div>\n<div data-block-name=\"woocommerce\/cart-order-summary-fee-block\" class=\"wp-block-woocommerce-cart-order-summary-fee-block\"><\/div>\n<div data-block-name=\"woocommerce\/cart-order-summary-shipping-block\" class=\"wp-block-woocommerce-cart-order-summary-shipping-block\"><\/div>\n<div data-block-name=\"woocommerce\/cart-order-summary-taxes-block\" class=\"wp-block-woocommerce-cart-order-summary-taxes-block\"><\/div><\/div><\/div>\n\n<div data-block-name=\"woocommerce\/cart-express-payment-block\" class=\"wp-block-woocommerce-cart-express-payment-block\"><\/div>\n\n<div data-block-name=\"woocommerce\/proceed-to-checkout-block\" class=\"wp-block-woocommerce-proceed-to-checkout-block\"><\/div>\n\n<div data-block-name=\"woocommerce\/cart-accepted-payment-methods-block\" class=\"wp-block-woocommerce-cart-accepted-payment-methods-block\"><\/div><\/div><\/div>\n\n<div data-block-name=\"woocommerce\/empty-cart-block\" class=\"wp-block-woocommerce-empty-cart-block\"><h2 class=\"wp-block-heading has-text-align-center with-empty-cart-icon wc-block-cart__empty-cart__title\">Votre panier est actuellement vide\u00a0!<\/h2>\n\n<hr class=\"wp-block-separator has-alpha-channel-opacity is-style-dots\"\/>\n\n<h2 class=\"wp-block-heading has-text-align-center\">Nouveau dans la boutique<\/h2>\n\n<div data-block-name=\"woocommerce\/product-new\" data-columns=\"4\" data-rows=\"1\" class=\"wc-block-grid wp-block-product-new wp-block-woocommerce-product-new wc-block-product-new has-4-columns\"><ul class=\"wc-block-grid__products\"><li class=\"wc-block-grid__product\"><span class=\"gtm4wp_productdata\" style=\"display:none; visibility:hidden;\" data-gtm4wp_product_data=\"{&quot;internal_id&quot;:31748,&quot;item_id&quot;:31748,&quot;item_name&quot;:&quot;Carton Gants Nitrile Noir Textur\\u00e9&quot;,&quot;sku&quot;:31748,&quot;price&quot;:79.98,&quot;stocklevel&quot;:null,&quot;stockstatus&quot;:&quot;instock&quot;,&quot;google_business_vertical&quot;:&quot;retail&quot;,&quot;item_category&quot;:&quot;Produits de protection sanitaire&quot;,&quot;id&quot;:31748,&quot;item_brand&quot;:&quot;Promotion&quot;,&quot;productlink&quot;:&quot;https:\\\/\\\/signalisationsaphir.com\\\/?product=gants-nitrile-noir-texture&quot;,&quot;item_list_name&quot;:&quot;Liste g\\u00e9n\\u00e9rale des produits&quot;,&quot;index&quot;:0,&quot;product_type&quot;:&quot;variable&quot;}\"><\/span>\n\t\t\t\t<a href=\"https:\/\/signalisationsaphir.com\/?product=gants-nitrile-noir-texture\" class=\"wc-block-grid__product-link\">\n\t\t\t\t\t<div class=\"wc-block-grid__product-onsale\">\n\t\t\t<span aria-hidden=\"true\">Promo<\/span>\n\t\t\t<span class=\"screen-reader-text\">Produit en promotion<\/span>\n\t\t<\/div>\n\t\t\t\t\t<div class=\"wc-block-grid__product-image\"><img fetchpriority=\"high\" decoding=\"async\" width=\"300\" height=\"300\" src=\"data:image\/gif;base64,R0lGODlhAQABAIAAAAAAAP\/\/\/yH5BAEAAAAALAAAAAABAAEAAAIBRAA7\" data-src=\"https:\/\/signalisationsaphir.com\/wp-content\/uploads\/2025\/02\/GantNoir-300x300.webp\" class=\"attachment-woocommerce_thumbnail size-woocommerce_thumbnail lazyload\" alt=\"Carton Gants Nitrile Noir Textur\u00e9\" data-srcset=\"https:\/\/signalisationsaphir.com\/wp-content\/uploads\/2025\/02\/GantNoir-300x300.webp 300w, https:\/\/signalisationsaphir.com\/wp-content\/uploads\/2025\/02\/GantNoir-150x150.webp 150w, https:\/\/signalisationsaphir.com\/wp-content\/uploads\/2025\/02\/GantNoir-768x768.webp 768w, https:\/\/signalisationsaphir.com\/wp-content\/uploads\/2025\/02\/GantNoir-600x600.webp 600w, https:\/\/signalisationsaphir.com\/wp-content\/uploads\/2025\/02\/GantNoir-100x100.webp 100w, https:\/\/signalisationsaphir.com\/wp-content\/uploads\/2025\/02\/GantNoir-50x50.webp 50w, https:\/\/signalisationsaphir.com\/wp-content\/uploads\/2025\/02\/GantNoir-96x96.webp 96w, https:\/\/signalisationsaphir.com\/wp-content\/uploads\/2025\/02\/GantNoir.webp 800w\" sizes=\"(max-width: 300px) 100vw, 300px\" \/><noscript><img decoding=\"async\" width=\"300\" height=\"300\" src=\"https:\/\/signalisationsaphir.com\/wp-content\/uploads\/2025\/02\/GantNoir-300x300.webp\" class=\"attachment-woocommerce_thumbnail size-woocommerce_thumbnail lazyload\" alt=\"Carton Gants Nitrile Noir Textur\u00e9\" srcset=\"https:\/\/signalisationsaphir.com\/wp-content\/uploads\/2025\/02\/GantNoir-300x300.webp 300w, https:\/\/signalisationsaphir.com\/wp-content\/uploads\/2025\/02\/GantNoir-150x150.webp 150w, https:\/\/signalisationsaphir.com\/wp-content\/uploads\/2025\/02\/GantNoir-768x768.webp 768w, https:\/\/signalisationsaphir.com\/wp-content\/uploads\/2025\/02\/GantNoir-600x600.webp 600w, https:\/\/signalisationsaphir.com\/wp-content\/uploads\/2025\/02\/GantNoir-100x100.webp 100w, https:\/\/signalisationsaphir.com\/wp-content\/uploads\/2025\/02\/GantNoir-50x50.webp 50w, https:\/\/signalisationsaphir.com\/wp-content\/uploads\/2025\/02\/GantNoir-96x96.webp 96w, https:\/\/signalisationsaphir.com\/wp-content\/uploads\/2025\/02\/GantNoir.webp 800w\" sizes=\"(max-width: 300px) 100vw, 300px\" \/><\/noscript><\/div>\n\t\t\t\t\t<div class=\"wc-block-grid__product-title\">Carton Gants Nitrile Noir Textur\u00e9<\/div>\n\t\t\t\t<\/a>\n\t\t\t\t<div class=\"wc-block-grid__product-price price\"><span class=\"woocommerce-Price-amount amount\"><span class=\"woocommerce-Price-currencySymbol\">&#036;<\/span>79.98<\/span> &ndash; <span class=\"woocommerce-Price-amount amount\"><span class=\"woocommerce-Price-currencySymbol\">&#036;<\/span>79.99<\/span><\/div>\n\t\t\t\t\n\t\t\t\t<div class=\"wp-block-button wc-block-grid__product-add-to-cart\"><a href=\"https:\/\/signalisationsaphir.com\/?product=gants-nitrile-noir-texture\" aria-label=\"S\u00e9lectionner les options pour &ldquo;Carton Gants Nitrile Noir Textur\u00e9&rdquo;\" data-quantity=\"1\" data-product_id=\"31748\" data-product_sku=\"\" data-price=\"79.98\" rel=\"nofollow\" class=\"wp-block-button__link  add_to_cart_button\">Choix des options<\/a><\/div>\n\t\t\t<\/li><li class=\"wc-block-grid__product\"><span class=\"gtm4wp_productdata\" style=\"display:none; visibility:hidden;\" data-gtm4wp_product_data=\"{&quot;internal_id&quot;:31731,&quot;item_id&quot;:31731,&quot;item_name&quot;:&quot;Couverture Anti-Feu Certifi\\u00e9e CE&quot;,&quot;sku&quot;:31731,&quot;price&quot;:7.99,&quot;stocklevel&quot;:null,&quot;stockstatus&quot;:&quot;instock&quot;,&quot;google_business_vertical&quot;:&quot;retail&quot;,&quot;item_category&quot;:&quot;Nouveaut\\u00e9s&quot;,&quot;id&quot;:31731,&quot;item_brand&quot;:&quot;Nouveaut\\u00e9s&quot;,&quot;productlink&quot;:&quot;https:\\\/\\\/signalisationsaphir.com\\\/?product=couverture-anti-feu-certifiee-ce&quot;,&quot;item_list_name&quot;:&quot;Liste g\\u00e9n\\u00e9rale des produits&quot;,&quot;index&quot;:0,&quot;product_type&quot;:&quot;variable&quot;}\"><\/span>\n\t\t\t\t<a href=\"https:\/\/signalisationsaphir.com\/?product=couverture-anti-feu-certifiee-ce\" class=\"wc-block-grid__product-link\">\n\t\t\t\t\t\n\t\t\t\t\t<div class=\"wc-block-grid__product-image\"><img decoding=\"async\" width=\"300\" height=\"300\" src=\"data:image\/gif;base64,R0lGODlhAQABAIAAAAAAAP\/\/\/yH5BAEAAAAALAAAAAABAAEAAAIBRAA7\" data-src=\"https:\/\/signalisationsaphir.com\/wp-content\/uploads\/2025\/02\/CouvertureAntiFeu-300x300.webp\" class=\"attachment-woocommerce_thumbnail size-woocommerce_thumbnail lazyload\" alt=\"Couverture Anti-Feu Certifi\u00e9e CE\" data-srcset=\"https:\/\/signalisationsaphir.com\/wp-content\/uploads\/2025\/02\/CouvertureAntiFeu-300x300.webp 300w, https:\/\/signalisationsaphir.com\/wp-content\/uploads\/2025\/02\/CouvertureAntiFeu-150x150.webp 150w, https:\/\/signalisationsaphir.com\/wp-content\/uploads\/2025\/02\/CouvertureAntiFeu-600x600.webp 600w, https:\/\/signalisationsaphir.com\/wp-content\/uploads\/2025\/02\/CouvertureAntiFeu-100x100.webp 100w, https:\/\/signalisationsaphir.com\/wp-content\/uploads\/2025\/02\/CouvertureAntiFeu-50x50.webp 50w, https:\/\/signalisationsaphir.com\/wp-content\/uploads\/2025\/02\/CouvertureAntiFeu-96x96.webp 96w, https:\/\/signalisationsaphir.com\/wp-content\/uploads\/2025\/02\/CouvertureAntiFeu.webp 720w\" sizes=\"(max-width: 300px) 100vw, 300px\" \/><noscript><img loading=\"lazy\" decoding=\"async\" width=\"300\" height=\"300\" src=\"https:\/\/signalisationsaphir.com\/wp-content\/uploads\/2025\/02\/CouvertureAntiFeu-300x300.webp\" class=\"attachment-woocommerce_thumbnail size-woocommerce_thumbnail lazyload\" alt=\"Couverture Anti-Feu Certifi\u00e9e CE\" srcset=\"https:\/\/signalisationsaphir.com\/wp-content\/uploads\/2025\/02\/CouvertureAntiFeu-300x300.webp 300w, https:\/\/signalisationsaphir.com\/wp-content\/uploads\/2025\/02\/CouvertureAntiFeu-150x150.webp 150w, https:\/\/signalisationsaphir.com\/wp-content\/uploads\/2025\/02\/CouvertureAntiFeu-600x600.webp 600w, https:\/\/signalisationsaphir.com\/wp-content\/uploads\/2025\/02\/CouvertureAntiFeu-100x100.webp 100w, https:\/\/signalisationsaphir.com\/wp-content\/uploads\/2025\/02\/CouvertureAntiFeu-50x50.webp 50w, https:\/\/signalisationsaphir.com\/wp-content\/uploads\/2025\/02\/CouvertureAntiFeu-96x96.webp 96w, https:\/\/signalisationsaphir.com\/wp-content\/uploads\/2025\/02\/CouvertureAntiFeu.webp 720w\" sizes=\"(max-width: 300px) 100vw, 300px\" \/><\/noscript><\/div>\n\t\t\t\t\t<div class=\"wc-block-grid__product-title\">Couverture Anti-Feu Certifi\u00e9e CE<\/div>\n\t\t\t\t<\/a>\n\t\t\t\t<div class=\"wc-block-grid__product-price price\"><span class=\"woocommerce-Price-amount amount\"><span class=\"woocommerce-Price-currencySymbol\">&#036;<\/span>7.99<\/span> &ndash; <span class=\"woocommerce-Price-amount amount\"><span class=\"woocommerce-Price-currencySymbol\">&#036;<\/span>8.99<\/span><\/div>\n\t\t\t\t\n\t\t\t\t<div class=\"wp-block-button wc-block-grid__product-add-to-cart\"><a href=\"https:\/\/signalisationsaphir.com\/?product=couverture-anti-feu-certifiee-ce\" aria-label=\"S\u00e9lectionner les options pour &ldquo;Couverture Anti-Feu Certifi\u00e9e CE&rdquo;\" data-quantity=\"1\" data-product_id=\"31731\" data-product_sku=\"\" data-price=\"7.99\" rel=\"nofollow\" class=\"wp-block-button__link  add_to_cart_button\">Choix des options<\/a><\/div>\n\t\t\t<\/li><li class=\"wc-block-grid__product\"><span class=\"gtm4wp_productdata\" style=\"display:none; visibility:hidden;\" data-gtm4wp_product_data=\"{&quot;internal_id&quot;:23902,&quot;item_id&quot;:23902,&quot;item_name&quot;:&quot;MT-105 Ce v\\u00e9hicule arr\\u00eate aux passages \\u00e0 niveau&quot;,&quot;sku&quot;:23902,&quot;price&quot;:0,&quot;stocklevel&quot;:null,&quot;stockstatus&quot;:&quot;instock&quot;,&quot;google_business_vertical&quot;:&quot;retail&quot;,&quot;item_category&quot;:&quot;Panneaux de signalisation&quot;,&quot;item_category2&quot;:&quot;Panneaux routiers&quot;,&quot;id&quot;:23902,&quot;item_brand&quot;:&quot;Panneaux de signalisation&quot;,&quot;productlink&quot;:&quot;https:\\\/\\\/signalisationsaphir.com\\\/?product=mt-105&quot;,&quot;item_list_name&quot;:&quot;Liste g\\u00e9n\\u00e9rale des produits&quot;,&quot;index&quot;:0,&quot;product_type&quot;:&quot;simple&quot;}\"><\/span>\n\t\t\t\t<a href=\"https:\/\/signalisationsaphir.com\/?product=mt-105\" class=\"wc-block-grid__product-link\">\n\t\t\t\t\t\n\t\t\t\t\t<div class=\"wc-block-grid__product-image\"><img loading=\"lazy\" decoding=\"async\" width=\"220\" height=\"220\" src=\"data:image\/gif;base64,R0lGODlhAQABAIAAAAAAAP\/\/\/yH5BAEAAAAALAAAAAABAAEAAAIBRAA7\" data-src=\"https:\/\/signalisationsaphir.com\/wp-content\/uploads\/2022\/09\/MT-105.gif\" class=\"attachment-woocommerce_thumbnail size-woocommerce_thumbnail lazyload\" alt=\"MT-105 Ce v\u00e9hicule arr\u00eate aux passages \u00e0 niveau\" \/><noscript><img loading=\"lazy\" decoding=\"async\" width=\"220\" height=\"220\" src=\"https:\/\/signalisationsaphir.com\/wp-content\/uploads\/2022\/09\/MT-105.gif\" class=\"attachment-woocommerce_thumbnail size-woocommerce_thumbnail lazyload\" alt=\"MT-105 Ce v\u00e9hicule arr\u00eate aux passages \u00e0 niveau\" \/><\/noscript><\/div>\n\t\t\t\t\t<div class=\"wc-block-grid__product-title\">MT-105 Ce v\u00e9hicule arr\u00eate aux passages \u00e0 niveau<\/div>\n\t\t\t\t<\/a>\n\t\t\t\t<div class=\"wc-block-grid__product-price price\"><span class=\"woocommerce-Price-amount amount\"><span class=\"woocommerce-Price-currencySymbol\">&#036;<\/span>0.00<\/span><\/div>\n\t\t\t\t\n\t\t\t\t<div class=\"wp-block-button wc-block-grid__product-add-to-cart\"><a href=\"https:\/\/signalisationsaphir.com\/?product=mt-105\" aria-label=\"Ajouter au panier\u00a0: &ldquo;MT-105 Ce v\u00e9hicule arr\u00eate aux passages \u00e0 niveau&rdquo;\" data-quantity=\"1\" data-product_id=\"23902\" data-product_sku=\"\" data-price=\"0\" rel=\"nofollow\" class=\"wp-block-button__link  add_to_cart_button\">S\u00e9lectionner des options<\/a><\/div>\n\t\t\t<\/li><li class=\"wc-block-grid__product\"><span class=\"gtm4wp_productdata\" style=\"display:none; visibility:hidden;\" data-gtm4wp_product_data=\"{&quot;internal_id&quot;:23900,&quot;item_id&quot;:23900,&quot;item_name&quot;:&quot;MT-104 Vitesse maximum&quot;,&quot;sku&quot;:23900,&quot;price&quot;:0,&quot;stocklevel&quot;:null,&quot;stockstatus&quot;:&quot;instock&quot;,&quot;google_business_vertical&quot;:&quot;retail&quot;,&quot;item_category&quot;:&quot;Panneaux de signalisation&quot;,&quot;item_category2&quot;:&quot;Panneaux routiers&quot;,&quot;id&quot;:23900,&quot;item_brand&quot;:&quot;Panneaux de signalisation&quot;,&quot;productlink&quot;:&quot;https:\\\/\\\/signalisationsaphir.com\\\/?product=mt-104&quot;,&quot;item_list_name&quot;:&quot;Liste g\\u00e9n\\u00e9rale des produits&quot;,&quot;index&quot;:0,&quot;product_type&quot;:&quot;simple&quot;}\"><\/span>\n\t\t\t\t<a href=\"https:\/\/signalisationsaphir.com\/?product=mt-104\" class=\"wc-block-grid__product-link\">\n\t\t\t\t\t\n\t\t\t\t\t<div class=\"wc-block-grid__product-image\"><img loading=\"lazy\" decoding=\"async\" width=\"220\" height=\"220\" src=\"data:image\/gif;base64,R0lGODlhAQABAIAAAAAAAP\/\/\/yH5BAEAAAAALAAAAAABAAEAAAIBRAA7\" data-src=\"https:\/\/signalisationsaphir.com\/wp-content\/uploads\/2022\/09\/MT-104.gif\" class=\"attachment-woocommerce_thumbnail size-woocommerce_thumbnail lazyload\" alt=\"MT-104 Vitesse maximum\" \/><noscript><img loading=\"lazy\" decoding=\"async\" width=\"220\" height=\"220\" src=\"https:\/\/signalisationsaphir.com\/wp-content\/uploads\/2022\/09\/MT-104.gif\" class=\"attachment-woocommerce_thumbnail size-woocommerce_thumbnail lazyload\" alt=\"MT-104 Vitesse maximum\" \/><\/noscript><\/div>\n\t\t\t\t\t<div class=\"wc-block-grid__product-title\">MT-104 Vitesse maximum<\/div>\n\t\t\t\t<\/a>\n\t\t\t\t<div class=\"wc-block-grid__product-price price\"><span class=\"woocommerce-Price-amount amount\"><span class=\"woocommerce-Price-currencySymbol\">&#036;<\/span>0.00<\/span><\/div>\n\t\t\t\t\n\t\t\t\t<div class=\"wp-block-button wc-block-grid__product-add-to-cart\"><a href=\"https:\/\/signalisationsaphir.com\/?product=mt-104\" aria-label=\"Ajouter au panier\u00a0: &ldquo;MT-104 Vitesse maximum&rdquo;\" data-quantity=\"1\" data-product_id=\"23900\" data-product_sku=\"\" data-price=\"0\" rel=\"nofollow\" class=\"wp-block-button__link  add_to_cart_button\">S\u00e9lectionner des options<\/a><\/div>\n\t\t\t<\/li><\/ul><\/div><\/div><\/div>","protected":false},"excerpt":{"rendered":"","protected":false},"author":1,"featured_media":0,"parent":0,"menu_order":0,"comment_status":"closed","ping_status":"closed","template":"","meta":{"_acf_changed":false,"footnotes":""},"class_list":["post-31539","page","type-page","status-publish","hentry"],"acf":[],"post-meta":{"_yoast_indexnow_last_ping":["1710346013"],"_wpml_word_count":["{\"total\":15,\"to_translate\":{\"en\":2}}"],"_cmplz_scanned_post":["1"],"burst_total_pageviews_count":["40"],"_elementor_page_assets":["a:0:{}"]},"yoast_head":"<!-- This site is optimized with the Yoast SEO Premium plugin v24.4 (Yoast SEO v24.4) - https:\/\/yoast.com\/wordpress\/plugins\/seo\/ -->\n<title>Panier - Signalisation Saphir<\/title>\n<meta name=\"description\" content=\"Signalisation Saphir - Distributeur international. Boutique en ligne offrant produits de s\u00e9curit\u00e9, signalisation et sp\u00e9cialis\u00e9s. Panneaux de signalisation.\" \/>\n<meta name=\"robots\" content=\"index, follow, max-snippet:-1, max-image-preview:large, max-video-preview:-1\" \/>\n<link rel=\"canonical\" href=\"https:\/\/signalisationsaphir.com\/?page_id=31539\" \/>\n<meta property=\"og:locale\" content=\"fr_FR\" \/>\n<meta property=\"og:type\" content=\"article\" \/>\n<meta property=\"og:title\" content=\"Panier\" \/>\n<meta property=\"og:description\" content=\"Signalisation Saphir - Distributeur international. Boutique en ligne offrant produits de s\u00e9curit\u00e9, signalisation et sp\u00e9cialis\u00e9s. Panneaux de signalisation.\" \/>\n<meta property=\"og:url\" content=\"https:\/\/signalisationsaphir.com\/?page_id=31539\" \/>\n<meta property=\"og:site_name\" content=\"Signalisation Saphir\" \/>\n<meta property=\"article:publisher\" content=\"https:\/\/www.facebook.com\/SignalisationSaphir\" \/>\n<meta property=\"og:image\" content=\"https:\/\/signalisationsaphir.com\/wp-content\/uploads\/2017\/01\/cropped-logo-web-plus-large-bleu-blanc.jpg\" \/>\n\t<meta property=\"og:image:width\" content=\"215\" \/>\n\t<meta property=\"og:image:height\" content=\"95\" \/>\n\t<meta property=\"og:image:type\" content=\"image\/jpeg\" \/>\n<meta name=\"twitter:card\" content=\"summary_large_image\" \/>\n<script type=\"application\/ld+json\" class=\"yoast-schema-graph\">{\"@context\":\"https:\/\/schema.org\",\"@graph\":[{\"@type\":\"WebPage\",\"@id\":\"https:\/\/signalisationsaphir.com\/?page_id=31539\",\"url\":\"https:\/\/signalisationsaphir.com\/?page_id=31539\",\"name\":\"Panier - Signalisation Saphir\",\"isPartOf\":{\"@id\":\"https:\/\/signalisationsaphir.com\/#website\"},\"datePublished\":\"2024-03-13T16:06:52+00:00\",\"description\":\"Signalisation Saphir - Distributeur international. Boutique en ligne offrant produits de s\u00e9curit\u00e9, signalisation et sp\u00e9cialis\u00e9s. Panneaux de signalisation.\",\"breadcrumb\":{\"@id\":\"https:\/\/signalisationsaphir.com\/?page_id=31539#breadcrumb\"},\"inLanguage\":\"fr-FR\",\"potentialAction\":[{\"@type\":\"ReadAction\",\"target\":[\"https:\/\/signalisationsaphir.com\/?page_id=31539\"]}]},{\"@type\":\"BreadcrumbList\",\"@id\":\"https:\/\/signalisationsaphir.com\/?page_id=31539#breadcrumb\",\"itemListElement\":[{\"@type\":\"ListItem\",\"position\":1,\"name\":\"Accueil\",\"item\":\"https:\/\/signalisationsaphir.com\/?page_id=9\"},{\"@type\":\"ListItem\",\"position\":2,\"name\":\"Panier\"}]},{\"@type\":\"WebSite\",\"@id\":\"https:\/\/signalisationsaphir.com\/#website\",\"url\":\"https:\/\/signalisationsaphir.com\/\",\"name\":\"Signalisation Saphir\",\"description\":\"Boutique en ligne\",\"publisher\":{\"@id\":\"https:\/\/signalisationsaphir.com\/#organization\"},\"potentialAction\":[{\"@type\":\"SearchAction\",\"target\":{\"@type\":\"EntryPoint\",\"urlTemplate\":\"https:\/\/signalisationsaphir.com\/?s={search_term_string}\"},\"query-input\":{\"@type\":\"PropertyValueSpecification\",\"valueRequired\":true,\"valueName\":\"search_term_string\"}}],\"inLanguage\":\"fr-FR\"},{\"@type\":\"Organization\",\"@id\":\"https:\/\/signalisationsaphir.com\/#organization\",\"name\":\"Signalisation Saphir\",\"url\":\"https:\/\/signalisationsaphir.com\/\",\"logo\":{\"@type\":\"ImageObject\",\"inLanguage\":\"fr-FR\",\"@id\":\"https:\/\/signalisationsaphir.com\/#\/schema\/logo\/image\/\",\"url\":\"https:\/\/signalisationsaphir.com\/wp-content\/uploads\/2017\/01\/cropped-logo-web-plus-large-bleu-blanc.jpg\",\"contentUrl\":\"https:\/\/signalisationsaphir.com\/wp-content\/uploads\/2017\/01\/cropped-logo-web-plus-large-bleu-blanc.jpg\",\"width\":215,\"height\":95,\"caption\":\"Signalisation Saphir\"},\"image\":{\"@id\":\"https:\/\/signalisationsaphir.com\/#\/schema\/logo\/image\/\"},\"sameAs\":[\"https:\/\/www.facebook.com\/SignalisationSaphir\"]}]}<\/script>\n<!-- \/ Yoast SEO Premium plugin. -->","yoast_head_json":{"title":"Panier - Signalisation Saphir","description":"Signalisation Saphir - Distributeur international. Boutique en ligne offrant produits de s\u00e9curit\u00e9, signalisation et sp\u00e9cialis\u00e9s. Panneaux de signalisation.","robots":{"index":"index","follow":"follow","max-snippet":"max-snippet:-1","max-image-preview":"max-image-preview:large","max-video-preview":"max-video-preview:-1"},"canonical":"https:\/\/signalisationsaphir.com\/?page_id=31539","og_locale":"fr_FR","og_type":"article","og_title":"Panier","og_description":"Signalisation Saphir - Distributeur international. Boutique en ligne offrant produits de s\u00e9curit\u00e9, signalisation et sp\u00e9cialis\u00e9s. Panneaux de signalisation.","og_url":"https:\/\/signalisationsaphir.com\/?page_id=31539","og_site_name":"Signalisation Saphir","article_publisher":"https:\/\/www.facebook.com\/SignalisationSaphir","og_image":[{"width":215,"height":95,"url":"https:\/\/signalisationsaphir.com\/wp-content\/uploads\/2017\/01\/cropped-logo-web-plus-large-bleu-blanc.jpg","type":"image\/jpeg"}],"twitter_card":"summary_large_image","schema":{"@context":"https:\/\/schema.org","@graph":[{"@type":"WebPage","@id":"https:\/\/signalisationsaphir.com\/?page_id=31539","url":"https:\/\/signalisationsaphir.com\/?page_id=31539","name":"Panier - Signalisation Saphir","isPartOf":{"@id":"https:\/\/signalisationsaphir.com\/#website"},"datePublished":"2024-03-13T16:06:52+00:00","description":"Signalisation Saphir - Distributeur international. Boutique en ligne offrant produits de s\u00e9curit\u00e9, signalisation et sp\u00e9cialis\u00e9s. Panneaux de signalisation.","breadcrumb":{"@id":"https:\/\/signalisationsaphir.com\/?page_id=31539#breadcrumb"},"inLanguage":"fr-FR","potentialAction":[{"@type":"ReadAction","target":["https:\/\/signalisationsaphir.com\/?page_id=31539"]}]},{"@type":"BreadcrumbList","@id":"https:\/\/signalisationsaphir.com\/?page_id=31539#breadcrumb","itemListElement":[{"@type":"ListItem","position":1,"name":"Accueil","item":"https:\/\/signalisationsaphir.com\/?page_id=9"},{"@type":"ListItem","position":2,"name":"Panier"}]},{"@type":"WebSite","@id":"https:\/\/signalisationsaphir.com\/#website","url":"https:\/\/signalisationsaphir.com\/","name":"Signalisation Saphir","description":"Boutique en ligne","publisher":{"@id":"https:\/\/signalisationsaphir.com\/#organization"},"potentialAction":[{"@type":"SearchAction","target":{"@type":"EntryPoint","urlTemplate":"https:\/\/signalisationsaphir.com\/?s={search_term_string}"},"query-input":{"@type":"PropertyValueSpecification","valueRequired":true,"valueName":"search_term_string"}}],"inLanguage":"fr-FR"},{"@type":"Organization","@id":"https:\/\/signalisationsaphir.com\/#organization","name":"Signalisation Saphir","url":"https:\/\/signalisationsaphir.com\/","logo":{"@type":"ImageObject","inLanguage":"fr-FR","@id":"https:\/\/signalisationsaphir.com\/#\/schema\/logo\/image\/","url":"https:\/\/signalisationsaphir.com\/wp-content\/uploads\/2017\/01\/cropped-logo-web-plus-large-bleu-blanc.jpg","contentUrl":"https:\/\/signalisationsaphir.com\/wp-content\/uploads\/2017\/01\/cropped-logo-web-plus-large-bleu-blanc.jpg","width":215,"height":95,"caption":"Signalisation Saphir"},"image":{"@id":"https:\/\/signalisationsaphir.com\/#\/schema\/logo\/image\/"},"sameAs":["https:\/\/www.facebook.com\/SignalisationSaphir"]}]}},"_links":{"self":[{"href":"https:\/\/signalisationsaphir.com\/index.php?rest_route=\/wp\/v2\/pages\/31539","targetHints":{"allow":["GET"]}}],"collection":[{"href":"https:\/\/signalisationsaphir.com\/index.php?rest_route=\/wp\/v2\/pages"}],"about":[{"href":"https:\/\/signalisationsaphir.com\/index.php?rest_route=\/wp\/v2\/types\/page"}],"author":[{"embeddable":true,"href":"https:\/\/signalisationsaphir.com\/index.php?rest_route=\/wp\/v2\/users\/1"}],"replies":[{"embeddable":true,"href":"https:\/\/signalisationsaphir.com\/index.php?rest_route=%2Fwp%2Fv2%2Fcomments&post=31539"}],"version-history":[{"count":0,"href":"https:\/\/signalisationsaphir.com\/index.php?rest_route=\/wp\/v2\/pages\/31539\/revisions"}],"wp:attachment":[{"href":"https:\/\/signalisationsaphir.com\/index.php?rest_route=%2Fwp%2Fv2%2Fmedia&parent=31539"}],"curies":[{"name":"wp","href":"https:\/\/api.w.org\/{rel}","templated":true}]}}