{"id":15944,"date":"2022-08-04T21:08:45","date_gmt":"2022-08-05T01:08:45","guid":{"rendered":"https:\/\/signalisationsaphir.com\/wishlist\/"},"modified":"2022-08-04T21:08:45","modified_gmt":"2022-08-05T01:08:45","slug":"wishlist","status":"publish","type":"page","link":"https:\/\/signalisationsaphir.com\/?page_id=15944","title":{"rendered":"Wishlist"},"content":{"rendered":"<div class=\"woosw-list\"><div class=\"woosw-popup-content-mid-message\">There are no products on the Wishlist!<\/div><\/div><!-- \/woosw-list -->\n","protected":false},"excerpt":{"rendered":"","protected":false},"author":276,"featured_media":0,"parent":0,"menu_order":0,"comment_status":"closed","ping_status":"closed","template":"","meta":{"_acf_changed":false,"footnotes":""},"class_list":["post-15944","page","type-page","status-publish","hentry"],"acf":[],"post-meta":{"_yoast_indexnow_last_ping":["1659661726"],"_jetpack_related_posts_cache":["a:1:{s:32:\"bfc62710165ed7b51223b165689d40a3\";a:2:{s:7:\"expires\";i:1669514059;s:7:\"payload\";a:6:{i:0;a:1:{s:2:\"id\";i:7;}i:1;a:1:{s:2:\"id\";i:14399;}i:2;a:1:{s:2:\"id\";i:11119;}i:3;a:1:{s:2:\"id\";i:63;}i:4;a:1:{s:2:\"id\";i:65;}i:5;a:1:{s:2:\"id\";i:71;}}}}"],"_trp_automatically_translated_slug_en_US":["wish-list"],"_cmplz_scanned_post":["1"],"_wpml_word_count":["{\"total\":2,\"to_translate\":{\"en\":2}}"],"burst_total_pageviews_count":["1"],"_elementor_page_assets":["a:0:{}"]},"yoast_head":"<!-- This site is optimized with the Yoast SEO Premium plugin v24.4 (Yoast SEO v24.4) - https:\/\/yoast.com\/wordpress\/plugins\/seo\/ -->\n<title>Wishlist - Signalisation Saphir<\/title>\n<meta name=\"description\" content=\"Signalisation Saphir - Distributeur international. Boutique en ligne offrant produits de s\u00e9curit\u00e9, signalisation et sp\u00e9cialis\u00e9s. Panneaux de signalisation.\" \/>\n<meta name=\"robots\" content=\"index, follow, max-snippet:-1, max-image-preview:large, max-video-preview:-1\" \/>\n<link rel=\"canonical\" href=\"https:\/\/signalisationsaphir.com\/?page_id=15944\" \/>\n<meta property=\"og:locale\" content=\"fr_FR\" \/>\n<meta property=\"og:type\" content=\"article\" \/>\n<meta property=\"og:title\" content=\"Wishlist\" \/>\n<meta property=\"og:description\" content=\"Signalisation Saphir - Distributeur international. Boutique en ligne offrant produits de s\u00e9curit\u00e9, signalisation et sp\u00e9cialis\u00e9s. Panneaux de signalisation.\" \/>\n<meta property=\"og:url\" content=\"https:\/\/signalisationsaphir.com\/?page_id=15944\" \/>\n<meta property=\"og:site_name\" content=\"Signalisation Saphir\" \/>\n<meta property=\"article:publisher\" content=\"https:\/\/www.facebook.com\/SignalisationSaphir\" \/>\n<meta property=\"og:image\" content=\"https:\/\/signalisationsaphir.com\/wp-content\/uploads\/2017\/01\/cropped-logo-web-plus-large-bleu-blanc.jpg\" \/>\n\t<meta property=\"og:image:width\" content=\"215\" \/>\n\t<meta property=\"og:image:height\" content=\"95\" \/>\n\t<meta property=\"og:image:type\" content=\"image\/jpeg\" \/>\n<meta name=\"twitter:card\" content=\"summary_large_image\" \/>\n<script type=\"application\/ld+json\" class=\"yoast-schema-graph\">{\"@context\":\"https:\/\/schema.org\",\"@graph\":[{\"@type\":\"WebPage\",\"@id\":\"https:\/\/signalisationsaphir.com\/?page_id=15944\",\"url\":\"https:\/\/signalisationsaphir.com\/?page_id=15944\",\"name\":\"Wishlist - Signalisation Saphir\",\"isPartOf\":{\"@id\":\"https:\/\/signalisationsaphir.com\/#website\"},\"datePublished\":\"2022-08-05T01:08:45+00:00\",\"description\":\"Signalisation Saphir - Distributeur international. Boutique en ligne offrant produits de s\u00e9curit\u00e9, signalisation et sp\u00e9cialis\u00e9s. Panneaux de signalisation.\",\"breadcrumb\":{\"@id\":\"https:\/\/signalisationsaphir.com\/?page_id=15944#breadcrumb\"},\"inLanguage\":\"fr-FR\",\"potentialAction\":[{\"@type\":\"ReadAction\",\"target\":[\"https:\/\/signalisationsaphir.com\/?page_id=15944\"]}]},{\"@type\":\"BreadcrumbList\",\"@id\":\"https:\/\/signalisationsaphir.com\/?page_id=15944#breadcrumb\",\"itemListElement\":[{\"@type\":\"ListItem\",\"position\":1,\"name\":\"Accueil\",\"item\":\"https:\/\/signalisationsaphir.com\/?page_id=9\"},{\"@type\":\"ListItem\",\"position\":2,\"name\":\"Wishlist\"}]},{\"@type\":\"WebSite\",\"@id\":\"https:\/\/signalisationsaphir.com\/#website\",\"url\":\"https:\/\/signalisationsaphir.com\/\",\"name\":\"Signalisation Saphir\",\"description\":\"Boutique en ligne\",\"publisher\":{\"@id\":\"https:\/\/signalisationsaphir.com\/#organization\"},\"potentialAction\":[{\"@type\":\"SearchAction\",\"target\":{\"@type\":\"EntryPoint\",\"urlTemplate\":\"https:\/\/signalisationsaphir.com\/?s={search_term_string}\"},\"query-input\":{\"@type\":\"PropertyValueSpecification\",\"valueRequired\":true,\"valueName\":\"search_term_string\"}}],\"inLanguage\":\"fr-FR\"},{\"@type\":\"Organization\",\"@id\":\"https:\/\/signalisationsaphir.com\/#organization\",\"name\":\"Signalisation Saphir\",\"url\":\"https:\/\/signalisationsaphir.com\/\",\"logo\":{\"@type\":\"ImageObject\",\"inLanguage\":\"fr-FR\",\"@id\":\"https:\/\/signalisationsaphir.com\/#\/schema\/logo\/image\/\",\"url\":\"https:\/\/signalisationsaphir.com\/wp-content\/uploads\/2017\/01\/cropped-logo-web-plus-large-bleu-blanc.jpg\",\"contentUrl\":\"https:\/\/signalisationsaphir.com\/wp-content\/uploads\/2017\/01\/cropped-logo-web-plus-large-bleu-blanc.jpg\",\"width\":215,\"height\":95,\"caption\":\"Signalisation Saphir\"},\"image\":{\"@id\":\"https:\/\/signalisationsaphir.com\/#\/schema\/logo\/image\/\"},\"sameAs\":[\"https:\/\/www.facebook.com\/SignalisationSaphir\"]}]}<\/script>\n<!-- \/ Yoast SEO Premium plugin. -->","yoast_head_json":{"title":"Wishlist - Signalisation Saphir","description":"Signalisation Saphir - Distributeur international. Boutique en ligne offrant produits de s\u00e9curit\u00e9, signalisation et sp\u00e9cialis\u00e9s. Panneaux de signalisation.","robots":{"index":"index","follow":"follow","max-snippet":"max-snippet:-1","max-image-preview":"max-image-preview:large","max-video-preview":"max-video-preview:-1"},"canonical":"https:\/\/signalisationsaphir.com\/?page_id=15944","og_locale":"fr_FR","og_type":"article","og_title":"Wishlist","og_description":"Signalisation Saphir - Distributeur international. Boutique en ligne offrant produits de s\u00e9curit\u00e9, signalisation et sp\u00e9cialis\u00e9s. Panneaux de signalisation.","og_url":"https:\/\/signalisationsaphir.com\/?page_id=15944","og_site_name":"Signalisation Saphir","article_publisher":"https:\/\/www.facebook.com\/SignalisationSaphir","og_image":[{"width":215,"height":95,"url":"https:\/\/signalisationsaphir.com\/wp-content\/uploads\/2017\/01\/cropped-logo-web-plus-large-bleu-blanc.jpg","type":"image\/jpeg"}],"twitter_card":"summary_large_image","schema":{"@context":"https:\/\/schema.org","@graph":[{"@type":"WebPage","@id":"https:\/\/signalisationsaphir.com\/?page_id=15944","url":"https:\/\/signalisationsaphir.com\/?page_id=15944","name":"Wishlist - Signalisation Saphir","isPartOf":{"@id":"https:\/\/signalisationsaphir.com\/#website"},"datePublished":"2022-08-05T01:08:45+00:00","description":"Signalisation Saphir - Distributeur international. Boutique en ligne offrant produits de s\u00e9curit\u00e9, signalisation et sp\u00e9cialis\u00e9s. Panneaux de signalisation.","breadcrumb":{"@id":"https:\/\/signalisationsaphir.com\/?page_id=15944#breadcrumb"},"inLanguage":"fr-FR","potentialAction":[{"@type":"ReadAction","target":["https:\/\/signalisationsaphir.com\/?page_id=15944"]}]},{"@type":"BreadcrumbList","@id":"https:\/\/signalisationsaphir.com\/?page_id=15944#breadcrumb","itemListElement":[{"@type":"ListItem","position":1,"name":"Accueil","item":"https:\/\/signalisationsaphir.com\/?page_id=9"},{"@type":"ListItem","position":2,"name":"Wishlist"}]},{"@type":"WebSite","@id":"https:\/\/signalisationsaphir.com\/#website","url":"https:\/\/signalisationsaphir.com\/","name":"Signalisation Saphir","description":"Boutique en ligne","publisher":{"@id":"https:\/\/signalisationsaphir.com\/#organization"},"potentialAction":[{"@type":"SearchAction","target":{"@type":"EntryPoint","urlTemplate":"https:\/\/signalisationsaphir.com\/?s={search_term_string}"},"query-input":{"@type":"PropertyValueSpecification","valueRequired":true,"valueName":"search_term_string"}}],"inLanguage":"fr-FR"},{"@type":"Organization","@id":"https:\/\/signalisationsaphir.com\/#organization","name":"Signalisation Saphir","url":"https:\/\/signalisationsaphir.com\/","logo":{"@type":"ImageObject","inLanguage":"fr-FR","@id":"https:\/\/signalisationsaphir.com\/#\/schema\/logo\/image\/","url":"https:\/\/signalisationsaphir.com\/wp-content\/uploads\/2017\/01\/cropped-logo-web-plus-large-bleu-blanc.jpg","contentUrl":"https:\/\/signalisationsaphir.com\/wp-content\/uploads\/2017\/01\/cropped-logo-web-plus-large-bleu-blanc.jpg","width":215,"height":95,"caption":"Signalisation Saphir"},"image":{"@id":"https:\/\/signalisationsaphir.com\/#\/schema\/logo\/image\/"},"sameAs":["https:\/\/www.facebook.com\/SignalisationSaphir"]}]}},"_links":{"self":[{"href":"https:\/\/signalisationsaphir.com\/index.php?rest_route=\/wp\/v2\/pages\/15944","targetHints":{"allow":["GET"]}}],"collection":[{"href":"https:\/\/signalisationsaphir.com\/index.php?rest_route=\/wp\/v2\/pages"}],"about":[{"href":"https:\/\/signalisationsaphir.com\/index.php?rest_route=\/wp\/v2\/types\/page"}],"author":[{"embeddable":true,"href":"https:\/\/signalisationsaphir.com\/index.php?rest_route=\/wp\/v2\/users\/276"}],"replies":[{"embeddable":true,"href":"https:\/\/signalisationsaphir.com\/index.php?rest_route=%2Fwp%2Fv2%2Fcomments&post=15944"}],"version-history":[{"count":0,"href":"https:\/\/signalisationsaphir.com\/index.php?rest_route=\/wp\/v2\/pages\/15944\/revisions"}],"wp:attachment":[{"href":"https:\/\/signalisationsaphir.com\/index.php?rest_route=%2Fwp%2Fv2%2Fmedia&parent=15944"}],"curies":[{"name":"wp","href":"https:\/\/api.w.org\/{rel}","templated":true}]}}