{"id":12,"date":"2021-09-21T07:33:22","date_gmt":"2021-09-21T11:33:22","guid":{"rendered":"http:\/\/azo.boostifythemes.com\/my-account"},"modified":"2022-07-18T15:29:47","modified_gmt":"2022-07-18T19:29:47","slug":"mon-compte","status":"publish","type":"page","link":"https:\/\/signalisationsaphir.com\/?page_id=12","title":{"rendered":"Mon compte"},"content":{"rendered":"<div class=\"woocommerce\"><div class=\"woocommerce-notices-wrapper\"><\/div>\n\n<div class=\"u-columns col2-set\" id=\"customer_login\">\n\n\t<div class=\"u-column1 col-1\">\n\n\n\t\t<h2>Se connecter<\/h2>\n\n\t\t<form class=\"woocommerce-form woocommerce-form-login login\" method=\"post\">\n\n\t\t\t\n\t\t\t<p class=\"woocommerce-form-row woocommerce-form-row--wide form-row form-row-wide\">\n\t\t\t\t<label for=\"username\">Identifiant ou e-mail&nbsp;<span class=\"required\" aria-hidden=\"true\">*<\/span><span class=\"screen-reader-text\">Obligatoire<\/span><\/label>\n\t\t\t\t<input type=\"text\" class=\"woocommerce-Input woocommerce-Input--text input-text\" name=\"username\" id=\"username\" autocomplete=\"username\" value=\"\" required aria-required=\"true\" \/>\t\t\t<\/p>\n\t\t\t<p class=\"woocommerce-form-row woocommerce-form-row--wide form-row form-row-wide\">\n\t\t\t\t<label for=\"password\">Mot de passe&nbsp;<span class=\"required\" aria-hidden=\"true\">*<\/span><span class=\"screen-reader-text\">Obligatoire<\/span><\/label>\n\t\t\t\t<input class=\"woocommerce-Input woocommerce-Input--text input-text\" type=\"password\" name=\"password\" id=\"password\" autocomplete=\"current-password\" required aria-required=\"true\" \/>\n\t\t\t<\/p>\n\n\t\t\t\n\t\t\t<p class=\"form-row\">\n\t\t\t\t<label class=\"woocommerce-form__label woocommerce-form__label-for-checkbox woocommerce-form-login__rememberme\">\n\t\t\t\t\t<input class=\"woocommerce-form__input woocommerce-form__input-checkbox\" name=\"rememberme\" type=\"checkbox\" id=\"rememberme\" value=\"forever\" \/> <span>Se souvenir de moi<\/span>\n\t\t\t\t<\/label>\n\t\t\t\t<input type=\"hidden\" id=\"woocommerce-login-nonce\" name=\"woocommerce-login-nonce\" value=\"3cdfc36b7e\" \/><input type=\"hidden\" name=\"_wp_http_referer\" value=\"\/index.php?rest_route=%2Fwp%2Fv2%2Fpages%2F12\" \/>\t\t\t\t<button type=\"submit\" class=\"woocommerce-button button woocommerce-form-login__submit\" name=\"login\" value=\"Se connecter\">Se connecter<\/button>\n\t\t\t<\/p>\n\t\t\t<p class=\"woocommerce-LostPassword lost_password\">\n\t\t\t\t<a href=\"https:\/\/signalisationsaphir.com\/?page_id=12&#038;lost-password\">Mot de passe perdu\u00a0?<\/a>\n\t\t\t<\/p>\n\n\t\t\t\n\t\t<\/form>\n\n\n\t<\/div>\n\n\t<div class=\"u-column2 col-2\">\n\n\t\t<h2>S\u2019inscrire<\/h2>\n\n\t\t<form method=\"post\" class=\"woocommerce-form woocommerce-form-register register\"  >\n\n\t\t\t\n\t\t\t\n\t\t\t<p class=\"woocommerce-form-row woocommerce-form-row--wide form-row form-row-wide\">\n\t\t\t\t<label for=\"reg_email\">Adresse e-mail&nbsp;<span class=\"required\" aria-hidden=\"true\">*<\/span><span class=\"screen-reader-text\">Obligatoire<\/span><\/label>\n\t\t\t\t<input type=\"email\" class=\"woocommerce-Input woocommerce-Input--text input-text\" name=\"email\" id=\"reg_email\" autocomplete=\"email\" value=\"\" required aria-required=\"true\" \/>\t\t\t<\/p>\n\n\t\t\t\n\t\t\t\t<p>Un lien permettant de d\u00e9finir un nouveau mot de passe sera envoy\u00e9 \u00e0 votre adresse e-mail.<\/p>\n\n\t\t\t\n\t\t\t\n<div class=\"show_if_seller\" style=\"display:none\">\n\n    <div class=\"split-row form-row-wide\">\n        <p class=\"form-row form-group\">\n            <label for=\"first-name\">First Name <span class=\"required\">*<\/span><\/label>\n            <input type=\"text\" class=\"input-text form-control\" name=\"fname\" id=\"first-name\" value=\"\" required=\"required\" \/>\n        <\/p>\n\n        <p class=\"form-row form-group\">\n            <label for=\"last-name\">Last Name <span class=\"required\">*<\/span><\/label>\n            <input type=\"text\" class=\"input-text form-control\" name=\"lname\" id=\"last-name\" value=\"\" required=\"required\" \/>\n        <\/p>\n    <\/div>\n\n    <p class=\"form-row form-group form-row-wide\">\n        <label for=\"company-name\">Shop Name <span class=\"required\">*<\/span><\/label>\n        <input type=\"text\" class=\"input-text form-control\" name=\"shopname\" id=\"company-name\" value=\"\" required=\"required\" \/>\n    <\/p>\n\n    <p class=\"form-row form-group form-row-wide\">\n        <label for=\"seller-url\" class=\"pull-left\">Shop URL <span class=\"required\">*<\/span><\/label>\n        <strong id=\"url-alart-mgs\" class=\"pull-right\"><\/strong>\n        <input type=\"text\" class=\"input-text form-control\" name=\"shopurl\" id=\"seller-url\" value=\"\" required=\"required\" \/>\n        <small>https:\/\/signalisationsaphir.com\/store\/<strong id=\"url-alart\"><\/strong><\/small>\n    <\/p>\n\n    \n    <p class=\"form-row form-group form-row-wide\">\n        <label for=\"shop-phone\">Phone Number<span class=\"required\">*<\/span><\/label>\n        <input type=\"text\" class=\"input-text form-control\" name=\"phone\" id=\"shop-phone\" value=\"\" required=\"required\" \/>\n    <\/p>\n\n    <\/div>\n\n\n<p class=\"form-row form-group user-role vendor-customer-registration\">\n\n    <label class=\"radio\">\n        <input type=\"radio\" name=\"role\" value=\"customer\" checked='checked' class=\"dokan-role-customer\">\n        I am a customer    <\/label>\n    <br\/>\n    <label class=\"radio\">\n        <input type=\"radio\" name=\"role\" value=\"seller\"  class=\"dokan-role-seller\">\n        I am a vendor    <\/label>\n    <\/p>\n<wc-order-attribution-inputs><\/wc-order-attribution-inputs><div class=\"woocommerce-privacy-policy-text\"><p>Vos donn\u00e9es personnelles seront utilis\u00e9es pour soutenir votre exp\u00e9rience sur ce site Web, pour g\u00e9rer l'acc\u00e8s \u00e0 votre compte et \u00e0 d'autres fins d\u00e9crites dans [politique_de_confidentialit\u00e9].<\/p>\n<\/div>\n\t\t\t<p class=\"woocommerce-form-row form-row\">\n\t\t\t\t<input type=\"hidden\" id=\"woocommerce-register-nonce\" name=\"woocommerce-register-nonce\" value=\"11b1b8ed8e\" \/><input type=\"hidden\" name=\"_wp_http_referer\" value=\"\/index.php?rest_route=%2Fwp%2Fv2%2Fpages%2F12\" \/>\t\t\t\t<button type=\"submit\" class=\"woocommerce-Button woocommerce-button button woocommerce-form-register__submit\" name=\"register\" value=\"S\u2019inscrire\">S\u2019inscrire<\/button>\n\t\t\t<\/p>\n\n\t\t\t\n\t\t<\/form>\n\n\t<\/div>\n\n<\/div>\n\n<\/div>","protected":false},"excerpt":{"rendered":"","protected":false},"author":276,"featured_media":0,"parent":0,"menu_order":0,"comment_status":"closed","ping_status":"closed","template":"","meta":{"_acf_changed":false,"footnotes":""},"class_list":["post-12","page","type-page","status-publish","hentry"],"acf":[],"post-meta":{"_edit_lock":["1659709499:1"],"_edit_last":["1"],"_wp_page_template":["default"],"rs_page_bg_color":[""],"_yoast_post_redirect_info":["a:4:{s:6:\"origin\";s:15:\"blog\/my-account\";s:6:\"target\";s:15:\"blog\/mon-compte\";s:4:\"type\";i:301;s:6:\"format\";s:5:\"plain\";}"],"_jetpack_related_posts_cache":["a:1:{s:32:\"bfc62710165ed7b51223b165689d40a3\";a:2:{s:7:\"expires\";i:1666845682;s:7:\"payload\";a:6:{i:0;a:1:{s:2:\"id\";i:3;}i:1;a:1:{s:2:\"id\";i:13616;}i:2;a:1:{s:2:\"id\";i:14808;}i:3;a:1:{s:2:\"id\";i:1445;}i:4;a:1:{s:2:\"id\";i:14415;}i:5;a:1:{s:2:\"id\";i:1555;}}}}"],"_last_editor_used_jetpack":["block-editor"],"_trp_automatically_translated_slug_en_US":["my-account"],"_wpml_word_count":["{\"total\":4,\"to_translate\":{\"en\":4}}"],"burst_total_pageviews_count":["76"],"_elementor_page_assets":["a:0:{}"]},"yoast_head":"<!-- This site is optimized with the Yoast SEO Premium plugin v24.4 (Yoast SEO v24.4) - https:\/\/yoast.com\/wordpress\/plugins\/seo\/ -->\n<title>Mon compte - Signalisation Saphir<\/title>\n<meta name=\"description\" content=\"Signalisation Saphir - Distributeur international. Boutique en ligne offrant produits de s\u00e9curit\u00e9, signalisation et sp\u00e9cialis\u00e9s. Panneaux de signalisation.\" \/>\n<meta name=\"robots\" content=\"index, follow, max-snippet:-1, max-image-preview:large, max-video-preview:-1\" \/>\n<link rel=\"canonical\" href=\"https:\/\/signalisationsaphir.com\/?page_id=12\" \/>\n<meta property=\"og:locale\" content=\"fr_FR\" \/>\n<meta property=\"og:type\" content=\"article\" \/>\n<meta property=\"og:title\" content=\"Mon compte\" \/>\n<meta property=\"og:description\" content=\"Signalisation Saphir - Distributeur international. Boutique en ligne offrant produits de s\u00e9curit\u00e9, signalisation et sp\u00e9cialis\u00e9s. Panneaux de signalisation.\" \/>\n<meta property=\"og:url\" content=\"https:\/\/signalisationsaphir.com\/?page_id=12\" \/>\n<meta property=\"og:site_name\" content=\"Signalisation Saphir\" \/>\n<meta property=\"article:publisher\" content=\"https:\/\/www.facebook.com\/SignalisationSaphir\" \/>\n<meta property=\"article:modified_time\" content=\"2022-07-18T19:29:47+00:00\" \/>\n<meta property=\"og:image\" content=\"https:\/\/signalisationsaphir.com\/wp-content\/uploads\/2017\/01\/cropped-logo-web-plus-large-bleu-blanc.jpg\" \/>\n\t<meta property=\"og:image:width\" content=\"215\" \/>\n\t<meta property=\"og:image:height\" content=\"95\" \/>\n\t<meta property=\"og:image:type\" content=\"image\/jpeg\" \/>\n<meta name=\"twitter:card\" content=\"summary_large_image\" \/>\n<script type=\"application\/ld+json\" class=\"yoast-schema-graph\">{\"@context\":\"https:\/\/schema.org\",\"@graph\":[{\"@type\":\"WebPage\",\"@id\":\"https:\/\/signalisationsaphir.com\/?page_id=12\",\"url\":\"https:\/\/signalisationsaphir.com\/?page_id=12\",\"name\":\"Mon compte - Signalisation Saphir\",\"isPartOf\":{\"@id\":\"https:\/\/signalisationsaphir.com\/#website\"},\"datePublished\":\"2021-09-21T11:33:22+00:00\",\"dateModified\":\"2022-07-18T19:29:47+00:00\",\"description\":\"Signalisation Saphir - Distributeur international. Boutique en ligne offrant produits de s\u00e9curit\u00e9, signalisation et sp\u00e9cialis\u00e9s. Panneaux de signalisation.\",\"breadcrumb\":{\"@id\":\"https:\/\/signalisationsaphir.com\/?page_id=12#breadcrumb\"},\"inLanguage\":\"fr-FR\",\"potentialAction\":[{\"@type\":\"ReadAction\",\"target\":[\"https:\/\/signalisationsaphir.com\/?page_id=12\"]}]},{\"@type\":\"BreadcrumbList\",\"@id\":\"https:\/\/signalisationsaphir.com\/?page_id=12#breadcrumb\",\"itemListElement\":[{\"@type\":\"ListItem\",\"position\":1,\"name\":\"Accueil\",\"item\":\"https:\/\/signalisationsaphir.com\/?page_id=9\"},{\"@type\":\"ListItem\",\"position\":2,\"name\":\"Mon compte\"}]},{\"@type\":\"WebSite\",\"@id\":\"https:\/\/signalisationsaphir.com\/#website\",\"url\":\"https:\/\/signalisationsaphir.com\/\",\"name\":\"Signalisation Saphir\",\"description\":\"Boutique en ligne\",\"publisher\":{\"@id\":\"https:\/\/signalisationsaphir.com\/#organization\"},\"potentialAction\":[{\"@type\":\"SearchAction\",\"target\":{\"@type\":\"EntryPoint\",\"urlTemplate\":\"https:\/\/signalisationsaphir.com\/?s={search_term_string}\"},\"query-input\":{\"@type\":\"PropertyValueSpecification\",\"valueRequired\":true,\"valueName\":\"search_term_string\"}}],\"inLanguage\":\"fr-FR\"},{\"@type\":\"Organization\",\"@id\":\"https:\/\/signalisationsaphir.com\/#organization\",\"name\":\"Signalisation Saphir\",\"url\":\"https:\/\/signalisationsaphir.com\/\",\"logo\":{\"@type\":\"ImageObject\",\"inLanguage\":\"fr-FR\",\"@id\":\"https:\/\/signalisationsaphir.com\/#\/schema\/logo\/image\/\",\"url\":\"https:\/\/signalisationsaphir.com\/wp-content\/uploads\/2017\/01\/cropped-logo-web-plus-large-bleu-blanc.jpg\",\"contentUrl\":\"https:\/\/signalisationsaphir.com\/wp-content\/uploads\/2017\/01\/cropped-logo-web-plus-large-bleu-blanc.jpg\",\"width\":215,\"height\":95,\"caption\":\"Signalisation Saphir\"},\"image\":{\"@id\":\"https:\/\/signalisationsaphir.com\/#\/schema\/logo\/image\/\"},\"sameAs\":[\"https:\/\/www.facebook.com\/SignalisationSaphir\"]}]}<\/script>\n<!-- \/ Yoast SEO Premium plugin. -->","yoast_head_json":{"title":"Mon compte - Signalisation Saphir","description":"Signalisation Saphir - Distributeur international. Boutique en ligne offrant produits de s\u00e9curit\u00e9, signalisation et sp\u00e9cialis\u00e9s. Panneaux de signalisation.","robots":{"index":"index","follow":"follow","max-snippet":"max-snippet:-1","max-image-preview":"max-image-preview:large","max-video-preview":"max-video-preview:-1"},"canonical":"https:\/\/signalisationsaphir.com\/?page_id=12","og_locale":"fr_FR","og_type":"article","og_title":"Mon compte","og_description":"Signalisation Saphir - Distributeur international. Boutique en ligne offrant produits de s\u00e9curit\u00e9, signalisation et sp\u00e9cialis\u00e9s. Panneaux de signalisation.","og_url":"https:\/\/signalisationsaphir.com\/?page_id=12","og_site_name":"Signalisation Saphir","article_publisher":"https:\/\/www.facebook.com\/SignalisationSaphir","article_modified_time":"2022-07-18T19:29:47+00:00","og_image":[{"width":215,"height":95,"url":"https:\/\/signalisationsaphir.com\/wp-content\/uploads\/2017\/01\/cropped-logo-web-plus-large-bleu-blanc.jpg","type":"image\/jpeg"}],"twitter_card":"summary_large_image","schema":{"@context":"https:\/\/schema.org","@graph":[{"@type":"WebPage","@id":"https:\/\/signalisationsaphir.com\/?page_id=12","url":"https:\/\/signalisationsaphir.com\/?page_id=12","name":"Mon compte - Signalisation Saphir","isPartOf":{"@id":"https:\/\/signalisationsaphir.com\/#website"},"datePublished":"2021-09-21T11:33:22+00:00","dateModified":"2022-07-18T19:29:47+00:00","description":"Signalisation Saphir - Distributeur international. Boutique en ligne offrant produits de s\u00e9curit\u00e9, signalisation et sp\u00e9cialis\u00e9s. Panneaux de signalisation.","breadcrumb":{"@id":"https:\/\/signalisationsaphir.com\/?page_id=12#breadcrumb"},"inLanguage":"fr-FR","potentialAction":[{"@type":"ReadAction","target":["https:\/\/signalisationsaphir.com\/?page_id=12"]}]},{"@type":"BreadcrumbList","@id":"https:\/\/signalisationsaphir.com\/?page_id=12#breadcrumb","itemListElement":[{"@type":"ListItem","position":1,"name":"Accueil","item":"https:\/\/signalisationsaphir.com\/?page_id=9"},{"@type":"ListItem","position":2,"name":"Mon compte"}]},{"@type":"WebSite","@id":"https:\/\/signalisationsaphir.com\/#website","url":"https:\/\/signalisationsaphir.com\/","name":"Signalisation Saphir","description":"Boutique en ligne","publisher":{"@id":"https:\/\/signalisationsaphir.com\/#organization"},"potentialAction":[{"@type":"SearchAction","target":{"@type":"EntryPoint","urlTemplate":"https:\/\/signalisationsaphir.com\/?s={search_term_string}"},"query-input":{"@type":"PropertyValueSpecification","valueRequired":true,"valueName":"search_term_string"}}],"inLanguage":"fr-FR"},{"@type":"Organization","@id":"https:\/\/signalisationsaphir.com\/#organization","name":"Signalisation Saphir","url":"https:\/\/signalisationsaphir.com\/","logo":{"@type":"ImageObject","inLanguage":"fr-FR","@id":"https:\/\/signalisationsaphir.com\/#\/schema\/logo\/image\/","url":"https:\/\/signalisationsaphir.com\/wp-content\/uploads\/2017\/01\/cropped-logo-web-plus-large-bleu-blanc.jpg","contentUrl":"https:\/\/signalisationsaphir.com\/wp-content\/uploads\/2017\/01\/cropped-logo-web-plus-large-bleu-blanc.jpg","width":215,"height":95,"caption":"Signalisation Saphir"},"image":{"@id":"https:\/\/signalisationsaphir.com\/#\/schema\/logo\/image\/"},"sameAs":["https:\/\/www.facebook.com\/SignalisationSaphir"]}]}},"_links":{"self":[{"href":"https:\/\/signalisationsaphir.com\/index.php?rest_route=\/wp\/v2\/pages\/12","targetHints":{"allow":["GET"]}}],"collection":[{"href":"https:\/\/signalisationsaphir.com\/index.php?rest_route=\/wp\/v2\/pages"}],"about":[{"href":"https:\/\/signalisationsaphir.com\/index.php?rest_route=\/wp\/v2\/types\/page"}],"author":[{"embeddable":true,"href":"https:\/\/signalisationsaphir.com\/index.php?rest_route=\/wp\/v2\/users\/276"}],"replies":[{"embeddable":true,"href":"https:\/\/signalisationsaphir.com\/index.php?rest_route=%2Fwp%2Fv2%2Fcomments&post=12"}],"version-history":[{"count":0,"href":"https:\/\/signalisationsaphir.com\/index.php?rest_route=\/wp\/v2\/pages\/12\/revisions"}],"wp:attachment":[{"href":"https:\/\/signalisationsaphir.com\/index.php?rest_route=%2Fwp%2Fv2%2Fmedia&parent=12"}],"curies":[{"name":"wp","href":"https:\/\/api.w.org\/{rel}","templated":true}]}}